{"id":9998,"date":"2022-06-06T08:35:43","date_gmt":"2022-06-06T12:35:43","guid":{"rendered":"https:\/\/chrs.dev.uqam.ca\/?page_id=9998"},"modified":"2022-06-06T08:45:00","modified_gmt":"2022-06-06T12:45:00","slug":"regulations-redistributions-reconnaissances-les-injustices-economiques-et-culturelles-en-histoire-du-quebec","status":"publish","type":"page","link":"https:\/\/chrs.uqam.ca\/index.php\/regulations-redistributions-reconnaissances-les-injustices-economiques-et-culturelles-en-histoire-du-quebec\/","title":{"rendered":"R\u00e9gulations, Redistributions, Reconnaissances: les injustices \u00e9conomiques et culturelles en histoire du Qu\u00e9bec"},"content":{"rendered":"\n<h4 class=\"wp-block-heading\">ORGANISME(S) SUBVENTIONNAIRE(S)<\/h4>\n\n\n\n<p>FRQSC &#8211; Subvention \u00c9quipe en renouvellement<\/p>\n\n\n\n<h4 class=\"wp-block-heading\">ANN\u00c9ES<\/h4>\n\n\n\n<p>En cours (2022-2026)<\/p>\n\n\n\n<h4 class=\"wp-block-heading\">CHERCHEUR.E.S CHRS<\/h4>\n\n\n\n<div class=\"su-row\"><div class=\"su-column su-column-size-1-3\"><div class=\"su-column-inner su-u-clearfix su-u-trim\">\n<a href=\"\/index.php\/a-propos\/equipe\/membres-reguliers\/louise-bienvenue\/\">Louise Bienvenue\n<\/a><\/br><a href=\"https:\/\/chrs.uqam.ca\/index.php\/a-propos\/equipe\/membres-reguliers\/aline-charles\/\">Aline Charles\n<\/a><\/br><a href=\"https:\/\/chrs.uqam.ca\/index.php\/a-propos\/equipe\/membres-reguliers\/aline-charles\/\">Fran\u00e7ois Fenchel\n<\/a><\/br><a href=\"https:\/\/chrs.uqam.ca\/index.php\/a-propos\/equipe\/membres-reguliers\/donald-fyson\/\">\nDonald Fyson<\/a><\/br><a href=\"https:\/\/chrs.uqam.ca\/index.php\/a-propos\/equipe\/membres-reguliers\/peter-gossage\/\">\nPeter Gossage<\/a><\/div><\/div>\n\n<div class=\"su-column su-column-size-1-3\"><div class=\"su-column-inner su-u-clearfix su-u-trim\">\n<a href=\"https:\/\/chrs.uqam.ca\/index.php\/a-propos\/equipe\/membres-reguliers\/janice-harvey\/\">\nJanice Harvey<\/a><\/br><a href=\"https:\/\/chrs.uqam.ca\/index.php\/a-propos\/equipe\/membres-reguliers\/ollivier-hubert\/\">Ollivier Hubert<\/a><\/br><a href=\"https:\/\/chrs.uqam.ca\/index.php\/a-propos\/equipe\/membres-reguliers\/catherine-larochelle\/\">Catherine Larochelle<\/a><\/br><a href=\"https:\/\/chrs.uqam.ca\/index.php\/a-propos\/equipe\/membres-reguliers\/thierry-nootens\/\">Thierry Nootens<\/a><\/div><\/div>\n<div class=\"su-column su-column-size-1-3\"><div class=\"su-column-inner su-u-clearfix su-u-trim\">\n<a href=\"\/index.php\/a-propos\/equipe\/membres-reguliers\/martin-petitclerc\/\">Martin Petitclerc (directeur)<\/a><\/br><a href=\"https:\/\/chrs.uqam.ca\/index.php\/a-propos\/equipe\/membres-reguliers\/isabelle-perreault\/\">Isabelle Perreault<\/a><\/br>\n<a href=\"\/index.php\/a-propos\/equipe\/membres-reguliers\/yvan-rousseau\/\">Yvan Rousseau<\/a><\/br><a href=\"https:\/\/chrs.uqam.ca\/index.php\/a-propos\/equipe\/membres-reguliers\/marie-claude-thifault\/\">Marie-Claude Thifault<\/a>\n<\/div><\/div><\/div>\n\n\n\n<p>Le\nCentre d\u2019histoire des r\u00e9gulations sociales est une \u00e9quipe pluridisciplinaire\nregroupant des chercheurs et chercheuses \u0153uvrant dans les disciplines de\nl\u2019histoire, de la criminologie, de la sociologie et des sciences infirmi\u00e8res.\nCette \u00e9quipe interroge l\u2019histoire des in\u00e9galit\u00e9s et des probl\u00e8mes sociaux au\nQu\u00e9bec sous l\u2019angle des r\u00e9gulations, en privil\u00e9giant l\u2019\u00e9tude de la dynamique\nconflictuelle de construction et d\u2019imposition des normes qui structurent la vie\nen soci\u00e9t\u00e9. Gr\u00e2ce au FRQSC, elle contribue d&rsquo;une fa\u00e7on importante \u00e0\nl\u2019avancement de la recherche historique, au d\u00e9veloppement d&rsquo;activit\u00e9s de\ntransfert pour le public, \u00e0 la formation de la rel\u00e8ve scientifique et \u00e0 l&rsquo;essor\nd\u2019infrastructures collectives de recherche et de diffusion uniques.<\/p>\n\n\n\n<p>&nbsp;Le CHRS a \u00e9largi ses horizons de recherche au\ncours des derni\u00e8res programmations scientifiques, tout en restant fid\u00e8le \u00e0 son\napproche f\u00e9d\u00e9ratrice des r\u00e9gulations sociales. L&rsquo;\u00e9quipe s\u2019est ainsi\nsuccessivement pench\u00e9e sur la gestion institutionnelle de la pauvret\u00e9, de la\nmaladie et de la criminalit\u00e9, puis sur les pratiques et discours de la\nvuln\u00e9rabilit\u00e9 et du risque et, plus r\u00e9cemment, sur les r\u00e9gulations familiales. La\nderni\u00e8re programmation scientifique a permis \u00e0 l&rsquo;\u00e9quipe de contribuer \u00e0\nl\u2019avancement des connaissances en clarifiant le r\u00f4le central de la norme\nfamiliale dans l&rsquo;histoire des r\u00e9gulations sociales, que ce soit dans les\npratiques d&rsquo;\u00e9conomie familiale ou sociale, l&rsquo;offre et l&rsquo;acc\u00e8s aux soins de\nsant\u00e9 et de services sociaux ou les interactions des familles avec la justice\ncivile et criminelle. Elle a aussi r\u00e9alis\u00e9 une grande activit\u00e9 de rayonnement\net de mobilisation des connaissances avec l\u2019exposition mus\u00e9ale D\u00e9jouer la\nfatalit\u00e9 : pauvret\u00e9, familles, institutions.<\/p>\n\n\n\n<p>&nbsp;Les nouvelles probl\u00e9matiques formul\u00e9es au\ncours de ces r\u00e9centes activit\u00e9s collectives orientent la programmation\nscientifique propos\u00e9e. D&rsquo;une part, elles pointent vers un approfondissement,\ndans une perspective renouvel\u00e9e d&rsquo;histoire socio-\u00e9conomique, de l&rsquo;impact des r\u00e9gulations\ndu salaire, du cr\u00e9dit, du patrimoine et de l\u2019argent sur les in\u00e9galit\u00e9s de\nrichesse. D&rsquo;autre part, elles soulignent la n\u00e9cessit\u00e9 de pr\u00e9ciser le\nquestionnaire de l&rsquo;approche sur les r\u00e9gulations sociales pour mieux rendre\ncompte de la formation des identit\u00e9s de genre et de race, et plus largement des\ndiscriminations culturelles. La programmation scientifique propos\u00e9e vise donc \u00e0\nstructurer une recherche collective sur les enjeux de redistribution \u00e9conomique\net de reconnaissance culturelle pour le syst\u00e8me de r\u00e9gulations sociales.\n\n&nbsp;Quatre axes structurent cette nouvelle\nprogrammation scientifique. Le premier propose un inventaire des r\u00e9gulations\n\u00e9tatiques, y compris juridiques, tendant \u00e0 favoriser la croissance des revenus\ndu capital par rapport \u00e0 ceux du travail. Le deuxi\u00e8me axe porte sur les traces\ndes injustices \u00e9conomiques et culturelles d\u00e9coulant de la prise en charge des\nincapacit\u00e9s et des fins de vie. Le troisi\u00e8me axe s&rsquo;int\u00e9resse au long processus\nd\u2019\u00e9laboration de normes de race, de classe, de genre et de capacit\u00e9s \u00e0 travers\nles r\u00e9gulations judiciaires de la criminalit\u00e9 et de la violence. Enfin, le\nquatri\u00e8me axe s&rsquo;engage dans une analyse historique des savoirs sur le social\nqui justifient, et plus rarement contestent, les injustices \u00e9conomiques et culturelles\nau c\u0153ur des syst\u00e8mes de r\u00e9gulations sociales.\n\n\n\n<\/p>\n","protected":false},"excerpt":{"rendered":"<p>ORGANISME(S) SUBVENTIONNAIRE(S) FRQSC &#8211; Subvention \u00c9quipe en renouvellement ANN\u00c9ES En cours (2022-2026) CHERCHEUR.E.S CHRS Le Centre d\u2019histoire des r\u00e9gulations sociales est une \u00e9quipe pluridisciplinaire regroupant des chercheurs et chercheuses \u0153uvrant&#8230;<\/p>\n","protected":false},"author":2,"featured_media":0,"parent":0,"menu_order":0,"comment_status":"closed","ping_status":"closed","template":"","meta":{"_monsterinsights_skip_tracking":false,"_monsterinsights_sitenote_active":false,"_monsterinsights_sitenote_note":"","_monsterinsights_sitenote_category":0,"footnotes":""},"class_list":["post-9998","page","type-page","status-publish","hentry"],"_links":{"self":[{"href":"https:\/\/chrs.uqam.ca\/index.php\/wp-json\/wp\/v2\/pages\/9998","targetHints":{"allow":["GET"]}}],"collection":[{"href":"https:\/\/chrs.uqam.ca\/index.php\/wp-json\/wp\/v2\/pages"}],"about":[{"href":"https:\/\/chrs.uqam.ca\/index.php\/wp-json\/wp\/v2\/types\/page"}],"author":[{"embeddable":true,"href":"https:\/\/chrs.uqam.ca\/index.php\/wp-json\/wp\/v2\/users\/2"}],"replies":[{"embeddable":true,"href":"https:\/\/chrs.uqam.ca\/index.php\/wp-json\/wp\/v2\/comments?post=9998"}],"version-history":[{"count":0,"href":"https:\/\/chrs.uqam.ca\/index.php\/wp-json\/wp\/v2\/pages\/9998\/revisions"}],"wp:attachment":[{"href":"https:\/\/chrs.uqam.ca\/index.php\/wp-json\/wp\/v2\/media?parent=9998"}],"curies":[{"name":"wp","href":"https:\/\/api.w.org\/{rel}","templated":true}]}}