{"id":9450,"date":"2021-11-16T10:48:16","date_gmt":"2021-11-16T14:48:16","guid":{"rendered":"https:\/\/chrs.dev.uqam.ca\/?page_id=9450"},"modified":"2021-11-16T10:52:21","modified_gmt":"2021-11-16T14:52:21","slug":"hireso-infrastructure-en-histoire-des-regulations-sociales","status":"publish","type":"page","link":"https:\/\/chrs.uqam.ca\/index.php\/recherche\/realisations\/projets-de-recherche-en-cours\/hireso-infrastructure-en-histoire-des-regulations-sociales\/","title":{"rendered":"HiR\u00e9So : infrastructure en Histoire des R\u00e9gulations Sociales"},"content":{"rendered":"\n<h4 class=\"wp-block-heading\">ORGANISME(S) SUBVENTIONNAIRE(S)<\/h4>\n\n\n\n<p>FCI &#8211; Fondation canadienne pour l\u2019innovation<br>Programme Fonds des leaders John-R.-Evans<\/p>\n\n\n\n<h4 class=\"wp-block-heading\">ANN\u00c9ES<\/h4>\n\n\n\n<p>En cours (2021-2025)<\/p>\n\n\n\n<h4 class=\"wp-block-heading\">CHERCHEUR.E.S CHRS<\/h4>\n\n\n<div class=\"su-row\"><div class=\"su-column su-column-size-1-3\"><div class=\"su-column-inner su-u-clearfix su-u-trim\"> Chercheur principal<br \/><a href=\"\/index.php\/a-propos\/equipe\/membres-reguliers\/martin-petitclerc\/\">Martin Petitclerc<\/a>\u00a0 <\/div><\/div> <div class=\"su-column su-column-size-1-3\"><div class=\"su-column-inner su-u-clearfix su-u-trim\"> Collaborateurs et collaboratrices<br \/><a href=\"https:\/\/chrs.uqam.ca\/index.php\/a-propos\/equipe\/membres-reguliers\/aline-charles\/\">Aline Charles<br \/><\/a><a href=\"https:\/\/chrs.uqam.ca\/index.php\/a-propos\/equipe\/membres-reguliers\/aline-charles\/\">Fran\u00e7ois Fenchel<br \/><\/a><a href=\"\/index.php\/a-propos\/equipe\/membres-reguliers\/donald-fyson\/\">Donald Fyson<\/a> <\/div><\/div> <div class=\"su-column su-column-size-1-3\"><div class=\"su-column-inner su-u-clearfix su-u-trim\"> <br \/><a href=\"https:\/\/chrs.uqam.ca\/index.php\/a-propos\/equipe\/membres-reguliers\/thierry-nootens\/\">Thierry Nootens<\/a><br \/><a href=\"\/index.php\/a-propos\/equipe\/membres-reguliers\/yvan-rousseau\/\">Yvan Rousseau<\/a> <br \/><a href=\"\/index.php\/a-propos\/equipe\/membres-reguliers\/isabelle-perreault\/\">Isabelle Perreault<\/a> <\/div><\/div><\/div>\n\n\n<p>Le pr\u00e9sent projet vise \u00e0 doter son laboratoire de nouveaux \u00e9quipements informatiques et audiovisuels, en plus de cr\u00e9er une nouvelle infrastructure de recherche. L&rsquo;infrastructure Histoire des R\u00e9gulations Sociales (HiR\u00e9So) sera compos\u00e9e d&rsquo;un syst\u00e8me de gestion de bases de donn\u00e9es relationnelles et d&rsquo;une plateforme num\u00e9rique de cr\u00e9ation et de diffusion de s\u00e9ries historiques sur les probl\u00e8mes sociaux. Cette infrastructure sera dynamique, c&rsquo;est-\u00e0-dire que les utilisateurs autoris\u00e9s pourront y ajouter des corpus documentaires et des jeux de donn\u00e9es (dataset), participant ainsi \u00e0 la cr\u00e9ation des s\u00e9ries historiques. La r\u00e9alisation de ce projet fera du CHRS une r\u00e9f\u00e9rence pour l&rsquo;organisation, la centralisation, l&rsquo;analyse et la diffusion de donn\u00e9es historiques sur une grande vari\u00e9t\u00e9 de probl\u00e8mes sociaux au Qu\u00e9bec. Elle permettra enfin d&rsquo;approfondir le d\u00e9bat public par la production et le partage de nouvelles connaissances sur la prise en charge des probl\u00e8mes sociaux au Qu\u00e9bec, un enjeu d&rsquo;importance majeure pour les Qu\u00e9b\u00e9cois et les Canadiens.<\/p>\n\n\n\n<p>Le candidat et son \u00e9quipe consolideront les nombreux jeux de donn\u00e9es (dataset) d\u00e9j\u00e0 constitu\u00e9s afin de les combiner avec les donn\u00e9es statistiques g\u00e9n\u00e9rales produites par diverses agences \u00e9tatiques depuis le milieu du XIXe si\u00e8cle. L\u2019infrastructure Histoire des R\u00e9gulations Sociales (HiR\u00e9So) permettra cette op\u00e9ration et r\u00e9glera le probl\u00e8me important que repr\u00e9sente le difficile acc\u00e8s \u00e0 des jeux de donn\u00e9es rigoureusement constitu\u00e9s pour la recherche en histoire des r\u00e9gulations sociales. HiR\u00e9So r\u00e9pondra ainsi aux besoins des diverses recherches novatrices du candidat et de son \u00e9quipe. Ces projets suivent les trois grands axes de recherche qui structurent la programmation scientifique du CHRS : pr\u00e9carit\u00e9 socio\u00e9conomique\u2009; maladie et acc\u00e8s aux soins\u2009; criminalit\u00e9 et syst\u00e8me de justice.   <br><\/p>\n","protected":false},"excerpt":{"rendered":"<p>ORGANISME(S) SUBVENTIONNAIRE(S) FCI &#8211; Fondation canadienne pour l\u2019innovationProgramme Fonds des leaders John-R.-Evans ANN\u00c9ES En cours (2021-2025) CHERCHEUR.E.S CHRS Le pr\u00e9sent projet vise \u00e0 doter son laboratoire de nouveaux \u00e9quipements informatiques&#8230;<\/p>\n","protected":false},"author":2,"featured_media":0,"parent":50,"menu_order":0,"comment_status":"closed","ping_status":"closed","template":"","meta":{"_monsterinsights_skip_tracking":false,"_monsterinsights_sitenote_active":false,"_monsterinsights_sitenote_note":"","_monsterinsights_sitenote_category":0,"footnotes":""},"class_list":["post-9450","page","type-page","status-publish","hentry"],"_links":{"self":[{"href":"https:\/\/chrs.uqam.ca\/index.php\/wp-json\/wp\/v2\/pages\/9450","targetHints":{"allow":["GET"]}}],"collection":[{"href":"https:\/\/chrs.uqam.ca\/index.php\/wp-json\/wp\/v2\/pages"}],"about":[{"href":"https:\/\/chrs.uqam.ca\/index.php\/wp-json\/wp\/v2\/types\/page"}],"author":[{"embeddable":true,"href":"https:\/\/chrs.uqam.ca\/index.php\/wp-json\/wp\/v2\/users\/2"}],"replies":[{"embeddable":true,"href":"https:\/\/chrs.uqam.ca\/index.php\/wp-json\/wp\/v2\/comments?post=9450"}],"version-history":[{"count":0,"href":"https:\/\/chrs.uqam.ca\/index.php\/wp-json\/wp\/v2\/pages\/9450\/revisions"}],"up":[{"embeddable":true,"href":"https:\/\/chrs.uqam.ca\/index.php\/wp-json\/wp\/v2\/pages\/50"}],"wp:attachment":[{"href":"https:\/\/chrs.uqam.ca\/index.php\/wp-json\/wp\/v2\/media?parent=9450"}],"curies":[{"name":"wp","href":"https:\/\/api.w.org\/{rel}","templated":true}]}}