{"id":9194,"date":"2021-09-27T16:07:53","date_gmt":"2021-09-27T20:07:53","guid":{"rendered":"https:\/\/chrs.dev.uqam.ca\/?page_id=9194"},"modified":"2021-09-27T16:11:12","modified_gmt":"2021-09-27T20:11:12","slug":"benoit-gaudreault","status":"publish","type":"page","link":"https:\/\/chrs.uqam.ca\/index.php\/a-propos\/equipe\/membres-etudiants\/benoit-gaudreault\/","title":{"rendered":"Benoit Gaudreault"},"content":{"rendered":"\n<p><strong>Universit\u00e9 de Montr\u00e9al<br>D\u00e9partement d&rsquo;histoire<\/strong><\/p>\n\n\n\n<p>\u00c9lectrotechnicien de formation, Benoit Gaudreault amorce un changement de carri\u00e8re en 2016 alors qu\u2019il entreprend un baccalaur\u00e9at en histoire. Maintenant \u00e9tudiant \u00e0 la ma\u00eetrise en histoire, il s\u2019int\u00e9resse aux repr\u00e9sentations des Premiers Peuples dans les manuels d\u2019histoires entre les ann\u00e9es\u00a01920-1960. Ses recherches s\u2019inscrivent \u00e0 l\u2019int\u00e9rieur plusieurs courants historiographiques, notamment l\u2019histoire de l\u2019enfance et des enfants, l\u2019histoire des repr\u00e9sentations et le colonialisme d\u2019implantation (<em>settler colonialism<\/em>). En parall\u00e8le de ses recherches r\u00e9guli\u00e8res, il s\u2019int\u00e9resse aussi au discours missionnaire pr\u00e9sent\u00e9 aux enfants dans les \u00e9coles au XX<sup>e<\/sup> si\u00e8cle. Toujours en qu\u00eate de la <em>voix<\/em> des enfants dans les archives, il cherche \u00e0 savoir ce que ces acteurs historiques ont eux aussi \u00e0 dire du monde qui les entoure\u2009! <br><\/p>\n\n\n\n<p><a href=\"https:\/\/chrs.uqam.ca\/wp-content\/uploads\/2021\/09\/CV_Benoit-Gaudreault.pdf\">Curriculum vitae<\/a><\/p>\n\n\n<div class=\"su-spoiler su-spoiler-style-default su-spoiler-icon-chevron su-spoiler-closed\" data-scroll-offset=\"0\" data-anchor-in-url=\"no\"><div class=\"su-spoiler-title\" tabindex=\"0\" role=\"button\"><span class=\"su-spoiler-icon\"><\/span>Coordonn\u00e9es<\/div><div class=\"su-spoiler-content su-u-clearfix su-u-trim\">\n<p><strong>Courriel : <\/strong><a href=\"mailto:beatrice.dumais@umontreal.ca\">benoit.gaudreault@umontreal.ca<\/a><br \/>\n<\/div><\/div>\n","protected":false},"excerpt":{"rendered":"<p>Universit\u00e9 de Montr\u00e9alD\u00e9partement d&rsquo;histoire \u00c9lectrotechnicien de formation, Benoit Gaudreault amorce un changement de carri\u00e8re en 2016 alors qu\u2019il entreprend un baccalaur\u00e9at en histoire. Maintenant \u00e9tudiant \u00e0 la ma\u00eetrise en histoire,&#8230;<\/p>\n","protected":false},"author":2,"featured_media":0,"parent":455,"menu_order":0,"comment_status":"closed","ping_status":"closed","template":"","meta":{"_monsterinsights_skip_tracking":false,"_monsterinsights_sitenote_active":false,"_monsterinsights_sitenote_note":"","_monsterinsights_sitenote_category":0,"footnotes":""},"class_list":["post-9194","page","type-page","status-publish","hentry"],"_links":{"self":[{"href":"https:\/\/chrs.uqam.ca\/index.php\/wp-json\/wp\/v2\/pages\/9194","targetHints":{"allow":["GET"]}}],"collection":[{"href":"https:\/\/chrs.uqam.ca\/index.php\/wp-json\/wp\/v2\/pages"}],"about":[{"href":"https:\/\/chrs.uqam.ca\/index.php\/wp-json\/wp\/v2\/types\/page"}],"author":[{"embeddable":true,"href":"https:\/\/chrs.uqam.ca\/index.php\/wp-json\/wp\/v2\/users\/2"}],"replies":[{"embeddable":true,"href":"https:\/\/chrs.uqam.ca\/index.php\/wp-json\/wp\/v2\/comments?post=9194"}],"version-history":[{"count":0,"href":"https:\/\/chrs.uqam.ca\/index.php\/wp-json\/wp\/v2\/pages\/9194\/revisions"}],"up":[{"embeddable":true,"href":"https:\/\/chrs.uqam.ca\/index.php\/wp-json\/wp\/v2\/pages\/455"}],"wp:attachment":[{"href":"https:\/\/chrs.uqam.ca\/index.php\/wp-json\/wp\/v2\/media?parent=9194"}],"curies":[{"name":"wp","href":"https:\/\/api.w.org\/{rel}","templated":true}]}}