{"id":8497,"date":"2020-10-20T04:56:00","date_gmt":"2020-10-20T08:56:00","guid":{"rendered":"https:\/\/chrs.dev.uqam.ca\/?page_id=8497"},"modified":"2025-06-05T16:52:49","modified_gmt":"2025-06-05T20:52:49","slug":"meggie-sue-cadrin","status":"publish","type":"page","link":"https:\/\/chrs.uqam.ca\/index.php\/a-propos\/equipe\/membres-etudiants\/meggie-sue-cadrin\/","title":{"rendered":"Meggie Sue Cadrin"},"content":{"rendered":"<p><img loading=\"lazy\" decoding=\"async\" class=\"alignnone size-medium wp-image-12498\" src=\"https:\/\/chrs.uqam.ca\/wp-content\/uploads\/2025\/06\/Meggie-Sue-Cadrin-200x300.jpg\" alt=\"\" width=\"200\" height=\"300\" srcset=\"https:\/\/chrs.uqam.ca\/wp-content\/uploads\/2025\/06\/Meggie-Sue-Cadrin-200x300.jpg 200w, https:\/\/chrs.uqam.ca\/wp-content\/uploads\/2025\/06\/Meggie-Sue-Cadrin-683x1024.jpg 683w, https:\/\/chrs.uqam.ca\/wp-content\/uploads\/2025\/06\/Meggie-Sue-Cadrin-768x1152.jpg 768w, https:\/\/chrs.uqam.ca\/wp-content\/uploads\/2025\/06\/Meggie-Sue-Cadrin-1024x1536.jpg 1024w, https:\/\/chrs.uqam.ca\/wp-content\/uploads\/2025\/06\/Meggie-Sue-Cadrin.jpg 1200w\" sizes=\"auto, (max-width: 200px) 100vw, 200px\" \/><\/p>\n<p><strong>Universit\u00e9 Laval<br \/>\nD\u00e9partement des sciences historiques<\/strong><\/p>\n<p><span style=\"font-weight: 400;\">Meggie Sue Cadrin est pr\u00e9sentement candidate au doctorat au d\u00e9partement des sciences historiques de l\u2019Universit\u00e9 Laval, sous la direction de Donald Fyson et Mary Anne Poutanen. Ses recherches touchent l\u2019histoire sociojudiciaire, l\u2019histoire des femmes et du genre. Pour son m\u00e9moire de ma\u00eetrise, elle a \u00e9tudi\u00e9 le rapport entre les femmes et la justice p\u00e9nale, et plus pr\u00e9cis\u00e9ment l\u2019implication des femmes dans les crimes de violence dite \u00ab mineure \u00bb \u00e0 Qu\u00e9bec entre 1820 et 1870. Dans le cadre de son doctorat, elle s\u2019int\u00e9resse plus largement \u00e0 la violence f\u00e9minine survenue \u00e0 Qu\u00e9bec, Montr\u00e9al et Sherbrooke aux 19<\/span><span style=\"font-weight: 400;\">e<\/span><span style=\"font-weight: 400;\"> et 20<\/span><span style=\"font-weight: 400;\">e<\/span><span style=\"font-weight: 400;\">\u00a0si\u00e8cles.<\/span><\/p>\n<div class=\"su-spoiler su-spoiler-style-default su-spoiler-icon-chevron su-spoiler-closed\" data-scroll-offset=\"0\" data-anchor-in-url=\"no\"><div class=\"su-spoiler-title\" tabindex=\"0\" role=\"button\"><span class=\"su-spoiler-icon\"><\/span>Coordonn\u00e9es<\/div><div class=\"su-spoiler-content su-u-clearfix su-u-trim\">\n<p><strong>Courriel :\u00a0<\/strong><span class=\"marksu3d5ayyy\" data-markjs=\"true\" data-ogac=\"\" data-ogab=\"\" data-ogsc=\"\" data-ogsb=\"\">meggie<\/span>-sue.cadrin.1@ulaval.ca<\/div><\/div>\n<div class=\"su-spoiler su-spoiler-style-default su-spoiler-icon-chevron su-spoiler-closed\" data-scroll-offset=\"0\" data-anchor-in-url=\"no\"><div class=\"su-spoiler-title\" tabindex=\"0\" role=\"button\"><span class=\"su-spoiler-icon\"><\/span>Liens<\/div><div class=\"su-spoiler-content su-u-clearfix su-u-trim\">\n<p><a href=\"https:\/\/chrs.uqam.ca\/wp-content\/uploads\/2024\/01\/MeggieSue_Cadrin_CV-2024.pdf\" target=\"_blank\" rel=\"noopener\">Curriculum vitae<\/a><br \/>\n<\/div><\/div>\n<div class=\"su-spoiler su-spoiler-style-default su-spoiler-icon-chevron\" data-scroll-offset=\"0\" data-anchor-in-url=\"no\"><div class=\"su-spoiler-title\" tabindex=\"0\" role=\"button\"><span class=\"su-spoiler-icon\"><\/span>Nouvelles<\/div><div class=\"su-spoiler-content su-u-clearfix su-u-trim\">\n<a href=\"https:\/\/chrs.uqam.ca\/index.php\/2025\/10\/15\/nos-membres-au-colloque-femmes-dhistoire-et-histoire-des-femmes\/\">Nos membres au colloque Femmes d&rsquo;histoire et Histoire des femmes<\/a><br><a href=\"https:\/\/chrs.uqam.ca\/index.php\/2025\/06\/05\/meggie-sue-cadrin-remporte-le-prix-du-livre-politique-de-lassemblee-nationale\/\">Meggie Sue Cadrin remporte le Prix du livre politique de l&rsquo;Assembl\u00e9e nationale<\/a><br><a href=\"https:\/\/chrs.uqam.ca\/index.php\/2024\/11\/08\/laureat-e-s-des-bourses-du-chrs-2024-2025\/\">Laur\u00e9at.e.s des bourses du CHRS 2024-2025<\/a><br><a href=\"https:\/\/chrs.uqam.ca\/index.php\/2024\/08\/22\/compte-rendu-de-dejouer-la-fatalite-par-meggy-sue-cadrin\/\">Compte-rendu de <i>D\u00e9jouer la fatalit\u00e9<\/i> par Meggy Sue Cadrin<\/a><br><a href=\"https:\/\/chrs.uqam.ca\/index.php\/2024\/03\/01\/meggie-sue-cadrin-au-colloque-etudiant-de-luniversite-laval\/\">Meggie Sue Cadrin au colloque \u00e9tudiant de l&rsquo;Universit\u00e9 Laval<\/a><br><a href=\"https:\/\/chrs.uqam.ca\/index.php\/2022\/08\/22\/participation-de-nos-membres-au-congres-de-lihaf\/\">Participation de nos membres au congr\u00e8s de l&rsquo;IHAF<\/a><br><a href=\"https:\/\/chrs.uqam.ca\/index.php\/2021\/10\/14\/lequipe-du-chrs-decerne-trois-bourses-de-recherche-pour-son-concours-2021-2022\/\">L\u2019\u00e9quipe du CHRS d\u00e9cerne trois bourses de recherche pour son concours 2021-2022<\/a><br>\n<\/div><\/div>\n","protected":false},"excerpt":{"rendered":"<p>Universit\u00e9 Laval D\u00e9partement des sciences historiques Meggie Sue Cadrin est pr\u00e9sentement candidate au doctorat au d\u00e9partement des sciences historiques de l\u2019Universit\u00e9 Laval, sous la direction de Donald Fyson et Mary&#8230;<\/p>\n","protected":false},"author":2,"featured_media":0,"parent":455,"menu_order":0,"comment_status":"closed","ping_status":"closed","template":"","meta":{"_monsterinsights_skip_tracking":false,"_monsterinsights_sitenote_active":false,"_monsterinsights_sitenote_note":"","_monsterinsights_sitenote_category":0,"footnotes":""},"class_list":["post-8497","page","type-page","status-publish","hentry"],"_links":{"self":[{"href":"https:\/\/chrs.uqam.ca\/index.php\/wp-json\/wp\/v2\/pages\/8497","targetHints":{"allow":["GET"]}}],"collection":[{"href":"https:\/\/chrs.uqam.ca\/index.php\/wp-json\/wp\/v2\/pages"}],"about":[{"href":"https:\/\/chrs.uqam.ca\/index.php\/wp-json\/wp\/v2\/types\/page"}],"author":[{"embeddable":true,"href":"https:\/\/chrs.uqam.ca\/index.php\/wp-json\/wp\/v2\/users\/2"}],"replies":[{"embeddable":true,"href":"https:\/\/chrs.uqam.ca\/index.php\/wp-json\/wp\/v2\/comments?post=8497"}],"version-history":[{"count":4,"href":"https:\/\/chrs.uqam.ca\/index.php\/wp-json\/wp\/v2\/pages\/8497\/revisions"}],"predecessor-version":[{"id":12499,"href":"https:\/\/chrs.uqam.ca\/index.php\/wp-json\/wp\/v2\/pages\/8497\/revisions\/12499"}],"up":[{"embeddable":true,"href":"https:\/\/chrs.uqam.ca\/index.php\/wp-json\/wp\/v2\/pages\/455"}],"wp:attachment":[{"href":"https:\/\/chrs.uqam.ca\/index.php\/wp-json\/wp\/v2\/media?parent=8497"}],"curies":[{"name":"wp","href":"https:\/\/api.w.org\/{rel}","templated":true}]}}