{"id":7116,"date":"2020-05-26T13:47:35","date_gmt":"2020-05-26T17:47:35","guid":{"rendered":"https:\/\/chrs.dev.uqam.ca\/?page_id=7116"},"modified":"2020-05-26T13:47:35","modified_gmt":"2020-05-26T17:47:35","slug":"emily-lamarche","status":"publish","type":"page","link":"https:\/\/chrs.uqam.ca\/index.php\/a-propos\/equipe\/membres-etudiants\/emily-lamarche\/","title":{"rendered":"\u00c9mily Lamarche"},"content":{"rendered":"<p><strong>Universit\u00e9 Sherbrooke<br \/>\nD\u00e9partement d&rsquo;histoire<\/strong><\/p>\n<p>\u00c9mily\u00a0<span class=\"mark8x98okaih\" data-markjs=\"true\" data-ogac=\"\" data-ogab=\"\" data-ogsc=\"\" data-ogsb=\"\">Lamarche<\/span>\u00a0a d\u00e9but\u00e9 son baccalaur\u00e9at en histoire \u00e0 l\u2019Universit\u00e9 d\u2019Ottawa puis a compl\u00e9t\u00e9 ses \u00e9tudes de premier cycle \u00e0 l\u2019Universit\u00e9 de Sherbrooke. Elle y est pr\u00e9sentement candidate \u00e0 la ma\u00eetrise sous la direction de Louise Bienvenue et de Michel Bock. Elle s\u2019int\u00e9resse \u00e0 l\u2019histoire des femmes, du f\u00e9minisme et des mouvements sociaux, plus particuli\u00e8rement au sein de la francophonie canadienne. Son projet de m\u00e9moire porte sur la F\u00e9d\u00e9ration nationale des femmes canadiennes-fran\u00e7aises et son rapport entre le f\u00e9minisme ainsi que le nationalisme au cours des ann\u00e9es 1971 et 1996.<\/p>\n<div class=\"su-spoiler su-spoiler-style-default su-spoiler-icon-chevron su-spoiler-closed\" data-scroll-offset=\"0\" data-anchor-in-url=\"no\"><div class=\"su-spoiler-title\" tabindex=\"0\" role=\"button\"><span class=\"su-spoiler-icon\"><\/span>Coordonn\u00e9es<\/div><div class=\"su-spoiler-content su-u-clearfix su-u-trim\">\n<p><strong>Courriel :\u00a0\u00a0<\/strong>emily.lamarche@usherbrooke.ca<\/p>\n<\/div><\/div>\n<div class=\"su-spoiler su-spoiler-style-default su-spoiler-icon-chevron su-spoiler-closed\" data-scroll-offset=\"0\" data-anchor-in-url=\"no\"><div class=\"su-spoiler-title\" tabindex=\"0\" role=\"button\"><span class=\"su-spoiler-icon\"><\/span>Curriculum vitae <\/div><div class=\"su-spoiler-content su-u-clearfix su-u-trim\">\n<p><a href=\"https:\/\/chrs.uqam.ca\/wp-content\/uploads\/2020\/05\/Emily_LamarcheCV_2020.pdf\">Curriculum vitae<\/a><br \/>\n<\/div><\/div>\n<div class=\"su-spoiler su-spoiler-style-default su-spoiler-icon-chevron su-spoiler-closed\" data-scroll-offset=\"0\" data-anchor-in-url=\"no\"><div class=\"su-spoiler-title\" tabindex=\"0\" role=\"button\"><span class=\"su-spoiler-icon\"><\/span>Bourses, prix et distinctions<\/div><div class=\"su-spoiler-content su-u-clearfix su-u-trim\">\n<ul>\n<li>Bourse d\u2019\u00e9tudes sup\u00e9rieures du Canada Joseph-Armand-Bombardier, Conseil de recherche en sciences humaines (2020-2021)<\/li>\n<li>Bourse institutionnelle de la Facult\u00e9 des Lettres et Sciences humaines de l\u2019Universit\u00e9 de Sherbrooke (2019)<\/li>\n<li>Bourse d\u2019admission au premier cycle de l\u2019Universit\u00e9 d\u2019Ottawa (Septembre 2015-Avril 2016), (Septembre 2016-Avril 2017), (Septembre 2017-Avril 2018)<\/li>\n<li>Bourse d\u2019acc\u00e8s aux \u00e9tudes en fran\u00e7ais de la Facult\u00e9 des Arts de l\u2019Universit\u00e9 d\u2019Ottawa (Septembre 2015-Avril 2016), (Septembre 2016-Avril 2017), (Septembre 2017-Avril 2018)<\/li>\n<li>Palmar\u00e8s du doyen de la facult\u00e9 des Arts de l\u2019Universit\u00e9 d\u2019Ottawa \u2013 (Automne 2016 et 2017)<\/li>\n<\/ul>\n<div class=\"su-spoiler su-spoiler-style-default su-spoiler-icon-chevron\" data-scroll-offset=\"0\" data-anchor-in-url=\"no\"><div class=\"su-spoiler-title\" tabindex=\"0\" role=\"button\"><span class=\"su-spoiler-icon\"><\/span>Nouvelles<\/div><div class=\"su-spoiler-content su-u-clearfix su-u-trim\"><\/div><\/div>\n\n<\/div><\/div>\n","protected":false},"excerpt":{"rendered":"<p>Universit\u00e9 Sherbrooke D\u00e9partement d&rsquo;histoire \u00c9mily\u00a0Lamarche\u00a0a d\u00e9but\u00e9 son baccalaur\u00e9at en histoire \u00e0 l\u2019Universit\u00e9 d\u2019Ottawa puis a compl\u00e9t\u00e9 ses \u00e9tudes de premier cycle \u00e0 l\u2019Universit\u00e9 de Sherbrooke. Elle y est pr\u00e9sentement candidate&#8230;<\/p>\n","protected":false},"author":2,"featured_media":0,"parent":455,"menu_order":0,"comment_status":"closed","ping_status":"closed","template":"","meta":{"_monsterinsights_skip_tracking":false,"_monsterinsights_sitenote_active":false,"_monsterinsights_sitenote_note":"","_monsterinsights_sitenote_category":0,"footnotes":""},"class_list":["post-7116","page","type-page","status-publish","hentry"],"_links":{"self":[{"href":"https:\/\/chrs.uqam.ca\/index.php\/wp-json\/wp\/v2\/pages\/7116","targetHints":{"allow":["GET"]}}],"collection":[{"href":"https:\/\/chrs.uqam.ca\/index.php\/wp-json\/wp\/v2\/pages"}],"about":[{"href":"https:\/\/chrs.uqam.ca\/index.php\/wp-json\/wp\/v2\/types\/page"}],"author":[{"embeddable":true,"href":"https:\/\/chrs.uqam.ca\/index.php\/wp-json\/wp\/v2\/users\/2"}],"replies":[{"embeddable":true,"href":"https:\/\/chrs.uqam.ca\/index.php\/wp-json\/wp\/v2\/comments?post=7116"}],"version-history":[{"count":0,"href":"https:\/\/chrs.uqam.ca\/index.php\/wp-json\/wp\/v2\/pages\/7116\/revisions"}],"up":[{"embeddable":true,"href":"https:\/\/chrs.uqam.ca\/index.php\/wp-json\/wp\/v2\/pages\/455"}],"wp:attachment":[{"href":"https:\/\/chrs.uqam.ca\/index.php\/wp-json\/wp\/v2\/media?parent=7116"}],"curies":[{"name":"wp","href":"https:\/\/api.w.org\/{rel}","templated":true}]}}