{"id":7108,"date":"2020-05-26T13:40:16","date_gmt":"2020-05-26T17:40:16","guid":{"rendered":"https:\/\/chrs.dev.uqam.ca\/?page_id=7108"},"modified":"2020-05-26T13:42:10","modified_gmt":"2020-05-26T17:42:10","slug":"hubert-larose-dutil","status":"publish","type":"page","link":"https:\/\/chrs.uqam.ca\/index.php\/a-propos\/equipe\/membres-etudiants\/hubert-larose-dutil\/","title":{"rendered":"Hubert Larose-Dutil"},"content":{"rendered":"<p><strong>Universit\u00e9 d&rsquo;Ottawa<br \/>\nD\u00e9partement d&rsquo;histoire<\/strong><\/p>\n<div class=\"su-column su-column-size-1-6\"><div class=\"su-column-inner su-u-clearfix su-u-trim\"><a href=\"https:\/\/chrs.uqam.ca\/wp-content\/uploads\/2020\/05\/hubert-larose_dutil.jpeg\"><img loading=\"lazy\" decoding=\"async\" class=\"alignleft  wp-image-7111\" src=\"https:\/\/chrs.uqam.ca\/wp-content\/uploads\/2020\/05\/hubert-larose_dutil.jpeg\" alt=\"\" width=\"203\" height=\"287\" srcset=\"https:\/\/chrs.uqam.ca\/wp-content\/uploads\/2020\/05\/hubert-larose_dutil.jpeg 267w, https:\/\/chrs.uqam.ca\/wp-content\/uploads\/2020\/05\/hubert-larose_dutil-212x300.jpeg 212w\" sizes=\"auto, (max-width: 203px) 100vw, 203px\" \/><\/a><\/p>\n<\/div><\/div>\n<div class=\"su-column su-column-size-4-6\"><div class=\"su-column-inner su-u-clearfix su-u-trim\"><\/div><\/div>\n<p>Ayant obtenu un baccalaur\u00e9at en histoire \u00e0 l'Universit\u00e9 Laval, Hubert Larose-Dutil compl\u00e8te une ma\u00eetrise en histoire \u00e0 l'Universit\u00e9 d'Ottawa sous la direction de Marie-Claude Thifault depuis la session d'automne 2019. Ses int\u00e9r\u00eats de recherche portent sur l'histoire des institutions psychiatriques qu\u00e9b\u00e9coises, sur l'histoire sociale de la folie, sur l'histoire de la profession infirmi\u00e8re et sur l'histoire de la d\u00e9ficience intellectuelle.<\/p>\n<p>Son projet de ma\u00eetrise vise \u00e0 documenter l'exp\u00e9rience d'individus institutionnalis\u00e9s et vivant avec une d\u00e9ficience intellectuelle \u00e0\u00a0l'aide de dossiers de patients ayant v\u00e9cu \u00e0 l'H\u00f4pital psychiatrique de Qu\u00e9bec entre 1951 et 2000. Cette recherche a l'ambition de mettre en lumi\u00e8re l'exclusion dont ces patients ont \u00e9t\u00e9 l'objet lors de la mise en place de\u00a0r\u00e9formes des politiques publiques portant sur le handicap et l'implantation de\u00a0diff\u00e9rentes initiatives de d\u00e9sinstitutionnalisation.<\/p>\n<div class=\"su-spoiler su-spoiler-style-default su-spoiler-icon-chevron su-spoiler-closed\" data-scroll-offset=\"0\" data-anchor-in-url=\"no\"><div class=\"su-spoiler-title\" tabindex=\"0\" role=\"button\"><span class=\"su-spoiler-icon\"><\/span>Coordonn\u00e9es<\/div><div class=\"su-spoiler-content su-u-clearfix su-u-trim\">\n<p><strong>Courriel :\u00a0<\/strong>hlaro096@uottawa.ca<\/div><\/div>\n<div class=\"su-spoiler su-spoiler-style-default su-spoiler-icon-chevron su-spoiler-closed\" data-scroll-offset=\"0\" data-anchor-in-url=\"no\"><div class=\"su-spoiler-title\" tabindex=\"0\" role=\"button\"><span class=\"su-spoiler-icon\"><\/span>Curriculum vitae <\/div><div class=\"su-spoiler-content su-u-clearfix su-u-trim\">\n<p><a href=\"https:\/\/chrs.uqam.ca\/wp-content\/uploads\/2020\/05\/Curriculum-Vitae-H.-Larose-Dutil-1.pdf\">Curriculum vitae<\/a><br \/>\n<\/div><\/div>\n<div class=\"su-spoiler su-spoiler-style-default su-spoiler-icon-chevron su-spoiler-closed\" data-scroll-offset=\"0\" data-anchor-in-url=\"no\"><div class=\"su-spoiler-title\" tabindex=\"0\" role=\"button\"><span class=\"su-spoiler-icon\"><\/span>Bourses, prix et distinctions<\/div><div class=\"su-spoiler-content su-u-clearfix su-u-trim\">\n<ul>\n<li>Bourse de la Chaire de recherche sur la francophonie canadienne en sant\u00e9 (\u00c9t\u00e9 2020)<\/li>\n<li>Bourse de l\u2019Unit\u00e9 de recherche sur l\u2019histoire du nursing (\u00c9t\u00e9 2020)<\/li>\n<li>Bourse des \u00e9tudes sup\u00e9rieures de l\u2019Ontario (2020-2021)<\/li>\n<li>Bourse Gustave et Marie Lanct\u00f4t (2020-2021)<\/li>\n<li>Bourse d\u2019excellence de l\u2019Universit\u00e9 d\u2019Ottawa (2020-2021)<\/li>\n<li>Bourse d\u2019admission de l\u2019Universit\u00e9 d\u2019Ottawa (2019-2020)<\/li>\n<li>Bourse d&rsquo;initiation \u00e0 la recherche des Instituts de recherche en sant\u00e9 du Canada (\u00c9t\u00e9 2019)<\/div><\/div><\/li>\n<\/ul>\n<div class=\"su-spoiler su-spoiler-style-default su-spoiler-icon-chevron\" data-scroll-offset=\"0\" data-anchor-in-url=\"no\"><div class=\"su-spoiler-title\" tabindex=\"0\" role=\"button\"><span class=\"su-spoiler-icon\"><\/span>Nouvelles<\/div><div class=\"su-spoiler-content su-u-clearfix su-u-trim\">\n<a href=\"https:\/\/chrs.uqam.ca\/index.php\/2024\/01\/12\/plusieurs-membres-du-chrs-present-e-s-dans-le-dernier-numero-de-la-rhaf\/\">Plusieurs membres du CHRS pr\u00e9sent.e.s dans le dernier num\u00e9ro de la <em>RHAF<\/em><\/a><br><a href=\"https:\/\/chrs.uqam.ca\/index.php\/2023\/09\/07\/plusieurs-de-nos-membres-au-congres-2023-de-lihaf\/\">Plusieurs de nos membres au Congr\u00e8s 2023 de l&rsquo;IHAF<\/a><br><a href=\"https:\/\/chrs.uqam.ca\/index.php\/2022\/10\/07\/a-ne-pas-manquer-premier-seminaire-urhn-2022\/\">\u00c0 ne pas manquer: premier s\u00e9minaire URHN 2022<\/a><br><a href=\"https:\/\/chrs.uqam.ca\/index.php\/2022\/06\/10\/felicitations-aux-boursieres-et-boursiers\/\">F\u00e9licitations aux \u00e9tudiant\u00b7e\u00b7s laur\u00e9at\u00b7e\u00b7s de bourses de recherche 2022-2023<\/a><br><a href=\"https:\/\/chrs.uqam.ca\/index.php\/2022\/05\/12\/programme-du-colloque-annuel-2022-de-lachn-cahn\/\">Programme du colloque  annuel 2022 de l&rsquo;ACHN-CAHN<\/a><br><a href=\"https:\/\/chrs.uqam.ca\/index.php\/2021\/09\/22\/nos-membres-au-73e-congres-de-lihaf\/\">Nos membres au 73e congr\u00e8s de l&rsquo;IHAF<\/a><br><a href=\"https:\/\/chrs.uqam.ca\/index.php\/2020\/10\/30\/des-membres-etudiants-presentent-leur-recherche-en-180-secondes\/\">Des membres \u00e9tudiants pr\u00e9sentent leur recherche en 180 secondes<\/a><br>\n<\/div><\/div>\n","protected":false},"excerpt":{"rendered":"<p>Universit\u00e9 d&rsquo;Ottawa D\u00e9partement d&rsquo;histoire Ayant obtenu un baccalaur\u00e9at en histoire \u00e0 l&rsquo;Universit\u00e9 Laval, Hubert Larose-Dutil compl\u00e8te une ma\u00eetrise en histoire \u00e0 l&rsquo;Universit\u00e9 d&rsquo;Ottawa sous la direction de Marie-Claude Thifault depuis&#8230;<\/p>\n","protected":false},"author":2,"featured_media":0,"parent":455,"menu_order":0,"comment_status":"closed","ping_status":"closed","template":"","meta":{"_monsterinsights_skip_tracking":false,"_monsterinsights_sitenote_active":false,"_monsterinsights_sitenote_note":"","_monsterinsights_sitenote_category":0,"footnotes":""},"class_list":["post-7108","page","type-page","status-publish","hentry"],"_links":{"self":[{"href":"https:\/\/chrs.uqam.ca\/index.php\/wp-json\/wp\/v2\/pages\/7108","targetHints":{"allow":["GET"]}}],"collection":[{"href":"https:\/\/chrs.uqam.ca\/index.php\/wp-json\/wp\/v2\/pages"}],"about":[{"href":"https:\/\/chrs.uqam.ca\/index.php\/wp-json\/wp\/v2\/types\/page"}],"author":[{"embeddable":true,"href":"https:\/\/chrs.uqam.ca\/index.php\/wp-json\/wp\/v2\/users\/2"}],"replies":[{"embeddable":true,"href":"https:\/\/chrs.uqam.ca\/index.php\/wp-json\/wp\/v2\/comments?post=7108"}],"version-history":[{"count":0,"href":"https:\/\/chrs.uqam.ca\/index.php\/wp-json\/wp\/v2\/pages\/7108\/revisions"}],"up":[{"embeddable":true,"href":"https:\/\/chrs.uqam.ca\/index.php\/wp-json\/wp\/v2\/pages\/455"}],"wp:attachment":[{"href":"https:\/\/chrs.uqam.ca\/index.php\/wp-json\/wp\/v2\/media?parent=7108"}],"curies":[{"name":"wp","href":"https:\/\/api.w.org\/{rel}","templated":true}]}}