{"id":7,"date":"2017-01-23T00:01:18","date_gmt":"2017-01-22T23:01:18","guid":{"rendered":"http:\/\/chrs.cieq.ca\/?page_id=7"},"modified":"2017-05-03T13:29:17","modified_gmt":"2017-05-03T17:29:17","slug":"equipe","status":"publish","type":"page","link":"https:\/\/chrs.uqam.ca\/index.php\/a-propos\/equipe\/","title":{"rendered":"\u00c9quipe"},"content":{"rendered":"<p><a href=\"\/index.php\/a-propos\/equipe\/membres-reguliers\/\">Membres r\u00e9guliers<\/a><\/p>\n<p><a href=\"\/index.php\/a-propos\/equipe\/chercheurs-affilies\/\">Chercheurs affili\u00e9s<\/a><\/p>\n<p><a href=\"\/index.php\/a-propos\/equipe\/membres-etudiants\/\">Membres \u00e9tudiants<\/a><\/p>\n<p><a href=\"\/index.php\/a-propos\/equipe\/professionnels-de-recherche\/\">Professionnels de recherche<\/a><\/p>\n<p><a href=\"\/index.php\/a-propos\/equipe\/assistants-de-recherche\/\">Assistants de recherche<\/a><\/p>\n","protected":false},"excerpt":{"rendered":"<p>Membres r\u00e9guliers Chercheurs affili\u00e9s Membres \u00e9tudiants Professionnels de recherche Assistants de recherche<\/p>\n","protected":false},"author":2,"featured_media":0,"parent":5,"menu_order":1,"comment_status":"closed","ping_status":"closed","template":"","meta":{"_monsterinsights_skip_tracking":false,"_monsterinsights_sitenote_active":false,"_monsterinsights_sitenote_note":"","_monsterinsights_sitenote_category":0,"footnotes":""},"class_list":["post-7","page","type-page","status-publish","hentry"],"_links":{"self":[{"href":"https:\/\/chrs.uqam.ca\/index.php\/wp-json\/wp\/v2\/pages\/7","targetHints":{"allow":["GET"]}}],"collection":[{"href":"https:\/\/chrs.uqam.ca\/index.php\/wp-json\/wp\/v2\/pages"}],"about":[{"href":"https:\/\/chrs.uqam.ca\/index.php\/wp-json\/wp\/v2\/types\/page"}],"author":[{"embeddable":true,"href":"https:\/\/chrs.uqam.ca\/index.php\/wp-json\/wp\/v2\/users\/2"}],"replies":[{"embeddable":true,"href":"https:\/\/chrs.uqam.ca\/index.php\/wp-json\/wp\/v2\/comments?post=7"}],"version-history":[{"count":0,"href":"https:\/\/chrs.uqam.ca\/index.php\/wp-json\/wp\/v2\/pages\/7\/revisions"}],"up":[{"embeddable":true,"href":"https:\/\/chrs.uqam.ca\/index.php\/wp-json\/wp\/v2\/pages\/5"}],"wp:attachment":[{"href":"https:\/\/chrs.uqam.ca\/index.php\/wp-json\/wp\/v2\/media?parent=7"}],"curies":[{"name":"wp","href":"https:\/\/api.w.org\/{rel}","templated":true}]}}