{"id":691,"date":"2017-02-04T22:34:54","date_gmt":"2017-02-04T21:34:54","guid":{"rendered":"http:\/\/chrs.cieq.ca\/?page_id=691"},"modified":"2017-05-03T13:52:08","modified_gmt":"2017-05-03T17:52:08","slug":"anne-frederique-morin","status":"publish","type":"page","link":"https:\/\/chrs.uqam.ca\/index.php\/a-propos\/equipe\/membres-etudiants\/anne-frederique-morin\/","title":{"rendered":"Anne-Fr\u00e9d\u00e9rique Morin"},"content":{"rendered":"<div class=\"su-spoiler su-spoiler-style-default su-spoiler-icon-chevron\" data-scroll-offset=\"0\" data-anchor-in-url=\"no\"><div class=\"su-spoiler-title\" tabindex=\"0\" role=\"button\"><span class=\"su-spoiler-icon\"><\/span>Nouvelles<\/div><div class=\"su-spoiler-content su-u-clearfix su-u-trim\">\n<a href=\"https:\/\/chrs.uqam.ca\/index.php\/2016\/03\/29\/presentation-danne-frederique-morin-et-de-camille-robert-presentent-au-colloque-jean-marie-fecteau-des-cycles-superieurs-en-histoire-de-luqam\/\">Pr\u00e9sentation d\u2019Anne-Fr\u00e9d\u00e9rique Morin et de Camille Robert pr\u00e9sentent au Colloque Jean-Marie Fecteau des cycles sup\u00e9rieurs en histoire de l\u2019UQAM<\/a><br>\n<\/div><\/div>\n","protected":false},"excerpt":{"rendered":"","protected":false},"author":2,"featured_media":0,"parent":455,"menu_order":0,"comment_status":"closed","ping_status":"closed","template":"","meta":{"_monsterinsights_skip_tracking":false,"_monsterinsights_sitenote_active":false,"_monsterinsights_sitenote_note":"","_monsterinsights_sitenote_category":0,"footnotes":""},"class_list":["post-691","page","type-page","status-publish","hentry"],"_links":{"self":[{"href":"https:\/\/chrs.uqam.ca\/index.php\/wp-json\/wp\/v2\/pages\/691","targetHints":{"allow":["GET"]}}],"collection":[{"href":"https:\/\/chrs.uqam.ca\/index.php\/wp-json\/wp\/v2\/pages"}],"about":[{"href":"https:\/\/chrs.uqam.ca\/index.php\/wp-json\/wp\/v2\/types\/page"}],"author":[{"embeddable":true,"href":"https:\/\/chrs.uqam.ca\/index.php\/wp-json\/wp\/v2\/users\/2"}],"replies":[{"embeddable":true,"href":"https:\/\/chrs.uqam.ca\/index.php\/wp-json\/wp\/v2\/comments?post=691"}],"version-history":[{"count":0,"href":"https:\/\/chrs.uqam.ca\/index.php\/wp-json\/wp\/v2\/pages\/691\/revisions"}],"up":[{"embeddable":true,"href":"https:\/\/chrs.uqam.ca\/index.php\/wp-json\/wp\/v2\/pages\/455"}],"wp:attachment":[{"href":"https:\/\/chrs.uqam.ca\/index.php\/wp-json\/wp\/v2\/media?parent=691"}],"curies":[{"name":"wp","href":"https:\/\/api.w.org\/{rel}","templated":true}]}}