{"id":69,"date":"2017-01-23T00:54:58","date_gmt":"2017-01-22T23:54:58","guid":{"rendered":"http:\/\/chrs.cieq.ca\/?page_id=69"},"modified":"2026-03-26T13:57:28","modified_gmt":"2026-03-26T17:57:28","slug":"professionnels-de-recherche","status":"publish","type":"page","link":"https:\/\/chrs.uqam.ca\/index.php\/a-propos\/equipe\/professionnels-de-recherche\/","title":{"rendered":"Professionnels de recherche"},"content":{"rendered":"<p>Anciens professionnels de recherche<\/p>\n<div class=\"su-spoiler su-spoiler-style-default su-spoiler-icon-chevron su-spoiler-closed\" data-scroll-offset=\"0\" data-anchor-in-url=\"no\"><div class=\"su-spoiler-title\" tabindex=\"0\" role=\"button\"><span class=\"su-spoiler-icon\"><\/span>Malenfant, Emilie<\/div><div class=\"su-spoiler-content su-u-clearfix su-u-trim\">\n2024 &#8211; 2026<br \/>\nInactif<br \/>\n<strong>R\u00f4le<\/strong> : Coordonnatrice<br \/>\n<\/div><\/div>\n<div class=\"su-spoiler su-spoiler-style-default su-spoiler-icon-chevron su-spoiler-closed\" data-scroll-offset=\"0\" data-anchor-in-url=\"no\"><div class=\"su-spoiler-title\" tabindex=\"0\" role=\"button\"><span class=\"su-spoiler-icon\"><\/span>Petit, Kim<\/div><div class=\"su-spoiler-content su-u-clearfix su-u-trim\">\n2009 &#8211; 2024<br \/>\nInactif<br \/>\n<strong>R\u00f4le<\/strong> : Coordonnatrice<br \/>\n<\/div><\/div>\n<div class=\"su-spoiler su-spoiler-style-default su-spoiler-icon-chevron su-spoiler-closed\" data-scroll-offset=\"0\" data-anchor-in-url=\"no\"><div class=\"su-spoiler-title\" tabindex=\"0\" role=\"button\"><span class=\"su-spoiler-icon\"><\/span>Aranguiz, Marcela<\/div><div class=\"su-spoiler-content su-u-clearfix su-u-trim\">\n2001-2009<br \/>\nInactif<br \/>\n<\/div><\/div>\n<div class=\"su-spoiler su-spoiler-style-default su-spoiler-icon-chevron su-spoiler-closed\" data-scroll-offset=\"0\" data-anchor-in-url=\"no\"><div class=\"su-spoiler-title\" tabindex=\"0\" role=\"button\"><span class=\"su-spoiler-icon\"><\/span>Bisson, Fran\u00e7ois<\/div><div class=\"su-spoiler-content su-u-clearfix su-u-trim\">\n2003-2005<br \/>\nInactif<br \/>\n<\/div><\/div>\n<div class=\"su-spoiler su-spoiler-style-default su-spoiler-icon-chevron su-spoiler-closed\" data-scroll-offset=\"0\" data-anchor-in-url=\"no\"><div class=\"su-spoiler-title\" tabindex=\"0\" role=\"button\"><span class=\"su-spoiler-icon\"><\/span>Blache-Gagn\u00e9, Marie-\u00c8ve<\/div><div class=\"su-spoiler-content su-u-clearfix su-u-trim\">\n2009-2010<br \/>\nInactif<br \/>\n<\/div><\/div>\n<div class=\"su-spoiler su-spoiler-style-default su-spoiler-icon-chevron su-spoiler-closed\" data-scroll-offset=\"0\" data-anchor-in-url=\"no\"><div class=\"su-spoiler-title\" tabindex=\"0\" role=\"button\"><span class=\"su-spoiler-icon\"><\/span>Chagnon, Rachel<\/div><div class=\"su-spoiler-content su-u-clearfix su-u-trim\">\n2004-2005<br \/>\nInactif<br \/>\n<\/div><\/div>\n<div class=\"su-spoiler su-spoiler-style-default su-spoiler-icon-chevron su-spoiler-closed\" data-scroll-offset=\"0\" data-anchor-in-url=\"no\"><div class=\"su-spoiler-title\" tabindex=\"0\" role=\"button\"><span class=\"su-spoiler-icon\"><\/span>Desmeules, Martin<\/div><div class=\"su-spoiler-content su-u-clearfix su-u-trim\">\n2011-2015<br \/>\nInactif<br \/>\n<a href=\"https:\/\/chrs.uqam.ca\/desmeules-martin\">Voir la fiche d&rsquo;assistant de recherche de Martin Desmeules<\/a><\/p>\n<\/div><\/div>\n<div class=\"su-spoiler su-spoiler-style-default su-spoiler-icon-chevron su-spoiler-closed\" data-scroll-offset=\"0\" data-anchor-in-url=\"no\"><div class=\"su-spoiler-title\" tabindex=\"0\" role=\"button\"><span class=\"su-spoiler-icon\"><\/span>Desrochers, Luc<\/div><div class=\"su-spoiler-content su-u-clearfix su-u-trim\">\n1996-2011<br \/>\nInactif<br \/>\n<strong>R\u00f4le<\/strong> : Coordonnateur<\/p>\n<p>Coordonnateur au R\u00e9seau qu\u00e9b\u00e9cois de recherche sur le suicide (RQRS)<br \/>\n<\/div><\/div>\n<div class=\"su-spoiler su-spoiler-style-default su-spoiler-icon-chevron su-spoiler-closed\" data-scroll-offset=\"0\" data-anchor-in-url=\"no\"><div class=\"su-spoiler-title\" tabindex=\"0\" role=\"button\"><span class=\"su-spoiler-icon\"><\/span>Forcier, Maxime<\/div><div class=\"su-spoiler-content su-u-clearfix su-u-trim\">\n2004-2007<br \/>\nInactif<br \/>\n<\/div><\/div>\n<div class=\"su-spoiler su-spoiler-style-default su-spoiler-icon-chevron su-spoiler-closed\" data-scroll-offset=\"0\" data-anchor-in-url=\"no\"><div class=\"su-spoiler-title\" tabindex=\"0\" role=\"button\"><span class=\"su-spoiler-icon\"><\/span>Petitclerc, Martin<\/div><div class=\"su-spoiler-content su-u-clearfix su-u-trim\">\n2003-2004<br \/>\nInactif<br \/>\n<a href=\"\/index.php\/a-propos\/equipe\/membres-reguliers\/martin-petitclerc\/\">Voir la fiche de membre r\u00e9gulier de Martin Petitclerc<\/a><br \/>\n<\/div><\/div>\n<div class=\"su-spoiler su-spoiler-style-default su-spoiler-icon-chevron su-spoiler-closed\" data-scroll-offset=\"0\" data-anchor-in-url=\"no\"><div class=\"su-spoiler-title\" tabindex=\"0\" role=\"button\"><span class=\"su-spoiler-icon\"><\/span>Quesney, Chantale <\/div><div class=\"su-spoiler-content su-u-clearfix su-u-trim\">\n1999-2007<br \/>\nInactif<br \/>\n<\/div><\/div>\n<div class=\"su-spoiler su-spoiler-style-default su-spoiler-icon-chevron su-spoiler-closed\" data-scroll-offset=\"0\" data-anchor-in-url=\"no\"><div class=\"su-spoiler-title\" tabindex=\"0\" role=\"button\"><span class=\"su-spoiler-icon\"><\/span>Quevillon, Lucie <\/div><div class=\"su-spoiler-content su-u-clearfix su-u-trim\">\n2001-2011<br \/>\nInactif<br \/>\n<strong>R\u00f4le<\/strong> : Coordonnatrice aux activit\u00e9s de recherche<br \/>\n<\/div><\/div>\n<div class=\"su-spoiler su-spoiler-style-default su-spoiler-icon-chevron su-spoiler-closed\" data-scroll-offset=\"0\" data-anchor-in-url=\"no\"><div class=\"su-spoiler-title\" tabindex=\"0\" role=\"button\"><span class=\"su-spoiler-icon\"><\/span>Therrien, Bruno<\/div><div class=\"su-spoiler-content su-u-clearfix su-u-trim\">\n1999-2002<br \/>\nInactif<br \/>\n<\/div><\/div>\n<div class=\"su-spoiler su-spoiler-style-default su-spoiler-icon-chevron su-spoiler-closed\" data-scroll-offset=\"0\" data-anchor-in-url=\"no\"><div class=\"su-spoiler-title\" tabindex=\"0\" role=\"button\"><span class=\"su-spoiler-icon\"><\/span>Thifault, Marie-Claude<\/div><div class=\"su-spoiler-content su-u-clearfix su-u-trim\">\n2003-2004<br \/>\nInactif<br \/>\n<a href=\"\/index.php\/a-propos\/equipe\/membres-reguliers\/marie-claude-thifault\/\">Voir la fiche de membre r\u00e9gulier de Marie-Claude Thifault<\/a><br \/>\n<\/div><\/div>\n<div class=\"su-spoiler su-spoiler-style-default su-spoiler-icon-chevron su-spoiler-closed\" data-scroll-offset=\"0\" data-anchor-in-url=\"no\"><div class=\"su-spoiler-title\" tabindex=\"0\" role=\"button\"><span class=\"su-spoiler-icon\"><\/span>Vaillancourt, \u00c9ric<\/div><div class=\"su-spoiler-content su-u-clearfix su-u-trim\">\n1998-2002<br \/>\nInactif<br \/>\n<\/div><\/div>\n<div class=\"su-spoiler su-spoiler-style-default su-spoiler-icon-chevron su-spoiler-closed\" data-scroll-offset=\"0\" data-anchor-in-url=\"no\"><div class=\"su-spoiler-title\" tabindex=\"0\" role=\"button\"><span class=\"su-spoiler-icon\"><\/span>Vall\u00e9e, Gilles<\/div><div class=\"su-spoiler-content su-u-clearfix su-u-trim\">\n2008 &#8211; Actuel<br \/>\nActif<br \/>\n<strong>R\u00f4le<\/strong> : Responsable du soutien informatique<br \/>\n<\/div><\/div>\n","protected":false},"excerpt":{"rendered":"<p>Anciens professionnels de recherche<\/p>\n","protected":false},"author":2,"featured_media":0,"parent":7,"menu_order":3,"comment_status":"closed","ping_status":"closed","template":"","meta":{"_monsterinsights_skip_tracking":false,"_monsterinsights_sitenote_active":false,"_monsterinsights_sitenote_note":"","_monsterinsights_sitenote_category":0,"footnotes":""},"class_list":["post-69","page","type-page","status-publish","hentry"],"_links":{"self":[{"href":"https:\/\/chrs.uqam.ca\/index.php\/wp-json\/wp\/v2\/pages\/69","targetHints":{"allow":["GET"]}}],"collection":[{"href":"https:\/\/chrs.uqam.ca\/index.php\/wp-json\/wp\/v2\/pages"}],"about":[{"href":"https:\/\/chrs.uqam.ca\/index.php\/wp-json\/wp\/v2\/types\/page"}],"author":[{"embeddable":true,"href":"https:\/\/chrs.uqam.ca\/index.php\/wp-json\/wp\/v2\/users\/2"}],"replies":[{"embeddable":true,"href":"https:\/\/chrs.uqam.ca\/index.php\/wp-json\/wp\/v2\/comments?post=69"}],"version-history":[{"count":5,"href":"https:\/\/chrs.uqam.ca\/index.php\/wp-json\/wp\/v2\/pages\/69\/revisions"}],"predecessor-version":[{"id":12646,"href":"https:\/\/chrs.uqam.ca\/index.php\/wp-json\/wp\/v2\/pages\/69\/revisions\/12646"}],"up":[{"embeddable":true,"href":"https:\/\/chrs.uqam.ca\/index.php\/wp-json\/wp\/v2\/pages\/7"}],"wp:attachment":[{"href":"https:\/\/chrs.uqam.ca\/index.php\/wp-json\/wp\/v2\/media?parent=69"}],"curies":[{"name":"wp","href":"https:\/\/api.w.org\/{rel}","templated":true}]}}