{"id":689,"date":"2017-02-04T22:34:33","date_gmt":"2017-02-04T21:34:33","guid":{"rendered":"http:\/\/chrs.cieq.ca\/?page_id=689"},"modified":"2021-05-10T14:43:19","modified_gmt":"2021-05-10T18:43:19","slug":"amelie-grenier","status":"publish","type":"page","link":"https:\/\/chrs.uqam.ca\/index.php\/a-propos\/equipe\/membres-etudiants\/amelie-grenier\/","title":{"rendered":"Am\u00e9lie Grenier"},"content":{"rendered":"<div class=\"su-row\"><div class=\"su-column su-column-size-1-5\"><div class=\"su-column-inner su-u-clearfix su-u-trim\"><img loading=\"lazy\" decoding=\"async\" class=\"alignleft size-thumbnail wp-image-700\" src=\"https:\/\/chrs.uqam.ca\/wp-content\/uploads\/2017\/11\/Amelie_Grenier-1.jpg\" alt=\"\" width=\"150\" height=\"150\" \/><\/div><\/div>\n<div class=\"su-column su-column-size-4-5\"><div class=\"su-column-inner su-u-clearfix su-u-trim\">\n<strong>Universit\u00e9 Laval<br \/>\nD\u00e9partement des sciences historiques<\/strong><\/div><\/div><\/div>\n<p>Am\u00e9lie Grenier est candidate au doctorat en histoire \u00e0 l&rsquo;Universit\u00e9 Laval. Elle a compl\u00e9t\u00e9 sa ma\u00eetrise en histoire socio-juridique \u00e0 l\u2019Universit\u00e9 du Qu\u00e9bec \u00e0 Montr\u00e9al en 2019. Dans le cadre des ses \u00e9tudes sup\u00e9rieures, elle articule ses recherches autour du concept des r\u00e9gulations sociales et porte une attention particuli\u00e8re \u00e0 la r\u00e9gulation de la criminalit\u00e9 au Qu\u00e9bec durant le XXe si\u00e8cle. Elle s\u2019int\u00e9resse principalement aux mesures mises en place au d\u00e9but des ann\u00e9es 1920 pour r\u00e9guler les usagers des drogues non-m\u00e9dicales \u00e0 Montr\u00e9al durant cette p\u00e9riode.<\/p>\n<p>Titre du m\u00e9moire :<em> \u00ab L\u2019opium du peuple \u00bb\u00a0: la r\u00e9gulation des consommateurs et des trafiquants de drogues non-m\u00e9dicales \u00e0 Montr\u00e9al, 1920-1923<\/em><\/p>\n<p>Direction :\u00a0<a href=\"\/index.php\/a-propos\/equipe\/membres-reguliers\/martin-petitclerc\/\" target=\"_blank\" rel=\"noopener\">Martin Petitclerc<\/a><\/p>\n<div class=\"su-spoiler su-spoiler-style-default su-spoiler-icon-chevron\" data-scroll-offset=\"0\" data-anchor-in-url=\"no\"><div class=\"su-spoiler-title\" tabindex=\"0\" role=\"button\"><span class=\"su-spoiler-icon\"><\/span>Nouvelles<\/div><div class=\"su-spoiler-content su-u-clearfix su-u-trim\">\n<a href=\"https:\/\/chrs.uqam.ca\/index.php\/2021\/06\/08\/compte-rendu-damelie-grenier-publie-dans-mens\/\">Compte rendu par Am\u00e9lie Grenier de l&rsquo;ouvrage <em>Grossi\u00e8res ind\u00e9cences<\/em> paru dans <em>Mens<\/em><\/a><br><a href=\"https:\/\/chrs.uqam.ca\/index.php\/2021\/05\/07\/amelie-grenier-premiere-invitee-du-poscast-dans-les-coulisse-de-lhistoire\/\">Am\u00e9lie Grenier, premi\u00e8re invit\u00e9e du nouveau podcast \u00ab\u00a0Dans les coulisses de l&rsquo;histoire \u00bb<\/a><br><a href=\"https:\/\/chrs.uqam.ca\/index.php\/2020\/07\/14\/parution-de-vice-deviance-et-criminalite-nouveau-dossier-du-bulletin-dhistoire-politique\/\">Parution de \u00ab Vice, d\u00e9viance et criminalit\u00e9 \u00bb un nouveau dossier du Bulletin d&rsquo;histoire politique<\/a><br><a href=\"https:\/\/chrs.uqam.ca\/index.php\/2019\/05\/21\/la-doctorante-amelie-grenier-partage-son-experience-aux-archives-sur-histoireengagee-ca\/\">La doctorante Am\u00e9lie Grenier partage son exp\u00e9rience aux archives sur <em>HistoireEngag\u00e9e.ca<\/em><\/a><br><a href=\"https:\/\/chrs.uqam.ca\/index.php\/2018\/02\/14\/invitation-a-la-conference-contre-la-drogue-et-lalcool-une-histoire-de-controle\/\">Invitation \u00e0 la conf\u00e9rence \u00ab Contre la drogue et l&rsquo;alcool : une histoire de contr\u00f4le \u00bb avec Am\u00e9lie Grenier et Caroline Robert<\/a><br><a href=\"https:\/\/chrs.uqam.ca\/index.php\/2017\/10\/30\/le-chrs-au-70e-congres-de-linstitut-dhistoire-damerique-francaise-2017\/\">Le CHRS au 70e Congr\u00e8s de l\u2019Institut d\u2019histoire d\u2019Am\u00e9rique fran\u00e7aise 2017<\/a><br><a href=\"https:\/\/chrs.uqam.ca\/index.php\/2017\/06\/01\/2780\/\">Entretien avec Marcel Martel<\/a><br><a href=\"https:\/\/chrs.uqam.ca\/index.php\/2017\/05\/29\/compte-rendu-du-colloque-vices-et-criminalite-dans-lhistoire-du-quebec-et-du-canada\/\">Compte rendu du colloque \u00ab\u00a0Vices et criminalit\u00e9 dans l\u2019histoire du Qu\u00e9bec et du Canada\u00a0\u00bb<\/a><br><a href=\"https:\/\/chrs.uqam.ca\/index.php\/2017\/05\/02\/invitation-au-colloque-vices-et-criminalite-dans-lhistoire-du-quebec-et-du-canada\/\">Invitation au Colloque Vices et criminalit\u00e9 dans l\u2019histoire du Qu\u00e9bec et du Canada<\/a><br><a href=\"https:\/\/chrs.uqam.ca\/index.php\/2017\/02\/28\/trois-etudiantes-du-chrs-ouvriront-le-colloque-jean-marie-fecteau\/\">Trois \u00e9tudiantes du CHRS ouvriront le Colloque Jean-Marie Fecteau<\/a><br><a href=\"https:\/\/chrs.uqam.ca\/index.php\/2016\/12\/02\/resume-de-latelier-sur-le-vice-et-le-crime-a-montreal\/\">R\u00e9sum\u00e9 de l&rsquo;atelier sur le vice et le crime \u00e0 Montr\u00e9al<\/a><br>\n<\/div><\/div>\n","protected":false},"excerpt":{"rendered":"<p>Am\u00e9lie Grenier est candidate au doctorat en histoire \u00e0 l&rsquo;Universit\u00e9 Laval. Elle a compl\u00e9t\u00e9 sa ma\u00eetrise en histoire socio-juridique \u00e0 l\u2019Universit\u00e9 du Qu\u00e9bec \u00e0 Montr\u00e9al en 2019. Dans le cadre&#8230;<\/p>\n","protected":false},"author":2,"featured_media":0,"parent":455,"menu_order":0,"comment_status":"closed","ping_status":"closed","template":"","meta":{"_monsterinsights_skip_tracking":false,"_monsterinsights_sitenote_active":false,"_monsterinsights_sitenote_note":"","_monsterinsights_sitenote_category":0,"footnotes":""},"class_list":["post-689","page","type-page","status-publish","hentry"],"_links":{"self":[{"href":"https:\/\/chrs.uqam.ca\/index.php\/wp-json\/wp\/v2\/pages\/689","targetHints":{"allow":["GET"]}}],"collection":[{"href":"https:\/\/chrs.uqam.ca\/index.php\/wp-json\/wp\/v2\/pages"}],"about":[{"href":"https:\/\/chrs.uqam.ca\/index.php\/wp-json\/wp\/v2\/types\/page"}],"author":[{"embeddable":true,"href":"https:\/\/chrs.uqam.ca\/index.php\/wp-json\/wp\/v2\/users\/2"}],"replies":[{"embeddable":true,"href":"https:\/\/chrs.uqam.ca\/index.php\/wp-json\/wp\/v2\/comments?post=689"}],"version-history":[{"count":0,"href":"https:\/\/chrs.uqam.ca\/index.php\/wp-json\/wp\/v2\/pages\/689\/revisions"}],"up":[{"embeddable":true,"href":"https:\/\/chrs.uqam.ca\/index.php\/wp-json\/wp\/v2\/pages\/455"}],"wp:attachment":[{"href":"https:\/\/chrs.uqam.ca\/index.php\/wp-json\/wp\/v2\/media?parent=689"}],"curies":[{"name":"wp","href":"https:\/\/api.w.org\/{rel}","templated":true}]}}