{"id":67,"date":"2017-01-23T00:54:38","date_gmt":"2017-01-22T23:54:38","guid":{"rendered":"http:\/\/chrs.cieq.ca\/?page_id=67"},"modified":"2025-09-04T17:21:00","modified_gmt":"2025-09-04T21:21:00","slug":"chercheurs-affilies","status":"publish","type":"page","link":"https:\/\/chrs.uqam.ca\/index.php\/a-propos\/equipe\/chercheurs-affilies\/","title":{"rendered":"Chercheurs affili\u00e9s"},"content":{"rendered":"<div class=\"su-row\"><div class=\"su-column su-column-size-1-5\"><div class=\"su-column-inner su-u-clearfix su-u-trim\"><img loading=\"lazy\" decoding=\"async\" class=\"alignleft size-full wp-image-241\" src=\"\/wp-content\/uploads\/2017\/01\/996992d9c40c91d48dc4dee1c42e877a_f280.jpeg\" alt=\"\" width=\"100\" height=\"133\" \/><\/div><\/div>\n<div class=\"su-column su-column-size-4-5\"><div class=\"su-column-inner su-u-clearfix su-u-trim\"><a href=\"\/index.php\/a-propos\/equipe\/chercheurs-affilies\/marco-cicchini\/\">Marco Cicchini<\/a><\/p>\n<p>2014 &#8211; Actuel<\/p>\n<p><strong>Ma\u00eetre-assistant, Universit\u00e9 de Gen\u00e8ve<br \/>\nHistoire moderne<\/strong><\/p>\n<\/div><\/div><\/div>\n<div class=\"su-row\"><div class=\"su-column su-column-size-1-5\"><div class=\"su-column-inner su-u-clearfix su-u-trim\"><img loading=\"lazy\" decoding=\"async\" class=\"alignleft size-thumbnail wp-image-167\" src=\"\/wp-content\/uploads\/2017\/01\/Photo_Guerard-150x150.jpeg\" alt=\"\" width=\"150\" height=\"150\" \/><\/div><\/div>\n<div class=\"su-column su-column-size-4-5\"><div class=\"su-column-inner su-u-clearfix su-u-trim\"><a href=\"\/index.php\/a-propos\/equipe\/membres-reguliers\/francois-guerard\/\">Fran\u00e7ois Gu\u00e9rard<\/a><\/p>\n<p>2013 &#8211; Actuel<\/p>\n<p><strong>Professeur, Universit\u00e9 du Qu\u00e9bec \u00e0 Chicoutimi<br \/>\nD\u00e9partement des sciences humaines<\/strong><\/div><\/div><\/div>\n<div class=\"su-row\"><div class=\"su-column su-column-size-1-5\"><div class=\"su-column-inner su-u-clearfix su-u-trim\"><a href=\"https:\/\/chrs.uqam.ca\/wp-content\/uploads\/2020\/05\/martin_robert.jpg\"><img loading=\"lazy\" decoding=\"async\" class=\"alignleft wp-image-8522 \" src=\"https:\/\/chrs.uqam.ca\/wp-content\/uploads\/2020\/10\/Ek30C5eWMAIyavR.png\" alt=\"\" width=\"183\" height=\"103\" srcset=\"https:\/\/chrs.uqam.ca\/wp-content\/uploads\/2020\/10\/Ek30C5eWMAIyavR.png 528w, https:\/\/chrs.uqam.ca\/wp-content\/uploads\/2020\/10\/Ek30C5eWMAIyavR-300x169.png 300w\" sizes=\"auto, (max-width: 183px) 100vw, 183px\" \/><\/a><\/div><\/div>\n<div class=\"su-column su-column-size-4-5\"><div class=\"su-column-inner su-u-clearfix su-u-trim\"> Yuxi Liu<\/p>\n<p>2021 &#8211; Actuel<\/p>\n<p><strong>Professeure assistante, Institut de la recherche en sciences humaines, Universit\u00e9 ShanghaiTech\u00a0<\/strong><\/p>\n<\/div><\/div><\/div>\n<div class=\"su-row\"><div class=\"su-column su-column-size-1-5\"><div class=\"su-column-inner su-u-clearfix su-u-trim\"><img loading=\"lazy\" decoding=\"async\" class=\"alignnone wp-image-12326 size-medium\" src=\"https:\/\/chrs.uqam.ca\/wp-content\/uploads\/2024\/10\/emilie-malenfant-300x300.jpeg\" alt=\"\" width=\"300\" height=\"300\" srcset=\"https:\/\/chrs.uqam.ca\/wp-content\/uploads\/2024\/10\/emilie-malenfant-300x300.jpeg 300w, https:\/\/chrs.uqam.ca\/wp-content\/uploads\/2024\/10\/emilie-malenfant-150x150.jpeg 150w, https:\/\/chrs.uqam.ca\/wp-content\/uploads\/2024\/10\/emilie-malenfant-768x768.jpeg 768w, https:\/\/chrs.uqam.ca\/wp-content\/uploads\/2024\/10\/emilie-malenfant.jpeg 800w\" sizes=\"auto, (max-width: 300px) 100vw, 300px\" \/><\/div><\/div>\n<div class=\"su-column su-column-size-4-5\"><div class=\"su-column-inner su-u-clearfix su-u-trim\"><a href=\"https:\/\/chrs.uqam.ca\/index.php\/a-propos\/equipe\/chercheurs-affilies\/emilie-malenfant\/\">Emilie Malenfant<\/a><\/p>\n<p>2024 &#8211; Actuel<\/p>\n<p style=\"font-weight: 400;\"><strong>Professeure associ\u00e9e, D\u00e9partement d\u2019histoire, Universit\u00e9 de Sherbrooke | Chercheuse postdoctorale (CI\u00c9Q, Universit\u00e9 Laval\/ CHRS, Universit\u00e9 du Qu\u00e9bec \u00e0 Montr\u00e9al)<\/strong><\/div><\/div><\/div>\n<div class=\"su-row\"><div class=\"su-column su-column-size-1-5\"><div class=\"su-column-inner su-u-clearfix su-u-trim\"><\/div><\/div>\n<div class=\"su-column su-column-size-4-5\"><div class=\"su-column-inner su-u-clearfix su-u-trim\">\n<\/div><\/div><\/div>\n<div class=\"su-row\"><div class=\"su-column su-column-size-1-5\"><div class=\"su-column-inner su-u-clearfix su-u-trim\"><img loading=\"lazy\" decoding=\"async\" class=\"alignnone wp-image-2159 size-full\" src=\"https:\/\/chrs.uqam.ca\/wp-content\/uploads\/2016\/06\/benoit.marsan.jpg\" alt=\"\" width=\"200\" height=\"200\" srcset=\"https:\/\/chrs.uqam.ca\/wp-content\/uploads\/2016\/06\/benoit.marsan.jpg 200w, https:\/\/chrs.uqam.ca\/wp-content\/uploads\/2016\/06\/benoit.marsan-150x150.jpg 150w\" sizes=\"auto, (max-width: 200px) 100vw, 200px\" \/><\/div><\/div>\n<div class=\"su-column su-column-size-4-5\"><div class=\"su-column-inner su-u-clearfix su-u-trim\"> <a href=\"https:\/\/chrs.uqam.ca\/index.php\/a-propos\/equipe\/chercheurs-affilies\/benoit-marsan\/\">Benoit Marsan<\/a><\/p>\n<p>2023 &#8211; Actuel<\/p>\n<p><strong>Charg\u00e9 de cours, Universit\u00e9 du Qu\u00e9bec en Outaouais et Universit\u00e9 de Sherbrooke<\/strong><br \/>\n<\/div><\/div><\/div>\n<div class=\"su-row\"><div class=\"su-column su-column-size-1-5\"><div class=\"su-column-inner su-u-clearfix su-u-trim\"><img loading=\"lazy\" decoding=\"async\" class=\"alignleft size-thumbnail wp-image-2308\" src=\"\/wp-content\/uploads\/2017\/01\/mo_mena1010-150x150.jpeg\" alt=\"\" width=\"150\" height=\"150\" \/><\/div><\/div>\n<div class=\"su-column su-column-size-4-5\"><div class=\"su-column-inner su-u-clearfix su-u-trim\"><a href=\"\/index.php\/a-propos\/equipe\/chercheurs-affilies\/sylvie-menard\/\">Sylvie M\u00e9nard<\/a><\/p>\n<p>2006 &#8211; Actuel<\/p>\n<p><strong>Charg\u00e9e de cours, Universit\u00e9 du Qu\u00e9bec \u00e0 Montr\u00e9al<br \/>\nD\u00e9partement d&rsquo;histoire<\/strong><br \/>\n<\/div><\/div><\/div>\n<div class=\"su-row\"><div class=\"su-column su-column-size-1-5\"><div class=\"su-column-inner su-u-clearfix su-u-trim\"><img loading=\"lazy\" decoding=\"async\" class=\"alignleft size-full wp-image-250\" src=\"\/wp-content\/uploads\/2017\/01\/picture-147-1433773870.jpeg\" alt=\"\" width=\"100\" height=\"133\" \/><\/div><\/div>\n<div class=\"su-column su-column-size-4-5\"><div class=\"su-column-inner su-u-clearfix su-u-trim\"><a href=\"\/index.php\/a-propos\/equipe\/chercheurs-affilies\/david-niget\/\">David Niget<\/a><\/p>\n<p>2006 &#8211; Actuel<\/p>\n<p><strong>Ma\u00eetre de conf\u00e9rences, Universit\u00e9 d&rsquo;Angers \/ CNRS &#8211; CERHIO<\/strong><\/div><\/div><\/div>\n<div class=\"su-row\"><div class=\"su-column su-column-size-1-5\"><div class=\"su-column-inner su-u-clearfix su-u-trim\"><a href=\"https:\/\/chrs.uqam.ca\/wp-content\/uploads\/2019\/02\/eric_reiter.png\"><img loading=\"lazy\" decoding=\"async\" class=\"alignleft wp-image-5184 \" src=\"https:\/\/chrs.uqam.ca\/wp-content\/uploads\/2019\/02\/eric_reiter-277x300.png\" alt=\"\" width=\"129\" height=\"140\" srcset=\"https:\/\/chrs.uqam.ca\/wp-content\/uploads\/2019\/02\/eric_reiter-277x300.png 277w, https:\/\/chrs.uqam.ca\/wp-content\/uploads\/2019\/02\/eric_reiter.png 368w\" sizes=\"auto, (max-width: 129px) 100vw, 129px\" \/><\/a><\/div><\/div>\n<div class=\"su-column su-column-size-4-5\"><div class=\"su-column-inner su-u-clearfix su-u-trim\"><a href=\"https:\/\/chrs.uqam.ca\/index.php\/eric-reiter\/\">Eric Reiter<\/a><\/p>\n<p>2014 &#8211; Actuel<\/p>\n<p><strong>Professeur d&rsquo;histoire, Universit\u00e9 Concordia<\/strong><\/p>\n<\/div><\/div><\/div>\n<div class=\"su-row\"><div class=\"su-column su-column-size-1-5\"><div class=\"su-column-inner su-u-clearfix su-u-trim\"><img loading=\"lazy\" decoding=\"async\" class=\"alignnone wp-image-12515 size-medium\" src=\"https:\/\/chrs.uqam.ca\/wp-content\/uploads\/2025\/09\/RICHELLE-sophie-_A.-Delsoir-Photo_0862_ppWeb-e1757019353120-300x286.jpg\" alt=\"\" width=\"300\" height=\"286\" srcset=\"https:\/\/chrs.uqam.ca\/wp-content\/uploads\/2025\/09\/RICHELLE-sophie-_A.-Delsoir-Photo_0862_ppWeb-e1757019353120-300x286.jpg 300w, https:\/\/chrs.uqam.ca\/wp-content\/uploads\/2025\/09\/RICHELLE-sophie-_A.-Delsoir-Photo_0862_ppWeb-e1757019353120-1024x976.jpg 1024w, https:\/\/chrs.uqam.ca\/wp-content\/uploads\/2025\/09\/RICHELLE-sophie-_A.-Delsoir-Photo_0862_ppWeb-e1757019353120-768x732.jpg 768w, https:\/\/chrs.uqam.ca\/wp-content\/uploads\/2025\/09\/RICHELLE-sophie-_A.-Delsoir-Photo_0862_ppWeb-e1757019353120.jpg 1060w\" sizes=\"auto, (max-width: 300px) 100vw, 300px\" \/><\/div><\/div>\n<div class=\"su-column su-column-size-4-5\"><div class=\"su-column-inner su-u-clearfix su-u-trim\"><a href=\"https:\/\/chrs.uqam.ca\/index.php\/a-propos\/equipe\/chercheurs-affilies\/sophie-richelle\/\">Sophie Richelle<\/a><\/p>\n<p>2025 &#8211; Actuel<\/p>\n<p style=\"font-weight: 400;\"><strong>Chercheuse postdoctorale, Universit\u00e9 d&rsquo;Ottawa<\/strong><\/div><\/div><\/div>\n<div class=\"su-row\"><div class=\"su-column su-column-size-1-5\"><div class=\"su-column-inner su-u-clearfix su-u-trim\"><a href=\"https:\/\/chrs.uqam.ca\/wp-content\/uploads\/2020\/05\/martin_robert.jpg\"><img loading=\"lazy\" decoding=\"async\" class=\"alignleft wp-image-7175 \" src=\"https:\/\/chrs.uqam.ca\/wp-content\/uploads\/2020\/05\/martin_robert.jpg\" alt=\"\" width=\"172\" height=\"195\" srcset=\"https:\/\/chrs.uqam.ca\/wp-content\/uploads\/2020\/05\/martin_robert.jpg 300w, https:\/\/chrs.uqam.ca\/wp-content\/uploads\/2020\/05\/martin_robert-265x300.jpg 265w\" sizes=\"auto, (max-width: 172px) 100vw, 172px\" \/><\/a><\/div><\/div>\n<div class=\"su-column su-column-size-4-5\"><div class=\"su-column-inner su-u-clearfix su-u-trim\"><a href=\"https:\/\/chrs.uqam.ca\/index.php\/a-propos\/equipe\/chercheurs-affilies\/martin-robert\/\">Martin Robert<\/a><\/p>\n<p>2020- Actuel<\/p>\n<p><strong>Research Fellow in the History of Medicine | Junior Research Fellow<\/strong><br \/>\n<strong>Universit\u00e9 d&rsquo;Oxford<\/strong><\/p>\n<\/div><\/div><\/div>\n<div class=\"su-row\"><div class=\"su-column su-column-size-1-5\"><div class=\"su-column-inner su-u-clearfix su-u-trim\"><img loading=\"lazy\" decoding=\"async\" class=\"alignleft size-thumbnail wp-image-203\" src=\"\/wp-content\/uploads\/2017\/01\/jean_trepanier-150x150.jpeg\" alt=\"\" width=\"150\" height=\"150\" \/><\/div><\/div>\n<div class=\"su-column su-column-size-4-5\"><div class=\"su-column-inner su-u-clearfix su-u-trim\"><a href=\"\/index.php\/a-propos\/equipe\/membres-reguliers\/jean-trepanier\/\">Jean Tr\u00e9panier<\/a><\/p>\n<p>1990 &#8211; Actuel<\/p>\n<p><strong>Professeur \u00e9m\u00e9rite, Universit\u00e9 de Montr\u00e9al<br \/>\n\u00c9cole de criminologie<\/strong><\/div><\/div><\/div>\n","protected":false},"excerpt":{"rendered":"","protected":false},"author":2,"featured_media":0,"parent":7,"menu_order":2,"comment_status":"closed","ping_status":"closed","template":"","meta":{"_monsterinsights_skip_tracking":false,"_monsterinsights_sitenote_active":false,"_monsterinsights_sitenote_note":"","_monsterinsights_sitenote_category":0,"footnotes":""},"class_list":["post-67","page","type-page","status-publish","hentry"],"_links":{"self":[{"href":"https:\/\/chrs.uqam.ca\/index.php\/wp-json\/wp\/v2\/pages\/67","targetHints":{"allow":["GET"]}}],"collection":[{"href":"https:\/\/chrs.uqam.ca\/index.php\/wp-json\/wp\/v2\/pages"}],"about":[{"href":"https:\/\/chrs.uqam.ca\/index.php\/wp-json\/wp\/v2\/types\/page"}],"author":[{"embeddable":true,"href":"https:\/\/chrs.uqam.ca\/index.php\/wp-json\/wp\/v2\/users\/2"}],"replies":[{"embeddable":true,"href":"https:\/\/chrs.uqam.ca\/index.php\/wp-json\/wp\/v2\/comments?post=67"}],"version-history":[{"count":8,"href":"https:\/\/chrs.uqam.ca\/index.php\/wp-json\/wp\/v2\/pages\/67\/revisions"}],"predecessor-version":[{"id":12521,"href":"https:\/\/chrs.uqam.ca\/index.php\/wp-json\/wp\/v2\/pages\/67\/revisions\/12521"}],"up":[{"embeddable":true,"href":"https:\/\/chrs.uqam.ca\/index.php\/wp-json\/wp\/v2\/pages\/7"}],"wp:attachment":[{"href":"https:\/\/chrs.uqam.ca\/index.php\/wp-json\/wp\/v2\/media?parent=67"}],"curies":[{"name":"wp","href":"https:\/\/api.w.org\/{rel}","templated":true}]}}