{"id":6516,"date":"2019-11-18T12:26:53","date_gmt":"2019-11-18T16:26:53","guid":{"rendered":"https:\/\/chrs.dev.uqam.ca\/?page_id=6516"},"modified":"2019-11-18T12:36:05","modified_gmt":"2019-11-18T16:36:05","slug":"lexperience-sociale-de-lurbanisation-en-milieu-regional-ressources-strategies-et-parcours-des-menages-1870-1920","status":"publish","type":"page","link":"https:\/\/chrs.uqam.ca\/index.php\/lexperience-sociale-de-lurbanisation-en-milieu-regional-ressources-strategies-et-parcours-des-menages-1870-1920\/","title":{"rendered":"L&rsquo;exp\u00e9rience sociale de l&rsquo;urbanisation en milieu r\u00e9gional: ressources, strat\u00e9gies et parcours des m\u00e9nages (1870-1920)"},"content":{"rendered":"\n<h4 class=\"wp-block-heading\">ORGANISME(S) SUBVENTIONNAIRE(S)<\/h4>\n\n\n\n<p>CRSH<\/p>\n\n\n\n<h4 class=\"wp-block-heading\">ANN\u00c9ES<\/h4>\n\n\n\n<p>En cours (2018-2023)<\/p>\n\n\n\n<h4 class=\"wp-block-heading\">CHERCHEURS CHRS<\/h4>\n\n\n\n<p><a href=\"https:\/\/chrs.uqam.ca\/index.php\/a-propos\/equipe\/membres-reguliers\/thierry-nootens\/\">Thierry Nootens<\/a><br><a href=\"https:\/\/chrs.uqam.ca\/index.php\/a-propos\/equipe\/membres-reguliers\/yvan-rousseau\/\">Yvan Rousseau<\/a><\/p>\n\n\n\n<h4 class=\"wp-block-heading\">AUTRE.S CHERCHEUR.E.S<\/h4>\n\n\n\n<p>France Normand<br>Claude Bellavance<\/p>\n\n\n\n<p>Situ\u00e9e au carrefour de l&rsquo;histoire sociale, de la sociologie et de la g\u00e9ographie historiques, la recherche propos\u00e9e vise \u00e0 reconstituer et \u00e0 comprendre les parcours de vie des individus, des familles et de leurs descendants en milieu urbain depuis le dernier tiers du XIXe si\u00e8cle, alors qu&rsquo;\u00e9mergent de nouveaux p\u00f4les industriels \u00e0 vocation r\u00e9gionale, jusqu&rsquo;au seuil des ann\u00e9es 1920. Nous nous int\u00e9ressons de fa\u00e7on toute particuli\u00e8re \u00e0 l&rsquo;incidence des ressources des m\u00e9nages (\u00e9conomiques et sociales) sur les trajectoires des urbains. Dans quelle mesure et selon quelles modalit\u00e9s le patrimoine familial agit-il sur leur destin? Telle est la question centrale abord\u00e9e ici. Trois villes du centre de la vall\u00e9e laurentienne retiendront notre attention: Trois-Rivi\u00e8res, Drummondville et Victoriaville.<\/p>\n\n\n\n<p>Trois objectifs sp\u00e9cifiques sont poursuivis: \u00e9tablir la distribution \u00e9volutive et les modalit\u00e9s de la transmission des ressources \u00e9conomiques dont disposent les familles urbaines en p\u00e9riode industrielle; examiner l&rsquo;incidence de ce patrimoine familial sur les parcours de vie intra- et interg\u00e9n\u00e9rationnels; analyser les m\u00e9canismes au moyen desquels s&rsquo;op\u00e8re la r\u00e9gulation des pratiques patrimoniales. L&rsquo;\u00e9tude combin\u00e9e de la reproduction sociale des familles, du contentieux de la justice civile et de la r\u00e9glementation municipale sur la propri\u00e9t\u00e9 et le travail permettra de r\u00e9aliser une histoire multifactorielle de l&rsquo;exp\u00e9rience sociale de la ville.<\/p>\n\n\n\n<p>\n\nLe projet exploitera des corpus de donn\u00e9es nominatives d\u00e9j\u00e0 largement constitu\u00e9es dans le cadre de projets ant\u00e9rieurs ou en cours, dont l&rsquo;int\u00e9gralit\u00e9 des recensements canadiens (1871-1921) jumel\u00e9s entre eux et avec l&rsquo;\u00e9tat civil (fichier de population&nbsp;BALSAC), permettant de reconstituer les biographies des unit\u00e9s biologiques et \u00e9conomiques de base de la soci\u00e9t\u00e9 (famille et m\u00e9nage), et de suivre autant les hommes que les femmes, ces derni\u00e8res ayant \u00e9t\u00e9 g\u00e9n\u00e9ralement mises de c\u00f4t\u00e9 dans les&nbsp;biographies fond\u00e9es sur les seuls recensements en raison des changements de nom au mariage. \u00c0 ces biographies seront associ\u00e9es les informations tir\u00e9es des r\u00f4les d&rsquo;\u00e9valuation et des archives judiciaires et notariales, donnant ainsi prise sur la constitution&nbsp;et la transmission des patrimoines familiaux. La strat\u00e9gie d&rsquo;enqu\u00eate repose \u00e9galement sur la constitution d&rsquo;\u00e9chantillons de familles de divers milieux afin de permettre des analyses d\u00e9taill\u00e9es de parcours familiaux. Les donn\u00e9es censitaires seront \u00e9galement&nbsp;g\u00e9or\u00e9f\u00e9renc\u00e9es \u00e0 l&rsquo;\u00e9chelle du m\u00e9nage (adresse civique), ce qui pavera la voie \u00e0 des \u00e9tudes en profondeur des relations interpersonnelles, de l&rsquo;espace domestique \u00e0 la ville, en passant par le voisinage.\n\n<\/p>\n","protected":false},"excerpt":{"rendered":"<p>ORGANISME(S) SUBVENTIONNAIRE(S) CRSH ANN\u00c9ES En cours (2018-2023) CHERCHEURS CHRS Thierry NootensYvan Rousseau AUTRE.S CHERCHEUR.E.S France NormandClaude Bellavance Situ\u00e9e au carrefour de l&rsquo;histoire sociale, de la sociologie et de la g\u00e9ographie&#8230;<\/p>\n","protected":false},"author":2,"featured_media":0,"parent":0,"menu_order":0,"comment_status":"closed","ping_status":"closed","template":"","meta":{"_monsterinsights_skip_tracking":false,"_monsterinsights_sitenote_active":false,"_monsterinsights_sitenote_note":"","_monsterinsights_sitenote_category":0,"footnotes":""},"class_list":["post-6516","page","type-page","status-publish","hentry"],"_links":{"self":[{"href":"https:\/\/chrs.uqam.ca\/index.php\/wp-json\/wp\/v2\/pages\/6516","targetHints":{"allow":["GET"]}}],"collection":[{"href":"https:\/\/chrs.uqam.ca\/index.php\/wp-json\/wp\/v2\/pages"}],"about":[{"href":"https:\/\/chrs.uqam.ca\/index.php\/wp-json\/wp\/v2\/types\/page"}],"author":[{"embeddable":true,"href":"https:\/\/chrs.uqam.ca\/index.php\/wp-json\/wp\/v2\/users\/2"}],"replies":[{"embeddable":true,"href":"https:\/\/chrs.uqam.ca\/index.php\/wp-json\/wp\/v2\/comments?post=6516"}],"version-history":[{"count":0,"href":"https:\/\/chrs.uqam.ca\/index.php\/wp-json\/wp\/v2\/pages\/6516\/revisions"}],"wp:attachment":[{"href":"https:\/\/chrs.uqam.ca\/index.php\/wp-json\/wp\/v2\/media?parent=6516"}],"curies":[{"name":"wp","href":"https:\/\/api.w.org\/{rel}","templated":true}]}}