{"id":65,"date":"2017-01-23T00:54:19","date_gmt":"2017-01-22T23:54:19","guid":{"rendered":"http:\/\/chrs.cieq.ca\/?page_id=65"},"modified":"2024-09-18T11:58:07","modified_gmt":"2024-09-18T15:58:07","slug":"membres-reguliers","status":"publish","type":"page","link":"https:\/\/chrs.uqam.ca\/index.php\/a-propos\/equipe\/membres-reguliers\/","title":{"rendered":"Membres r\u00e9guliers"},"content":{"rendered":"<div class=\"su-row\"><div class=\"su-column su-column-size-1-5\"><div class=\"su-column-inner su-u-clearfix su-u-trim\"><img loading=\"lazy\" decoding=\"async\" class=\"alignleft size-thumbnail\" src=\"https:\/\/chrs.uqam.ca\/wp-content\/uploads\/2020\/05\/Louise_bienvenue_mai2020.png\" width=\"125\" height=\"156\" \/><\/div><\/div>\n<div class=\"su-column su-column-size-4-5\"><div class=\"su-column-inner su-u-clearfix su-u-trim\"><a href=\"\/index.php\/a-propos\/equipe\/membres-reguliers\/louise-bienvenue\/\">Louise Bienvenue<\/a><\/p>\n<p>2003 &#8211; Actuel<\/p>\n<p><strong>Professeure titulaire, Universit\u00e9 de Sherbrooke<br \/>\nD\u00e9partement d&rsquo;histoire<\/strong><\/div><\/div><\/div>\n<div class=\"su-row\"><div class=\"su-column su-column-size-1-5\"><div class=\"su-column-inner su-u-clearfix su-u-trim\"><img loading=\"lazy\" decoding=\"async\" class=\"alignleft size-thumbnail\" src=\"https:\/\/chrs.uqam.ca\/wp-content\/uploads\/2017\/10\/alinecharles.jpg\" width=\"125\" height=\"156\" \/><\/div><\/div>\n<div class=\"su-column su-column-size-4-5\"><div class=\"su-column-inner su-u-clearfix su-u-trim\"><a href=\"\/index.php\/a-propos\/equipe\/membres-reguliers\/aline-charles\/\">Aline Charles<\/a><\/p>\n<p>2017 &#8211; Actuel<\/p>\n<p><strong>Professeure titulaire, Universit\u00e9 Laval<br \/>\nD\u00e9partement des sciences historiques<\/strong><\/div><\/div><\/div>\n<div class=\"su-row\"><div class=\"su-column su-column-size-1-5\"><div class=\"su-column-inner su-u-clearfix su-u-trim\"><img loading=\"lazy\" decoding=\"async\" class=\"alignleft size-full wp-image-2700\" src=\"\/wp-content\/uploads\/2017\/01\/FENCHEL_site-125x150.jpeg\" alt=\"\" width=\"120\" height=\"151\" \/><\/div><\/div>\n<div class=\"su-column su-column-size-4-5\"><div class=\"su-column-inner su-u-clearfix su-u-trim\"><a href=\"\/index.php\/a-propos\/equipe\/membres-reguliers\/francois-fenchel\/\">Fran\u00e7ois Fenchel<\/a><\/p>\n<p>2012 &#8211; Actuel<\/p>\n<p><strong><strong>Professeur adjoint, Universit\u00e9 Laval<br \/>\n\u00c9cole de travail social et de criminologie<\/strong><\/strong><\/div><\/div><\/div>\n<div class=\"su-row\"><div class=\"su-column su-column-size-1-5\"><div class=\"su-column-inner su-u-clearfix su-u-trim\"><img loading=\"lazy\" decoding=\"async\" class=\"alignleft size-full wp-image-156\" src=\"\/wp-content\/uploads\/2017\/01\/Fyson_site.jpeg\" alt=\"\" width=\"121\" height=\"140\" \/><\/div><\/div>\n<div class=\"su-column su-column-size-4-5\"><div class=\"su-column-inner su-u-clearfix su-u-trim\"><a href=\"\/index.php\/a-propos\/equipe\/membres-reguliers\/donald-fyson\/\">Donald Fyson<\/a><\/p>\n<p>2012 &#8211; Actuel<\/p>\n<p><strong>Professeur titulaire, Universit\u00e9 Laval<br \/>\nD\u00e9partement d&rsquo;histoire<\/strong><\/div><\/div><\/div>\n<div class=\"su-row\"><div class=\"su-column su-column-size-1-5\"><div class=\"su-column-inner su-u-clearfix su-u-trim\"><img loading=\"lazy\" decoding=\"async\" class=\"alignleft size-thumbnail wp-image-161\" src=\"\/wp-content\/uploads\/2017\/01\/1391-150x150.jpeg\" alt=\"\" width=\"150\" height=\"150\" \/><\/div><\/div>\n<div class=\"su-column su-column-size-4-5\"><div class=\"su-column-inner su-u-clearfix su-u-trim\"><a href=\"\/index.php\/a-propos\/equipe\/membres-reguliers\/peter-gossage\/\">Peter Gossage<\/a><\/p>\n<p>2016 &#8211; Actuel<\/p>\n<p><strong>Professeur, Universit\u00e9 Concordia<br \/>\nDepartment of History<\/strong><\/div><\/div><\/div>\n<div class=\"su-row\"><div class=\"su-column su-column-size-1-5\"><div class=\"su-column-inner su-u-clearfix su-u-trim\"><img loading=\"lazy\" decoding=\"async\" class=\"wp-image-12072  alignleft\" src=\"https:\/\/chrs.uqam.ca\/wp-content\/uploads\/2024\/03\/Janice-Harvey-200x300.jpg\" alt=\"\" width=\"115\" height=\"173\" srcset=\"https:\/\/chrs.uqam.ca\/wp-content\/uploads\/2024\/03\/Janice-Harvey-200x300.jpg 200w, https:\/\/chrs.uqam.ca\/wp-content\/uploads\/2024\/03\/Janice-Harvey-681x1024.jpg 681w, https:\/\/chrs.uqam.ca\/wp-content\/uploads\/2024\/03\/Janice-Harvey-768x1154.jpg 768w, https:\/\/chrs.uqam.ca\/wp-content\/uploads\/2024\/03\/Janice-Harvey-1022x1536.jpg 1022w, https:\/\/chrs.uqam.ca\/wp-content\/uploads\/2024\/03\/Janice-Harvey-1362x2048.jpg 1362w, https:\/\/chrs.uqam.ca\/wp-content\/uploads\/2024\/03\/Janice-Harvey-scaled.jpg 1703w\" sizes=\"auto, (max-width: 115px) 100vw, 115px\" \/><\/div><\/div>\n<div class=\"su-column su-column-size-4-5\"><div class=\"su-column-inner su-u-clearfix su-u-trim\"><a href=\"\/index.php\/a-propos\/equipe\/membres-reguliers\/janice-harvey\/\">Janice Harvey<\/a><\/p>\n<p>1998 &#8211; Actuel<\/p>\n<p><strong>Professeure, Coll\u00e8ge Dawson<br \/>\nD\u00e9partement d&rsquo;histoire<\/strong><\/div><\/div><\/div>\n<div class=\"su-row\"><div class=\"su-column su-column-size-1-5\"><div class=\"su-column-inner su-u-clearfix su-u-trim\"><img loading=\"lazy\" decoding=\"async\" class=\"alignleft size-full wp-image-8713\" src=\"https:\/\/chrs.uqam.ca\/wp-content\/uploads\/2021\/02\/ollivier_hubert_2lumineux-moyen-2-2.jpg\" alt=\"\" width=\"893\" height=\"1280\" srcset=\"https:\/\/chrs.uqam.ca\/wp-content\/uploads\/2021\/02\/ollivier_hubert_2lumineux-moyen-2-2.jpg 893w, https:\/\/chrs.uqam.ca\/wp-content\/uploads\/2021\/02\/ollivier_hubert_2lumineux-moyen-2-2-209x300.jpg 209w, https:\/\/chrs.uqam.ca\/wp-content\/uploads\/2021\/02\/ollivier_hubert_2lumineux-moyen-2-2-768x1101.jpg 768w, https:\/\/chrs.uqam.ca\/wp-content\/uploads\/2021\/02\/ollivier_hubert_2lumineux-moyen-2-2-714x1024.jpg 714w\" sizes=\"auto, (max-width: 893px) 100vw, 893px\" \/><\/div><\/div>\n<div class=\"su-column su-column-size-4-5\"><div class=\"su-column-inner su-u-clearfix su-u-trim\"><a href=\"https:\/\/chrs.uqam.ca\/index.php\/a-propos\/equipe\/membres-reguliers\/ollivier-hubert\/\">Ollivier Hubert<\/a><\/p>\n<p>2017 &#8211; Actuel<\/p>\n<p><strong>Professeur, Universit\u00e9 de Montr\u00e9al<br \/>\nD\u00e9partement d&rsquo;histoire<\/strong><\/div><\/div><\/div>\n<div class=\"su-row\"><div class=\"su-column su-column-size-1-5\"><div class=\"su-column-inner su-u-clearfix su-u-trim\"><img loading=\"lazy\" decoding=\"async\" class=\"alignnone wp-image-12287 size-medium\" src=\"https:\/\/chrs.uqam.ca\/wp-content\/uploads\/2024\/09\/CatherineLarochelle_2024_\u00a9JustineLatour_web-130-e1726669771543-276x300.jpg\" alt=\"\" width=\"276\" height=\"300\" srcset=\"https:\/\/chrs.uqam.ca\/wp-content\/uploads\/2024\/09\/CatherineLarochelle_2024_\u00a9JustineLatour_web-130-e1726669771543-276x300.jpg 276w, https:\/\/chrs.uqam.ca\/wp-content\/uploads\/2024\/09\/CatherineLarochelle_2024_\u00a9JustineLatour_web-130-e1726669771543-768x833.jpg 768w, https:\/\/chrs.uqam.ca\/wp-content\/uploads\/2024\/09\/CatherineLarochelle_2024_\u00a9JustineLatour_web-130-e1726669771543.jpg 800w\" sizes=\"auto, (max-width: 276px) 100vw, 276px\" \/><\/div><\/div>\n<div class=\"su-column su-column-size-4-5\"><div class=\"su-column-inner su-u-clearfix su-u-trim\"><a href=\"https:\/\/chrs.uqam.ca\/index.php\/a-propos\/equipe\/membres-reguliers\/catherine-larochelle\/\">Catherine Larochelle<\/a><\/p>\n<p>2018 &#8211; Actuel<\/p>\n<p><strong>Professeure, Universit\u00e9 de Montr\u00e9al<br \/>\nD\u00e9partement d&rsquo;histoire<\/strong><\/div><\/div><\/div>\n<div class=\"su-row\"><div class=\"su-column su-column-size-1-5\"><div class=\"su-column-inner su-u-clearfix su-u-trim\"><img loading=\"lazy\" decoding=\"async\" class=\"alignleft size-thumbnail wp-image-254\" src=\"https:\/\/chrs.uqam.ca\/wp-content\/uploads\/2017\/10\/unnamed.jpg\" alt=\"\" width=\"150\" height=\"150\" \/><\/div><\/div>\n<div class=\"su-column su-column-size-4-5\"><div class=\"su-column-inner su-u-clearfix su-u-trim\"><a href=\"\/index.php\/a-propos\/equipe\/membres-reguliers\/thierry-nootens\/\">Thierry Nootens<\/a><\/p>\n<p>2004 &#8211;\u00a02013 et 2017 &#8211; Actuel<\/p>\n<p><strong>Professeur, Universit\u00e9 du Qu\u00e9bec \u00e0 Trois-Rivi\u00e8res<br \/>\nD\u00e9partement des sciences humaines<\/strong><\/div><\/div><\/div>\n<div class=\"su-row\"><div class=\"su-column su-column-size-1-5\"><div class=\"su-column-inner su-u-clearfix su-u-trim\"><img loading=\"lazy\" decoding=\"async\" class=\"alignleft size-thumbnail wp-image-185\" src=\"\/wp-content\/uploads\/2017\/01\/Perreault_site-125x150.jpeg\" alt=\"\" width=\"125\" height=\"150\" \/><\/div><\/div>\n<div class=\"su-column su-column-size-4-5\"><div class=\"su-column-inner su-u-clearfix su-u-trim\"><a href=\"\/index.php\/a-propos\/equipe\/membres-reguliers\/isabelle-perreault\/\">Isabelle Perreault<\/a><\/p>\n<p>2012 &#8211; Actuel<\/p>\n<p><strong>Professeure agr\u00e9g\u00e9e, Universit\u00e9 d&rsquo;Ottawa<br \/>\nFacult\u00e9 des sciences humaines <\/strong><\/div><\/div><\/div>\n<div class=\"su-row\"><div class=\"su-column su-column-size-1-5\"><div class=\"su-column-inner su-u-clearfix su-u-trim\"><img loading=\"lazy\" decoding=\"async\" class=\"alignleft wp-image-9697 size-full\" src=\"https:\/\/chrs.uqam.ca\/wp-content\/uploads\/2022\/02\/martin_petitclerc-1.jpg\" alt=\"\" width=\"371\" height=\"348\" srcset=\"https:\/\/chrs.uqam.ca\/wp-content\/uploads\/2022\/02\/martin_petitclerc-1.jpg 371w, https:\/\/chrs.uqam.ca\/wp-content\/uploads\/2022\/02\/martin_petitclerc-1-300x281.jpg 300w\" sizes=\"auto, (max-width: 371px) 100vw, 371px\" \/><\/div><\/div>\n<div class=\"su-column su-column-size-4-5\"><div class=\"su-column-inner su-u-clearfix su-u-trim\"><a href=\"\/index.php\/a-propos\/equipe\/membres-reguliers\/martin-petitclerc\/\">Martin Petitclerc<\/a><\/p>\n<p>2004 &#8211; Actuel<\/p>\n<p><strong>Directeur du CHRS<br \/>\nProfesseur, Universit\u00e9 du Qu\u00e9bec \u00e0 Montr\u00e9al<br \/>\nD\u00e9partement d&rsquo;histoire<\/strong><\/div><\/div><\/div>\n<div class=\"su-row\"><div class=\"su-column su-column-size-1-5\"><div class=\"su-column-inner su-u-clearfix su-u-trim\"><img loading=\"lazy\" decoding=\"async\" class=\"alignleft size-thumbnail wp-image-193\" src=\"\/wp-content\/uploads\/2017\/01\/66-150x150.jpeg\" alt=\"\" width=\"150\" height=\"150\" \/><\/div><\/div>\n<div class=\"su-column su-column-size-4-5\"><div class=\"su-column-inner su-u-clearfix su-u-trim\"><a href=\"\/index.php\/a-propos\/equipe\/membres-reguliers\/yvan-rousseau\/\">Yvan Rousseau<\/a><\/p>\n<p>2012 &#8211; Actuel<\/p>\n<p><strong>Professeur titulaire, Universit\u00e9 du Qu\u00e9bec \u00e0 Trois-Rivi\u00e8res<br \/>\nD\u00e9partement de sciences humaines<\/strong><\/div><\/div><\/div>\n<div class=\"su-row\"><div class=\"su-column su-column-size-1-5\"><div class=\"su-column-inner su-u-clearfix su-u-trim\"><img loading=\"lazy\" decoding=\"async\" class=\"alignleft size-thumbnail wp-image-199\" src=\"\/wp-content\/uploads\/2017\/01\/PHOTOS_THIFAULT_0-150x150.jpeg\" alt=\"\" width=\"150\" height=\"150\" \/><\/div><\/div>\n<div class=\"su-column su-column-size-4-5\"><div class=\"su-column-inner su-u-clearfix su-u-trim\"><a href=\"\/index.php\/a-propos\/equipe\/membres-reguliers\/marie-claude-thifault\/\">Marie-Claude Thifault<\/a><\/p>\n<p>2004 &#8211; Actuel<\/p>\n<p><strong>Professeure titulaire, Universit\u00e9 d&rsquo;Ottawa<br \/>\n\u00c9cole des sciences infirmi\u00e8res<br \/>\n<\/strong><strong>Professeure associ\u00e9e, D\u00e9partement d&rsquo;histoire, UQAM<\/strong><\/div><\/div><\/div>\n","protected":false},"excerpt":{"rendered":"","protected":false},"author":2,"featured_media":0,"parent":7,"menu_order":1,"comment_status":"closed","ping_status":"closed","template":"","meta":{"_monsterinsights_skip_tracking":false,"_monsterinsights_sitenote_active":false,"_monsterinsights_sitenote_note":"","_monsterinsights_sitenote_category":0,"footnotes":""},"class_list":["post-65","page","type-page","status-publish","hentry"],"_links":{"self":[{"href":"https:\/\/chrs.uqam.ca\/index.php\/wp-json\/wp\/v2\/pages\/65","targetHints":{"allow":["GET"]}}],"collection":[{"href":"https:\/\/chrs.uqam.ca\/index.php\/wp-json\/wp\/v2\/pages"}],"about":[{"href":"https:\/\/chrs.uqam.ca\/index.php\/wp-json\/wp\/v2\/types\/page"}],"author":[{"embeddable":true,"href":"https:\/\/chrs.uqam.ca\/index.php\/wp-json\/wp\/v2\/users\/2"}],"replies":[{"embeddable":true,"href":"https:\/\/chrs.uqam.ca\/index.php\/wp-json\/wp\/v2\/comments?post=65"}],"version-history":[{"count":2,"href":"https:\/\/chrs.uqam.ca\/index.php\/wp-json\/wp\/v2\/pages\/65\/revisions"}],"predecessor-version":[{"id":12298,"href":"https:\/\/chrs.uqam.ca\/index.php\/wp-json\/wp\/v2\/pages\/65\/revisions\/12298"}],"up":[{"embeddable":true,"href":"https:\/\/chrs.uqam.ca\/index.php\/wp-json\/wp\/v2\/pages\/7"}],"wp:attachment":[{"href":"https:\/\/chrs.uqam.ca\/index.php\/wp-json\/wp\/v2\/media?parent=65"}],"curies":[{"name":"wp","href":"https:\/\/api.w.org\/{rel}","templated":true}]}}