{"id":58,"date":"2017-01-23T00:40:55","date_gmt":"2017-01-22T23:40:55","guid":{"rendered":"http:\/\/chrs.cieq.ca\/?page_id=58"},"modified":"2024-02-14T18:11:39","modified_gmt":"2024-02-14T22:11:39","slug":"postdoctorats","status":"publish","type":"page","link":"https:\/\/chrs.uqam.ca\/index.php\/recherche\/postdoctorats\/","title":{"rendered":"Postdoctorats"},"content":{"rendered":"<h4>Postdoctorats en cours<\/h4>\n<div class=\"su-spoiler su-spoiler-style-default su-spoiler-icon-chevron\" data-scroll-offset=\"0\" data-anchor-in-url=\"no\"><div class=\"su-spoiler-title\" tabindex=\"0\" role=\"button\"><span class=\"su-spoiler-icon\"><\/span>Malenfant, \u00c9milie<\/div><div class=\"su-spoiler-content su-u-clearfix su-u-trim\">\nUniversit\u00e9 Laval<\/p>\n<p><strong>Titre<\/strong> :\u00a0Des vieillesses f\u00e9minines et masculines n\u00e9goci\u00e9es en contexte de crise : Berlin et Montr\u00e9al, 1929-1945<br \/>\n<strong>Direction<\/strong> : <a href=\"\/index.php\/a-propos\/equipe\/membres-reguliers\/aline-charles\">Aline Charles<\/a> et <a href=\"\/index.php\/a-propos\/equipe\/membres-reguliers\/martin-petiticlerc\/\" target=\"_blank\" rel=\"noopener\">Martin Petitclerc<\/a><br \/>\n<strong>Ann\u00e9e<\/strong> : 2022-2024<\/p>\n<\/div><\/div>\n<div class=\"su-spoiler su-spoiler-style-default su-spoiler-icon-chevron\" data-scroll-offset=\"0\" data-anchor-in-url=\"no\"><div class=\"su-spoiler-title\" tabindex=\"0\" role=\"button\"><span class=\"su-spoiler-icon\"><\/span>Richelle, Sophie<\/div><div class=\"su-spoiler-content su-u-clearfix su-u-trim\">\nUniversit\u00e9 d&rsquo;Ottawa<\/p>\n<p><strong>Titre<\/strong> : <span style=\"font-weight: 400;\">Entre asile et hospice. Vieillesses, Femmes et Institutions (Montr\u00e9al, 1890-1921)<\/span><br \/>\n<strong>Direction<\/strong> : <a href=\"\/index.php\/a-propos\/equipe\/membres-reguliers\/marie-claude-thifault\/\" target=\"_blank\" rel=\"noopener\">Marie-Claude Thifault<\/a><br \/>\n<strong>Ann\u00e9e<\/strong> : 2023-<\/p>\n<\/div><\/div>\n<div class=\"su-spoiler su-spoiler-style-default su-spoiler-icon-chevron\" data-scroll-offset=\"0\" data-anchor-in-url=\"no\"><div class=\"su-spoiler-title\" tabindex=\"0\" role=\"button\"><span class=\"su-spoiler-icon\"><\/span>Stake-Doucet, Natalie<\/div><div class=\"su-spoiler-content su-u-clearfix su-u-trim\">\nUniversit\u00e9 d&rsquo;Ottawa<\/p>\n<p><strong>Titre<\/strong> : <span style=\"font-weight: 400;\">Le militantisme des infirmi\u00e8res<\/span><br \/>\n<strong>Direction<\/strong> : <a href=\"\/index.php\/a-propos\/equipe\/membres-reguliers\/marie-claude-thifault\/\" target=\"_blank\" rel=\"noopener\">Marie-Claude Thifault<\/a><br \/>\n<strong>Ann\u00e9e<\/strong> : 2023-<\/p>\n<\/div><\/div>\n<h4>Postdoctorats termin\u00e9s<\/h4>\n<div class=\"su-spoiler su-spoiler-style-default su-spoiler-icon-chevron\" data-scroll-offset=\"0\" data-anchor-in-url=\"no\"><div class=\"su-spoiler-title\" tabindex=\"0\" role=\"button\"><span class=\"su-spoiler-icon\"><\/span>Aubin, Karine<\/div><div class=\"su-spoiler-content su-u-clearfix su-u-trim\">\nUniversit\u00e9 d&rsquo;Ottawa<\/p>\n<p><strong>Titre<\/strong> : <span style=\"font-weight: 400;\">Les pratiques de soins infirmiers psychiatriques et la d\u00e9sinstitutionnalisation \u00e0 Saint-Michel-Archange de Beauport (1951-1971)<\/span><br \/>\n<strong>Direction<\/strong> : \u00a0<a href=\"\/index.php\/a-propos\/equipe\/membres-reguliers\/marie-claude-thifault\/\" target=\"_blank\" rel=\"noopener\">Marie-Claude Thifault<\/a><br \/>\n<strong>Ann\u00e9e<\/strong> : 2018<\/p>\n<\/div><\/div>\n<div class=\"su-spoiler su-spoiler-style-default su-spoiler-icon-chevron\" data-scroll-offset=\"0\" data-anchor-in-url=\"no\"><div class=\"su-spoiler-title\" tabindex=\"0\" role=\"button\"><span class=\"su-spoiler-icon\"><\/span>Bonnard, Martin<\/div><div class=\"su-spoiler-content su-u-clearfix su-u-trim\">\nUniversit\u00e9 d&rsquo;Ottawa<\/p>\n<p><strong>Titre<\/strong> : <i><span style=\"font-weight: 400;\">Webdoc et recherche cr\u00e9ation<\/span><\/i><br \/>\n<strong>Direction<\/strong> : \u00a0<a href=\"\/index.php\/a-propos\/equipe\/membres-reguliers\/marie-claude-thifault\/\" target=\"_blank\" rel=\"noopener\">Marie-Claude Thifault<\/a><br \/>\n<strong>Ann\u00e9e<\/strong> : 2022<\/p>\n<\/div><\/div>\n<div class=\"su-spoiler su-spoiler-style-default su-spoiler-icon-chevron\" data-scroll-offset=\"0\" data-anchor-in-url=\"no\"><div class=\"su-spoiler-title\" tabindex=\"0\" role=\"button\"><span class=\"su-spoiler-icon\"><\/span>Richelle, Sophie<\/div><div class=\"su-spoiler-content su-u-clearfix su-u-trim\">\nUniversit\u00e9 du Qu\u00e9bec \u00e0 Montr\u00e9al<\/p>\n<p><strong>Titre<\/strong> : Les bains publics: une histoire compar\u00e9e (Belgique et Qu\u00e9bec)<br \/>\n<strong>Direction<\/strong> : <a href=\"\/index.php\/a-propos\/equipe\/membres-reguliers\/martin-petiticlerc\/\" target=\"_blank\" rel=\"noopener\">Martin Petitclerc<\/a><br \/>\n<strong>Ann\u00e9e<\/strong> : 2021<\/p>\n<\/div><\/div>\n<div class=\"su-spoiler su-spoiler-style-default su-spoiler-icon-chevron\" data-scroll-offset=\"0\" data-anchor-in-url=\"no\"><div class=\"su-spoiler-title\" tabindex=\"0\" role=\"button\"><span class=\"su-spoiler-icon\"><\/span>Di Spurio, Laura<\/div><div class=\"su-spoiler-content su-u-clearfix su-u-trim\">\nUniversit\u00e9 d&rsquo;Ottawa<\/p>\n<p><strong>Titre<\/strong> : \u00ab\u00a0<span style=\"font-weight: 400;\">Little Girls are Killed\u201d. Transnational moral panic and the making of at-risk girls in the European Belle \u00c9poque<\/span><br \/>\n<strong>Direction<\/strong> : <a href=\"https:\/\/chrs.uqam.ca\/index.php\/a-propos\/equipe\/membres-reguliers\/isabelle-perreault\/\" target=\"_blank\" rel=\"noopener\">Isabelle Perreault<\/a><br \/>\n<strong>Ann\u00e9e<\/strong> : 2019<\/p>\n<\/div><\/div>\n<div class=\"su-spoiler su-spoiler-style-default su-spoiler-icon-chevron\" data-scroll-offset=\"0\" data-anchor-in-url=\"no\"><div class=\"su-spoiler-title\" tabindex=\"0\" role=\"button\"><span class=\"su-spoiler-icon\"><\/span>Doucet, Sophie<\/div><div class=\"su-spoiler-content su-u-clearfix su-u-trim\">\nUniversit\u00e9 Concordia<\/p>\n<p><strong>Titre<\/strong> : <span style=\"font-weight: 400;\">Soeurs, de m\u00e8re en filles: Fonctions de la sororit\u00e9 dans la bourgeoisie montr\u00e9alaise, de l&rsquo;industrialisation \u00e0 la Seconde Guerre mondiale.<\/span><br \/>\n<strong>Direction<\/strong> : <a href=\"https:\/\/chrs.uqam.ca\/index.php\/a-propos\/equipe\/membres-reguliers\/peter-gossage\/\" target=\"_blank\" rel=\"noopener\">Peter Gossage<\/a><br \/>\n<strong>Ann\u00e9e<\/strong> : 2020<\/p>\n<\/div><\/div>\n<div class=\"su-spoiler su-spoiler-style-default su-spoiler-icon-chevron\" data-scroll-offset=\"0\" data-anchor-in-url=\"no\"><div class=\"su-spoiler-title\" tabindex=\"0\" role=\"button\"><span class=\"su-spoiler-icon\"><\/span>Laperri\u00e8re, Marie-Neige<\/div><div class=\"su-spoiler-content su-u-clearfix su-u-trim\">\n<span style=\"font-weight: 400;\">Universit\u00e9 du Qu\u00e9bec \u00e0 Trois-Rivi\u00e8res<\/span><\/p>\n<p><strong>Titre<\/strong> : L&rsquo;inclusion du concept de r\u00e9sidence familiale en droit civil, des am\u00e9liorations effectives pour le droit des femmes mari\u00e9es\u00a0? \u00c9tude historique durant la p\u00e9riode de transition (1964-2000)<br \/>\n<strong>Direction<\/strong> :<a href=\"https:\/\/chrs.uqam.ca\/index.php\/a-propos\/equipe\/membres-reguliers\/thierry-nootens\/\" target=\"_blank\" rel=\"noopener\"> Thierry Nootens<\/a><br \/>\n<strong>Ann\u00e9e<\/strong> : 2017<\/p>\n<\/div><\/div>\n<div class=\"su-spoiler su-spoiler-style-default su-spoiler-icon-chevron\" data-scroll-offset=\"0\" data-anchor-in-url=\"no\"><div class=\"su-spoiler-title\" tabindex=\"0\" role=\"button\"><span class=\"su-spoiler-icon\"><\/span>Iozzo-Duval, Alessandra<\/div><div class=\"su-spoiler-content su-u-clearfix su-u-trim\">\nUniversit\u00e9 d&rsquo;Ottawa<\/p>\n<p><strong>Titre<\/strong> : <span style=\"font-weight: 400;\">History IS the method: Historical inquiry as a pedagogical tool for enhancing critical thinking in nursing education programs<\/span><br \/>\n<strong>Direction<\/strong> : <a href=\"\/index.php\/a-propos\/equipe\/membres-reguliers\/marie-claude-thifault\/\" target=\"_blank\" rel=\"noopener\">Marie-Claude Thifault<\/a><br \/>\n<strong>Ann\u00e9e<\/strong> : 2019<\/p>\n<\/div><\/div>\n<div class=\"su-spoiler su-spoiler-style-default su-spoiler-icon-chevron\" data-scroll-offset=\"0\" data-anchor-in-url=\"no\"><div class=\"su-spoiler-title\" tabindex=\"0\" role=\"button\"><span class=\"su-spoiler-icon\"><\/span>Iozzo-Duval, Alessandra<\/div><div class=\"su-spoiler-content su-u-clearfix su-u-trim\">\nUniversit\u00e9 d&rsquo;Ottawa<\/p>\n<p><strong>Titre<\/strong> : Nursing the \u2018Silent Children\u2019: Nursing, Health and (dis)ability at the Ontario Institution for the Education of the Deaf, 1870-1914<br \/>\n<strong>Direction<\/strong> : <a href=\"\/index.php\/a-propos\/equipe\/membres-reguliers\/marie-claude-thifault\/\" target=\"_blank\" rel=\"noopener\">Marie-Claude Thifault<\/a><br \/>\n<strong>Ann\u00e9e<\/strong> : 2015<\/p>\n<\/div><\/div>\n<div class=\"su-spoiler su-spoiler-style-default su-spoiler-icon-chevron\" data-scroll-offset=\"0\" data-anchor-in-url=\"no\"><div class=\"su-spoiler-title\" tabindex=\"0\" role=\"button\"><span class=\"su-spoiler-icon\"><\/span>Kirouac, Laurie<\/div><div class=\"su-spoiler-content su-u-clearfix su-u-trim\">\nUniversit\u00e9 d&rsquo;Ottawa<\/p>\n<p><strong>Titre<\/strong> : <span style=\"font-weight: 400;\">Nursing psychiatrique\u00a0: t\u00e9moignages d\u2019infirmi\u00e8res retrait\u00e9es<\/span><br \/>\n<strong>Direction<\/strong>: <a href=\"\/index.php\/a-propos\/equipe\/membres-reguliers\/marie-claude-thifault\/\" target=\"_blank\" rel=\"noopener\">Marie-Claude Thifault<\/a><br \/>\n<strong>Ann\u00e9e<\/strong> : 2018<br \/>\n<\/div><\/div>\n<div class=\"su-spoiler su-spoiler-style-default su-spoiler-icon-chevron\" data-scroll-offset=\"0\" data-anchor-in-url=\"no\"><div class=\"su-spoiler-title\" tabindex=\"0\" role=\"button\"><span class=\"su-spoiler-icon\"><\/span>Perrone,Julie<\/div><div class=\"su-spoiler-content su-u-clearfix su-u-trim\">\nUniversit\u00e9 Concordia<\/p>\n<p><strong>Titre<\/strong> : <span style=\"font-weight: 400;\">The Franklin Mystery: Life and Death in the Arctic.<\/span><br \/>\n<strong>Direction<\/strong> : <a href=\"https:\/\/chrs.uqam.ca\/index.php\/a-propos\/equipe\/membres-reguliers\/peter-gossage\/\" target=\"_blank\" rel=\"noopener\">Peter Gossage<\/a><br \/>\n<strong>Ann\u00e9e<\/strong> : 2015<\/p>\n<\/div><\/div>\n<div class=\"su-spoiler su-spoiler-style-default su-spoiler-icon-chevron\" data-scroll-offset=\"0\" data-anchor-in-url=\"no\"><div class=\"su-spoiler-title\" tabindex=\"0\" role=\"button\"><span class=\"su-spoiler-icon\"><\/span>Neagu, Maria<\/div><div class=\"su-spoiler-content su-u-clearfix su-u-trim\">\nUniversit\u00e9 d&rsquo;Ottawa<\/p>\n<p><strong>Titre<\/strong> : La m\u00e9diatique de la d\u00e9hospitalisation : repr\u00e9sentations sociales des personnes souffrant d\u2019un handicap mental<br \/>\n<strong>Direction<\/strong> : <a href=\"\/index.php\/a-propos\/equipe\/membres-reguliers\/marie-claude-thifault\/\" target=\"_blank\" rel=\"noopener\">Marie-Claude Thifault<\/a><br \/>\n<strong>Ann\u00e9e<\/strong> : 2014<br \/>\n<\/div><\/div>\n<div class=\"su-spoiler su-spoiler-style-default su-spoiler-icon-chevron\" data-scroll-offset=\"0\" data-anchor-in-url=\"no\"><div class=\"su-spoiler-title\" tabindex=\"0\" role=\"button\"><span class=\"su-spoiler-icon\"><\/span>Klein, Alexandre<\/div><div class=\"su-spoiler-content su-u-clearfix su-u-trim\">\nUniversit\u00e9 d&rsquo;Ottawa<\/p>\n<p><strong>Titre<\/strong> : D\u00e9sinstitutionnalisation psychiatrique au Qu\u00e9bec : l\u2019exp\u00e9rience anglophone (1948-1968).<br \/>\n<strong>Direction<\/strong>: <a href=\"\/index.php\/a-propos\/equipe\/membres-reguliers\/marie-claude-thifault\/\" target=\"_blank\" rel=\"noopener\">Marie-Claude Thifault<\/a><br \/>\n<strong>Ann\u00e9e<\/strong> : 2013 &#8211; 2016<br \/>\n<\/div><\/div>\n<div class=\"su-spoiler su-spoiler-style-default su-spoiler-icon-chevron\" data-scroll-offset=\"0\" data-anchor-in-url=\"no\"><div class=\"su-spoiler-title\" tabindex=\"0\" role=\"button\"><span class=\"su-spoiler-icon\"><\/span>Jaspart, Alice<\/div><div class=\"su-spoiler-content su-u-clearfix su-u-trim\">\nUniversit\u00e9 d&rsquo;Ottawa<\/p>\n<p><strong>Titre<\/strong> : \u00abLa m\u00e9diation en action: r\u00e9cits de \u00ab m\u00e9diateurs \u00bb en cas de conflits interpersonnels\u00bb<br \/>\n<strong>Direction<\/strong> : <a href=\"\/index.php\/a-propos\/equipe\/membres-reguliers\/veronique-strimelle\/\" target=\"_blank\" rel=\"noopener\">V\u00e9ronique Strimelle<\/a><br \/>\n<strong>Ann\u00e9e<\/strong> : 2016<br \/>\n<\/div><\/div>\n<div class=\"su-spoiler su-spoiler-style-default su-spoiler-icon-chevron\" data-scroll-offset=\"0\" data-anchor-in-url=\"no\"><div class=\"su-spoiler-title\" tabindex=\"0\" role=\"button\"><span class=\"su-spoiler-icon\"><\/span>Chiccini, Marco<\/div><div class=\"su-spoiler-content su-u-clearfix su-u-trim\">\nUniversit\u00e9 du Qu\u00e9bec \u00e0 Montr\u00e9al<\/p>\n<p><strong>Titre<\/strong> : <span style=\"font-weight: 400;\">La police et l\u2019ordre public en France et en Nouvelle-France au XVIIIe si\u00e8cle<\/span><br \/>\n<strong>Direction<\/strong> : <a href=\"\/index.php\/a-propos\/equipe\/membres-reguliers\/martin-petiticlerc\/\" target=\"_blank\" rel=\"noopener\">Martin Petitclerc<\/a><br \/>\n<strong>Ann\u00e9e<\/strong> : 2013<br \/>\n<\/div><\/div>\n<div class=\"su-spoiler su-spoiler-style-default su-spoiler-icon-chevron\" data-scroll-offset=\"0\" data-anchor-in-url=\"no\"><div class=\"su-spoiler-title\" tabindex=\"0\" role=\"button\"><span class=\"su-spoiler-icon\"><\/span>Massin, Verlee<\/div><div class=\"su-spoiler-content su-u-clearfix su-u-trim\">\nUniversit\u00e9 du Qu\u00e9bec \u00e0 Montr\u00e9al<\/p>\n<p><strong>Titre<\/strong> : <span style=\"font-weight: 400;\">La prise en charge des filles de justice en institution d&rsquo;enfermement au XXe si\u00e8cle (Belgique, France, Canada)<\/span><span style=\"font-weight: 400;\">.<\/span><br \/>\n<strong>Direction<\/strong> : <a href=\"\/index.php\/a-propos\/equipe\/membres-reguliers\/martin-petiticlerc\/\" target=\"_blank\" rel=\"noopener\">Martin Petitclerc<\/a><br \/>\n<strong>Ann\u00e9e<\/strong> : 2012<br \/>\n<\/div><\/div>\n<div class=\"su-spoiler su-spoiler-style-default su-spoiler-icon-chevron\" data-scroll-offset=\"0\" data-anchor-in-url=\"no\"><div class=\"su-spoiler-title\" tabindex=\"0\" role=\"button\"><span class=\"su-spoiler-icon\"><\/span>Perreault, Isabelle<\/div><div class=\"su-spoiler-content su-u-clearfix su-u-trim\">\nUniversit\u00e9 d&rsquo;Ottawa<\/p>\n<p><strong>Titre<\/strong> : Savoirs psychiatriques et \u00e9volution des approches th\u00e9rapeutiques<br \/>\n<strong>Direction<\/strong> : <a href=\"\/index.php\/a-propos\/equipe\/membres-reguliers\/marie-claude-thifault\/\" target=\"_blank\" rel=\"noopener\">Marie-Claude Thifault<\/a><br \/>\n<strong>Ann\u00e9e<\/strong> : 2011-2013<br \/>\n<\/div><\/div>\n<div class=\"su-spoiler su-spoiler-style-default su-spoiler-icon-chevron\" data-scroll-offset=\"0\" data-anchor-in-url=\"no\"><div class=\"su-spoiler-title\" tabindex=\"0\" role=\"button\"><span class=\"su-spoiler-icon\"><\/span>Nootens,Thierry<\/div><div class=\"su-spoiler-content su-u-clearfix su-u-trim\">\nUniversit\u00e9 de Sherbrooke<\/p>\n<p><strong>Titre<\/strong> : <span style=\"font-weight: 400;\">Transmission des biens et reproduction sociale des \u00e9lites au Qu\u00e9bec, 1900-1980<\/span><span style=\"font-weight: 400;\">.<\/span><br \/>\n<strong>Direction<\/strong> : <a href=\"https:\/\/chrs.uqam.ca\/index.php\/a-propos\/equipe\/membres-reguliers\/peter-gossage\/\" target=\"_blank\" rel=\"noopener\">Peter Gossage<\/a><br \/>\n<strong>Ann\u00e9e<\/strong> : 2007<\/p>\n<\/div><\/div>\n<div class=\"su-spoiler su-spoiler-style-default su-spoiler-icon-chevron\" data-scroll-offset=\"0\" data-anchor-in-url=\"no\"><div class=\"su-spoiler-title\" tabindex=\"0\" role=\"button\"><span class=\"su-spoiler-icon\"><\/span>Perrier, Sylvie<\/div><div class=\"su-spoiler-content su-u-clearfix su-u-trim\">\nUniversit\u00e9 de Sherbrooke<\/p>\n<p><strong>Titre<\/strong> : <i><span style=\"font-weight: 400;\">L\u2019\u00e9ducation des enfants dans la France d\u2019Ancien R\u00e9gime et en Nouvelle-France: investissement familial et choix de soci\u00e9t\u00e9<\/span><\/i><span style=\"font-weight: 400;\">. <\/span><br \/>\n<strong>Direction<\/strong> : <a href=\"https:\/\/chrs.uqam.ca\/index.php\/a-propos\/equipe\/membres-reguliers\/peter-gossage\/\" target=\"_blank\" rel=\"noopener\">Peter Gossage<\/a><br \/>\n<strong>Ann\u00e9e<\/strong> : 1999<\/p>\n<\/div><\/div>\n","protected":false},"excerpt":{"rendered":"<p>Postdoctorats en cours Postdoctorats termin\u00e9s<\/p>\n","protected":false},"author":2,"featured_media":0,"parent":17,"menu_order":0,"comment_status":"closed","ping_status":"closed","template":"","meta":{"_monsterinsights_skip_tracking":false,"_monsterinsights_sitenote_active":false,"_monsterinsights_sitenote_note":"","_monsterinsights_sitenote_category":0,"footnotes":""},"class_list":["post-58","page","type-page","status-publish","hentry"],"_links":{"self":[{"href":"https:\/\/chrs.uqam.ca\/index.php\/wp-json\/wp\/v2\/pages\/58","targetHints":{"allow":["GET"]}}],"collection":[{"href":"https:\/\/chrs.uqam.ca\/index.php\/wp-json\/wp\/v2\/pages"}],"about":[{"href":"https:\/\/chrs.uqam.ca\/index.php\/wp-json\/wp\/v2\/types\/page"}],"author":[{"embeddable":true,"href":"https:\/\/chrs.uqam.ca\/index.php\/wp-json\/wp\/v2\/users\/2"}],"replies":[{"embeddable":true,"href":"https:\/\/chrs.uqam.ca\/index.php\/wp-json\/wp\/v2\/comments?post=58"}],"version-history":[{"count":12,"href":"https:\/\/chrs.uqam.ca\/index.php\/wp-json\/wp\/v2\/pages\/58\/revisions"}],"predecessor-version":[{"id":11892,"href":"https:\/\/chrs.uqam.ca\/index.php\/wp-json\/wp\/v2\/pages\/58\/revisions\/11892"}],"up":[{"embeddable":true,"href":"https:\/\/chrs.uqam.ca\/index.php\/wp-json\/wp\/v2\/pages\/17"}],"wp:attachment":[{"href":"https:\/\/chrs.uqam.ca\/index.php\/wp-json\/wp\/v2\/media?parent=58"}],"curies":[{"name":"wp","href":"https:\/\/api.w.org\/{rel}","templated":true}]}}