{"id":5489,"date":"2019-04-11T12:17:21","date_gmt":"2019-04-11T16:17:21","guid":{"rendered":"https:\/\/chrs.dev.uqam.ca\/?page_id=5489"},"modified":"2024-02-24T14:51:46","modified_gmt":"2024-02-24T18:51:46","slug":"sandrine-labelle","status":"publish","type":"page","link":"https:\/\/chrs.uqam.ca\/index.php\/a-propos\/equipe\/membres-etudiants\/sandrine-labelle\/","title":{"rendered":"Sandrine Labelle"},"content":{"rendered":"<p><strong>Universit\u00e9 du Qu\u00e9bec \u00e0 Montr\u00e9al<br \/>\nD\u00e9partement d&rsquo;histoire<\/strong><\/p>\n<p><span style=\"font-weight: 400;\">Sandrine Labelle est candidate au doctorat en histoire \u00e0 l\u2019Universit\u00e9 du Qu\u00e9bec \u00e0 Montr\u00e9al, sous la direction de Martin Petitclerc et Genevi\u00e8ve Dorais. <\/span><\/p>\n<p><span style=\"font-weight: 400;\">Dans le cadre de son <a href=\"https:\/\/archipel.uqam.ca\/16552\/\" target=\"_blank\" rel=\"noopener\">m\u00e9moire de ma\u00eetrise<\/a><\/span><span style=\"font-weight: 400;\">, elle s\u2019est int\u00e9ress\u00e9e \u00e0 l\u2019histoire des f\u00e9minismes canadiens et des solidarit\u00e9s transnationales durant la guerre froide et la d\u00e9colonisation. Sa th\u00e8se doctorale, intitul\u00e9e \u00ab Entre solidarit\u00e9s anti-h\u00e9g\u00e9moniques et r\u00e9gulation n\u00e9olib\u00e9rale: une histoire des internationalismes au Qu\u00e9bec (1970-1990) \u00bb, se penche sur les mouvements de coop\u00e9ration internationale qu\u00e9b\u00e9cois dans une perspective d\u2019histoire globale inspir\u00e9e des approches d\u00e9coloniales. <\/span><\/p>\n<div class=\"su-spoiler su-spoiler-style-default su-spoiler-icon-chevron su-spoiler-closed\" data-scroll-offset=\"0\" data-anchor-in-url=\"no\"><div class=\"su-spoiler-title\" tabindex=\"0\" role=\"button\"><span class=\"su-spoiler-icon\"><\/span>Coordonn\u00e9es<\/div><div class=\"su-spoiler-content su-u-clearfix su-u-trim\">\n<p><strong>Courriel : <\/strong>labelle.sandrine.3@courrier.uqam.ca<br \/>\n<\/div><\/div>\n<div class=\"su-spoiler su-spoiler-style-default su-spoiler-icon-chevron su-spoiler-closed\" data-scroll-offset=\"0\" data-anchor-in-url=\"no\"><div class=\"su-spoiler-title\" tabindex=\"0\" role=\"button\"><span class=\"su-spoiler-icon\"><\/span>Liens<\/div><div class=\"su-spoiler-content su-u-clearfix su-u-trim\">\n<p><a href=\"https:\/\/chrs.uqam.ca\/wp-content\/uploads\/2024\/02\/SandrineLabelle_CV_2024.pdf\" target=\"_blank\" rel=\"noopener\">Curriculum vitae<\/a><br \/>\n<\/div><\/div>\n<div class=\"su-spoiler su-spoiler-style-default su-spoiler-icon-chevron su-spoiler-closed\" data-scroll-offset=\"0\" data-anchor-in-url=\"no\"><div class=\"su-spoiler-title\" tabindex=\"0\" role=\"button\"><span class=\"su-spoiler-icon\"><\/span>Bourses, prix et distinctions<\/div><div class=\"su-spoiler-content su-u-clearfix su-u-trim\">\n<p><span style=\"font-weight: 400;\">Prix du livre politique de l\u2019Assembl\u00e9e nationale (Fondation Jean-Charles Bonenfant, cat\u00e9gorie \u00ab\u00a0m\u00e9moire de ma\u00eetrise\u00a0\u00bb) \u2013 2023<br \/>\n<\/span><span style=\"font-weight: 400;\">Bourse de doctorat du Programme de bourses d&rsquo;\u00e9tudes sup\u00e9rieures du Canada (B\u00c9SC D) \u2013 2022<br \/>\n<\/span><span style=\"font-weight: 400;\">Bourse de doctorat du Fonds de recherche du Qu\u00e9bec \u2013 Soci\u00e9t\u00e9 et culture, (FRQSC) \u2013 2021 (d\u00e9clin\u00e9e en 2022)<br \/>\n<\/span>Bourse de ma\u00eetrise du Fonds de recherche du Qu\u00e9bec \u2013 Soci\u00e9t\u00e9 et culture (FRQSC) \u2013 2019-2020<br \/>\nBourse de ma\u00eetrise du Conseil de recherche en science humaines (CRSH) \u2013 2019-2020<br \/>\nBourse d&rsquo;excellence du Fonds du D\u00e9partement d&rsquo;histoire \u2013 2018<br \/>\n<span style=\"font-weight: 400;\">Bourse de recherche sur la pauvret\u00e9, Fondation UQ\u00c0M \u2013 2018 <\/span><br \/>\nPalmar\u00e8s de la doyenne de la facult\u00e9 des sciences humaines \u2013 2018<br \/>\nPalmar\u00e8s de la doyenne de la facult\u00e9 des sciences humaines \u2013 2017<\/p>\n<\/div><\/div>\n<div class=\"su-spoiler su-spoiler-style-default su-spoiler-icon-chevron su-spoiler-closed\" data-scroll-offset=\"0\" data-anchor-in-url=\"no\"><div class=\"su-spoiler-title\" tabindex=\"0\" role=\"button\"><span class=\"su-spoiler-icon\"><\/span>Publications<\/div><div class=\"su-spoiler-content su-u-clearfix su-u-trim\"><\/div><\/div>\n","protected":false},"excerpt":{"rendered":"<p>Universit\u00e9 du Qu\u00e9bec \u00e0 Montr\u00e9al D\u00e9partement d&rsquo;histoire Sandrine Labelle est candidate au doctorat en histoire \u00e0 l\u2019Universit\u00e9 du Qu\u00e9bec \u00e0 Montr\u00e9al, sous la direction de Martin Petitclerc et Genevi\u00e8ve Dorais&#8230;.<\/p>\n","protected":false},"author":2,"featured_media":11681,"parent":455,"menu_order":0,"comment_status":"closed","ping_status":"closed","template":"","meta":{"_monsterinsights_skip_tracking":false,"_monsterinsights_sitenote_active":false,"_monsterinsights_sitenote_note":"","_monsterinsights_sitenote_category":0,"footnotes":""},"class_list":["post-5489","page","type-page","status-publish","has-post-thumbnail","hentry"],"_links":{"self":[{"href":"https:\/\/chrs.uqam.ca\/index.php\/wp-json\/wp\/v2\/pages\/5489","targetHints":{"allow":["GET"]}}],"collection":[{"href":"https:\/\/chrs.uqam.ca\/index.php\/wp-json\/wp\/v2\/pages"}],"about":[{"href":"https:\/\/chrs.uqam.ca\/index.php\/wp-json\/wp\/v2\/types\/page"}],"author":[{"embeddable":true,"href":"https:\/\/chrs.uqam.ca\/index.php\/wp-json\/wp\/v2\/users\/2"}],"replies":[{"embeddable":true,"href":"https:\/\/chrs.uqam.ca\/index.php\/wp-json\/wp\/v2\/comments?post=5489"}],"version-history":[{"count":2,"href":"https:\/\/chrs.uqam.ca\/index.php\/wp-json\/wp\/v2\/pages\/5489\/revisions"}],"predecessor-version":[{"id":12028,"href":"https:\/\/chrs.uqam.ca\/index.php\/wp-json\/wp\/v2\/pages\/5489\/revisions\/12028"}],"up":[{"embeddable":true,"href":"https:\/\/chrs.uqam.ca\/index.php\/wp-json\/wp\/v2\/pages\/455"}],"wp:featuredmedia":[{"embeddable":true,"href":"https:\/\/chrs.uqam.ca\/index.php\/wp-json\/wp\/v2\/media\/11681"}],"wp:attachment":[{"href":"https:\/\/chrs.uqam.ca\/index.php\/wp-json\/wp\/v2\/media?parent=5489"}],"curies":[{"name":"wp","href":"https:\/\/api.w.org\/{rel}","templated":true}]}}