{"id":5443,"date":"2019-04-04T09:24:05","date_gmt":"2019-04-04T13:24:05","guid":{"rendered":"https:\/\/chrs.dev.uqam.ca\/?page_id=5443"},"modified":"2023-01-30T10:40:01","modified_gmt":"2023-01-30T14:40:01","slug":"julie-francoeur","status":"publish","type":"page","link":"https:\/\/chrs.uqam.ca\/index.php\/a-propos\/equipe\/membres-etudiants\/julie-francoeur\/","title":{"rendered":"Julie Francoeur"},"content":{"rendered":"<p><strong>Universit\u00e9 Laval<br \/>\nD\u00e9partement des sciences historiques<\/strong><\/p>\n<div class=\"su-column su-column-size-1-6\"><div class=\"su-column-inner su-u-clearfix su-u-trim\"><a href=\"https:\/\/chrs.uqam.ca\/wp-content\/uploads\/2019\/04\/juliephoto.jpg\"><img loading=\"lazy\" decoding=\"async\" class=\"alignleft size-full wp-image-5444\" src=\"https:\/\/chrs.uqam.ca\/wp-content\/uploads\/2019\/04\/juliephoto.jpg\" alt=\"\" width=\"192\" height=\"237\" \/><\/a><\/p>\n<\/div><\/div>\n<div class=\"su-column su-column-size-4-6\"><div class=\"su-column-inner su-u-clearfix su-u-trim\"><\/div><\/div>\n<p>Julie Francoeur est pr\u00e9sentement \u00e9tudiante au doctorat \u00e0 l\u2019Universit\u00e9 Laval sous la direction de Johanne Daigle et la codirection de Donald Fyson. Ses recherches portent sur la d\u00e9viance f\u00e9minine dans les villes de Qu\u00e9bec et de Montr\u00e9al dans la seconde moiti\u00e9 du XIXe si\u00e8cle et au d\u00e9but du XXe si\u00e8cle. Elle participe \u00e0 l'animation de l'\u00e9mission radiophonique hebdomadaire de vulgarisation de l\u2019histoire 3600 secondes d'histoire, diffus\u00e9e sur les ondes de CHYZ 94,3.<\/p>\n<p>Sa th\u00e8se porte sur les \u00ab Maisons pour Madeleines \u00bb, un mod\u00e8le d\u2019institutions s\u2019adressant aux \u00ab femmes perdues \u00bb \u00e0 Qu\u00e9bec et \u00e0 Montr\u00e9al de 1844 \u00e0 1924. Ces institutions, administr\u00e9es par les S\u0153urs du Bon-Pasteur de Qu\u00e9bec et les S\u0153urs du Bon-Pasteur d'Angers \u00e0 Montr\u00e9al, visaient \u00e0 r\u00e9former ces femmes pour qu\u2019elles prennent en soci\u00e9t\u00e9 une place conforme aux valeurs et aux codes moraux victoriens. On accueillait dans ces \u00e9tablissements pr\u00e9sents dans plusieurs villes en Europe de l\u2019Ouest et en Am\u00e9rique du Nord des prostitu\u00e9es, des ex-prisonni\u00e8res et des m\u00e8res c\u00e9libataires, ainsi que des jeunes filles jug\u00e9es \u00ab d\u00e9linquantes \u00bb ou \u00ab incorrigibles \u00bb par leur famille.<\/p>\n<p>Son <a href=\"https:\/\/corpus.ulaval.ca\/jspui\/handle\/20.500.11794\/33713\" target=\"_blank\" rel=\"noopener\">m\u00e9moire de ma\u00eetrise<\/a> aborde l'histoire de la Prison des femmes de Qu\u00e9bec (Refuge Notre-Dame de la Merci), administr\u00e9e par les S\u0153urs du Bon-Pasteur de Qu\u00e9bec de 1931 \u00e0 1972.<\/p>\n<div class=\"su-spoiler su-spoiler-style-default su-spoiler-icon-chevron su-spoiler-closed\" data-scroll-offset=\"0\" data-anchor-in-url=\"no\"><div class=\"su-spoiler-title\" tabindex=\"0\" role=\"button\"><span class=\"su-spoiler-icon\"><\/span>Coordonn\u00e9es<\/div><div class=\"su-spoiler-content su-u-clearfix su-u-trim\">\n<p><strong>Courriel :\u00a0<\/strong>julie.francoeur.7@ulaval.ca<\/div><\/div>\n<div class=\"su-spoiler su-spoiler-style-default su-spoiler-icon-chevron su-spoiler-closed\" data-scroll-offset=\"0\" data-anchor-in-url=\"no\"><div class=\"su-spoiler-title\" tabindex=\"0\" role=\"button\"><span class=\"su-spoiler-icon\"><\/span>Liens<\/div><div class=\"su-spoiler-content su-u-clearfix su-u-trim\">\n<p><a href=\"https:\/\/chrs.uqam.ca\/wp-content\/uploads\/2019\/04\/cv-26032019.pdf\" target=\"_blank\" rel=\"noopener\">Curriculum vitae<\/a><br \/>\n<\/div><\/div>\n<div class=\"su-spoiler su-spoiler-style-default su-spoiler-icon-chevron su-spoiler-closed\" data-scroll-offset=\"0\" data-anchor-in-url=\"no\"><div class=\"su-spoiler-title\" tabindex=\"0\" role=\"button\"><span class=\"su-spoiler-icon\"><\/span>Bourses, prix et distinctions<\/div><div class=\"su-spoiler-content su-u-clearfix su-u-trim\">\n<p>Bourse de doctorat en recherche du Fonds de recherche du Qu\u00e9bec \u2013 Soci\u00e9t\u00e9 et culture (FRQSC) (2018-2022)\u200b<\/p>\n<p>Bourse \u00e0 la ma\u00eetrise en recherche du Fonds de recherche du Qu\u00e9bec \u2013 Soci\u00e9t\u00e9 et culture (FRQSC) (bourse d\u00e9clin\u00e9e)<\/p>\n<p>Bourse d\u2019\u00e9tudes sup\u00e9rieures du Canada Joseph-Armand Bombardier du Conseil de recherche en sciences humaines du Canada (CRSH) (2017-2018)<\/p>\n<p>Bourse d\u2019admission au m\u00e9rite, Universit\u00e9 Laval (2017)<\/p>\n<p>Prix Jean Hamelin pour la meilleure moyenne acad\u00e9mique, D\u00e9partement des sciences historiques, Universit\u00e9 Laval (ao\u00fbt 2015)<\/p>\n<\/div><\/div>\n<div class=\"su-spoiler su-spoiler-style-default su-spoiler-icon-chevron\" data-scroll-offset=\"0\" data-anchor-in-url=\"no\"><div class=\"su-spoiler-title\" tabindex=\"0\" role=\"button\"><span class=\"su-spoiler-icon\"><\/span>Nouvelles<\/div><div class=\"su-spoiler-content su-u-clearfix su-u-trim\">\n<a href=\"https:\/\/chrs.uqam.ca\/index.php\/2022\/05\/04\/julie-francoeur-et-marie-laurence-raby-participent-au-27e-colloque-etudiant-du-cieq\/\">Julie Francoeur et Marie-Laurence Raby participent au 27e colloque \u00e9tudiant du CIEQ<\/a><br><a href=\"https:\/\/chrs.uqam.ca\/index.php\/2022\/04\/06\/discussion-avec-nathalie-rech\/\">Discussion avec Nathalie Rech<\/a><br><a href=\"https:\/\/chrs.uqam.ca\/index.php\/2021\/12\/09\/entretien-avec-sophie-richelle\/\">Entretien avec Sophie Richelle<\/a><br><a href=\"https:\/\/chrs.uqam.ca\/index.php\/2021\/09\/22\/nos-membres-au-73e-congres-de-lihaf\/\">Nos membres au 73e congr\u00e8s de l&rsquo;IHAF<\/a><br><a href=\"https:\/\/chrs.uqam.ca\/index.php\/2020\/10\/30\/des-membres-etudiants-presentent-leur-recherche-en-180-secondes\/\">Des membres \u00e9tudiants pr\u00e9sentent leur recherche en 180 secondes<\/a><br><a href=\"https:\/\/chrs.uqam.ca\/index.php\/2020\/07\/12\/contributions-de-lequipe-au-dernier-numero-de-la-revue-dhistoire-de-lamerique-francaise\/\">Contributions de l&rsquo;\u00e9quipe au dernier num\u00e9ro de la <em>Revue d&rsquo;histoire de l&rsquo;Am\u00e9rique fran\u00e7aise<\/em><\/a><br><a href=\"https:\/\/chrs.uqam.ca\/index.php\/2020\/05\/13\/contributions-de-lequipe-au-contenu-du-numero-marginalite-et-deviance-au-feminin-de-la-revue-cap-aux-diamants\/\">Contributions de l&rsquo;\u00e9quipe au contenu du num\u00e9ro \u00abMarginalit\u00e9 et d\u00e9viance au f\u00e9minin\u00bb de la revue Cap-aux-Diamants<\/a><br><a href=\"https:\/\/chrs.uqam.ca\/index.php\/2019\/07\/18\/participation-du-chrs-a-lecole-dete-gouvernement-et-regulations-sociales\/\">Participation du CHRS \u00e0 l&rsquo;\u00c9cole d&rsquo;\u00e9t\u00e9 <em>Gouvernance et r\u00e9gulations sociales<\/em> \u00e0 Paris<\/a><br>\n<\/div><\/div>\n","protected":false},"excerpt":{"rendered":"<p>Universit\u00e9 Laval D\u00e9partement des sciences historiques Julie Francoeur est pr\u00e9sentement \u00e9tudiante au doctorat \u00e0 l\u2019Universit\u00e9 Laval sous la direction de Johanne Daigle et la codirection de Donald Fyson. Ses recherches&#8230;<\/p>\n","protected":false},"author":2,"featured_media":0,"parent":455,"menu_order":0,"comment_status":"closed","ping_status":"closed","template":"","meta":{"_monsterinsights_skip_tracking":false,"_monsterinsights_sitenote_active":false,"_monsterinsights_sitenote_note":"","_monsterinsights_sitenote_category":0,"footnotes":""},"class_list":["post-5443","page","type-page","status-publish","hentry"],"_links":{"self":[{"href":"https:\/\/chrs.uqam.ca\/index.php\/wp-json\/wp\/v2\/pages\/5443","targetHints":{"allow":["GET"]}}],"collection":[{"href":"https:\/\/chrs.uqam.ca\/index.php\/wp-json\/wp\/v2\/pages"}],"about":[{"href":"https:\/\/chrs.uqam.ca\/index.php\/wp-json\/wp\/v2\/types\/page"}],"author":[{"embeddable":true,"href":"https:\/\/chrs.uqam.ca\/index.php\/wp-json\/wp\/v2\/users\/2"}],"replies":[{"embeddable":true,"href":"https:\/\/chrs.uqam.ca\/index.php\/wp-json\/wp\/v2\/comments?post=5443"}],"version-history":[{"count":0,"href":"https:\/\/chrs.uqam.ca\/index.php\/wp-json\/wp\/v2\/pages\/5443\/revisions"}],"up":[{"embeddable":true,"href":"https:\/\/chrs.uqam.ca\/index.php\/wp-json\/wp\/v2\/pages\/455"}],"wp:attachment":[{"href":"https:\/\/chrs.uqam.ca\/index.php\/wp-json\/wp\/v2\/media?parent=5443"}],"curies":[{"name":"wp","href":"https:\/\/api.w.org\/{rel}","templated":true}]}}