{"id":5346,"date":"2019-03-06T11:54:48","date_gmt":"2019-03-06T15:54:48","guid":{"rendered":"https:\/\/chrs.dev.uqam.ca\/?page_id=5346"},"modified":"2021-04-16T11:15:46","modified_gmt":"2021-04-16T15:15:46","slug":"nathalie-ricard","status":"publish","type":"page","link":"https:\/\/chrs.uqam.ca\/index.php\/a-propos\/equipe\/membres-etudiants\/nathalie-ricard\/","title":{"rendered":"Nathalie Ricard"},"content":{"rendered":"<p><strong>Universit\u00e9 du Qu\u00e9bec \u00e0 Trois-Rivi\u00e8res<br \/>\nD\u00e9partement des Sciences Humaines<\/strong><\/p>\n<p>Titre de la th\u00e8se d\u00e9pos\u00e9e en mars 2021 :\u00a0<em>La Cour du banc du roi dans le district de Montr\u00e9al, 1945-1964 : itin\u00e9raires en justice et r\u00e9gulation institutionnelle de la criminalit\u00e9 grave<\/em><\/p>\n<p>Nathalie Ricard est candidate au doctorat en \u00e9tudes qu\u00e9b\u00e9coises (sp\u00e9cialisation en histoire du droit et de la justice) \u00e0 l&rsquo;Universit\u00e9 du Qu\u00e9bec \u00e0 Trois-Rivi\u00e8res. Son projet de th\u00e8se, dirig\u00e9 par M. Thierry Nootens (UQTR) et codirig\u00e9 par M. Hugues Parent (UdeM), porte sur la r\u00e9gulation des crimes graves par la Cour du banc du roi dans le district de Montr\u00e9al entre 1945 et 1964. Dans le cadre de de sa ma\u00eetrise, elle s&rsquo;est pench\u00e9e sur les enqu\u00eates du coroner men\u00e9es dans le district judiciaire de Trois-Rivi\u00e8res entre 1850 et 1950. De mani\u00e8re g\u00e9n\u00e9rale, elle s&rsquo;int\u00e9resse \u00e0 la r\u00e9gulation des rapports sociaux par le droit et les tribunaux. Depuis 2011, elle travaille \u00e0 titre d&rsquo;assistante de recherche dans le cadre de diff\u00e9rents projets mettant \u00e0 profit les archives judiciaires, tant civiles que criminelles. De 2013 \u00e0 2018, elle a agi \u00e0 titre de coordonnatrice des activit\u00e9s de la Chaire de recherche du Canada en histoire du droit civil au Qu\u00e9bec \u00e0 l&rsquo;\u00e9poque contemporaine (XIXe-XXe si\u00e8cles).<\/p>\n<div class=\"su-spoiler su-spoiler-style-default su-spoiler-icon-chevron su-spoiler-closed\" data-scroll-offset=\"0\" data-anchor-in-url=\"no\"><div class=\"su-spoiler-title\" tabindex=\"0\" role=\"button\"><span class=\"su-spoiler-icon\"><\/span>Coordonn\u00e9es<\/div><div class=\"su-spoiler-content su-u-clearfix su-u-trim\">\n<p><strong>Courriel : <\/strong>Nathalie.Ricard@uqtr.ca<\/p>\n<\/div><\/div>\n<div class=\"su-spoiler su-spoiler-style-default su-spoiler-icon-chevron su-spoiler-closed\" data-scroll-offset=\"0\" data-anchor-in-url=\"no\"><div class=\"su-spoiler-title\" tabindex=\"0\" role=\"button\"><span class=\"su-spoiler-icon\"><\/span>Bourses, prix et distinctions<\/div><div class=\"su-spoiler-content su-u-clearfix su-u-trim\">\n<p>Bourse de recherche &#8211; doctorat du Centre d&rsquo;histoire des r\u00e9gulations sociales (UQAM).<\/p>\n<p>Bourse d\u2019excellence 3e cycle &#8211; \u00e9tudes qu\u00e9b\u00e9coises de la Fondation de l\u2019Universit\u00e9 du Qu\u00e9bec \u00e0 Trois-Rivi\u00e8res.<\/p>\n<p>Bourse d&rsquo;\u00e9tudes sup\u00e9rieures du Canada Joseph-Armand Bombardier &#8211; Doctorat du Conseil de recherches en sciences humaines du Canada.<\/p>\n<p>Bourse de doctorat en recherche (B2) du Fonds qu\u00e9b\u00e9cois de recherche &#8211; Soci\u00e9t\u00e9 et Culture (d\u00e9clin\u00e9e en raison des r\u00e8gles de cumul de bourses).<\/p>\n<p>Bourse de ma\u00eetrise du Conseil de recherches en sciences humaines du Canada.<\/p>\n<p>Bourse de ma\u00eetrise en recherche (B1) du Fonds qu\u00e9b\u00e9cois de recherche &#8211; Soci\u00e9t\u00e9 et culture.<\/p>\n<p>Bourse d\u2019excellence \u00e0 l\u2019admission aux cycles sup\u00e9rieurs du D\u00e9canat des \u00e9tudes de cycles sup\u00e9rieurs et de la recherche de l\u2019Universit\u00e9 du Qu\u00e9bec \u00e0 Trois-Rivi\u00e8res.<\/p>\n<\/div><\/div>\n<div class=\"su-spoiler su-spoiler-style-default su-spoiler-icon-chevron\" data-scroll-offset=\"0\" data-anchor-in-url=\"no\"><div class=\"su-spoiler-title\" tabindex=\"0\" role=\"button\"><span class=\"su-spoiler-icon\"><\/span>Nouvelles<\/div><div class=\"su-spoiler-content su-u-clearfix su-u-trim\">\n<a href=\"https:\/\/chrs.uqam.ca\/index.php\/2024\/01\/12\/plusieurs-membres-du-chrs-present-e-s-dans-le-dernier-numero-de-la-rhaf\/\">Plusieurs membres du CHRS pr\u00e9sent.e.s dans le dernier num\u00e9ro de la <em>RHAF<\/em><\/a><br><a href=\"https:\/\/chrs.uqam.ca\/index.php\/2021\/10\/08\/visionnez-les-videos-des-journees-detude-sur-les-archives-judiciaires\/\">Visionnez les pr\u00e9sentations des Journ\u00e9es d&rsquo;\u00e9tude sur les archives judiciaires<\/a><br><a href=\"https:\/\/chrs.uqam.ca\/index.php\/2021\/09\/15\/nathalie-ricard-recoit-la-medaille-dor-academique-du-gouverneur-general\/\">Nathalie Ricard re\u00e7oit la m\u00e9daille d&rsquo;or acad\u00e9mique du Gouverneur g\u00e9n\u00e9ral<\/a><br><a href=\"https:\/\/chrs.uqam.ca\/index.php\/2021\/04\/15\/nos-membres-au-colloque-sur-les-archives-judiciaires-de-banq-du-3-au-6-mai-2021\/\">Nos membres aux journ\u00e9es d&rsquo;\u00e9tude sur les archives judiciaires de BAnQ du 3 au 6 mai 2021<\/a><br><a href=\"https:\/\/chrs.uqam.ca\/index.php\/2021\/02\/05\/contribution-de-thierry-nootens-et-nathalie-ricard-a-la-revue-histoire-sociale-social-history\/\">Contribution de Thierry Nootens et Nathalie Ricard \u00e0 la revue <em>Histoire sociale\/Social History<\/em><\/a><br><a href=\"https:\/\/chrs.uqam.ca\/index.php\/2020\/07\/12\/contributions-de-lequipe-au-dernier-numero-de-la-revue-dhistoire-de-lamerique-francaise\/\">Contributions de l&rsquo;\u00e9quipe au dernier num\u00e9ro de la <em>Revue d&rsquo;histoire de l&rsquo;Am\u00e9rique fran\u00e7aise<\/em><\/a><br><a href=\"https:\/\/chrs.uqam.ca\/index.php\/2019\/07\/08\/parutions-de-louvrage-largent-des-familles-pratiques-et-regulations-sociales-en-occident-aux-xixe-et-xxe-siecles\/\">Parution de l\u2019ouvrage <em>L\u2019argent des familles: pratiques et r\u00e9gulations sociales en Occident aux XIXe et XXe si\u00e8cles<\/em><\/a><br><a href=\"https:\/\/chrs.uqam.ca\/index.php\/2019\/03\/06\/nathalie-ricard-publie-dans-la-revue-dhistoire-de-lamerique-francaise\/\">Nathalie Ricard publie dans la <em>Revue d\u2019histoire de l\u2019Am\u00e9rique fran\u00e7aise<\/em><\/a><br><a href=\"https:\/\/chrs.uqam.ca\/index.php\/2018\/12\/12\/lequipe-du-chrs-decerne-trois-bourses-detude-pour-le-concours-2018-2019\/\">L\u2019\u00e9quipe du CHRS d\u00e9cerne trois bourses d\u2019\u00e9tude pour le concours 2018-2019<\/a><br>\n<\/div><\/div>\n","protected":false},"excerpt":{"rendered":"<p>Universit\u00e9 du Qu\u00e9bec \u00e0 Trois-Rivi\u00e8res D\u00e9partement des Sciences Humaines Titre de la th\u00e8se d\u00e9pos\u00e9e en mars 2021 :\u00a0La Cour du banc du roi dans le district de Montr\u00e9al, 1945-1964 :&#8230;<\/p>\n","protected":false},"author":2,"featured_media":0,"parent":455,"menu_order":0,"comment_status":"closed","ping_status":"closed","template":"","meta":{"_monsterinsights_skip_tracking":false,"_monsterinsights_sitenote_active":false,"_monsterinsights_sitenote_note":"","_monsterinsights_sitenote_category":0,"footnotes":""},"class_list":["post-5346","page","type-page","status-publish","hentry"],"_links":{"self":[{"href":"https:\/\/chrs.uqam.ca\/index.php\/wp-json\/wp\/v2\/pages\/5346","targetHints":{"allow":["GET"]}}],"collection":[{"href":"https:\/\/chrs.uqam.ca\/index.php\/wp-json\/wp\/v2\/pages"}],"about":[{"href":"https:\/\/chrs.uqam.ca\/index.php\/wp-json\/wp\/v2\/types\/page"}],"author":[{"embeddable":true,"href":"https:\/\/chrs.uqam.ca\/index.php\/wp-json\/wp\/v2\/users\/2"}],"replies":[{"embeddable":true,"href":"https:\/\/chrs.uqam.ca\/index.php\/wp-json\/wp\/v2\/comments?post=5346"}],"version-history":[{"count":0,"href":"https:\/\/chrs.uqam.ca\/index.php\/wp-json\/wp\/v2\/pages\/5346\/revisions"}],"up":[{"embeddable":true,"href":"https:\/\/chrs.uqam.ca\/index.php\/wp-json\/wp\/v2\/pages\/455"}],"wp:attachment":[{"href":"https:\/\/chrs.uqam.ca\/index.php\/wp-json\/wp\/v2\/media?parent=5346"}],"curies":[{"name":"wp","href":"https:\/\/api.w.org\/{rel}","templated":true}]}}