{"id":5190,"date":"2019-02-08T13:57:19","date_gmt":"2019-02-08T17:57:19","guid":{"rendered":"https:\/\/chrs.dev.uqam.ca\/?page_id=5190"},"modified":"2020-11-16T12:36:13","modified_gmt":"2020-11-16T16:36:13","slug":"eric-reiter","status":"publish","type":"page","link":"https:\/\/chrs.uqam.ca\/index.php\/eric-reiter\/","title":{"rendered":"Eric H. Reiter"},"content":{"rendered":"\n<p>Eric H. Reiter est professeur associ\u00e9 au D\u00e9partement d&rsquo;histoire de l&rsquo;Universit\u00e9 Concordia. Ses recherches et son enseignement portent sur les aspects historiques comparatifs du droit au Qu\u00e9bec, au Canada et ailleurs. <\/p>\n\n\n\n<p>En 2020, il remporte le Prix du meilleur livre savant en histoire canadienne de la Soci\u00e9t\u00e9 historique du Canada pour l&rsquo;ouvrage <em>Wounded Feelings: Litigating Emotions in Quebec, 1870-1950<\/em>, paru au sein de la collection Osgoode Society for Canadian Legal History (University of Toronto Press). Il a \u00e9galement obtenu une subvention Savoir du CRSH pour son nouveau projet de recherche intitul\u00e9\u00a0\u00ab\u00a0The Widow Versus the Railway\u00a0: Litigation, Labour, and Emotion in Industrial Montreal, 1882-1892\u00a0\u00bb.<\/p>\n\n\n<div class=\"su-spoiler su-spoiler-style-default su-spoiler-icon-chevron su-spoiler-closed\" data-scroll-offset=\"0\" data-anchor-in-url=\"no\"><div class=\"su-spoiler-title\" tabindex=\"0\" role=\"button\"><span class=\"su-spoiler-icon\"><\/span>Coordonn\u00e9es<\/div><div class=\"su-spoiler-content su-u-clearfix su-u-trim\"><br><strong>Adresse :<\/strong><br><a href=\"https:\/\/www.concordia.ca\/maps\/sgw-campus.html?building=LB\">S-LB 1041-03<\/a>&nbsp;<br>J.W. McConnell Building,<br>1400 De Maisonneuve Ouest.&nbsp;<\/p>\n<p><strong>Courriel : <\/strong><br><a href=\"mailto:eric.reiter@concordia.ca\">eric.reiter@concordia.ca<\/a>&nbsp;<\/div><\/div>\n<div class=\"su-spoiler su-spoiler-style-default su-spoiler-icon-chevron su-spoiler-closed\" data-scroll-offset=\"0\" data-anchor-in-url=\"no\"><div class=\"su-spoiler-title\" tabindex=\"0\" role=\"button\"><span class=\"su-spoiler-icon\"><\/span>Liens<\/div><div class=\"su-spoiler-content su-u-clearfix su-u-trim\"><br><a href=\"https:\/\/www.concordia.ca\/artsci\/history\/faculty.html?fpid=eric-reiter\">Page personnelle sur le site web de l&rsquo;Universit\u00e9 Concordia&nbsp;<\/a><br><\/div><\/div>\n<div class=\"su-spoiler su-spoiler-style-default su-spoiler-icon-chevron\" data-scroll-offset=\"0\" data-anchor-in-url=\"no\"><div class=\"su-spoiler-title\" tabindex=\"0\" role=\"button\"><span class=\"su-spoiler-icon\"><\/span>Nouvelles<\/div><div class=\"su-spoiler-content su-u-clearfix su-u-trim\"><br><a href=\"https:\/\/chrs.uqam.ca\/index.php\/2020\/06\/15\/eric-h-reiter-remporte-le-prix-du-meilleur-livre-savant-en-histoire-canadienne-de-la-societe-historique-du-canada\/\">Eric H. Reiter remporte le Prix du meilleur livre savant en histoire canadienne de la Soci\u00e9t\u00e9 historique du Canada<\/a><br><a href=\"https:\/\/chrs.uqam.ca\/index.php\/2019\/04\/26\/colloque-famille-et-justice-dans-les-archives-programmation-et-informations-generales\/\">Colloque <em>Famille et justice dans les archives <\/em>: programmation et informations g\u00e9n\u00e9rales<\/a><br><br><\/div><\/div>","protected":false},"excerpt":{"rendered":"<p>Eric H. Reiter est professeur associ\u00e9 au D\u00e9partement d&rsquo;histoire de l&rsquo;Universit\u00e9 Concordia. Ses recherches et son enseignement portent sur les aspects historiques comparatifs du droit au Qu\u00e9bec, au Canada et&#8230;<\/p>\n","protected":false},"author":2,"featured_media":0,"parent":0,"menu_order":0,"comment_status":"closed","ping_status":"closed","template":"","meta":{"_monsterinsights_skip_tracking":false,"_monsterinsights_sitenote_active":false,"_monsterinsights_sitenote_note":"","_monsterinsights_sitenote_category":0,"footnotes":""},"class_list":["post-5190","page","type-page","status-publish","hentry"],"_links":{"self":[{"href":"https:\/\/chrs.uqam.ca\/index.php\/wp-json\/wp\/v2\/pages\/5190","targetHints":{"allow":["GET"]}}],"collection":[{"href":"https:\/\/chrs.uqam.ca\/index.php\/wp-json\/wp\/v2\/pages"}],"about":[{"href":"https:\/\/chrs.uqam.ca\/index.php\/wp-json\/wp\/v2\/types\/page"}],"author":[{"embeddable":true,"href":"https:\/\/chrs.uqam.ca\/index.php\/wp-json\/wp\/v2\/users\/2"}],"replies":[{"embeddable":true,"href":"https:\/\/chrs.uqam.ca\/index.php\/wp-json\/wp\/v2\/comments?post=5190"}],"version-history":[{"count":0,"href":"https:\/\/chrs.uqam.ca\/index.php\/wp-json\/wp\/v2\/pages\/5190\/revisions"}],"wp:attachment":[{"href":"https:\/\/chrs.uqam.ca\/index.php\/wp-json\/wp\/v2\/media?parent=5190"}],"curies":[{"name":"wp","href":"https:\/\/api.w.org\/{rel}","templated":true}]}}