{"id":4757,"date":"2018-10-17T17:43:08","date_gmt":"2018-10-17T21:43:08","guid":{"rendered":"https:\/\/chrs.dev.uqam.ca\/?page_id=4757"},"modified":"2020-06-23T11:34:28","modified_gmt":"2020-06-23T15:34:28","slug":"milan-busic","status":"publish","type":"page","link":"https:\/\/chrs.uqam.ca\/index.php\/a-propos\/equipe\/membres-etudiants\/milan-busic\/","title":{"rendered":"Milan Busic"},"content":{"rendered":"<p><strong>Universit\u00e9 du Qu\u00e9bec \u00e0 Montr\u00e9al<br \/>\nD\u00e9partement d&rsquo;histoire<\/strong><\/p>\n<p>Milan Busic est \u00e9tudiant \u00e0 la ma\u00eetrise en histoire \u00e0 l&rsquo;Universit\u00e9 du Qu\u00e9bec \u00e0 Montr\u00e9al. Son m\u00e9moire de recherche portera sur\u00a0l&rsquo;entreprise priv\u00e9e en tant qu&rsquo;institution de r\u00e9gulations sociales au XIXe si\u00e8cle qu\u00e9b\u00e9cois, sous la supervision de Martin Petitclerc.<\/p>\n<div class=\"su-spoiler su-spoiler-style-default su-spoiler-icon-chevron su-spoiler-closed\" data-scroll-offset=\"0\" data-anchor-in-url=\"no\"><div class=\"su-spoiler-title\" tabindex=\"0\" role=\"button\"><span class=\"su-spoiler-icon\"><\/span>Coordonn\u00e9es<\/div><div class=\"su-spoiler-content su-u-clearfix su-u-trim\">\n<p><strong>Courriel :\u00a0<\/strong>busic.milan@courrier.uqam.ca<br \/>\n<\/div><\/div>\n<div class=\"su-spoiler su-spoiler-style-default su-spoiler-icon-chevron su-spoiler-closed\" data-scroll-offset=\"0\" data-anchor-in-url=\"no\"><div class=\"su-spoiler-title\" tabindex=\"0\" role=\"button\"><span class=\"su-spoiler-icon\"><\/span>Liens<\/div><div class=\"su-spoiler-content su-u-clearfix su-u-trim\">\n<p><a href=\"https:\/\/chrs.uqam.ca\/wp-content\/uploads\/2020\/06\/CV-acade\u0301mique-2020-Milan-Busic.pdf\" target=\"_blank\" rel=\"noopener\">Curriculum vitae<\/a><br \/>\n<\/div><\/div>\n<div class=\"su-spoiler su-spoiler-style-default su-spoiler-icon-chevron su-spoiler-closed\" data-scroll-offset=\"0\" data-anchor-in-url=\"no\"><div class=\"su-spoiler-title\" tabindex=\"0\" role=\"button\"><span class=\"su-spoiler-icon\"><\/span>Bourses, prix et distinctions<\/div><div class=\"su-spoiler-content su-u-clearfix su-u-trim\">\n<p>Bourse du Fonds de recherche\u00a0du\u00a0Qu\u00e9bec\u00a0\u2013\u00a0Soci\u00e9t\u00e9\u00a0et culture (FRQSC) &#8211; niveau ma\u00eetrise 2019-2020<\/p>\n<p>Bourse du conseil\u00a0Conseil de recherches en sciences humaines\u00a0(CRSH) -niveau ma\u00eetrise 2019-2020<\/p>\n<p>Bourse de recrutement \u00e0 la ma\u00eetrise du D\u00e9partement d&rsquo;histoire de l&rsquo;UQAM 2019<\/p>\n<p>Bourse de l\u2019Association des Professeurs Retrait\u00e9s (APR) de l\u2019UQAM 2018<\/p>\n<p>Bourse du Fonds du D\u00e9partement d\u2019histoire de l&rsquo;UQAM 1er cycle 2018<\/p>\n<p>Palmar\u00e8s de la doyenne de la facult\u00e9 des sciences humaines de l&rsquo;UQAM 2018<\/p>\n<p>Bourse de recherche sur la pauvret\u00e9 de la Fondation de l&rsquo;UQAM 2018<\/p>\n<p>Bourse du Fonds du D\u00e9partement d&rsquo;histoire de l&rsquo;UQAM 1er cycle 2018<\/p>\n<p>Palmar\u00e8s de la doyenne de la facult\u00e9 des sciences humaines de l&rsquo;UQAM 2017<\/p>\n<\/div><\/div>\n<div class=\"su-spoiler su-spoiler-style-default su-spoiler-icon-chevron su-spoiler-closed\" data-scroll-offset=\"0\" data-anchor-in-url=\"no\"><div class=\"su-spoiler-title\" tabindex=\"0\" role=\"button\"><span class=\"su-spoiler-icon\"><\/span>Publications<\/div><div class=\"su-spoiler-content su-u-clearfix su-u-trim\">\n<p><span class=\"rchtq_title\"><a href=\"https:\/\/chrs.uqam.ca\/wp-content\/uploads\/2018\/03\/Bulletin_RCHTQ_42-2.pdf#page=12\" target=\"_blank\" rel=\"noopener\"><strong>Enqu\u00eate sur la r\u00e9volte du canal de Beauharnois, 1843: la marginalisation des ouvriers irlandais<\/strong>,\u00a0<\/a>RCHTQ,\u00a0<\/span><span class=\"rchtq_infos\">Vol. 42, no 2 (104), automne 2016, p. 12\u00a0<\/span><\/p>\n<\/div><\/div>\n","protected":false},"excerpt":{"rendered":"<p>Universit\u00e9 du Qu\u00e9bec \u00e0 Montr\u00e9al D\u00e9partement d&rsquo;histoire Milan Busic est \u00e9tudiant \u00e0 la ma\u00eetrise en histoire \u00e0 l&rsquo;Universit\u00e9 du Qu\u00e9bec \u00e0 Montr\u00e9al. Son m\u00e9moire de recherche portera sur\u00a0l&rsquo;entreprise priv\u00e9e en&#8230;<\/p>\n","protected":false},"author":2,"featured_media":0,"parent":455,"menu_order":0,"comment_status":"closed","ping_status":"closed","template":"","meta":{"_monsterinsights_skip_tracking":false,"_monsterinsights_sitenote_active":false,"_monsterinsights_sitenote_note":"","_monsterinsights_sitenote_category":0,"footnotes":""},"class_list":["post-4757","page","type-page","status-publish","hentry"],"_links":{"self":[{"href":"https:\/\/chrs.uqam.ca\/index.php\/wp-json\/wp\/v2\/pages\/4757","targetHints":{"allow":["GET"]}}],"collection":[{"href":"https:\/\/chrs.uqam.ca\/index.php\/wp-json\/wp\/v2\/pages"}],"about":[{"href":"https:\/\/chrs.uqam.ca\/index.php\/wp-json\/wp\/v2\/types\/page"}],"author":[{"embeddable":true,"href":"https:\/\/chrs.uqam.ca\/index.php\/wp-json\/wp\/v2\/users\/2"}],"replies":[{"embeddable":true,"href":"https:\/\/chrs.uqam.ca\/index.php\/wp-json\/wp\/v2\/comments?post=4757"}],"version-history":[{"count":0,"href":"https:\/\/chrs.uqam.ca\/index.php\/wp-json\/wp\/v2\/pages\/4757\/revisions"}],"up":[{"embeddable":true,"href":"https:\/\/chrs.uqam.ca\/index.php\/wp-json\/wp\/v2\/pages\/455"}],"wp:attachment":[{"href":"https:\/\/chrs.uqam.ca\/index.php\/wp-json\/wp\/v2\/media?parent=4757"}],"curies":[{"name":"wp","href":"https:\/\/api.w.org\/{rel}","templated":true}]}}