{"id":4573,"date":"2018-09-10T19:29:55","date_gmt":"2018-09-10T23:29:55","guid":{"rendered":"https:\/\/chrs.dev.uqam.ca\/?page_id=4573"},"modified":"2023-01-25T09:17:22","modified_gmt":"2023-01-25T13:17:22","slug":"veronika-brandl-mouton","status":"publish","type":"page","link":"https:\/\/chrs.uqam.ca\/index.php\/a-propos\/equipe\/membres-etudiants\/veronika-brandl-mouton\/","title":{"rendered":"V\u00e9ronika Brandl-Mouton"},"content":{"rendered":"<p><strong>Universit\u00e9 du Qu\u00e9bec \u00e0 Montr\u00e9al<br \/>\nD\u00e9partement d&rsquo;histoire<\/strong><\/p>\n<div class=\"su-column su-column-size-1-6\"><div class=\"su-column-inner su-u-clearfix su-u-trim\">\n<\/div><\/div>\n<div class=\"su-column su-column-size-4-6\"><div class=\"su-column-inner su-u-clearfix su-u-trim\"><\/div><\/div>\nV\u00e9ronika Brandl-Mouton est candidate \u00e0 la ma\u00eetrise en histoire \u00e0 l'Universit\u00e9 du Qu\u00e9bec \u00e0 Montr\u00e9al. Dans le cadre de son projet de m\u00e9moire de recherche, elle approfondit l\u2019histoire de la Cour des jeunes d\u00e9linquants de la ville de Qu\u00e9bec (1941-1950), sous la direction de Martin Petitclerc et la co-direction de Louise Bienvenue.<\/p>\n<div class=\"page\" title=\"Page 1\">\n<div class=\"section\">\n<div class=\"layoutArea\">\n<div class=\"column\">\n<p>L\u2019e\u0301tude de cette cour, active entre 1941 et 1950, contribuera aux connaissances sur l\u2019influence de l\u2019E\u0301tat dans l\u2019e\u0301volution des familles que\u0301be\u0301coises. Le but de la recherche est non seulement de re\u0301ve\u0301ler la campagne civique instituant ce tribunal et de d\u00e9tailler son organisation,\u00a0mais e\u0301galement de saisir les trajectoires sociales de la jeunesse f\u00e9minine juge\u0301e de\u0301linquante et leur famille<b>.<\/b><\/p>\n<p>V\u00e9ronika occupe aujourd'hui le poste de coordonnatrice, \u00e9ducation et sensibilisation, chez H\u00e9ritage Montr\u00e9al. Elle a auparavant collabor\u00e9 avec les \u00e9quipes du Laboratoire d'histoire et de patrimoine de Montr\u00e9al, du Bulletin d'histoire politique, de la Revue d'histoire de l'Am\u00e9rique fran\u00e7aise et de l'\u00c9comus\u00e9e du fier monde.<\/p>\n<\/div>\n<\/div>\n<\/div>\n<\/div>\n<div class=\"su-spoiler su-spoiler-style-default su-spoiler-icon-chevron su-spoiler-closed\" data-scroll-offset=\"0\" data-anchor-in-url=\"no\"><div class=\"su-spoiler-title\" tabindex=\"0\" role=\"button\"><span class=\"su-spoiler-icon\"><\/span>Coordonn\u00e9es<\/div><div class=\"su-spoiler-content su-u-clearfix su-u-trim\">\n<p><strong>Courriel :\u00a0<\/strong>vbrandl-mouton@heritagemontreal.org <\/div><\/div>\n<div class=\"su-spoiler su-spoiler-style-default su-spoiler-icon-chevron su-spoiler-closed\" data-scroll-offset=\"0\" data-anchor-in-url=\"no\"><div class=\"su-spoiler-title\" tabindex=\"0\" role=\"button\"><span class=\"su-spoiler-icon\"><\/span>Curriculum vitae <\/div><div class=\"su-spoiler-content su-u-clearfix su-u-trim\">\n<p>Curriculum vitae &#8211; mai 2022<\/p>\n<\/div><\/div>\n<div class=\"su-spoiler su-spoiler-style-default su-spoiler-icon-chevron su-spoiler-closed\" data-scroll-offset=\"0\" data-anchor-in-url=\"no\"><div class=\"su-spoiler-title\" tabindex=\"0\" role=\"button\"><span class=\"su-spoiler-icon\"><\/span>Bourses, prix et distinctions<\/div><div class=\"su-spoiler-content su-u-clearfix su-u-trim\">\n<p>Bourse de soutien \u00e0 la recherche de Biblioth\u00e8que et Archives nationales de Qu\u00e9bec 2019-2020<\/p>\n<p>Bourse du Fonds de recherche\u00a0du\u00a0Qu\u00e9bec\u00a0\u2013\u00a0Soci\u00e9t\u00e9\u00a0et culture (FRQSC) &#8211; niveau ma\u00eetrise 2019-2020<\/p>\n<p>Bourse Madeleine-St-Martin en histoire canadienne ou qu\u00e9b\u00e9coise 2019-2020<\/p>\n<p>Bourse de recherche du Centre d&rsquo;histoire des r\u00e9gulations sociales 2018-2019<\/p>\n<p>Bourse Frontenac du Fonds de recherche \u2013 Nature et technologies\u00a02018-2019<\/p>\n<p>Bourse de recrutement du D\u00e9partement d\u2019histoire de l\u2019UQAM 2018-2019<\/p>\n<p>Premier prix au colloque du premier cycle du D\u00e9partement d\u2019histoire\u00a0de l&rsquo;UQAM 2018<\/p>\n<p>Palmar\u00e8s de la doyenne de la facult\u00e9 des sciences humaines de l&rsquo;UQAM 2017<\/p>\n<p>M\u00e9daille du Lieutenant-gouverneur du Qu\u00e9bec pour la jeunesse 2011<\/p>\n<\/div><\/div>\n<div class=\"su-spoiler su-spoiler-style-default su-spoiler-icon-chevron\" data-scroll-offset=\"0\" data-anchor-in-url=\"no\"><div class=\"su-spoiler-title\" tabindex=\"0\" role=\"button\"><span class=\"su-spoiler-icon\"><\/span>Nouvelles<\/div><div class=\"su-spoiler-content su-u-clearfix su-u-trim\">\n<a href=\"https:\/\/chrs.uqam.ca\/index.php\/2022\/08\/22\/participation-de-nos-membres-au-congres-de-lihaf\/\">Participation de nos membres au congr\u00e8s de l&rsquo;IHAF<\/a><br><a href=\"https:\/\/chrs.uqam.ca\/index.php\/2022\/03\/22\/entretien-avec-catherine-tremblay\/\">Entretien avec Catherine Tremblay<\/a><br><a href=\"https:\/\/chrs.uqam.ca\/index.php\/2022\/03\/11\/participation-de-nos-membres-etudiantes-au-colloque-jean-marie-fecteau\/\">Participation de nos membres \u00e9tudiantes au colloque Jean-Marie Fecteau<\/a><br><a href=\"https:\/\/chrs.uqam.ca\/index.php\/2021\/10\/08\/visionnez-les-videos-des-journees-detude-sur-les-archives-judiciaires\/\">Visionnez les pr\u00e9sentations des Journ\u00e9es d&rsquo;\u00e9tude sur les archives judiciaires<\/a><br><a href=\"https:\/\/chrs.uqam.ca\/index.php\/2021\/05\/07\/amelie-grenier-premiere-invitee-du-poscast-dans-les-coulisse-de-lhistoire\/\">Am\u00e9lie Grenier, premi\u00e8re invit\u00e9e du nouveau podcast \u00ab\u00a0Dans les coulisses de l&rsquo;histoire \u00bb<\/a><br><a href=\"https:\/\/chrs.uqam.ca\/index.php\/2021\/04\/15\/nos-membres-au-colloque-sur-les-archives-judiciaires-de-banq-du-3-au-6-mai-2021\/\">Nos membres aux journ\u00e9es d&rsquo;\u00e9tude sur les archives judiciaires de BAnQ du 3 au 6 mai 2021<\/a><br><a href=\"https:\/\/chrs.uqam.ca\/index.php\/2021\/03\/05\/webinaire-chrs-angers-question-sociale-et-citoyennete\/\">Webinaire CHRS \u2013 Angers : Question sociale et citoyennet\u00e9\ufeff<\/a><br><a href=\"https:\/\/chrs.uqam.ca\/index.php\/2020\/11\/10\/les-inegalites-de-richesse-et-le-racisme-au-canada\/\">Les in\u00e9galit\u00e9s de richesse et le racisme au Canada<\/a><br><a href=\"https:\/\/chrs.uqam.ca\/index.php\/2020\/07\/12\/contributions-de-lequipe-au-dernier-numero-de-la-revue-dhistoire-de-lamerique-francaise\/\">Contributions de l&rsquo;\u00e9quipe au dernier num\u00e9ro de la <em>Revue d&rsquo;histoire de l&rsquo;Am\u00e9rique fran\u00e7aise<\/em><\/a><br><a href=\"https:\/\/chrs.uqam.ca\/index.php\/2019\/11\/27\/veronika-brandl-mouton-et-marie-laurence-raby-obtiennent-une-bourse-de-la-fondation-de-banq\/\">V\u00e9ronika Brandl-Mouton et  Marie-Laurence Raby obtiennent une bourse de la Fondation de BAnQ<\/a><br><a href=\"https:\/\/chrs.uqam.ca\/index.php\/2019\/07\/18\/participation-du-chrs-a-lecole-dete-gouvernement-et-regulations-sociales\/\">Participation du CHRS \u00e0 l&rsquo;\u00c9cole d&rsquo;\u00e9t\u00e9 <em>Gouvernance et r\u00e9gulations sociales<\/em> \u00e0 Paris<\/a><br><a href=\"https:\/\/chrs.uqam.ca\/index.php\/2019\/05\/07\/quatre-membres-etudiants-obtiennent-des-bourses-du-fonds-de-recherche-du-quebec-societe-et-culture\/\">Quatre membres \u00e9tudiants obtiennent des bourses d&rsquo;\u00e9tudes du  Fonds de recherche du Qu\u00e9bec \u2013 Soci\u00e9t\u00e9 et culture<\/a><br><a href=\"https:\/\/chrs.uqam.ca\/index.php\/2019\/03\/01\/entretien-avec-louise-lainesse-et-camille-robert-laureates-de-la-bourse-vanier\/\">Entretien avec Louise Lainesse et Camille Robert, laur\u00e9ates de la Bourse Vanier<\/a><br><a href=\"https:\/\/chrs.uqam.ca\/index.php\/2018\/12\/12\/lequipe-du-chrs-decerne-trois-bourses-detude-pour-le-concours-2018-2019\/\">L\u2019\u00e9quipe du CHRS d\u00e9cerne trois bourses d\u2019\u00e9tude pour le concours 2018-2019<\/a><br><a href=\"https:\/\/chrs.uqam.ca\/index.php\/2018\/09\/11\/veronika-brandl-mouton-obtient-la-bourse-frontenac-2018-2019\/\">V\u00e9ronika Brandl-Mouton obtient la Bourse Frontenac 2018-2019<\/a><br>\n<\/div><\/div>\n","protected":false},"excerpt":{"rendered":"<p>Universit\u00e9 du Qu\u00e9bec \u00e0 Montr\u00e9al D\u00e9partement d&rsquo;histoire V\u00e9ronika Brandl-Mouton est candidate \u00e0 la ma\u00eetrise en histoire \u00e0 l&rsquo;Universit\u00e9 du Qu\u00e9bec \u00e0 Montr\u00e9al. Dans le cadre de son projet de m\u00e9moire&#8230;<\/p>\n","protected":false},"author":8,"featured_media":0,"parent":455,"menu_order":0,"comment_status":"closed","ping_status":"closed","template":"","meta":{"_monsterinsights_skip_tracking":false,"_monsterinsights_sitenote_active":false,"_monsterinsights_sitenote_note":"","_monsterinsights_sitenote_category":0,"footnotes":""},"class_list":["post-4573","page","type-page","status-publish","hentry"],"_links":{"self":[{"href":"https:\/\/chrs.uqam.ca\/index.php\/wp-json\/wp\/v2\/pages\/4573","targetHints":{"allow":["GET"]}}],"collection":[{"href":"https:\/\/chrs.uqam.ca\/index.php\/wp-json\/wp\/v2\/pages"}],"about":[{"href":"https:\/\/chrs.uqam.ca\/index.php\/wp-json\/wp\/v2\/types\/page"}],"author":[{"embeddable":true,"href":"https:\/\/chrs.uqam.ca\/index.php\/wp-json\/wp\/v2\/users\/8"}],"replies":[{"embeddable":true,"href":"https:\/\/chrs.uqam.ca\/index.php\/wp-json\/wp\/v2\/comments?post=4573"}],"version-history":[{"count":0,"href":"https:\/\/chrs.uqam.ca\/index.php\/wp-json\/wp\/v2\/pages\/4573\/revisions"}],"up":[{"embeddable":true,"href":"https:\/\/chrs.uqam.ca\/index.php\/wp-json\/wp\/v2\/pages\/455"}],"wp:attachment":[{"href":"https:\/\/chrs.uqam.ca\/index.php\/wp-json\/wp\/v2\/media?parent=4573"}],"curies":[{"name":"wp","href":"https:\/\/api.w.org\/{rel}","templated":true}]}}