{"id":3880,"date":"2018-04-09T09:26:03","date_gmt":"2018-04-09T13:26:03","guid":{"rendered":"https:\/\/chrs.dev.uqam.ca\/?page_id=3880"},"modified":"2024-02-21T17:12:36","modified_gmt":"2024-02-21T21:12:36","slug":"autres-publications-du-rchtq","status":"publish","type":"page","link":"https:\/\/chrs.uqam.ca\/index.php\/autres-publications-du-rchtq\/","title":{"rendered":"Autres publications du RCHTQ"},"content":{"rendered":"<p><strong>CAHIERS DE DOCUMENTS DU RCHTQ<\/strong><\/p>\n<p><a href=\"https:\/\/chrs.uqam.ca\/wp-content\/uploads\/2024\/02\/chronologie_mouv_pol_ouvriers_qc-RCHTQ.pdf\" target=\"_blank\" rel=\"noopener\">Le Groupe de recherche sur l\u2019histoire des mouvements politiques ouvriers de l\u2019Universit\u00e9 du Qu\u00e9bec \u00e0 Montr\u00e9al, Chronologie des mouvements politiques ouvriers au Qu\u00e9bec de la fin du XIXe si\u00e8cle jusqu\u2019en 1919, RCHTQ, mai 1976, 293p.<\/a><\/p>\n<p>Dumais, Mario et Yolande Pinard, <em>La gr\u00e8ve de 1974 \u00e0 la CTCUM : chronologie et documents, RCHTQ<\/em>, mars 1977, 242p. (\u00e9puis\u00e9)<\/p>\n<p><strong>COLLECTION\u00a0 \u00c9tudes et documents du RCHTQ<\/strong><\/p>\n<p>No 1 : Cardin, Jean-Fran\u00e7ois, La crise d&rsquo;octobre 1970 et le mouvement syndical qu\u00e9b\u00e9cois, 1985, 309p. (\u00e9puis\u00e9)<\/p>\n<p>No 2 : Lauzon, Gilles, <em>Habitat ouvrier et r\u00e9volution industrielle : le cas du village St-Augustin, 1986<\/em>, 209p.\u00a0 (\u00e9puis\u00e9)<\/p>\n<p>No 3 : Murray, Sylvie, <em>\u00c0 la jonction du mouvement ouvrier et du mouvement des femmes : la Ligue auxiliaire de l&rsquo;Association internationale des machinistes, 1905-1980<\/em>, 1988, 165p.<\/p>\n<p>No 4 : Domey, Odette Vincent, <em>Filles et familles en milieu ouvrier : Hull, Qu\u00e9bec, \u00e0 la fin du XIXe si\u00e8cle<\/em>, 1991, 198p. (\u00e9puis\u00e9)<\/p>\n<p>No 5 : T\u00e9treault, Martin, <em>L&rsquo;\u00e9tat de sant\u00e9 des Montr\u00e9alais, 1880-1914<\/em>, 1991, 225p.<\/p>\n<p>No 6 : Richard, B\u00e9atrice, <em>\u00abP\u00e9ril Rouge\u00bb, au T\u00e9miscamingue : La gr\u00e8ve des b\u00fbcherons de Rouyn-Noranda<\/em>, 1933-1934, 1993, 256p.<\/p>\n<p>No 7 : Gosselin, Line, <em>Les journalistes qu\u00e9b\u00e9coises : 1880-1930<\/em>, 1995,160 p. (\u00e9puis\u00e9)<\/p>\n<p>No 8 : Lapointe, Simon, <em>L\u2019influence de la gauche catholique fran\u00e7aise sur l\u2019id\u00e9ologie de la CTCC-CSN de 1948 \u00e0 1964<\/em>, 1996, 115p.<\/p>\n<p>No 9 : Bonnier, Lucie, <em>L\u2019entraide au quotidien : l\u2019exemple de la paroisse Sainte-Brigitte, Montr\u00e9al<\/em>, <em>1930-1945<\/em>, 1997, 116p. (\u00e9puis\u00e9)<\/p>\n<p>No 10 : Goulet, Henri, <em>Histoire du syndicat des charg\u00e9-e-s de cours de l\u2019Universit\u00e9 de Montr\u00e9al, 1978-1998<\/em>, 1998, 144p.<\/p>\n<p>No 11 : Roy, Emmanuelle, <em>De la paysanne au tisserand. La production textile dans la r\u00e9gion de Montr\u00e9al au XVIIIe si\u00e8cle<\/em>, 1999, 122p.<\/p>\n<p>No 12 : Aranguiz. Marcela, <em>Vagabonds et sans abris \u00e0 Montr\u00e9al : perception et prise en charge de l\u2019errance, 1840-1925<\/em>, 2000, 90p.<\/p>\n<p>No 13 : Leroux, \u00c9ric, <em>La pens\u00e9e de Gustave Francq, syndicaliste et r\u00e9formateur social : textes choisis, 1905-1948<\/em>, 2001, 166p.<\/p>\n<p><strong>Les ouvrages qui ne sont pas \u00e9puis\u00e9s sont disponibles au co\u00fbt de 25.00$ plus 8.00$ de frais postaux (33.00$). Pour en recevoir un exemplaire, envoyez votre demande et votre ch\u00e8que \u00e0 l\u2019ordre du RCHTQ \u00e0<\/strong><\/p>\n<p>Jacques Rouillard,<br \/>\nD\u00e9partement d\u2019histoire<br \/>\nUniversit\u00e9 de Montr\u00e9al<br \/>\nC.P. 6128, Succ. Centre-ville,<br \/>\nMontr\u00e9al, H3C 3J7<\/p>\n<p>jacques.rouillard@umontreal.ca<\/p>\n","protected":false},"excerpt":{"rendered":"<p>CAHIERS DE DOCUMENTS DU RCHTQ Le Groupe de recherche sur l\u2019histoire des mouvements politiques ouvriers de l\u2019Universit\u00e9 du Qu\u00e9bec \u00e0 Montr\u00e9al, Chronologie des mouvements politiques ouvriers au Qu\u00e9bec de la&#8230;<\/p>\n","protected":false},"author":2,"featured_media":0,"parent":0,"menu_order":0,"comment_status":"closed","ping_status":"closed","template":"","meta":{"_monsterinsights_skip_tracking":false,"_monsterinsights_sitenote_active":false,"_monsterinsights_sitenote_note":"","_monsterinsights_sitenote_category":0,"footnotes":""},"class_list":["post-3880","page","type-page","status-publish","hentry"],"_links":{"self":[{"href":"https:\/\/chrs.uqam.ca\/index.php\/wp-json\/wp\/v2\/pages\/3880","targetHints":{"allow":["GET"]}}],"collection":[{"href":"https:\/\/chrs.uqam.ca\/index.php\/wp-json\/wp\/v2\/pages"}],"about":[{"href":"https:\/\/chrs.uqam.ca\/index.php\/wp-json\/wp\/v2\/types\/page"}],"author":[{"embeddable":true,"href":"https:\/\/chrs.uqam.ca\/index.php\/wp-json\/wp\/v2\/users\/2"}],"replies":[{"embeddable":true,"href":"https:\/\/chrs.uqam.ca\/index.php\/wp-json\/wp\/v2\/comments?post=3880"}],"version-history":[{"count":1,"href":"https:\/\/chrs.uqam.ca\/index.php\/wp-json\/wp\/v2\/pages\/3880\/revisions"}],"predecessor-version":[{"id":12024,"href":"https:\/\/chrs.uqam.ca\/index.php\/wp-json\/wp\/v2\/pages\/3880\/revisions\/12024"}],"wp:attachment":[{"href":"https:\/\/chrs.uqam.ca\/index.php\/wp-json\/wp\/v2\/media?parent=3880"}],"curies":[{"name":"wp","href":"https:\/\/api.w.org\/{rel}","templated":true}]}}