{"id":36,"date":"2017-01-23T00:10:57","date_gmt":"2017-01-22T23:10:57","guid":{"rendered":"http:\/\/chrs.cieq.ca\/?page_id=36"},"modified":"2017-02-21T00:59:59","modified_gmt":"2017-02-20T23:59:59","slug":"liens","status":"publish","type":"page","link":"https:\/\/chrs.uqam.ca\/index.php\/ressources\/liens\/","title":{"rendered":"Liens"},"content":{"rendered":"<div class=\"content\">\n<h3>Centres de recherche<\/h3>\n<ul>\n<li><a title=\"Cerhio\" href=\"http:\/\/www.univ-rennes2.fr\/cerhio\/\" target=\"_blank\">Centre de recherches historiques de l&rsquo;Ouest (CERHIO)<\/a>,\u00a0<a title=\"Universit\u00e9 de Rennes 2\" href=\"http:\/\/www.univ-rennes2.fr\/\" target=\"_blank\">Universit\u00e9 de Rennes 2<\/a><\/li>\n<li><a title=\"CREMIS\" href=\"http:\/\/www.cremis.ca\/fr\/accueil.aspx?sortcode=1\" target=\"_blank\">Centres de recherche de Montr\u00e9al sur les in\u00e9galit\u00e9s sociales et les discriminations (CREMIS)<\/a>,\u00a0<a href=\"http:\/\/www.uqam.ca\/\" target=\"_blank\">UQAM<\/a>\u00a0et\u00a0<a title=\"Universit\u00e9 de Montr\u00e9al\" href=\"http:\/\/www.umontreal.ca\/\" target=\"_blank\">Universit\u00e9 de Montr\u00e9al<\/a><\/li>\n<li><a href=\"http:\/\/cems.ehess.fr\/\" target=\"_blank\">Centre d&rsquo;\u00e9tude des mouvements sociaux (CEMS)<\/a>,\u00a0<a href=\"http:\/\/www.ehess.fr\/fr\/\" target=\"_blank\">EHESS<\/a><\/li>\n<li><a href=\"http:\/\/web.upmf-grenoble.fr\/regulation\/\" target=\"_blank\">Association Recherche et R\u00e9gulation<\/a><\/li>\n<li><a href=\"http:\/\/www.crises.uqam.ca\/\" target=\"_blank\">Centre de recherche sur les innovations sociales (CRISES)<\/a>,\u00a0<a href=\"http:\/\/www.uqam.ca\/\" target=\"_blank\">UQAM<\/a><\/li>\n<li><a title=\"Groupe europ\u00e9ens de recherche sur les normativit\u00e9s\" href=\"http:\/\/www.gern-cnrs.com\/gern\/index.php?id=2\" target=\"_blank\">Groupe europ\u00e9en de recherche sur les normativit\u00e9s (GERN)<\/a><\/li>\n<li><a href=\"http:\/\/histoire-sociale.univ-paris1.fr\/\" target=\"_blank\">Centre d&rsquo;histoire sociale du XXe si\u00e8cle<\/a>,\u00a0<a href=\"http:\/\/www.univ-paris1.fr\/\">Universit\u00e9 Paris 1<\/a><\/li>\n<li><a href=\"http:\/\/www.cicc.umontreal.ca\/\" target=\"_blank\">Centre international de criminologie compar\u00e9e (CICC)<\/a>,\u00a0<a href=\"http:\/\/www.umontreal.ca\/\" target=\"_blank\">Universit\u00e9 de Montr\u00e9al<\/a><\/li>\n<li><a title=\"Collectif de recherche sur l'itin\u00e9rance, la pauvret\u00e9 et l'exclusion sociale\" href=\"http:\/\/www.er.uqam.ca\/nobel\/cri\/spip\/index.php\" target=\"_blank\">Collectif de recherche sur l&rsquo;itin\u00e9rance, la pauvret\u00e9 et l&rsquo;exclusion sociale (CRI)<\/a>,\u00a0<a href=\"http:\/\/www.uqam.ca\/\" target=\"_blank\">UQAM<\/a><\/li>\n<li><a href=\"http:\/\/www.iss.uqam.ca\/\" target=\"_blank\">Institut sant\u00e9 et soci\u00e9t\u00e9<\/a>,\u00a0<a href=\"http:\/\/www.uqam.ca\/\" target=\"_blank\">UQAM<\/a><\/li>\n<li><a href=\"http:\/\/juppiter.fltr.ucl.ac.be\/FLTR\/HIST\/CHDJ\/\">Centre d&rsquo;histoire du droit et de la justice<\/a>,\u00a0<a href=\"http:\/\/www.uclouvain.be\/\" target=\"_blank\">Universit\u00e9 catholique de Louvain<\/a><\/li>\n<li>\n<div><a href=\"http:\/\/www.cieq.uqtr.ca\/\" target=\"_blank\">Centre interuniversitaire d&rsquo;\u00e9tudes qu\u00e9b\u00e9coises (CIEQ)<\/a>,\u00a0<a href=\"http:\/\/www2.ulaval.ca\/\">Universit\u00e9 Laval<\/a>\u00a0\/<a href=\"http:\/\/www.uqtr.ca\/\">\u00a0UQTR<\/a><\/div>\n<\/li>\n<li>\n<div><a title=\"Groupe de recherche sur la sociologie historique du suicide au Qu\u00e9bec (SHSQ)\" href=\"http:\/\/sciencessociales.uottawa.ca\/suicide\/apropos\">Groupe de recherche sur la sociologie historique du suicide au Qu\u00e9bec\u00a0(SHSQ)<\/a>,\u00a0<a href=\"http:\/\/www.uottawa.ca\/fr\">uOttawa<\/a><\/div>\n<\/li>\n<li>\n<div><a href=\"http:\/\/www.archivesquebecoisesdutravail.org\/\">Centre d&rsquo;histoire et d&rsquo;archives du travail (CHAT)<\/a><\/div>\n<\/li>\n<\/ul>\n<h3><\/h3>\n<h3>Revues<\/h3>\n<ul>\n<li><a title=\"Champ p\u00e9nal\" href=\"http:\/\/champpenal.revues.org\/\">Champ p\u00e9nal<\/a><\/li>\n<li><a title=\"D\u00e9viance et soci\u00e9t\u00e9\" href=\"http:\/\/www.cairn.info\/revue-deviance-et-societe.htm\">D\u00e9viance et soci\u00e9t\u00e9<\/a><\/li>\n<li><a title=\"Crime, Histoire &amp; Soci\u00e9t\u00e9\" href=\"http:\/\/chs.revues.org\/\">Crime, Histoire &amp; Soci\u00e9t\u00e9<\/a><\/li>\n<li><a href=\"http:\/\/periodicos.ufpb.br\/ojs2\/index.php\/primafacie\/index\">Prima Facie<\/a><\/li>\n<li><a title=\"Asclepio. Revista de Historia de la Medicina y de la Ciencia\" href=\"http:\/\/asclepio.revistas.csic.es\/index.php\/asclepio\">Asclepio. Revista de Historia de la Medicina y de la Ciencia<\/a><\/li>\n<li><a title=\"Revue d'histoire de l'enfance \u00abirr\u00e9guli\u00e8re\u00bb\" href=\"http:\/\/rhei.revues.org\/index.html\">Revue d&rsquo;histoire de l&rsquo;enfance \u00abirr\u00e9guli\u00e8re\u00bb<\/a><\/li>\n<li><a title=\"Revue de la r\u00e9gulation\" href=\"http:\/\/regulation.revues.org\/\">Revue de la r\u00e9gulation<\/a><\/li>\n<li><a href=\"http:\/\/www.unites.uqam.ca\/bhp\/\">Bulletin d&rsquo;histoire politique<\/a><\/li>\n<\/ul>\n<div>\n<h3><\/h3>\n<h3>Sites documentaires sur le Web<\/h3>\n<ul>\n<li><a href=\"http:\/\/www.criminocorpus.cnrs.fr\/\/\">Crimino Corpus<\/a><\/li>\n<li><a href=\"http:\/\/aspe.hhs.gov\/poverty\/contacts.shtml\">Resources on Poverty<\/a><\/li>\n<li><a href=\"http:\/\/www-rohan.sdsu.edu\/faculty\/rwinslow\/index.html\">Crime &amp; Society<\/a><\/li>\n<li><a title=\"Just-his.be : The Sociopolitical History of Justice Administration in Belgium (1795-2005)\" href=\"http:\/\/www.just-his.be\">Just-his.be\u00a0:\u00a0The Sociopolitical History of Justice Administration in Belgium (1795-2005)<\/a><\/li>\n<\/ul>\n<\/div>\n<\/div>\n","protected":false},"excerpt":{"rendered":"<p>Centres de recherche Centre de recherches historiques de l&rsquo;Ouest (CERHIO),\u00a0Universit\u00e9 de Rennes 2 Centres de recherche de Montr\u00e9al sur les in\u00e9galit\u00e9s sociales et les discriminations (CREMIS),\u00a0UQAM\u00a0et\u00a0Universit\u00e9 de Montr\u00e9al Centre d&rsquo;\u00e9tude&#8230;<\/p>\n","protected":false},"author":2,"featured_media":0,"parent":32,"menu_order":2,"comment_status":"closed","ping_status":"closed","template":"","meta":{"_monsterinsights_skip_tracking":false,"_monsterinsights_sitenote_active":false,"_monsterinsights_sitenote_note":"","_monsterinsights_sitenote_category":0,"footnotes":""},"class_list":["post-36","page","type-page","status-publish","hentry"],"_links":{"self":[{"href":"https:\/\/chrs.uqam.ca\/index.php\/wp-json\/wp\/v2\/pages\/36","targetHints":{"allow":["GET"]}}],"collection":[{"href":"https:\/\/chrs.uqam.ca\/index.php\/wp-json\/wp\/v2\/pages"}],"about":[{"href":"https:\/\/chrs.uqam.ca\/index.php\/wp-json\/wp\/v2\/types\/page"}],"author":[{"embeddable":true,"href":"https:\/\/chrs.uqam.ca\/index.php\/wp-json\/wp\/v2\/users\/2"}],"replies":[{"embeddable":true,"href":"https:\/\/chrs.uqam.ca\/index.php\/wp-json\/wp\/v2\/comments?post=36"}],"version-history":[{"count":0,"href":"https:\/\/chrs.uqam.ca\/index.php\/wp-json\/wp\/v2\/pages\/36\/revisions"}],"up":[{"embeddable":true,"href":"https:\/\/chrs.uqam.ca\/index.php\/wp-json\/wp\/v2\/pages\/32"}],"wp:attachment":[{"href":"https:\/\/chrs.uqam.ca\/index.php\/wp-json\/wp\/v2\/media?parent=36"}],"curies":[{"name":"wp","href":"https:\/\/api.w.org\/{rel}","templated":true}]}}