{"id":34,"date":"2017-01-23T00:10:40","date_gmt":"2017-01-22T23:10:40","guid":{"rendered":"http:\/\/chrs.cieq.ca\/?page_id=34"},"modified":"2023-05-18T13:27:43","modified_gmt":"2023-05-18T17:27:43","slug":"sirs","status":"publish","type":"page","link":"https:\/\/chrs.uqam.ca\/index.php\/ressources\/sirs\/","title":{"rendered":"Le Syst\u00e8me d\u2019information sur les r\u00e9gulations sociales (SIRS)"},"content":{"rendered":"<p>Le Syst\u00e8me d&rsquo;information sur les r\u00e9gulations sociales (<a href=\"http:\/\/sirs.uqam.ca\">sirs.uqam.ca<\/a>) est un syst\u00e8me de gestion de bases de donn\u00e9es relationnelles, muni d\u2019interfaces d\u2019archivage, de partage, d\u2019administration, de saisie, d\u2019interrogation et de cr\u00e9ation de jeux de donn\u00e9es.<\/p>\n<h3><a title=\"SIRS\" href=\"http:\/\/sirs.uqam.ca\/\">Acc\u00e9dez au SIRS<\/a><\/h3>\n<p>Cette infrastructure de recherche en ligne, con\u00e7ue selon les standards de programmation d\u2019applications, est d\u2019une grande souplesse. Elle procure des outils d\u2019adaptation n\u00e9cessaires pour la modification des mod\u00e8les de bases de donn\u00e9es selon la structure des corpus utilis\u00e9s. Elle int\u00e8gre facilement tous les types de donn\u00e9es, comme des fichiers nominatifs, des r\u00e9f\u00e9rences bibliographiques, des PDF, des images et diverses autres donn\u00e9es et m\u00e9tadonn\u00e9es.<\/p>\n<p>Le SIRS poss\u00e8de une interface d\u2019administration pour la gestion autonome des mod\u00e8les (base de donn\u00e9es), ainsi que leurs types de champs, leurs relations, leurs affichages et leurs acc\u00e8s. En effet, des outils de gestion fine des droits de chaque utilisateur permettent d\u2019assurer la stabilit\u00e9 de cette infrastructure num\u00e9rique. &nbsp;Le SIRS est utilis\u00e9 dans toutes les op\u00e9rations de la recherche, depuis la collecte de donn\u00e9es jusqu\u2019\u00e0 leur visualisation.<\/p>\n<p><a href=\"sirs.uqam.ca\"><img loading=\"lazy\" decoding=\"async\" class=\"aligncenter wp-image-10807\" src=\"https:\/\/chrs.uqam.ca\/wp-content\/uploads\/2023\/05\/sirs-1024x297.png\" alt=\"\" width=\"740\" height=\"215\" srcset=\"https:\/\/chrs.uqam.ca\/wp-content\/uploads\/2023\/05\/sirs-1024x297.png 1024w, https:\/\/chrs.uqam.ca\/wp-content\/uploads\/2023\/05\/sirs-300x87.png 300w, https:\/\/chrs.uqam.ca\/wp-content\/uploads\/2023\/05\/sirs-768x223.png 768w, https:\/\/chrs.uqam.ca\/wp-content\/uploads\/2023\/05\/sirs-1536x445.png 1536w, https:\/\/chrs.uqam.ca\/wp-content\/uploads\/2023\/05\/sirs.png 1893w\" sizes=\"auto, (max-width: 740px) 100vw, 740px\" \/><\/a><\/p>\n<h4><\/h4>\n<h4><\/h4>\n<div id=\"content-content\">\n<div id=\"node-1334\" class=\"node odd full-node node-type-page\">\n<div class=\"content\"><\/div>\n<\/div>\n<\/div>\n","protected":false},"excerpt":{"rendered":"<p>Le Syst\u00e8me d&rsquo;information sur les r\u00e9gulations sociales (sirs.uqam.ca) est un syst\u00e8me de gestion de bases de donn\u00e9es relationnelles, muni d\u2019interfaces d\u2019archivage, de partage, d\u2019administration, de saisie, d\u2019interrogation et de cr\u00e9ation&#8230;<\/p>\n","protected":false},"author":2,"featured_media":0,"parent":32,"menu_order":1,"comment_status":"closed","ping_status":"closed","template":"","meta":{"_monsterinsights_skip_tracking":false,"_monsterinsights_sitenote_active":false,"_monsterinsights_sitenote_note":"","_monsterinsights_sitenote_category":0,"footnotes":""},"class_list":["post-34","page","type-page","status-publish","hentry"],"_links":{"self":[{"href":"https:\/\/chrs.uqam.ca\/index.php\/wp-json\/wp\/v2\/pages\/34","targetHints":{"allow":["GET"]}}],"collection":[{"href":"https:\/\/chrs.uqam.ca\/index.php\/wp-json\/wp\/v2\/pages"}],"about":[{"href":"https:\/\/chrs.uqam.ca\/index.php\/wp-json\/wp\/v2\/types\/page"}],"author":[{"embeddable":true,"href":"https:\/\/chrs.uqam.ca\/index.php\/wp-json\/wp\/v2\/users\/2"}],"replies":[{"embeddable":true,"href":"https:\/\/chrs.uqam.ca\/index.php\/wp-json\/wp\/v2\/comments?post=34"}],"version-history":[{"count":1,"href":"https:\/\/chrs.uqam.ca\/index.php\/wp-json\/wp\/v2\/pages\/34\/revisions"}],"predecessor-version":[{"id":11053,"href":"https:\/\/chrs.uqam.ca\/index.php\/wp-json\/wp\/v2\/pages\/34\/revisions\/11053"}],"up":[{"embeddable":true,"href":"https:\/\/chrs.uqam.ca\/index.php\/wp-json\/wp\/v2\/pages\/32"}],"wp:attachment":[{"href":"https:\/\/chrs.uqam.ca\/index.php\/wp-json\/wp\/v2\/media?parent=34"}],"curies":[{"name":"wp","href":"https:\/\/api.w.org\/{rel}","templated":true}]}}