{"id":32,"date":"2017-01-23T00:10:20","date_gmt":"2017-01-22T23:10:20","guid":{"rendered":"http:\/\/chrs.cieq.ca\/?page_id=32"},"modified":"2017-02-21T22:05:07","modified_gmt":"2017-02-21T21:05:07","slug":"ressources","status":"publish","type":"page","link":"https:\/\/chrs.uqam.ca\/index.php\/ressources\/","title":{"rendered":"Ressources"},"content":{"rendered":"<div class=\"content\">\n<p>Pour documenter ses recherches, le CHRS a constitu\u00e9 diverses banques de donn\u00e9es dont une Bibliographie de plus de 25000 titres, un Fichier Journaux qui collige le fruit du d\u00e9pouillement int\u00e9gral ou partiel de quelques 15 quotidiens (<em>La Patrie, Montreal Witness, Le Devoir<\/em>), ainsi qu&rsquo;un Registre de lettres qui offre r\u00e9sum\u00e9s et citations issus de la correspondance entretenue entre de nombreuses institutions religieuses, leurs \u00e9v\u00eaques, les m\u00e9decins et les procureurs et secr\u00e9taires de la province. Le Centre poss\u00e8de \u00e9galement plusieurs fichiers nominatifs pour fins statistiques.<\/p>\n<hr \/>\n<p>Notez toutefois que la Loi sur l&rsquo;acc\u00e8s aux documents des organismes publics et sur la protection des renseignements personnels du Qu\u00e9bec (L.R.Q., chapitre A-2.1), oblige le Centre \u00e0 en r\u00e9server l&rsquo;acc\u00e8s \u00e0 un nombre limit\u00e9 de chercheurs.<\/p>\n<p>Pour plus d&rsquo;informations concernant la disponibilit\u00e9 des ressources du CHRS, veuillez contacter le coordonnateur du centre.<\/p>\n<\/div>\n","protected":false},"excerpt":{"rendered":"<p>Pour documenter ses recherches, le CHRS a constitu\u00e9 diverses banques de donn\u00e9es dont une Bibliographie de plus de 25000 titres, un Fichier Journaux qui collige le fruit du d\u00e9pouillement int\u00e9gral&#8230;<\/p>\n","protected":false},"author":2,"featured_media":0,"parent":0,"menu_order":0,"comment_status":"closed","ping_status":"closed","template":"","meta":{"_monsterinsights_skip_tracking":false,"_monsterinsights_sitenote_active":false,"_monsterinsights_sitenote_note":"","_monsterinsights_sitenote_category":0,"footnotes":""},"class_list":["post-32","page","type-page","status-publish","hentry"],"_links":{"self":[{"href":"https:\/\/chrs.uqam.ca\/index.php\/wp-json\/wp\/v2\/pages\/32","targetHints":{"allow":["GET"]}}],"collection":[{"href":"https:\/\/chrs.uqam.ca\/index.php\/wp-json\/wp\/v2\/pages"}],"about":[{"href":"https:\/\/chrs.uqam.ca\/index.php\/wp-json\/wp\/v2\/types\/page"}],"author":[{"embeddable":true,"href":"https:\/\/chrs.uqam.ca\/index.php\/wp-json\/wp\/v2\/users\/2"}],"replies":[{"embeddable":true,"href":"https:\/\/chrs.uqam.ca\/index.php\/wp-json\/wp\/v2\/comments?post=32"}],"version-history":[{"count":0,"href":"https:\/\/chrs.uqam.ca\/index.php\/wp-json\/wp\/v2\/pages\/32\/revisions"}],"wp:attachment":[{"href":"https:\/\/chrs.uqam.ca\/index.php\/wp-json\/wp\/v2\/media?parent=32"}],"curies":[{"name":"wp","href":"https:\/\/api.w.org\/{rel}","templated":true}]}}