{"id":317,"date":"2017-01-27T06:32:13","date_gmt":"2017-01-27T05:32:13","guid":{"rendered":"http:\/\/chrs.cieq.ca\/?page_id=317"},"modified":"2017-01-27T06:32:13","modified_gmt":"2017-01-27T05:32:13","slug":"quelle-justice","status":"publish","type":"page","link":"https:\/\/chrs.uqam.ca\/index.php\/recherche\/realisations\/projets-de-recherche-en-cours\/quelle-justice\/","title":{"rendered":"Quelle justice? Enqu\u00eate sur les modes sociaux de r\u00e9gulation des troubles (principes et pratiques)"},"content":{"rendered":"<p>&nbsp;<\/p>\n<h4>Organisme(s) subventionnaire(s)<\/h4>\n<p>CRSH<\/p>\n<h4>Ann\u00e9es<\/h4>\n<p>En cours <\/p>\n<h4>Chercheur(s) CHRS<\/h4>\n<p><a href=\"\/index.php\/a-propos\/equipe\/membres-reguliers\/veronique-strimelle\/\">V\u00e9ronique Strimelle<\/a><\/p>\n<h4>Autre(s) chercheur(s)<\/h4>\n<p>Fran\u00e7oise Vanhamme <\/p>\n<p>&nbsp;<\/p>\n<p>Dans nos soci\u00e9t\u00e9s occidentales, quand on \u00e9voque la question de la r\u00e9gulation des troubles et conflits, c&rsquo;est l&rsquo;intervention p\u00e9nale qui vient rapidement \u00e0 l&rsquo;esprit. Cette mani\u00e8re de penser, appel\u00e9e \u00abla rationalit\u00e9 p\u00e9nale moderne\u00bb, est socialement ancr\u00e9e; en effet, depuis l&rsquo;\u00e9mergence de l&rsquo;\u00c9tat nation moderne, la plupart des discours juridiques et politique l&rsquo;appuient en soutenant que c&rsquo;est le syst\u00e8me p\u00e9nal qui contribue \u00e0 maintenir la coh\u00e9sion sociale. Or, dans les faits, le recours au syst\u00e8me p\u00e9nal appara\u00eet fort rare; de plus, ses modes de r\u00e9gulation s&rsquo;av\u00e8rent r\u00e9gler peu de choses et produire souvent plus d&rsquo;exclusion que de coh\u00e9sion.<\/p>\n<p>\u00c9merge alors l&rsquo;hypoth\u00e8se de l&rsquo;existence d&rsquo;autres modes de r\u00e9gulation qui contribueraient \u00e0 maintenir la coh\u00e9sion sociale sans n\u00e9cessairement d&rsquo;appel \u00e0 une intervention p\u00e9nale. Cette hypoth\u00e8que ouvre de fa\u00e7on originale sur le champ des relations sociales en partant de la perspective et l&rsquo;exp\u00e9rience des individus, dans une approche compr\u00e9hensive et qualitative.<\/p>\n","protected":false},"excerpt":{"rendered":"<p>&nbsp; Organisme(s) subventionnaire(s) CRSH Ann\u00e9es En cours Chercheur(s) CHRS V\u00e9ronique Strimelle Autre(s) chercheur(s) Fran\u00e7oise Vanhamme &nbsp; Dans nos soci\u00e9t\u00e9s occidentales, quand on \u00e9voque la question de la r\u00e9gulation des troubles&#8230;<\/p>\n","protected":false},"author":2,"featured_media":0,"parent":50,"menu_order":11,"comment_status":"closed","ping_status":"closed","template":"","meta":{"_monsterinsights_skip_tracking":false,"_monsterinsights_sitenote_active":false,"_monsterinsights_sitenote_note":"","_monsterinsights_sitenote_category":0,"footnotes":""},"class_list":["post-317","page","type-page","status-publish","hentry"],"_links":{"self":[{"href":"https:\/\/chrs.uqam.ca\/index.php\/wp-json\/wp\/v2\/pages\/317","targetHints":{"allow":["GET"]}}],"collection":[{"href":"https:\/\/chrs.uqam.ca\/index.php\/wp-json\/wp\/v2\/pages"}],"about":[{"href":"https:\/\/chrs.uqam.ca\/index.php\/wp-json\/wp\/v2\/types\/page"}],"author":[{"embeddable":true,"href":"https:\/\/chrs.uqam.ca\/index.php\/wp-json\/wp\/v2\/users\/2"}],"replies":[{"embeddable":true,"href":"https:\/\/chrs.uqam.ca\/index.php\/wp-json\/wp\/v2\/comments?post=317"}],"version-history":[{"count":0,"href":"https:\/\/chrs.uqam.ca\/index.php\/wp-json\/wp\/v2\/pages\/317\/revisions"}],"up":[{"embeddable":true,"href":"https:\/\/chrs.uqam.ca\/index.php\/wp-json\/wp\/v2\/pages\/50"}],"wp:attachment":[{"href":"https:\/\/chrs.uqam.ca\/index.php\/wp-json\/wp\/v2\/media?parent=317"}],"curies":[{"name":"wp","href":"https:\/\/api.w.org\/{rel}","templated":true}]}}