{"id":315,"date":"2017-01-27T06:29:39","date_gmt":"2017-01-27T05:29:39","guid":{"rendered":"http:\/\/chrs.cieq.ca\/?page_id=315"},"modified":"2018-05-09T09:51:05","modified_gmt":"2018-05-09T13:51:05","slug":"lilot-saint-pierre-apotre","status":"publish","type":"page","link":"https:\/\/chrs.uqam.ca\/index.php\/recherche\/realisations\/projets-de-recherche-en-cours\/lilot-saint-pierre-apotre\/","title":{"rendered":"L&rsquo;\u00eelot Saint-Pierre Ap\u00f4tre : un h\u00e9ritage pour la communaut\u00e9"},"content":{"rendered":"<p>&nbsp;<\/p>\n<h4>Organisme(s) subventionnaire(s)<\/h4>\n<p>Centre Saint-Pierre<br \/>\nService aux collectivit\u00e9s de l&rsquo;UQAM<br \/>\n\u00c9comus\u00e9e du fier monde<br \/>\nLes Productions via le monde<\/p>\n<h4>Ann\u00e9es<\/h4>\n<p>2011<\/p>\n<h4>Chercheur(s) CHRS<\/h4>\n<p><a href=\"\/index.php\/a-propos\/equipe\/membres-reguliers\/martin-petitclerc\/\">Martin Petitclerc<\/a><\/p>\n<h4>Autre(s) chercheur(s)<\/h4>\n<div class=\"su-row\"><div class=\"su-column su-column-size-1-3\"><div class=\"su-column-inner su-u-clearfix su-u-trim\">Francine Pelletier<br \/>\nDominique Marquis<\/div><\/div>\n<div class=\"su-column su-column-size-1-3\"><div class=\"su-column-inner su-u-clearfix su-u-trim\">\u00c9ric Giroux<\/div><\/div>\n<div class=\"su-column su-column-size-1-3\"><div class=\"su-column-inner su-u-clearfix su-u-trim\">Carmen Fontaine<\/div><\/div><\/div>\n<p>&nbsp;<\/p>\n<p>Ce projet vise \u00e0 documenter et mettre en valeur l&rsquo;histoire de l&rsquo;\u00eelot Saint-Pierre Ap\u00f4tre, au coeur de cette paroisse fond\u00e9e par les Oblats, et de ses diverses composantes ainsi que l&rsquo;h\u00e9ritage des diff\u00e9rents groupes et artisans ayant oeuvr\u00e9 sur le site. Ce vaste projet comprend des activit\u00e9s de recherche en archives, de cueillette de t\u00e9moignages, de photographies d&rsquo;objets ou de documents ainsi que des activit\u00e9s de m\u00e9diation culturelle, de comm\u00e9moration et de diffusion. Se d\u00e9roulant sur trois ans, il se terminera par une grande exposition qui dressera un bilan des connaissances acquises sur le site et ses divers occupants, tout en jetant un regard sur le pr\u00e9sent et l&rsquo;avenir. Trois axes de recherche ont \u00e9t\u00e9 identifi\u00e9s et seront explor\u00e9s au cours des trois prochaines ann\u00e9es :<\/p>\n<ul>\n<ul>1) L&rsquo;action spirituelle et culturelle, marqu\u00e9e par la pr\u00e9sence de l&rsquo;\u00c9glise, mais aussi par les divers services et activit\u00e9s culturelles d\u00e9velopp\u00e9es par les Oblats;<\/ul>\n<\/ul>\n<p>2) L&rsquo;action \u00e9ducative, qui prend forme d&rsquo;abord dans le b\u00e2timent de la ma\u00eetrise, pour se poursuivre dans l&rsquo;\u00e9cole Saint-Pierre, contruite en 1886 et qui devient le Centre St-Pierre, centre d&rsquo;\u00e9ducation populaire, en 1973;<\/p>\n<p>3) L&rsquo;action sociale, d\u00e9velopp\u00e9e en collaboration avec d&rsquo;autres communaut\u00e9s religieuses et destin\u00e9es \u00e0 offrir des r\u00e9ponses pr\u00e9cises \u00e0 des probl\u00e8mes v\u00e9cus par la population.<\/p>\n","protected":false},"excerpt":{"rendered":"<p>&nbsp; Organisme(s) subventionnaire(s) Centre Saint-Pierre Service aux collectivit\u00e9s de l&rsquo;UQAM \u00c9comus\u00e9e du fier monde Les Productions via le monde Ann\u00e9es 2011 Chercheur(s) CHRS Martin Petitclerc Autre(s) chercheur(s) &nbsp; Ce projet&#8230;<\/p>\n","protected":false},"author":2,"featured_media":0,"parent":50,"menu_order":10,"comment_status":"closed","ping_status":"closed","template":"","meta":{"_monsterinsights_skip_tracking":false,"_monsterinsights_sitenote_active":false,"_monsterinsights_sitenote_note":"","_monsterinsights_sitenote_category":0,"footnotes":""},"class_list":["post-315","page","type-page","status-publish","hentry"],"_links":{"self":[{"href":"https:\/\/chrs.uqam.ca\/index.php\/wp-json\/wp\/v2\/pages\/315","targetHints":{"allow":["GET"]}}],"collection":[{"href":"https:\/\/chrs.uqam.ca\/index.php\/wp-json\/wp\/v2\/pages"}],"about":[{"href":"https:\/\/chrs.uqam.ca\/index.php\/wp-json\/wp\/v2\/types\/page"}],"author":[{"embeddable":true,"href":"https:\/\/chrs.uqam.ca\/index.php\/wp-json\/wp\/v2\/users\/2"}],"replies":[{"embeddable":true,"href":"https:\/\/chrs.uqam.ca\/index.php\/wp-json\/wp\/v2\/comments?post=315"}],"version-history":[{"count":0,"href":"https:\/\/chrs.uqam.ca\/index.php\/wp-json\/wp\/v2\/pages\/315\/revisions"}],"up":[{"embeddable":true,"href":"https:\/\/chrs.uqam.ca\/index.php\/wp-json\/wp\/v2\/pages\/50"}],"wp:attachment":[{"href":"https:\/\/chrs.uqam.ca\/index.php\/wp-json\/wp\/v2\/media?parent=315"}],"curies":[{"name":"wp","href":"https:\/\/api.w.org\/{rel}","templated":true}]}}