{"id":2887,"date":"2017-09-01T13:25:20","date_gmt":"2017-09-01T17:25:20","guid":{"rendered":"https:\/\/chrs.dev.uqam.ca\/?page_id=2887"},"modified":"2017-09-01T13:29:18","modified_gmt":"2017-09-01T17:29:18","slug":"michele-diotte","status":"publish","type":"page","link":"https:\/\/chrs.uqam.ca\/index.php\/a-propos\/equipe\/membres-etudiants\/michele-diotte\/","title":{"rendered":"Mich\u00e8le Diotte"},"content":{"rendered":"<div class=\"su-row\"><div class=\"su-column su-column-size-1-5\"><div class=\"su-column-inner su-u-clearfix su-u-trim\"><img loading=\"lazy\" decoding=\"async\" src=\"https:\/\/chrs.uqam.ca\/wp-content\/uploads\/2017\/09\/michelediotte.jpg\" alt=\"\" width=\"150\" height=\"150\" class=\"alignleft size-thumbnail wp-image-700\" \/><\/div><\/div>\n<div class=\"su-column su-column-size-4-5\"><div class=\"su-column-inner su-u-clearfix su-u-trim\">\n<strong>Universit\u00e9 d\u2019Ottawa<br \/>\nD\u00e9partement de criminologie<\/strong><\/div><\/div><\/div>\n<p>Mich\u00e8le Diotte est candidate au doctorat en criminologie \u00e0 l\u2019Universit\u00e9 d\u2019Ottawa. Elle s\u2019int\u00e9resse aux discours \u00e0 l\u2019intersection du consentement sexuel et du handicap cognitif.<\/p>\n<div class=\"su-spoiler su-spoiler-style-default su-spoiler-icon-chevron su-spoiler-closed\" data-scroll-offset=\"0\" data-anchor-in-url=\"no\"><div class=\"su-spoiler-title\" tabindex=\"0\" role=\"button\"><span class=\"su-spoiler-icon\"><\/span>Coordonn\u00e9es<\/div><div class=\"su-spoiler-content su-u-clearfix su-u-trim\">\n<p><strong>Courriel : <\/strong><br \/>\nmdiot057@uottawa.ca<\/div><\/div>\n<div class=\"su-spoiler su-spoiler-style-default su-spoiler-icon-chevron su-spoiler-closed\" data-scroll-offset=\"0\" data-anchor-in-url=\"no\"><div class=\"su-spoiler-title\" tabindex=\"0\" role=\"button\"><span class=\"su-spoiler-icon\"><\/span>Liens<\/div><div class=\"su-spoiler-content su-u-clearfix su-u-trim\">\n<a href=\"http:\/\/uottawa.academia.edu\/Mich\u00e8leDiotte\" target=\"_blank\">Profil Academia de Mich\u00e8le Diotte<\/a><br \/>\n<\/div><\/div>\n<div class=\"su-spoiler su-spoiler-style-default su-spoiler-icon-chevron su-spoiler-closed\" data-scroll-offset=\"0\" data-anchor-in-url=\"no\"><div class=\"su-spoiler-title\" tabindex=\"0\" role=\"button\"><span class=\"su-spoiler-icon\"><\/span>Th\u00e8se de doctorat<\/div><div class=\"su-spoiler-content su-u-clearfix su-u-trim\">\n<em>Handicap cognitif et agression sexuelle\u00a0: la construction socio-juridique du consentement sexuel<\/em> (titre provisoire), Universit\u00e9 d&rsquo;Ottawa<\/p>\n<ul>Direction : <a href=\"https:\/\/chrs.uqam.ca\/index.php\/a-propos\/equipe\/membres-reguliers\/isabelle-perreault\/\" target=\"_blank\">Isabelle Perreault<\/a><br \/>\n<\/div><\/div>\n<div class=\"su-spoiler su-spoiler-style-default su-spoiler-icon-chevron su-spoiler-closed\" data-scroll-offset=\"0\" data-anchor-in-url=\"no\"><div class=\"su-spoiler-title\" tabindex=\"0\" role=\"button\"><span class=\"su-spoiler-icon\"><\/span>M\u00e9moire de ma\u00eetrise<\/div><div class=\"su-spoiler-content su-u-clearfix su-u-trim\">\n<em>Les perceptions des polici\u00e8res dont le conjoint est policier : carri\u00e8res, vie de couple, famille. \u00c9tude exploratoire.<\/em>, Universit\u00e9 d&rsquo;Ottawa<\/p>\n<ul>Direction : Line Beauchesne<br \/>\n<\/div><\/div>\n<div class=\"su-spoiler su-spoiler-style-default su-spoiler-icon-chevron su-spoiler-closed\" data-scroll-offset=\"0\" data-anchor-in-url=\"no\"><div class=\"su-spoiler-title\" tabindex=\"0\" role=\"button\"><span class=\"su-spoiler-icon\"><\/span>Bourses, prix et distinctions<\/div><div class=\"su-spoiler-content su-u-clearfix su-u-trim\">\nBourse doctorale Fonds de Recherche du Qu\u00e9bec- Soci\u00e9t\u00e9 et Culture (FRQSC)<br \/>\nBourse d\u2019\u00c9tudes Sup\u00e9rieures de l\u2019Ontario (BESO)<br \/>\nBourse d\u2019excellence nationale UOttawa<br \/>\nBourse d\u2019admission UOttawa<br \/>\n<\/div><\/div>\n<div class=\"su-spoiler su-spoiler-style-default su-spoiler-icon-chevron\" data-scroll-offset=\"0\" data-anchor-in-url=\"no\"><div class=\"su-spoiler-title\" tabindex=\"0\" role=\"button\"><span class=\"su-spoiler-icon\"><\/span>Nouvelles<\/div><div class=\"su-spoiler-content su-u-clearfix su-u-trim\">\n\n<\/div><\/div>\n","protected":false},"excerpt":{"rendered":"<p>Mich\u00e8le Diotte est candidate au doctorat en criminologie \u00e0 l\u2019Universit\u00e9 d\u2019Ottawa. Elle s\u2019int\u00e9resse aux discours \u00e0 l\u2019intersection du consentement sexuel et du handicap cognitif.<\/p>\n","protected":false},"author":2,"featured_media":0,"parent":455,"menu_order":0,"comment_status":"closed","ping_status":"closed","template":"","meta":{"_monsterinsights_skip_tracking":false,"_monsterinsights_sitenote_active":false,"_monsterinsights_sitenote_note":"","_monsterinsights_sitenote_category":0,"footnotes":""},"class_list":["post-2887","page","type-page","status-publish","hentry"],"_links":{"self":[{"href":"https:\/\/chrs.uqam.ca\/index.php\/wp-json\/wp\/v2\/pages\/2887","targetHints":{"allow":["GET"]}}],"collection":[{"href":"https:\/\/chrs.uqam.ca\/index.php\/wp-json\/wp\/v2\/pages"}],"about":[{"href":"https:\/\/chrs.uqam.ca\/index.php\/wp-json\/wp\/v2\/types\/page"}],"author":[{"embeddable":true,"href":"https:\/\/chrs.uqam.ca\/index.php\/wp-json\/wp\/v2\/users\/2"}],"replies":[{"embeddable":true,"href":"https:\/\/chrs.uqam.ca\/index.php\/wp-json\/wp\/v2\/comments?post=2887"}],"version-history":[{"count":0,"href":"https:\/\/chrs.uqam.ca\/index.php\/wp-json\/wp\/v2\/pages\/2887\/revisions"}],"up":[{"embeddable":true,"href":"https:\/\/chrs.uqam.ca\/index.php\/wp-json\/wp\/v2\/pages\/455"}],"wp:attachment":[{"href":"https:\/\/chrs.uqam.ca\/index.php\/wp-json\/wp\/v2\/media?parent=2887"}],"curies":[{"name":"wp","href":"https:\/\/api.w.org\/{rel}","templated":true}]}}