{"id":288,"date":"2017-01-27T05:38:15","date_gmt":"2017-01-27T04:38:15","guid":{"rendered":"http:\/\/chrs.cieq.ca\/?page_id=288"},"modified":"2017-05-03T13:45:41","modified_gmt":"2017-05-03T17:45:41","slug":"analyse-historique-de-lacces-aux-services-hospitaliers-au-quebec","status":"publish","type":"page","link":"https:\/\/chrs.uqam.ca\/index.php\/recherche\/realisations\/projets-de-recherche-termines\/analyse-historique-de-lacces-aux-services-hospitaliers-au-quebec\/","title":{"rendered":"Analyse historique de l&rsquo;acc\u00e8s aux services hospitaliers au Qu\u00e9bec. Une g\u00e9n\u00e9alogie du droit \u00e0 la sant\u00e9"},"content":{"rendered":"<p>&nbsp;<\/p>\n<h4>Organisme(s) subventionnaire(s)<\/h4>\n<p>Fonds de d\u00e9veloppement acad\u00e9mique du r\u00e9seau UQ (FODAR) <\/p>\n<h4>Ann\u00e9es<\/h4>\n<p>2014-2015<\/p>\n<h4>Chercheur(s) CHRS<\/h4>\n<div class=\"su-row\"><div class=\"su-column su-column-size-1-3\"><div class=\"su-column-inner su-u-clearfix su-u-trim\"><a href=\"\/index.php\/a-propos\/equipe\/membres-reguliers\/martin-petitclerc\/\">Martin Petitclerc<\/a><br \/>\n<\/div><\/div>\n<div class=\"su-column su-column-size-1-3\"><div class=\"su-column-inner su-u-clearfix su-u-trim\"><a href=\"\/index.php\/a-propos\/equipe\/membres-reguliers\/francois-guerard\/\">Fran\u00e7ois Gu\u00e9rard<\/a><\/div><\/div>\n<div class=\"su-column su-column-size-1-3\"><div class=\"su-column-inner su-u-clearfix su-u-trim\"><a href=\"\/index.php\/a-propos\/equipe\/membres-reguliers\/yvan-rousseau\/\">Yvan Rousseau<\/a><br \/>\n<\/div><\/div><\/div>\n<p>&nbsp;<\/p>\n<p>Ce projet sur l&rsquo;histoire du probl\u00e8me de l&rsquo;acc\u00e8s aux services hospitaliers au Qu\u00e9bec regroupe les chercheurs Martin Petitclerc (UQAM), Yvan Rousseau (UQTR) et Fran\u00e7ois Gu\u00e9rard (UQAC). Il constitue un prolongement de la nouvelle programmation scientifique de l&rsquo;\u00e9quipe du CHRS, \u00e0 savoir Le gouvernement de la mis\u00e8re et la citoyennet\u00e9 (financement FRQSC 2014-2018).<\/p>\n<p>L&rsquo;\u00e9volution de l&rsquo;acc\u00e8s aux soins constitue une pi\u00e8ce fondamentale de l&rsquo;histoire des services hospitaliers et, plus largement, des syst\u00e8mes de sant\u00e9. Cet acc\u00e8s est fonction de multiples facteurs : disponibilit\u00e9 des services, politiques sociales, modalit\u00e9s de paiement, usage de l&rsquo;h\u00f4pital par la population, etc. L&rsquo;essentiel des travaux existants couvre la mise en place des services, l&rsquo;organisation de leur distribution et les principaux acteurs sociaux du monde hospitalier, sans pour autant r\u00e9v\u00e9ler la composition sociale, \u00e9conomique et culturelle des populations hospitalis\u00e9es. Or cette donn\u00e9e est capitale pour comprendre la formation du dispositif hospitalier au cours du premier tiers du 20e si\u00e8cle, les \u00e9volutions subs\u00e9quentes qu&rsquo;il va conna\u00eetre et, surtout, la gen\u00e8se du droit \u00e0 l&rsquo;acc\u00e8s aux soins de sant\u00e9, ind\u00e9pendamment des fortunes. Le pr\u00e9sent projet vise \u00e0 combler cette lacune en fournissant des outils de mesure de ces ph\u00e9nom\u00e8nes \u00e0 une \u00e9poque o\u00f9 la m\u00e9decine moderne devient le pilier de l&rsquo;h\u00f4pital.<\/p>\n","protected":false},"excerpt":{"rendered":"<p>&nbsp; Organisme(s) subventionnaire(s) Fonds de d\u00e9veloppement acad\u00e9mique du r\u00e9seau UQ (FODAR) Ann\u00e9es 2014-2015 Chercheur(s) CHRS &nbsp; Ce projet sur l&rsquo;histoire du probl\u00e8me de l&rsquo;acc\u00e8s aux services hospitaliers au Qu\u00e9bec regroupe&#8230;<\/p>\n","protected":false},"author":2,"featured_media":0,"parent":52,"menu_order":2,"comment_status":"closed","ping_status":"closed","template":"","meta":{"_monsterinsights_skip_tracking":false,"_monsterinsights_sitenote_active":false,"_monsterinsights_sitenote_note":"","_monsterinsights_sitenote_category":0,"footnotes":""},"class_list":["post-288","page","type-page","status-publish","hentry"],"_links":{"self":[{"href":"https:\/\/chrs.uqam.ca\/index.php\/wp-json\/wp\/v2\/pages\/288","targetHints":{"allow":["GET"]}}],"collection":[{"href":"https:\/\/chrs.uqam.ca\/index.php\/wp-json\/wp\/v2\/pages"}],"about":[{"href":"https:\/\/chrs.uqam.ca\/index.php\/wp-json\/wp\/v2\/types\/page"}],"author":[{"embeddable":true,"href":"https:\/\/chrs.uqam.ca\/index.php\/wp-json\/wp\/v2\/users\/2"}],"replies":[{"embeddable":true,"href":"https:\/\/chrs.uqam.ca\/index.php\/wp-json\/wp\/v2\/comments?post=288"}],"version-history":[{"count":0,"href":"https:\/\/chrs.uqam.ca\/index.php\/wp-json\/wp\/v2\/pages\/288\/revisions"}],"up":[{"embeddable":true,"href":"https:\/\/chrs.uqam.ca\/index.php\/wp-json\/wp\/v2\/pages\/52"}],"wp:attachment":[{"href":"https:\/\/chrs.uqam.ca\/index.php\/wp-json\/wp\/v2\/media?parent=288"}],"curies":[{"name":"wp","href":"https:\/\/api.w.org\/{rel}","templated":true}]}}