{"id":2879,"date":"2017-09-01T12:56:08","date_gmt":"2017-09-01T16:56:08","guid":{"rendered":"https:\/\/chrs.dev.uqam.ca\/?page_id=2879"},"modified":"2017-09-01T13:03:51","modified_gmt":"2017-09-01T17:03:51","slug":"caroline-desruisseaux","status":"publish","type":"page","link":"https:\/\/chrs.uqam.ca\/index.php\/a-propos\/equipe\/membres-etudiants\/caroline-desruisseaux\/","title":{"rendered":"Caroline Desruisseaux"},"content":{"rendered":"<p><strong>Universit\u00e9 de Sherbrooke<br \/>\nD\u00e9partement d&rsquo;histoire<\/strong><\/p>\n<p>Caroline Desruisseaux est candidate \u00e0 la maitrise au d\u00e9partement d\u2019histoire de l\u2019Universit\u00e9 de Sherbrooke, sous la direction de Louise Bienvenue et Claude G\u00e9linas. Dans le cadre de ses recherches, elle s\u2019int\u00e9resse \u00e0 l\u2019histoire des peuples autochtones au Qu\u00e9bec et au Canada dans la seconde moiti\u00e9 du 20e si\u00e8cle, particuli\u00e8rement en ce qui a trait aux questions des r\u00e9gulations sociales et de l&rsquo;administration du droit eurocanadien dans le nord du Qu\u00e9bec.<\/p>\n<div class=\"su-spoiler su-spoiler-style-default su-spoiler-icon-chevron su-spoiler-closed\" data-scroll-offset=\"0\" data-anchor-in-url=\"no\"><div class=\"su-spoiler-title\" tabindex=\"0\" role=\"button\"><span class=\"su-spoiler-icon\"><\/span>Coordonn\u00e9es<\/div><div class=\"su-spoiler-content su-u-clearfix su-u-trim\">\n<p><strong>Courriel : <\/strong><br \/>\nCaroline.Desruisseaux@USherbrooke.ca<\/div><\/div>\n<div class=\"su-spoiler su-spoiler-style-default su-spoiler-icon-chevron su-spoiler-closed\" data-scroll-offset=\"0\" data-anchor-in-url=\"no\"><div class=\"su-spoiler-title\" tabindex=\"0\" role=\"button\"><span class=\"su-spoiler-icon\"><\/span>M\u00e9moire de ma\u00eetrise<\/div><div class=\"su-spoiler-content su-u-clearfix su-u-trim\">\n<em>Une justice postcoloniale? Les interventions de la Cour itin\u00e9rante du district judiciaire d\u2019Abitibi aupr\u00e8s de la nation crie de la Baie-James et de l\u2019Est entre 1974 et 1995<\/em>, Universit\u00e9 de Sherbrooke<\/p>\n<ul>Direction : <a href=\"\/index.php\/a-propos\/equipe\/membres-reguliers\/louise-bienvenue\/\" target=\"_blank\">Louise Bienvenue<\/a> (UQAM)<br \/>\nCo-direction : Claude G\u00e9linas (Universit\u00e9 de Sherbrooke)<\/ul>\n<p>En octobre 1974, le gouvernement du Qu\u00e9bec cr\u00e9e le premier tribunal itin\u00e9rant afin de rendre les services judiciaires accessibles \u00e0 la population r\u00e9sidant au nord du 45e parall\u00e8le. Depuis, la Cour itin\u00e9rante du district judiciaire d\u2019Abitibi est amen\u00e9e \u00e0 se rendre chaque ann\u00e9e dans un certain nombre de villages cris, inuits et naskapis pour r\u00e9soudre des litiges juridiques. Or, les peuples autochtones nordiques ont encore recours \u00e0 leurs propres traditions de r\u00e9solution de conflits, h\u00e9rit\u00e9es de leur histoire et s\u2019\u00e9tant transform\u00e9es et adapt\u00e9es au cours de la colonisation. En s\u2019int\u00e9ressant au processus de d\u00e9colonisation politique au Canada, ce m\u00e9moire de ma\u00eetrise \u00e9tudie les rapports qui se sont \u00e9tablis entre la Cour itin\u00e9rante du district judiciaire d\u2019Abitibi lors de ses interventions et la nation crie de la Baie-James et de l\u2019Est entre 1974 et 1995.<br \/>\n<\/div><\/div>\n<div class=\"su-spoiler su-spoiler-style-default su-spoiler-icon-chevron su-spoiler-closed\" data-scroll-offset=\"0\" data-anchor-in-url=\"no\"><div class=\"su-spoiler-title\" tabindex=\"0\" role=\"button\"><span class=\"su-spoiler-icon\"><\/span>Bourses, prix et distinctions<\/div><div class=\"su-spoiler-content su-u-clearfix su-u-trim\">\nBourse de la Banque et Archives nationales du Qu\u00e9bec (BAnQ)<\/p>\n<p>Bourse du Fonds de Recherche du Que\u0301bec \u2013 Socie\u0301te\u0301 et culture (FRQSC)<\/p>\n<p>Bourse de recherche a\u0300 la mai\u0302trise du Centre d\u2019histoire des Re\u0301gulations sociales (CHRS) <\/p>\n<p>Bourse d\u2019admission a\u0300 la maitrise du de\u0301partement d\u2019histoire<br \/>\n<\/div><\/div>\n<div class=\"su-spoiler su-spoiler-style-default su-spoiler-icon-chevron\" data-scroll-offset=\"0\" data-anchor-in-url=\"no\"><div class=\"su-spoiler-title\" tabindex=\"0\" role=\"button\"><span class=\"su-spoiler-icon\"><\/span>Nouvelles<\/div><div class=\"su-spoiler-content su-u-clearfix su-u-trim\">\n\n<\/div><\/div>\n","protected":false},"excerpt":{"rendered":"<p>Universit\u00e9 de Sherbrooke D\u00e9partement d&rsquo;histoire Caroline Desruisseaux est candidate \u00e0 la maitrise au d\u00e9partement d\u2019histoire de l\u2019Universit\u00e9 de Sherbrooke, sous la direction de Louise Bienvenue et Claude G\u00e9linas. Dans le&#8230;<\/p>\n","protected":false},"author":2,"featured_media":0,"parent":455,"menu_order":0,"comment_status":"closed","ping_status":"closed","template":"","meta":{"_monsterinsights_skip_tracking":false,"_monsterinsights_sitenote_active":false,"_monsterinsights_sitenote_note":"","_monsterinsights_sitenote_category":0,"footnotes":""},"class_list":["post-2879","page","type-page","status-publish","hentry"],"_links":{"self":[{"href":"https:\/\/chrs.uqam.ca\/index.php\/wp-json\/wp\/v2\/pages\/2879","targetHints":{"allow":["GET"]}}],"collection":[{"href":"https:\/\/chrs.uqam.ca\/index.php\/wp-json\/wp\/v2\/pages"}],"about":[{"href":"https:\/\/chrs.uqam.ca\/index.php\/wp-json\/wp\/v2\/types\/page"}],"author":[{"embeddable":true,"href":"https:\/\/chrs.uqam.ca\/index.php\/wp-json\/wp\/v2\/users\/2"}],"replies":[{"embeddable":true,"href":"https:\/\/chrs.uqam.ca\/index.php\/wp-json\/wp\/v2\/comments?post=2879"}],"version-history":[{"count":0,"href":"https:\/\/chrs.uqam.ca\/index.php\/wp-json\/wp\/v2\/pages\/2879\/revisions"}],"up":[{"embeddable":true,"href":"https:\/\/chrs.uqam.ca\/index.php\/wp-json\/wp\/v2\/pages\/455"}],"wp:attachment":[{"href":"https:\/\/chrs.uqam.ca\/index.php\/wp-json\/wp\/v2\/media?parent=2879"}],"curies":[{"name":"wp","href":"https:\/\/api.w.org\/{rel}","templated":true}]}}