{"id":281,"date":"2017-01-27T03:17:21","date_gmt":"2017-01-27T02:17:21","guid":{"rendered":"http:\/\/chrs.cieq.ca\/?page_id=281"},"modified":"2023-05-23T13:43:32","modified_gmt":"2023-05-23T17:43:32","slug":"le-gouvernement-de-la-misere","status":"publish","type":"page","link":"https:\/\/chrs.uqam.ca\/index.php\/recherche\/realisations\/projets-de-recherche-en-cours\/le-gouvernement-de-la-misere\/","title":{"rendered":"Le gouvernement de la mis\u00e8re et la citoyennet\u00e9: pauvret\u00e9, maladie et crime dans l&rsquo;histoire du Qu\u00e9bec"},"content":{"rendered":"<h4>Organisme(s) subventionnaire(s)<\/h4>\n<p>FRQSC &#8211; Subvention \u00c9quipe en renouvellement<\/p>\n<h4>Ann\u00e9es<\/h4>\n<p>2014-2018<\/p>\n<h4>Chercheur(s) CHRS<\/h4>\n<div class=\"su-row\"><div class=\"su-column su-column-size-1-3\"><div class=\"su-column-inner su-u-clearfix su-u-trim\"><a href=\"\/index.php\/a-propos\/equipe\/membres-reguliers\/martin-petitclerc\/\">Martin Petitclerc<\/a><br \/>\n<a href=\"\/index.php\/a-propos\/equipe\/membres-reguliers\/louise-bienvenue\/\">Louise Bienvenue<\/a><br \/>\n<a href=\"\/index.php\/a-propos\/equipe\/membres-reguliers\/guy-cucumel\/\">Guy Cucumel<\/a><\/div><\/div>\n<div class=\"su-column su-column-size-1-3\"><div class=\"su-column-inner su-u-clearfix su-u-trim\"><a href=\"\/index.php\/a-propos\/equipe\/membres-reguliers\/francois-fenchel\/\">Fran\u00e7ois Fenchel<\/a><br \/>\n<a href=\"\/index.php\/a-propos\/equipe\/membres-reguliers\/donald-fyson\/\">Donald Fyson<\/a><br \/>\n<a href=\"\/index.php\/a-propos\/equipe\/membres-reguliers\/francois-guerard\/\">Fran\u00e7ois Gu\u00e9rard<\/a><\/div><\/div>\n<div class=\"su-column su-column-size-1-3\"><div class=\"su-column-inner su-u-clearfix su-u-trim\"><a href=\"\/index.php\/a-propos\/equipe\/membres-reguliers\/janice-harvey\/\">Janice Harvey<\/a><br \/>\n<a href=\"\/index.php\/a-propos\/equipe\/membres-reguliers\/yvan-rousseau\/\">Yvan Rousseau<\/a><br \/>\n<a href=\"\/index.php\/a-propos\/equipe\/membres-reguliers\/jean-trepanier\/\">Jean Tr\u00e9panier<\/a><\/div><\/div><\/div>\n<p>Si la g\u00e9n\u00e9ralisation de la citoyennet\u00e9 est l&rsquo;un des faits marquants de l&rsquo;histoire occidentale r\u00e9cente, elle n&rsquo;a pas signifi\u00e9 pour autant la fin des rapports de domination. Des \u00e9tudes r\u00e9centes ont mis en lumi\u00e8re les exclusions faites en son nom, puis ont th\u00e9oris\u00e9 la citoyennt\u00e9 comme forme renouvel\u00e9e de l&rsquo;exercice du pouvoir dans la modernit\u00e9. Envisag\u00e9e ainsi, la probl\u00e9matique de la citoyennet\u00e9 ne rel\u00e8ve plus d&rsquo;un statut juridique formel pr\u00e9servant l&rsquo;autonomie du sujet face au pouvoir, mais pointe plut\u00f4t vers l&rsquo;analyse de la transformation des relations de pouvoir autour de l&rsquo;enjeu politique de la reconnaissance de la \u00abcomp\u00e9tence\u00bb citoyenne. Une perspective historique permet alors de constater que, de la transition au lib\u00e9ralisme au milieu du 19e si\u00e8cle \u00e0 la crise r\u00e9cente de l&rsquo;\u00c9tat providence, cet enjeu a nettement suivi le rythme de l&rsquo;histoire du \u00abgouvernement de la mis\u00e8re\u00bb.<\/p>\n<p>D&rsquo;o\u00f9 la pertinence d&rsquo;une programmation scientifique qui abordera la tension entre citoyennet\u00e9 et probl\u00e8mes sociaux selon les axes suivants :<\/p>\n<ul>\n<li>Axe 1 : Citoyennet\u00e9 et probl\u00e8mes de pauvret\u00e9 et d&rsquo;in\u00e9galit\u00e9s sociales<\/li>\n<li>Axe 2 : Citoyennet\u00e9 et probl\u00e8mes de maladie et d&rsquo;acc\u00e8s aux soins<\/li>\n<li>Axe 3 : Citoyennet\u00e9 et probl\u00e8mes du crime et de la d\u00e9linquance<\/li>\n<\/ul>\n","protected":false},"excerpt":{"rendered":"<p>Organisme(s) subventionnaire(s) FRQSC &#8211; Subvention \u00c9quipe en renouvellement Ann\u00e9es 2014-2018 Chercheur(s) CHRS Si la g\u00e9n\u00e9ralisation de la citoyennet\u00e9 est l&rsquo;un des faits marquants de l&rsquo;histoire occidentale r\u00e9cente, elle n&rsquo;a pas&#8230;<\/p>\n","protected":false},"author":2,"featured_media":0,"parent":50,"menu_order":1,"comment_status":"closed","ping_status":"closed","template":"","meta":{"_monsterinsights_skip_tracking":false,"_monsterinsights_sitenote_active":false,"_monsterinsights_sitenote_note":"","_monsterinsights_sitenote_category":0,"footnotes":""},"class_list":["post-281","page","type-page","status-publish","hentry"],"_links":{"self":[{"href":"https:\/\/chrs.uqam.ca\/index.php\/wp-json\/wp\/v2\/pages\/281","targetHints":{"allow":["GET"]}}],"collection":[{"href":"https:\/\/chrs.uqam.ca\/index.php\/wp-json\/wp\/v2\/pages"}],"about":[{"href":"https:\/\/chrs.uqam.ca\/index.php\/wp-json\/wp\/v2\/types\/page"}],"author":[{"embeddable":true,"href":"https:\/\/chrs.uqam.ca\/index.php\/wp-json\/wp\/v2\/users\/2"}],"replies":[{"embeddable":true,"href":"https:\/\/chrs.uqam.ca\/index.php\/wp-json\/wp\/v2\/comments?post=281"}],"version-history":[{"count":1,"href":"https:\/\/chrs.uqam.ca\/index.php\/wp-json\/wp\/v2\/pages\/281\/revisions"}],"predecessor-version":[{"id":11191,"href":"https:\/\/chrs.uqam.ca\/index.php\/wp-json\/wp\/v2\/pages\/281\/revisions\/11191"}],"up":[{"embeddable":true,"href":"https:\/\/chrs.uqam.ca\/index.php\/wp-json\/wp\/v2\/pages\/50"}],"wp:attachment":[{"href":"https:\/\/chrs.uqam.ca\/index.php\/wp-json\/wp\/v2\/media?parent=281"}],"curies":[{"name":"wp","href":"https:\/\/api.w.org\/{rel}","templated":true}]}}