{"id":253,"date":"2017-01-27T02:51:01","date_gmt":"2017-01-27T01:51:01","guid":{"rendered":"http:\/\/chrs.cieq.ca\/?page_id=253"},"modified":"2022-02-04T11:54:47","modified_gmt":"2022-02-04T15:54:47","slug":"thierry-nootens","status":"publish","type":"page","link":"https:\/\/chrs.uqam.ca\/index.php\/a-propos\/equipe\/membres-reguliers\/thierry-nootens\/","title":{"rendered":"Thierry Nootens"},"content":{"rendered":"<div class=\"su-row\"><div class=\"su-column su-column-size-1-5\"><div class=\"su-column-inner su-u-clearfix su-u-trim\"><img loading=\"lazy\" decoding=\"async\" class=\"alignleft size-thumbnail wp-image-254\" src=\"https:\/\/chrs.uqam.ca\/wp-content\/uploads\/2017\/10\/unnamed.jpg\" alt=\"\" width=\"150\" height=\"150\" \/><\/div><\/div>\n<div class=\"su-column su-column-size-4-5\"><div class=\"su-column-inner su-u-clearfix su-u-trim\">2004 &#8211; Actuel<\/p>\n<p><strong>Professeur, Universit\u00e9 du Qu\u00e9bec \u00e0 Trois-Rivi\u00e8res<br \/>\nD\u00e9partement des sciences humaines<\/strong><\/div><\/div><\/div>\n<p>Thierry Nootens est professeur d\u2019histoire au D\u00e9partement des sciences humaines de l\u2019Universit\u00e9 du Qu\u00e9bec \u00e0 Trois-Rivi\u00e8res et titulaire de la Chaire de recherche du Canada en histoire du droit civil au Qu\u00e9bec \u00e0 l\u2019\u00e9poque contemporaine (<span class=\"s1\">xix<sup>e<\/sup><\/span>\u00a0et\u00a0<span class=\"s1\">xx<sup>e<\/sup><\/span>\u00a0si\u00e8cles).\u00a0Il a d&rsquo;abord fait b\u00e9n\u00e9ficier l\u2019\u00e9quipe de ses comp\u00e9tences de 2004 \u00e0 2006 alors qu&rsquo;il \u00e9tait post-doctorant \u00e0 l\u2019Universit\u00e9 de Sherbrooke, avant de devenir membre r\u00e9gulier en 2017. L&rsquo;histoire de la famille, de la d\u00e9viance et des conflits familiaux constituent ses principaux domaines de recherche.<\/p>\n<p><strong><a href=\"https:\/\/chrs.uqam.ca\/index.php\/recherche\/realisations\/publications\/?tgid=&amp;yr=&amp;type=&amp;usr=&amp;auth=268#tppubs\" target=\"_blank\" rel=\"noopener\">Liste des publications<\/a><\/strong><\/p>\n<div class=\"su-spoiler su-spoiler-style-default su-spoiler-icon-chevron su-spoiler-closed\" data-scroll-offset=\"0\" data-anchor-in-url=\"no\"><div class=\"su-spoiler-title\" tabindex=\"0\" role=\"button\"><span class=\"su-spoiler-icon\"><\/span>Coordonn\u00e9es<\/div><div class=\"su-spoiler-content su-u-clearfix su-u-trim\">\n<strong>Adresse :<\/strong><br \/>\nD\u00e9partement des sciences humaines<br \/>\nUniversit\u00e9 du Qu\u00e9bec \u00e0 Trois-Rivi\u00e8res<br \/>\n3351, boulevard des Forges<br \/>\nTrois-Rivi\u00e8res (Qu\u00e9bec), Canada G9A 5H7<br \/>\nLocal\u00a0: 1019 Ringuet<\/p>\n<p><strong>T\u00e9l\u00e9phone : <\/strong><br \/>\n(819) 376-5011 poste 3677<\/p>\n<p><strong>T\u00e9l\u00e9copieur : <\/strong><br \/>\n(819) 376-5179<\/p>\n<p><strong>Courriel : <\/strong><br \/>\nThierry.Nootens@uqtr.ca <\/div><\/div>\n<div class=\"su-spoiler su-spoiler-style-default su-spoiler-icon-chevron su-spoiler-closed\" data-scroll-offset=\"0\" data-anchor-in-url=\"no\"><div class=\"su-spoiler-title\" tabindex=\"0\" role=\"button\"><span class=\"su-spoiler-icon\"><\/span>Liens<\/div><div class=\"su-spoiler-content su-u-clearfix su-u-trim\">\n<a href=\"http:\/\/www.uqtr.ca\/histoire\/section\/Thierry_Nootens.html\" target=\"_blank\" rel=\"noopener\">Page personnelle de Thierry Nootens sur le site du d\u00e9partement d&rsquo;histoire de l&rsquo;Universit\u00e9 du Qu\u00e9bec \u00e0 Trois-Rivi\u00e8res<\/a><br \/>\n<a href=\"https:\/\/chrs.uqam.ca\/wp-content\/uploads\/2019\/01\/Nootens_Thierry_2019.pdf\">CV de Thierry Nootens<\/a><br \/>\n<\/div><\/div>\n<div class=\"su-spoiler su-spoiler-style-default su-spoiler-icon-chevron su-spoiler-closed\" data-scroll-offset=\"0\" data-anchor-in-url=\"no\"><div class=\"su-spoiler-title\" tabindex=\"0\" role=\"button\"><span class=\"su-spoiler-icon\"><\/span>Projets de recherche<\/div><div class=\"su-spoiler-content su-u-clearfix su-u-trim\">\n<p><a href=\"https:\/\/chrs.uqam.ca\/index.php\/lexperience-sociale-de-lurbanisation-en-milieu-regional-ressources-strategies-et-parcours-des-menages-1870-1920\/\">L&rsquo;exp\u00e9rience sociale de l&rsquo;urbanisation en milieu r\u00e9gional: ressources, strat\u00e9gies et parcours des m\u00e9nages (1870-1920)<\/a><br \/>\n<a href=\"https:\/\/chrs.uqam.ca\/index.php\/regulations-sociales-et-familiales-dans-lhistoire-des-problemes-sociaux-au-quebec\/\">R\u00e9gulations sociales et familiales dans l&rsquo;histoire des probl\u00e8mes sociaux au Qu\u00e9bec<\/a><br \/>\n<a href=\"\/index.php\/recherche\/realisations\/projets-de-recherche-en-cours\/familles-droit-et-justice-au-quebec\/\" target=\"_blank\" rel=\"noopener\">Familles, droit et justice au Qu\u00e9bec, 1840-1920<\/a><br \/>\n<a href=\"\/index.php\/recherche\/realisations\/projets-de-recherche-termines\/gestion-des-risques-sociaux-et-reponses-aux-vulnerabilites\/\" target=\"_blank\" rel=\"noopener\">Gestion des risques sociaux et r\u00e9ponses aux vuln\u00e9rabilit\u00e9s et probl\u00e8mes sociaux au Qu\u00e9bec, 19e et 20e si\u00e8cles<\/a><br \/>\n<\/div><\/div>\n<div class=\"su-spoiler su-spoiler-style-default su-spoiler-icon-chevron su-spoiler-closed\" data-scroll-offset=\"0\" data-anchor-in-url=\"no\"><div class=\"su-spoiler-title\" tabindex=\"0\" role=\"button\"><span class=\"su-spoiler-icon\"><\/span>Bourses, prix et distinctions<\/div><div class=\"su-spoiler-content su-u-clearfix su-u-trim\">\n<ul>\n<li style=\"list-style-type: none;\">\n<ul>\n<li class=\"p1\"><span class=\"s1\">Prix Guy-et-Liliane Fr\u00e9gault de l\u2019Institut d\u2019histoire de l\u2019Am\u00e9rique fran\u00e7aise pour le meilleur article paru dans le volume 68 de la <i>Revue d\u2019histoire de l\u2019Am\u00e9rique fran\u00e7aise<\/i>. Titre: \u00ab\u00a0Les plaideurs en Cour sup\u00e9rieure, 1880-1890: classe, genre et juridicit\u00e9 durant la transition au capitalisme industriel \u00bb, 2016<\/span><\/li>\n<\/ul>\n<\/li>\n<\/ul>\n<ul>\n<li style=\"list-style-type: none;\">\n<ul>\n<li class=\"p1\">Prix Hilda-Neatby du Comit\u00e9 canadien de l\u2019histoire des femmes, comit\u00e9 affili\u00e9 \u00e0 la Soci\u00e9t\u00e9 historique du Canada, pour le meilleur article de langue fran\u00e7aise en histoire des femmes. Titre:\u00a0\u00ab\u00a0\u2018Des privations ne peuvent pas constituer une fortune\u2019: les droits financiers des femmes mari\u00e9es de la bourgeoisie qu\u00e9b\u00e9coise face au march\u00e9, 1900-1930\u00a0\u00bb, 2014<\/li>\n<\/ul>\n<\/li>\n<\/ul>\n<ul>\n<li style=\"list-style-type: none;\">\n<ul>\n<li class=\"p1\">Prix Michel-Brunet de l\u2019Institut d\u2019histoire de l\u2019Am\u00e9rique fran\u00e7aise pour le meilleur ouvrage d\u2019histoire publi\u00e9 en 2007 par un chercheur de moins de 35 ans. Titre: <i>Fous, prodigues et ivrognes: familles et d\u00e9viance \u00e0 Montr\u00e9al au 19<\/i><span class=\"s2\"><i><sup>e<\/sup><\/i><\/span><span class=\"s1\"><i> si\u00e8cle,\u00a0<\/i>2008<\/span><\/li>\n<\/ul>\n<\/li>\n<\/ul>\n<ul>\n<li style=\"list-style-type: none;\">\n<ul>\n<li class=\"p1\">Finaliste pour le prix Jean-Charles Falardeau de la F\u00e9d\u00e9ration canadienne des sciences humaines pour le meilleur ouvrage de langue fran\u00e7aise en sciences sociales (m\u00eame ouvrage), 2008<\/li>\n<\/ul>\n<\/li>\n<\/ul>\n<ul>\n<li style=\"list-style-type: none;\">\n<ul>\n<li class=\"p1\">Bourse postdoctorale du CRSH, 2006<\/li>\n<\/ul>\n<\/li>\n<\/ul>\n<ul>\n<li style=\"list-style-type: none;\">\n<ul>\n<li class=\"p1\">Prix de la meilleure th\u00e8se de l\u2019Acad\u00e9mie des Grands Montr\u00e9alais dans le domaine des sciences humaines et sociales, arts et lettres (<i>ex aequo<\/i>), 2004<\/li>\n<\/ul>\n<\/li>\n<\/ul>\n<ul>\n<li style=\"list-style-type: none;\">\n<ul>\n<li class=\"p1\">Prix de cotutelle de th\u00e8se France-Qu\u00e9bec 2004, remis au gala de la science de l\u2019ACFAS, 2004<\/li>\n<\/ul>\n<\/li>\n<\/ul>\n<ul>\n<li style=\"list-style-type: none;\">\n<ul>\n<li class=\"p1\">Bourse postdoctorale du FQRSC projet\u00a0Les fils incapables: d\u00e9viances des h\u00e9ritiers de familles bourgeoises au Canada, 1850-1950, 2002<\/li>\n<\/ul>\n<\/li>\n<\/ul>\n<ul>\n<li style=\"list-style-type: none;\">\n<ul>\n<li class=\"p1\">Bourse postdoctorale du Centre international de criminologie compar\u00e9e (CICC) de l\u2019Universit\u00e9 de Montr\u00e9al, 2002<\/li>\n<\/ul>\n<\/li>\n<\/ul>\n<ul>\n<li style=\"list-style-type: none;\">\n<ul>\n<li class=\"p1\">Prix\u00a0<i>Hannah General Scholarship<\/i> de Associated Medical Services Inc., 2001<\/li>\n<\/ul>\n<\/li>\n<\/ul>\n<ul>\n<li class=\"p1\">Prix Guy-Fr\u00e9gault de l\u2019Institut d\u2019histoire de l\u2019Am\u00e9rique fran\u00e7aise pour le meilleur article paru dans le volume 53 de la <i>Revue d\u2019histoire de l\u2019Am\u00e9rique fran\u00e7aise<\/i>. Titre: \u00ab Famille, communaut\u00e9 et folie au tournant du si\u00e8cle \u00bb, 2000<\/li>\n<\/ul>\n<\/div><\/div>\n<div class=\"su-spoiler su-spoiler-style-default su-spoiler-icon-chevron\" data-scroll-offset=\"0\" data-anchor-in-url=\"no\"><div class=\"su-spoiler-title\" tabindex=\"0\" role=\"button\"><span class=\"su-spoiler-icon\"><\/span>Nouvelles<\/div><div class=\"su-spoiler-content su-u-clearfix su-u-trim\">\n<a href=\"https:\/\/chrs.uqam.ca\/index.php\/2025\/10\/02\/plusieurs-membres-du-chrs-au-congres-annuel-de-lihaf\/\">Plusieurs membres du CHRS au congr\u00e8s annuel de l&rsquo;IHAF<\/a><br><a href=\"https:\/\/chrs.uqam.ca\/index.php\/2025\/09\/25\/conference-de-thierry-nootens-sur-lhistoire-du-droit-civil-au-quebec\/\">Conf\u00e9rence de Thierry Nootens sur l&rsquo;histoire du droit civil au Qu\u00e9bec<\/a><br><a href=\"https:\/\/chrs.uqam.ca\/index.php\/2025\/09\/04\/thierry-nootens-remporte-le-prix-gerard-parizeau\/\">Thierry Nootens remporte le prix G\u00e9rard-Parizeau<\/a><br><a href=\"https:\/\/chrs.uqam.ca\/index.php\/2024\/05\/15\/plusieurs-membres-du-chrs-au-colloque-lhistoire-des-familles-quebecoises\/\">Plusieurs membres du CHRS au colloque L&rsquo;histoire des familles qu\u00e9b\u00e9coises<\/a><br><a href=\"https:\/\/chrs.uqam.ca\/index.php\/2024\/04\/10\/ollivier-hubert-signe-un-chapitre-dans-latlas-du-cieq-emlecole-au-quebec-em\/\">Ollivier Hubert signe un chapitre dans l&rsquo;Atlas du CIEQ <em>L&rsquo;\u00e9cole au Qu\u00e9bec<\/em><\/a><br><a href=\"https:\/\/chrs.uqam.ca\/index.php\/2023\/09\/07\/plusieurs-de-nos-membres-au-congres-2023-de-lihaf\/\">Plusieurs de nos membres au Congr\u00e8s 2023 de l&rsquo;IHAF<\/a><br><a href=\"https:\/\/chrs.uqam.ca\/index.php\/2022\/05\/17\/deuxieme-rencontre-du-seminaire-acteurs-espaces-et-politiques-echelles-et-temps-de-la-regulation\/\">Deuxi\u00e8me rencontre du s\u00e9minaire <em>Acteurs, espaces et politiques: \u00e9chelles et temps de la r\u00e9gulation<\/em><\/a><br><a href=\"https:\/\/chrs.uqam.ca\/index.php\/2022\/01\/12\/invitation-aux-journees-detude-cieq-tempora-sur-la-regulation-les-28-janvier-et-20-mai-2022\/\">Invitation aux journ\u00e9es d\u2019\u00e9tude CIEQ-Tempora sur la r\u00e9gulation les 28 janvier et 20 mai 2022<\/a><br><a href=\"https:\/\/chrs.uqam.ca\/index.php\/2021\/11\/05\/thierry-nootens-participe-a-au-contenu-pedagogique-tele-quebec-en-classe\/\">Contribution de Thierry Nootens au contenu p\u00e9dagogique <em>T\u00e9l\u00e9-Qu\u00e9bec en classe<\/em><\/a><br><a href=\"https:\/\/chrs.uqam.ca\/index.php\/2021\/10\/08\/visionnez-les-videos-des-journees-detude-sur-les-archives-judiciaires\/\">Visionnez les pr\u00e9sentations des Journ\u00e9es d&rsquo;\u00e9tude sur les archives judiciaires<\/a><br><a href=\"https:\/\/chrs.uqam.ca\/index.php\/2021\/09\/15\/nathalie-ricard-recoit-la-medaille-dor-academique-du-gouverneur-general\/\">Nathalie Ricard re\u00e7oit la m\u00e9daille d&rsquo;or acad\u00e9mique du Gouverneur g\u00e9n\u00e9ral<\/a><br><a href=\"https:\/\/chrs.uqam.ca\/index.php\/2021\/06\/08\/appel-a-candidatures-bourses-de-la-chaire-de-recherche-uqtr-senior-en-histoire-du-droit-civil-au-quebec-a-lepoque-contemporaine\/\">Appel \u00e0 candidatures : bourses de la Chaire de recherche UQTR senior en histoire du droit civil au Qu\u00e9bec \u00e0 l\u2019\u00e9poque contemporaine<\/a><br><a href=\"https:\/\/chrs.uqam.ca\/index.php\/2021\/05\/18\/lancement-de-lappel-a-propositions-pour-le-chantier-famille-du-cieq\/\">Lancement de l&rsquo;appel \u00e0 propositions pour le chantier famille du CIEQ<\/a><br><a href=\"https:\/\/chrs.uqam.ca\/index.php\/2021\/04\/15\/nos-membres-au-colloque-sur-les-archives-judiciaires-de-banq-du-3-au-6-mai-2021\/\">Nos membres aux journ\u00e9es d&rsquo;\u00e9tude sur les archives judiciaires de BAnQ du 3 au 6 mai 2021<\/a><br><a href=\"https:\/\/chrs.uqam.ca\/index.php\/2021\/02\/05\/contribution-de-thierry-nootens-et-nathalie-ricard-a-la-revue-histoire-sociale-social-history\/\">Contribution de Thierry Nootens et Nathalie Ricard \u00e0 la revue <em>Histoire sociale\/Social History<\/em><\/a><br><a href=\"https:\/\/chrs.uqam.ca\/index.php\/2020\/12\/09\/contributions-de-louise-bienvenue-francois-guerard-et-thierry-nootens-au-dernier-numero-du-bhp\/\">Contributions de Louise Bienvenue, Fran\u00e7ois Gu\u00e9rard et Thierry Nootens au dernier num\u00e9ro du BHP<\/a><br><a href=\"https:\/\/chrs.uqam.ca\/index.php\/2020\/07\/12\/contributions-de-lequipe-au-dernier-numero-de-la-revue-dhistoire-de-lamerique-francaise\/\">Contributions de l&rsquo;\u00e9quipe au dernier num\u00e9ro de la <em>Revue d&rsquo;histoire de l&rsquo;Am\u00e9rique fran\u00e7aise<\/em><\/a><br><a href=\"https:\/\/chrs.uqam.ca\/index.php\/2019\/10\/15\/72e-congres-de-linstitut-dhistoire-de-lamerique-francaise-inscription-et-programmation\/\">72e Congr\u00e8s de l\u2019Institut d&rsquo;histoire de l&rsquo;Am\u00e9rique fran\u00e7aise: programmation<\/a><br><a href=\"https:\/\/chrs.uqam.ca\/index.php\/2019\/07\/08\/parutions-de-louvrage-largent-des-familles-pratiques-et-regulations-sociales-en-occident-aux-xixe-et-xxe-siecles\/\">Parution de l\u2019ouvrage <em>L\u2019argent des familles: pratiques et r\u00e9gulations sociales en Occident aux XIXe et XXe si\u00e8cles<\/em><\/a><br><a href=\"https:\/\/chrs.uqam.ca\/index.php\/2019\/03\/18\/juridicisation-judiciarisation-et-regulations-sociales-le-cas-du-mariage-bourgeois-au-debut-du-20e-siecle-quebecois-entretien-avec-thierry-nootens\/\">Juridicisation, judiciarisation et r\u00e9gulations sociales: le cas du mariage bourgeois au d\u00e9but du 20e si\u00e8cle qu\u00e9b\u00e9cois. Entretien avec Thierry Nootens.<\/a><br><a href=\"https:\/\/chrs.uqam.ca\/index.php\/2019\/02\/02\/parution-de-louvrage-genre-patrimoine-et-droit-civil\/\">Parution de l&rsquo;ouvrage <em> Genre, patrimoine et droit civil <\/em><\/a><br><a href=\"https:\/\/chrs.uqam.ca\/index.php\/2018\/11\/05\/seminaire-du-chrs\/\">S\u00e9minaire du CHRS : Familles, droit et justice au Qu\u00e9bec, 1840-1920<\/a><br><a href=\"https:\/\/chrs.uqam.ca\/index.php\/2017\/10\/11\/trois-nouveaux-chercheurs-rejoignent-lequipe-du-chrs\/\">Trois nouveaux chercheurs rejoignent l&rsquo;\u00e9quipe du CHRS<\/a><br><a href=\"https:\/\/chrs.uqam.ca\/index.php\/2015\/01\/27\/quelques-publications-recentes\/\">Quelques publications r\u00e9centes<\/a><br><a href=\"https:\/\/chrs.uqam.ca\/index.php\/2013\/05\/09\/donald-fyson-et-thierry-nootens-obtiennent-financement-du-crsh-pour-leur-projet-familles-droit-et-justice-au-quebec\/\">Donald Fyson et Thierry Nootens obtiennent financement du CRSH pour leur projet Familles, droit et justice au Qu\u00e9bec<\/a><br><a href=\"https:\/\/chrs.uqam.ca\/index.php\/2013\/02\/15\/parution-du-livre-les-figures-du-pouvoir-a-travers-le-temps-co-dirige-par-thierry-nootens\/\">Parution du livre \u00abLes figures du pouvoir \u00e0 travers le temps\u00bb co-dirig\u00e9 par Thierry Nootens<\/a><br><a href=\"https:\/\/chrs.uqam.ca\/index.php\/2012\/09\/12\/retrospective-de-la-greve-etudiante-au-chrs\/\">R\u00e9trospective de la gr\u00e8ve \u00e9tudiante au CHRS<\/a><br><a href=\"https:\/\/chrs.uqam.ca\/index.php\/2012\/05\/18\/des-membres-du-chrs-denoncent-la-loi-speciale-du-gouvernement-charest\/\">Des membres du CHRS d\u00e9noncent la loi sp\u00e9ciale du gouvernement Charest<\/a><br><a href=\"https:\/\/chrs.uqam.ca\/index.php\/2012\/04\/12\/thierry-nootens-signe-une-lettre-ouverte-adressee-aux-ministres-jean-charest-et-line-beauchamp\/\">Thierry Nootens signe une lettre ouverte adress\u00e9e aux ministres Jean Charest et Line Beauchamp<\/a><br><a href=\"https:\/\/chrs.uqam.ca\/index.php\/2012\/03\/24\/un-groupe-du-chrs-sest-joint-a-la-manifestation-etudiante-du-22-mars\/\">Un groupe du CHRS s&rsquo;est joint \u00e0 la manifestation \u00e9tudiante du 22 mars<\/a><br>\n<\/div><\/div>\n","protected":false},"excerpt":{"rendered":"<p>Thierry Nootens est professeur d\u2019histoire au D\u00e9partement des sciences humaines de l\u2019Universit\u00e9 du Qu\u00e9bec \u00e0 Trois-Rivi\u00e8res et titulaire de la Chaire de recherche du Canada en histoire du droit civil&#8230;<\/p>\n","protected":false},"author":2,"featured_media":0,"parent":65,"menu_order":6,"comment_status":"closed","ping_status":"closed","template":"","meta":{"_monsterinsights_skip_tracking":false,"_monsterinsights_sitenote_active":false,"_monsterinsights_sitenote_note":"","_monsterinsights_sitenote_category":0,"footnotes":""},"class_list":["post-253","page","type-page","status-publish","hentry"],"_links":{"self":[{"href":"https:\/\/chrs.uqam.ca\/index.php\/wp-json\/wp\/v2\/pages\/253","targetHints":{"allow":["GET"]}}],"collection":[{"href":"https:\/\/chrs.uqam.ca\/index.php\/wp-json\/wp\/v2\/pages"}],"about":[{"href":"https:\/\/chrs.uqam.ca\/index.php\/wp-json\/wp\/v2\/types\/page"}],"author":[{"embeddable":true,"href":"https:\/\/chrs.uqam.ca\/index.php\/wp-json\/wp\/v2\/users\/2"}],"replies":[{"embeddable":true,"href":"https:\/\/chrs.uqam.ca\/index.php\/wp-json\/wp\/v2\/comments?post=253"}],"version-history":[{"count":0,"href":"https:\/\/chrs.uqam.ca\/index.php\/wp-json\/wp\/v2\/pages\/253\/revisions"}],"up":[{"embeddable":true,"href":"https:\/\/chrs.uqam.ca\/index.php\/wp-json\/wp\/v2\/pages\/65"}],"wp:attachment":[{"href":"https:\/\/chrs.uqam.ca\/index.php\/wp-json\/wp\/v2\/media?parent=253"}],"curies":[{"name":"wp","href":"https:\/\/api.w.org\/{rel}","templated":true}]}}