{"id":249,"date":"2017-01-27T02:44:32","date_gmt":"2017-01-27T01:44:32","guid":{"rendered":"http:\/\/chrs.cieq.ca\/?page_id=249"},"modified":"2019-01-29T12:21:59","modified_gmt":"2019-01-29T16:21:59","slug":"david-niget","status":"publish","type":"page","link":"https:\/\/chrs.uqam.ca\/index.php\/a-propos\/equipe\/chercheurs-affilies\/david-niget\/","title":{"rendered":"David Niget"},"content":{"rendered":"<div class=\"su-row\"><div class=\"su-column su-column-size-1-5\"><div class=\"su-column-inner su-u-clearfix su-u-trim\"><img loading=\"lazy\" decoding=\"async\" class=\"alignleft size-full wp-image-250\" src=\"\/wp-content\/uploads\/2017\/01\/picture-147-1433773870.jpeg\" alt=\"\" width=\"100\" height=\"133\" \/><\/div><\/div>\n<div class=\"su-column su-column-size-4-5\"><div class=\"su-column-inner su-u-clearfix su-u-trim\">2006 &#8211; Actuel<\/p>\n<p><strong>Ma\u00eetre de conf\u00e9rences, Universit\u00e9 d&rsquo;Angers \/ CNRS &#8211; CERHIO<\/strong><\/div><\/div><\/div>\n<div class=\"su-spoiler su-spoiler-style-default su-spoiler-icon-chevron su-spoiler-closed\" data-scroll-offset=\"0\" data-anchor-in-url=\"no\"><div class=\"su-spoiler-title\" tabindex=\"0\" role=\"button\"><span class=\"su-spoiler-icon\"><\/span>Coordonn\u00e9es<\/div><div class=\"su-spoiler-content su-u-clearfix su-u-trim\">\n<strong>Adresse :<\/strong><br \/>\nMaison de la recherche Germaine Tillion<br \/>\n5 bis boulevard Lavoisier<br \/>\n49045 Angers Cedex 01<br \/>\nFrance<\/p>\n<p><strong>Courriel : <\/strong><br \/>\ndavid.niget@univ-angers.fr<\/div><\/div>\n<div class=\"su-spoiler su-spoiler-style-default su-spoiler-icon-chevron su-spoiler-closed\" data-scroll-offset=\"0\" data-anchor-in-url=\"no\"><div class=\"su-spoiler-title\" tabindex=\"0\" role=\"button\"><span class=\"su-spoiler-icon\"><\/span>Liens<\/div><div class=\"su-spoiler-content su-u-clearfix su-u-trim\">\n<a href=\"http:\/\/okina.univ-angers.fr\/david.niget\" target=\"_blank\" rel=\"noopener\">Page personnelle sur le site web de l&rsquo;Universit\u00e9 d&rsquo;Angers<\/a><br \/>\n<a href=\"https:\/\/univ-angers.academia.edu\/DavidNiget\" target=\"_blank\" rel=\"noopener\">Academia<\/a><br \/>\n<\/div><\/div>\n<div class=\"su-spoiler su-spoiler-style-default su-spoiler-icon-chevron\" data-scroll-offset=\"0\" data-anchor-in-url=\"no\"><div class=\"su-spoiler-title\" tabindex=\"0\" role=\"button\"><span class=\"su-spoiler-icon\"><\/span>Nouvelles<\/div><div class=\"su-spoiler-content su-u-clearfix su-u-trim\">\n<a href=\"https:\/\/chrs.uqam.ca\/index.php\/2025\/09\/25\/conference-de-david-niget-sur-la-mise-en-archives-de-filles-placees-en-institution-1945-1980\/\">Conf\u00e9rence de David Niget sur la mise en archives de filles plac\u00e9es en institution (1945-1980)<\/a><br><a href=\"https:\/\/chrs.uqam.ca\/index.php\/2025\/09\/11\/plusieurs-membres-du-chrs-au-colloque-de-la-chcq\/\">Plusieurs membres du CHRS au colloque de la CHCQ<\/a><br><a href=\"https:\/\/chrs.uqam.ca\/index.php\/2022\/01\/20\/appel-a-communications-colloque-castrations-entre-histoire-et-etudes-de-genre\/\">Appel \u00e0 communications : colloque \u00ab Castrations. Entre histoire et \u00e9tudes de genre \u00bb<\/a><br><a href=\"https:\/\/chrs.uqam.ca\/index.php\/2021\/03\/05\/webinaire-chrs-angers-question-sociale-et-citoyennete\/\">Webinaire CHRS \u2013 Angers : Question sociale et citoyennet\u00e9\ufeff<\/a><br><a href=\"https:\/\/chrs.uqam.ca\/index.php\/2020\/09\/24\/parution-de-louvrage-question-sociale-et-citoyenneteaux-presses-de-luniversite-du-quebec\/\">Parution de l&rsquo;ouvrage  <em>Question sociale et citoyennet\u00e9<\/em> aux Presses de l&rsquo;Universit\u00e9 du Qu\u00e9bec<\/a><br><a href=\"https:\/\/chrs.uqam.ca\/index.php\/2019\/04\/26\/colloque-famille-et-justice-dans-les-archives-programmation-et-informations-generales\/\">Colloque <em>Famille et justice dans les archives <\/em>: programmation et informations g\u00e9n\u00e9rales<\/a><br><a href=\"https:\/\/chrs.uqam.ca\/index.php\/2019\/01\/28\/seminaire-chrs-angers-famille-gouvernementalite-et-regulations-sociales\/\">S\u00e9minaire CHRS-Angers : Famille, gouvernementalit\u00e9 et r\u00e9gulations sociales<\/a><br><a href=\"https:\/\/chrs.uqam.ca\/index.php\/2018\/04\/26\/publication-de-louvrage-youth-and-justice-in-western-states-1815-1950-from-punishment-to-welfare\/\">Publication de l&rsquo;ouvrage <i>Youth and Justice in Western States, 1815-1950. From Punishment to Welfare<\/i><\/a><br><a href=\"https:\/\/chrs.uqam.ca\/index.php\/2016\/12\/21\/conference-de-david-niget\/\">Conf\u00e9rence de David Niget<\/a><br><a href=\"https:\/\/chrs.uqam.ca\/index.php\/2016\/11\/08\/nouvel-ouvrage-de-david-niget-mauvaises-filles-incorrigibles-et-rebelles\/\">Nouvel ouvrage de David Niget : \u00abMauvaises filles &#8211; Incorrigibles et rebelles \u00bb<\/a><br><a href=\"https:\/\/chrs.uqam.ca\/index.php\/2016\/10\/26\/noemie-charest-bourdon-et-david-niget-recoivent-des-bourses-du-programme-de-soutien-a-la-recherche-de-la-fondation-de-la-banq\/\">No\u00e9mie Charest-Bourdon et David Niget re\u00e7oivent des bourses du programme de soutien \u00e0 la recherche de la Fondation de la BANQ<\/a><br><a href=\"https:\/\/chrs.uqam.ca\/index.php\/2016\/06\/23\/david-niget\/\">Entretien avec David Niget<\/a><br><a href=\"https:\/\/chrs.uqam.ca\/index.php\/2014\/04\/17\/francois-fenchel-jean-trepanier-et-donald-fyson-participeront-a-leuropean-social-science-history-conference-a-vienne\/\">Fran\u00e7ois Fenchel, Jean Tr\u00e9panier et Donald Fyson participeront \u00e0 l&rsquo;European Social Science History Conference \u00e0 Vienne<\/a><br><a href=\"https:\/\/chrs.uqam.ca\/index.php\/2013\/04\/08\/jean-trepanier-presentera-une-communication-au-colloque-naissance-et-mutations-de-la-justice-des-mineurs-a-angers\/\">Jean Tr\u00e9panier pr\u00e9sentera une communication au colloque Naissance et mutations de la justice des mineurs \u00e0 Angers<\/a><br><a href=\"https:\/\/chrs.uqam.ca\/index.php\/2013\/01\/07\/pour-une-histoire-du-risque-un-lancement-reussi\/\">Pour une histoire du risque : un lancement r\u00e9ussi<\/a><br><a href=\"https:\/\/chrs.uqam.ca\/index.php\/2012\/06\/13\/parution-du-livre-pour-une-histoire-du-risque-aux-presses-de-luniversite-du-quebec\/\">Parution du livre Pour une histoire du risque aux Presses de l&rsquo;Universit\u00e9 du Qu\u00e9bec<\/a><br><a href=\"https:\/\/chrs.uqam.ca\/index.php\/2012\/05\/09\/quelques-cliches-du-colloque-chrs-a-lacfas\/\">Quelques clich\u00e9s du colloque CHRS \u00e0 l&rsquo;ACFAS<\/a><br><a href=\"https:\/\/chrs.uqam.ca\/index.php\/2012\/02\/16\/le-chrs-devoile-le-programme-preliminaire-de-son-colloque-a-lacfas\/\">Le CHRS d\u00e9voile le programme pr\u00e9liminaire de son colloque \u00e0 l&rsquo;ACFAS<\/a><br><a href=\"https:\/\/chrs.uqam.ca\/index.php\/2009\/12\/10\/la-naissance-du-tribunal-pour-enfants-une-comparaison-france-quebec-1912-1945\/\">La naissance du tribunal pour enfants &#8211; Une comparaison France-Qu\u00e9bec (1912-1945)<\/a><br>\n<\/div><\/div>\n","protected":false},"excerpt":{"rendered":"","protected":false},"author":2,"featured_media":0,"parent":67,"menu_order":5,"comment_status":"closed","ping_status":"closed","template":"","meta":{"_monsterinsights_skip_tracking":false,"_monsterinsights_sitenote_active":false,"_monsterinsights_sitenote_note":"","_monsterinsights_sitenote_category":0,"footnotes":""},"class_list":["post-249","page","type-page","status-publish","hentry"],"_links":{"self":[{"href":"https:\/\/chrs.uqam.ca\/index.php\/wp-json\/wp\/v2\/pages\/249","targetHints":{"allow":["GET"]}}],"collection":[{"href":"https:\/\/chrs.uqam.ca\/index.php\/wp-json\/wp\/v2\/pages"}],"about":[{"href":"https:\/\/chrs.uqam.ca\/index.php\/wp-json\/wp\/v2\/types\/page"}],"author":[{"embeddable":true,"href":"https:\/\/chrs.uqam.ca\/index.php\/wp-json\/wp\/v2\/users\/2"}],"replies":[{"embeddable":true,"href":"https:\/\/chrs.uqam.ca\/index.php\/wp-json\/wp\/v2\/comments?post=249"}],"version-history":[{"count":0,"href":"https:\/\/chrs.uqam.ca\/index.php\/wp-json\/wp\/v2\/pages\/249\/revisions"}],"up":[{"embeddable":true,"href":"https:\/\/chrs.uqam.ca\/index.php\/wp-json\/wp\/v2\/pages\/67"}],"wp:attachment":[{"href":"https:\/\/chrs.uqam.ca\/index.php\/wp-json\/wp\/v2\/media?parent=249"}],"curies":[{"name":"wp","href":"https:\/\/api.w.org\/{rel}","templated":true}]}}