{"id":247,"date":"2017-01-27T02:40:30","date_gmt":"2017-01-27T01:40:30","guid":{"rendered":"http:\/\/chrs.cieq.ca\/?page_id=247"},"modified":"2017-05-03T13:42:13","modified_gmt":"2017-05-03T17:42:13","slug":"sylvie-menard","status":"publish","type":"page","link":"https:\/\/chrs.uqam.ca\/index.php\/a-propos\/equipe\/chercheurs-affilies\/sylvie-menard\/","title":{"rendered":"Sylvie M\u00e9nard"},"content":{"rendered":"<div class=\"su-row\"><div class=\"su-column su-column-size-1-5\"><div class=\"su-column-inner su-u-clearfix su-u-trim\"><img loading=\"lazy\" decoding=\"async\" src=\"\/wp-content\/uploads\/2017\/01\/mo_mena1010-150x150.jpeg\" alt=\"\" width=\"150\" height=\"150\" class=\"alignleft size-thumbnail wp-image-2308\" \/><\/div><\/div>\n<div class=\"su-column su-column-size-4-5\"><div class=\"su-column-inner su-u-clearfix su-u-trim\">2006 &#8211; Actuel<\/p>\n<p><strong>Charg\u00e9e de cours, Universit\u00e9 du Qu\u00e9bec \u00e0 Montr\u00e9al<br \/>\nD\u00e9partement d&rsquo;histoire<\/strong><br \/>\n<\/div><\/div><\/div>\n<p>Charg\u00e9e de cours au d\u00e9partement d\u2019histoire de l\u2019UQAM, au d\u00e9partement de sciences humaines de l\u2019UQTR et \u00e0 l\u2019\u00e9cole de travail social de l\u2019universit\u00e9 de Montr\u00e9al.<\/p>\n<div class=\"su-spoiler su-spoiler-style-default su-spoiler-icon-chevron su-spoiler-closed\" data-scroll-offset=\"0\" data-anchor-in-url=\"no\"><div class=\"su-spoiler-title\" tabindex=\"0\" role=\"button\"><span class=\"su-spoiler-icon\"><\/span>Coordonn\u00e9es<\/div><div class=\"su-spoiler-content su-u-clearfix su-u-trim\">\n<strong>Adresse :<\/strong><br \/>\nUniversit\u00e9 du Qu\u00e9bec \u00e0 Montr\u00e9al<br \/>\nD\u00e9partement d&rsquo;histoire<br \/>\nC.P. 8888, Succursale Centre Ville<br \/>\nMontr\u00e9al, Qu\u00e9bec<br \/>\nH3C 3P8<\/p>\n<p><strong>T\u00e9l\u00e9phone : <\/strong><br \/>\n(514) 987-4154 <\/p>\n<p><strong>T\u00e9l\u00e9copieur : <\/strong><br \/>\n(514) 987-7813 <\/p>\n<p><strong>Courriel : <\/strong><br \/>\nmenard.s@uqam.ca <\/div><\/div>\n","protected":false},"excerpt":{"rendered":"<p>Charg\u00e9e de cours au d\u00e9partement d\u2019histoire de l\u2019UQAM, au d\u00e9partement de sciences humaines de l\u2019UQTR et \u00e0 l\u2019\u00e9cole de travail social de l\u2019universit\u00e9 de Montr\u00e9al.<\/p>\n","protected":false},"author":2,"featured_media":0,"parent":67,"menu_order":4,"comment_status":"closed","ping_status":"closed","template":"","meta":{"_monsterinsights_skip_tracking":false,"_monsterinsights_sitenote_active":false,"_monsterinsights_sitenote_note":"","_monsterinsights_sitenote_category":0,"footnotes":""},"class_list":["post-247","page","type-page","status-publish","hentry"],"_links":{"self":[{"href":"https:\/\/chrs.uqam.ca\/index.php\/wp-json\/wp\/v2\/pages\/247","targetHints":{"allow":["GET"]}}],"collection":[{"href":"https:\/\/chrs.uqam.ca\/index.php\/wp-json\/wp\/v2\/pages"}],"about":[{"href":"https:\/\/chrs.uqam.ca\/index.php\/wp-json\/wp\/v2\/types\/page"}],"author":[{"embeddable":true,"href":"https:\/\/chrs.uqam.ca\/index.php\/wp-json\/wp\/v2\/users\/2"}],"replies":[{"embeddable":true,"href":"https:\/\/chrs.uqam.ca\/index.php\/wp-json\/wp\/v2\/comments?post=247"}],"version-history":[{"count":0,"href":"https:\/\/chrs.uqam.ca\/index.php\/wp-json\/wp\/v2\/pages\/247\/revisions"}],"up":[{"embeddable":true,"href":"https:\/\/chrs.uqam.ca\/index.php\/wp-json\/wp\/v2\/pages\/67"}],"wp:attachment":[{"href":"https:\/\/chrs.uqam.ca\/index.php\/wp-json\/wp\/v2\/media?parent=247"}],"curies":[{"name":"wp","href":"https:\/\/api.w.org\/{rel}","templated":true}]}}