{"id":2332,"date":"2017-05-03T02:51:19","date_gmt":"2017-05-03T06:51:19","guid":{"rendered":"http:\/\/chrs.cieq.ca\/?page_id=2332"},"modified":"2017-12-05T09:06:17","modified_gmt":"2017-12-05T13:06:17","slug":"jaouad-laaroussi","status":"publish","type":"page","link":"https:\/\/chrs.uqam.ca\/index.php\/a-propos\/equipe\/membres-etudiants\/jaouad-laaroussi\/","title":{"rendered":"Jaouad Laaroussi"},"content":{"rendered":"<p><strong>UQAM<\/strong><br \/>\n<strong> D\u00e9partement d&rsquo;histoire<\/strong><\/p>\n<p>Jaouad Laaroussi est pr\u00e9sentement candidat au doctorat en histoire \u00e0 l\u2019Universit\u00e9 du Qu\u00e9bec \u00e0 Montr\u00e9al. Ses recherches doctorales portent sur la trajectoire de la consciences historique des mouvements ouvriers et f\u00e9ministes depuis la R\u00e9volution tranquille. Dans le cadre de son m\u00e9moire de ma\u00eetrise, il s\u2019est int\u00e9ress\u00e9e \u00e0 l&rsquo;\u00e9mergence du syndicalisme \u00e9tudiant de combat dans les c\u00e9geps et universit\u00e9s montr\u00e9alaise \u00e0 la suite de la r\u00e9forme de l&rsquo;\u00e9ducation de la R\u00e9volution tranquille. Depuis 2011, il travaille \u00e0 titre d\u2019assistant de recherche au Centre d\u2019histoire des r\u00e9gulations sociales.<\/p>\n<p>Coordonn\u00e9es (facultatif) : jaouad.laaroussi@hotmsil.com<br \/>\nLiens: (profil Academia): https:\/\/uqam.academia.edu\/JaouadLaaroussi<br \/>\nTh\u00e8se de doctorat : <em>M\u00e9moires troubles: Conscience historique et r\u00e9gime d&rsquo;historicit\u00e9 des mouvements ouvriers et f\u00e9ministes qu\u00e9b\u00e9cois (1966-1990)<\/em><br \/>\nDirection Martin Petitclerc<\/p>\n<p>M\u00e9moire de ma\u00eetrise : <em>Aux origines du syndicalisme \u00e9tudiant de combat: \u00ab\u00a0Participer c&rsquo;est se faire fourrer!\u00a0\u00bb: Concertation, participation et contestation dans les c\u00e9geps de Montr\u00e9al et \u00e0 l&rsquo;UQAM (1963-1976)<br \/>\n<\/em>Direction: Martin Petitclerc;<br \/>\nCodirection: Louise Bienvenue.<\/p>\n<p><strong>Bourses, prix et distinctions :<\/strong><\/p>\n<ul>\n<li>Automne 2017 Bourse d&rsquo;excellence de la Facult\u00e9 des sciences humaines (UQAM)<\/li>\n<li>Hiver 2017 Bourse d\u2019excellence du d\u00e9partement d\u2019histoire (UQAM)<\/li>\n<li>Automne 2016 Mention d\u2019honneur de la Facult\u00e9 des sciences humaines, Ma\u00eetrise (UQAM)<\/li>\n<li>Automne 2016 Bourse de recrutement de la Facult\u00e9 des sciences humaines (UQAM)<\/li>\n<li>Automne 2011 Bourse d\u2019excellence r\u00e9guli\u00e8res de l\u2019UQAM pour les cycles sup\u00e9rieurs (FARE)<\/li>\n<\/ul>\n<div class=\"su-spoiler su-spoiler-style-default su-spoiler-icon-chevron\" data-scroll-offset=\"0\" data-anchor-in-url=\"no\"><div class=\"su-spoiler-title\" tabindex=\"0\" role=\"button\"><span class=\"su-spoiler-icon\"><\/span>Nouvelles<\/div><div class=\"su-spoiler-content su-u-clearfix su-u-trim\">\n<a href=\"https:\/\/chrs.uqam.ca\/index.php\/2018\/05\/16\/jaouad-laaroussi-publie-un-article-sur-la-transmition-de-la-memoire-des-luttes-au-sein-du-mouvement-etudiant-dans-la-revue-relations\/\">Jaouad Laaroussi publie un article dans la revue <i>Relations<\/i><\/a><br><a href=\"https:\/\/chrs.uqam.ca\/index.php\/2018\/04\/25\/invitation-au-colloque-du-chrs-vers-une-histoire-politique-du-capitalisme-dans-le-cadre-de-la-conference-internationale-la-grande-transition\/\">Invitation au colloque du CHRS <i>Vers une histoire politique du capitalisme?<\/i>, dans le cadre de la conf\u00e9rence internationale <i>La Grande transition<\/i><\/a><br><a href=\"https:\/\/chrs.uqam.ca\/index.php\/2018\/03\/09\/martin-petitclerc-et-jaouad-laaroussi-cosignent-un-chapitre-dans-louvrage-collectif-avec-ou-sans-parti-pris\/\">Martin Petitclerc et Jaouad Laaroussi cosignent un chapitre dans l\u2019ouvrage collectif <i>Avec ou sans Parti Pris<\/i><\/a><br><a href=\"https:\/\/chrs.uqam.ca\/index.php\/2017\/12\/21\/appel-a-communications-vers-une-histoire-politique-du-capitalisme\/\">Appel \u00e0 communications : Vers une histoire politique du capitalisme?<\/a><br><a href=\"https:\/\/chrs.uqam.ca\/index.php\/2017\/04\/11\/camille-robert-et-jaouad-laaroussi-publient-un-article-dans-le-devoir\/\">Camille Robert et Jaouad Laaroussi publient un article dans Le Devoir<\/a><br><a href=\"https:\/\/chrs.uqam.ca\/index.php\/2016\/02\/22\/camille-robert-et-jaouad-laaroussi-viendront-presenter-leur-memoire-de-maitrise-dans-le-cadre-des-seminaires-du-chrs\/\">Camille Robert et Jaouad Laaroussi viendront pr\u00e9senter leur m\u00e9moire de ma\u00eetrise dans le cadre des s\u00e9minaires du CHRS<\/a><br><a href=\"https:\/\/chrs.uqam.ca\/index.php\/2013\/10\/02\/martin-petitclerc-et-jaouad-laaroussi-participent-au-colloque-avec-ou-sans-parti-pris\/\">Martin Petitclerc et Jaouad Laaroussi participent au colloque \u00abAvec ou sans Parti pris\u00bb<\/a><br>\n<\/div><\/div>\n","protected":false},"excerpt":{"rendered":"<p>UQAM D\u00e9partement d&rsquo;histoire Jaouad Laaroussi est pr\u00e9sentement candidat au doctorat en histoire \u00e0 l\u2019Universit\u00e9 du Qu\u00e9bec \u00e0 Montr\u00e9al. Ses recherches doctorales portent sur la trajectoire de la consciences historique des&#8230;<\/p>\n","protected":false},"author":2,"featured_media":0,"parent":455,"menu_order":0,"comment_status":"closed","ping_status":"closed","template":"","meta":{"_monsterinsights_skip_tracking":false,"_monsterinsights_sitenote_active":false,"_monsterinsights_sitenote_note":"","_monsterinsights_sitenote_category":0,"footnotes":""},"class_list":["post-2332","page","type-page","status-publish","hentry"],"_links":{"self":[{"href":"https:\/\/chrs.uqam.ca\/index.php\/wp-json\/wp\/v2\/pages\/2332","targetHints":{"allow":["GET"]}}],"collection":[{"href":"https:\/\/chrs.uqam.ca\/index.php\/wp-json\/wp\/v2\/pages"}],"about":[{"href":"https:\/\/chrs.uqam.ca\/index.php\/wp-json\/wp\/v2\/types\/page"}],"author":[{"embeddable":true,"href":"https:\/\/chrs.uqam.ca\/index.php\/wp-json\/wp\/v2\/users\/2"}],"replies":[{"embeddable":true,"href":"https:\/\/chrs.uqam.ca\/index.php\/wp-json\/wp\/v2\/comments?post=2332"}],"version-history":[{"count":0,"href":"https:\/\/chrs.uqam.ca\/index.php\/wp-json\/wp\/v2\/pages\/2332\/revisions"}],"up":[{"embeddable":true,"href":"https:\/\/chrs.uqam.ca\/index.php\/wp-json\/wp\/v2\/pages\/455"}],"wp:attachment":[{"href":"https:\/\/chrs.uqam.ca\/index.php\/wp-json\/wp\/v2\/media?parent=2332"}],"curies":[{"name":"wp","href":"https:\/\/api.w.org\/{rel}","templated":true}]}}