{"id":228,"date":"2017-01-27T01:50:49","date_gmt":"2017-01-27T00:50:49","guid":{"rendered":"http:\/\/chrs.cieq.ca\/?page_id=228"},"modified":"2017-05-03T13:36:42","modified_gmt":"2017-05-03T17:36:42","slug":"andre-cellard","status":"publish","type":"page","link":"https:\/\/chrs.uqam.ca\/index.php\/a-propos\/equipe\/chercheurs-affilies\/andre-cellard\/","title":{"rendered":"Andr\u00e9 Cellard"},"content":{"rendered":"<div class=\"su-row\"><div class=\"su-column su-column-size-1-5\"><div class=\"su-column-inner su-u-clearfix su-u-trim\"><img loading=\"lazy\" decoding=\"async\" src=\"\/wp-content\/uploads\/2017\/01\/A-2901-1-150x150.jpeg\" alt=\"\" width=\"150\" height=\"150\" class=\"alignleft size-thumbnail wp-image-229\" \/><\/div><\/div>\n<div class=\"su-column su-column-size-4-5\"><div class=\"su-column-inner su-u-clearfix su-u-trim\">1995 &#8211; 2005<\/p>\n<p><strong>Professeur titulaire, Universit\u00e9 d&rsquo;Ottawa<br \/>\nD\u00e9partement de criminologie<\/strong><\/div><\/div><\/div>\n<p>Andr\u00e9 Cellard a \u00e9t\u00e9 avec nous pendant dix ans, de 1995 \u00e0 2005. Il est historien, professeur aux d\u00e9partements de criminologie et d\u2019histoire de l\u2019Universit\u00e9 d\u2019Ottawa et est chercheur associ\u00e9 au Centre international en criminologie compar\u00e9e (CICC \u2013 Universit\u00e9 de Montr\u00e9al). Son livre Histoire de la folie au Qu\u00e9bec a re\u00e7u plusieurs prix. Il a aussi travaill\u00e9 sur l\u2019histoire du Code criminel canadien.<\/p>\n<div class=\"su-spoiler su-spoiler-style-default su-spoiler-icon-chevron su-spoiler-closed\" data-scroll-offset=\"0\" data-anchor-in-url=\"no\"><div class=\"su-spoiler-title\" tabindex=\"0\" role=\"button\"><span class=\"su-spoiler-icon\"><\/span>Coordonn\u00e9es<\/div><div class=\"su-spoiler-content su-u-clearfix su-u-trim\">\n<strong>Adresse :<\/strong><br \/>\nUniversit\u00e9 d&rsquo;Ottawa<br \/>\nD\u00e9partement de criminologie<br \/>\nBureau: Tabaret, #302A, Thompson, #221<br \/>\n25 rue Universit\u00e9<br \/>\nOttawa (Ontario)<br \/>\nK1N 6N5<\/p>\n<p><strong>T\u00e9l\u00e9phone : <\/strong><br \/>\n(613) 562-5800, poste 1792 <\/p>\n<p><strong>T\u00e9l\u00e9copieur : <\/strong><br \/>\n(613) 562-5304 <\/p>\n<p><strong>Courriel : <\/strong><br \/>\nacellard@uOttawa.ca <\/div><\/div>\n<div class=\"su-spoiler su-spoiler-style-default su-spoiler-icon-chevron su-spoiler-closed\" data-scroll-offset=\"0\" data-anchor-in-url=\"no\"><div class=\"su-spoiler-title\" tabindex=\"0\" role=\"button\"><span class=\"su-spoiler-icon\"><\/span>Liens<\/div><div class=\"su-spoiler-content su-u-clearfix su-u-trim\">\n<a href=\"http:\/\/www.sciencessociales.uottawa.ca\/crm\/profil-professeur?id=13\" target=\"_blank\">Page personnelle sur le site du d\u00e9partement de criminologie de l&rsquo;Universit\u00e9 d&rsquo;Ottawa<\/a><br \/>\n<\/div><\/div>\n<div class=\"su-spoiler su-spoiler-style-default su-spoiler-icon-chevron su-spoiler-closed\" data-scroll-offset=\"0\" data-anchor-in-url=\"no\"><div class=\"su-spoiler-title\" tabindex=\"0\" role=\"button\"><span class=\"su-spoiler-icon\"><\/span>Projets de recherche<\/div><div class=\"su-spoiler-content su-u-clearfix su-u-trim\">\n<a href=\"\/index.php\/recherche\/realisations\/projets-de-recherche-termines\/les-conditions-historiques-de-developpement-du-probleme-de-linstitutionnalisation-au-quebec-jusqua-la-revolution-tranquille\/\" target=\"_blank\">Les conditions historiques de d\u00e9veloppement du probl\u00e8me de l&rsquo;institutionnalisation au Qu\u00e9bec jusqu&rsquo;\u00e0 la R\u00e9volution tranquille<\/a><br \/>\n<a href=\"\/index.php\/recherche\/realisations\/projets-de-recherche-termines\/populations-marginalisees-et-enfermement-asilaire-a-montreal\/\" target=\"_blank\">Populations marginalis\u00e9es et enfermement asilaire \u00e0 Montr\u00e9al, 1839-1921<\/a><br \/>\n<a href=\"\/index.php\/recherche\/realisations\/projets-de-recherche-termines\/regulation-sociale-et-institutions-a-montreal\/\" target=\"_blank\">R\u00e9gulation sociale et institutions \u00e0 Montr\u00e9al, 1840-1921<\/a><br \/>\n<a href=\"\/index.php\/recherche\/realisations\/projets-de-recherche-termines\/le-champ-francophone-de-la-desinstitutionnalisation-en-sante-mentale\/\" target=\"_blank\">Le champ francophone de la d\u00e9sinstitutionnalisation en sant\u00e9 mentale<\/a><br \/>\n<\/div><\/div>\n<div class=\"su-spoiler su-spoiler-style-default su-spoiler-icon-chevron su-spoiler-closed\" data-scroll-offset=\"0\" data-anchor-in-url=\"no\"><div class=\"su-spoiler-title\" tabindex=\"0\" role=\"button\"><span class=\"su-spoiler-icon\"><\/span>Bourses, prix et distinctions<\/div><div class=\"su-spoiler-content su-u-clearfix su-u-trim\">\n<a href=\"\/index.php\/finaliste-et-mention-dhonneur-du-prix-litteraire-le-droit\/\" target=\"_blank\">Finaliste et Mention d&rsquo;honneur du prix litt\u00e9raire Le Droit<\/a><br \/>\n<a href=\"\/index.php\/prix-dhistoire-regionale-section-quebec\/\" target=\"_blank\">Prix d&rsquo;Histoire r\u00e9gionale &#8211; Section Qu\u00e9bec<\/a><br \/>\n<a href=\"\/index.php\/prix-jean-charles-bonenfant\/\" target=\"_blank\">Prix Jean-Charles Bonenfant<\/a><br \/>\n<a href=\"\/index.php\/prix-michel-brunet\/\" target=\"_blank\">Prix Michel Brunet<\/a><br \/>\n<\/div><\/div>\n<div class=\"su-spoiler su-spoiler-style-default su-spoiler-icon-chevron\" data-scroll-offset=\"0\" data-anchor-in-url=\"no\"><div class=\"su-spoiler-title\" tabindex=\"0\" role=\"button\"><span class=\"su-spoiler-icon\"><\/span>Nouvelles<\/div><div class=\"su-spoiler-content su-u-clearfix su-u-trim\">\n<a href=\"https:\/\/chrs.uqam.ca\/index.php\/2015\/01\/21\/lancement-du-livre-desinstitutionnalisation-psychiatrique-en-acadie-en-ontario-francophone-et-au-quebec-co-dirige-par-marie-claude-thifault-et-henri-dorvil\/\">Lancement du livre D\u00e9sinstitutionnalisation psychiatrique en Acadie, en Ontario francophone et au Qu\u00e9bec, co-dirig\u00e9 par Marie-Claude Thifault et Henri Dorvil<\/a><br><a href=\"https:\/\/chrs.uqam.ca\/index.php\/2014\/07\/14\/le-collectif-desinstitutionnalisation-psychiatrique-co-dirige-par-marie-claude-thifault-parait-aux-puq\/\">Le collectif D\u00e9sinstitutionnalisation psychiatrique co-dirig\u00e9 par Marie-Claude Thifault para\u00eet aux PUQ<\/a><br><a href=\"https:\/\/chrs.uqam.ca\/index.php\/2012\/03\/20\/retour-sur-le-lancement-du-livre-corps-suspect-corps-deviant\/\">Retour sur le lancement du livre Corps suspect, corps d\u00e9viant<\/a><br><a href=\"https:\/\/chrs.uqam.ca\/index.php\/2011\/04\/01\/retour-sur-la-conference-du-printemps-de-lunite-de-recherche-sur-lhistoire-des-sciences-infirmieres-de-lams-a-luniversite-dottawa\/\">Retour sur la conf\u00e9rence du printemps de l&rsquo;Unit\u00e9 de recherche sur l&rsquo;histoire des sciences infirmi\u00e8res de l&rsquo;AMS \u00e0 l&rsquo;Universit\u00e9 d&rsquo;Ottawa<\/a><br><a href=\"https:\/\/chrs.uqam.ca\/index.php\/2010\/08\/02\/marie-claude-thifault-recoit-une-subvention-de-recherche-des-irsc\/\">Marie-Claude Thifault re\u00e7oit une subvention de recherche des IRSC<\/a><br><a href=\"https:\/\/chrs.uqam.ca\/index.php\/2009\/11\/08\/une-toupie-sur-la-tete-visages-de-la-folie-a-saint-jean-de-dieu-au-tournant-du-siecle-dernier\/\">Une toupie sur la t\u00eate &#8211; Visages de la folie \u00e0 Saint-Jean-de-Dieu au tournant du si\u00e8cle dernier<\/a><br>\n<\/div><\/div>\n","protected":false},"excerpt":{"rendered":"<p>Andr\u00e9 Cellard a \u00e9t\u00e9 avec nous pendant dix ans, de 1995 \u00e0 2005. Il est historien, professeur aux d\u00e9partements de criminologie et d\u2019histoire de l\u2019Universit\u00e9 d\u2019Ottawa et est chercheur associ\u00e9&#8230;<\/p>\n","protected":false},"author":2,"featured_media":0,"parent":67,"menu_order":1,"comment_status":"closed","ping_status":"closed","template":"","meta":{"_monsterinsights_skip_tracking":false,"_monsterinsights_sitenote_active":false,"_monsterinsights_sitenote_note":"","_monsterinsights_sitenote_category":0,"footnotes":""},"class_list":["post-228","page","type-page","status-publish","hentry"],"_links":{"self":[{"href":"https:\/\/chrs.uqam.ca\/index.php\/wp-json\/wp\/v2\/pages\/228","targetHints":{"allow":["GET"]}}],"collection":[{"href":"https:\/\/chrs.uqam.ca\/index.php\/wp-json\/wp\/v2\/pages"}],"about":[{"href":"https:\/\/chrs.uqam.ca\/index.php\/wp-json\/wp\/v2\/types\/page"}],"author":[{"embeddable":true,"href":"https:\/\/chrs.uqam.ca\/index.php\/wp-json\/wp\/v2\/users\/2"}],"replies":[{"embeddable":true,"href":"https:\/\/chrs.uqam.ca\/index.php\/wp-json\/wp\/v2\/comments?post=228"}],"version-history":[{"count":0,"href":"https:\/\/chrs.uqam.ca\/index.php\/wp-json\/wp\/v2\/pages\/228\/revisions"}],"up":[{"embeddable":true,"href":"https:\/\/chrs.uqam.ca\/index.php\/wp-json\/wp\/v2\/pages\/67"}],"wp:attachment":[{"href":"https:\/\/chrs.uqam.ca\/index.php\/wp-json\/wp\/v2\/media?parent=228"}],"curies":[{"name":"wp","href":"https:\/\/api.w.org\/{rel}","templated":true}]}}