{"id":2235,"date":"2017-05-02T17:15:47","date_gmt":"2017-05-02T21:15:47","guid":{"rendered":"http:\/\/chrs.cieq.ca\/?page_id=2235"},"modified":"2023-10-10T14:19:55","modified_gmt":"2023-10-10T18:19:55","slug":"bourses-du-chrs","status":"publish","type":"page","link":"https:\/\/chrs.uqam.ca\/index.php\/a-propos\/bourses-du-chrs\/","title":{"rendered":"Bourses du CHRS"},"content":{"rendered":"<p>Dans le cadre du projet <a href=\"https:\/\/chrs.uqam.ca\/index.php\/regulations-redistributions-reconnaissances-les-injustices-economiques-et-culturelles-en-histoire-du-quebec\/\">R\u00e9gulations, Redistributions, Reconnaissances: les injustices \u00e9conomiques et culturelles en histoire du Qu\u00e9bec<\/a>, rendu possible gr\u00e2ce au financement du Fonds qu\u00e9b\u00e9cois de recherche sur la soci\u00e9t\u00e9 et la culture (FRQSC, 2022-2026), l\u2019\u00e9quipe du CHRS d\u00e9cerne annuellement des bourses aux \u00e9tudiants et \u00e9tudiantes d\u00e9sirant initier ou poursuivre des \u00e9tudes de 2e ou 3e cycle universitaire (ma\u00eetrise ou doctorat) sous la direction ou la co-direction d\u2019un des membres r\u00e9guliers de l\u2019\u00e9quipe.\u00a0Le projet de m\u00e9moire (ou de rapport de recherche 2e cycle) ou de th\u00e8se doit s\u2019inscrire dans la programmation de recherche du CHRS.<\/p>\n<h2>R\u00e9sultats 2023-2024<\/h2>\n<p><strong>Ma\u00eetrise <\/strong> : Doroth\u00e9e Perron , Les hippies \u00e9taient-ils f\u00e9ministes? Dualit\u00e9s entre discours et<br \/>pratiques dans la m\u00e9moire contre-culturelle qu\u00e9b\u00e9coise (1967-1978)<br \/>Direction : <a href=\"\/index.php\/a-propos\/equipe\/membres-reguliers\/louise-bienvenue\/\" target=\"_blank\" rel=\"noopener\">Louise Bienvenue<\/a><\/p>\n<p><strong>Doctorat\u00a0<\/strong> : Louise Lainesse, Entre silence et absence : l\u2019exp\u00e9rience du deuil au Qu\u00e9bec (1860-1899)<br \/>Direction :\u00a0<a href=\"https:\/\/chrs.uqam.ca\/index.php\/a-propos\/equipe\/membres-reguliers\/ollivier-hubert\/\">Ollivier Hubert<\/a><\/p>\n<p>Jonathan Fortin, La vieille fille : le c\u00e9libat f\u00e9minin la\u00efc dans le Qu\u00e9bec urbain, 1880-1930 <br \/>Direction : Magda Fahrni et co-direction, <a href=\"https:\/\/chrs.uqam.ca\/index.php\/a-propos\/equipe\/membres-reguliers\/peter-gossage\/\">Peter Gossage<\/a><\/p>\n\n<p><strong>R\u00e9sultats des ann\u00e9es pr\u00e9c\u00e9dentes<\/strong><\/p>\n<div class=\"su-spoiler su-spoiler-style-default su-spoiler-icon-chevron su-spoiler-closed\" data-scroll-offset=\"0\" data-anchor-in-url=\"no\"><div class=\"su-spoiler-title\" tabindex=\"0\" role=\"button\"><span class=\"su-spoiler-icon\"><\/span>2022 - 2023<\/div><div class=\"su-spoiler-content su-u-clearfix su-u-trim\">\n<p><strong>Ma\u00eetrise : <\/strong>Camille Champagne-Tremblay, \u00a0l&rsquo;\u00e9volution de l&rsquo;utilisation du territoire aujourd&rsquo;hui occup\u00e9 par l&rsquo;UQAM et le parc \u00c9milie-Gamelin.\u00a0<br \/>Direction <a href=\"https:\/\/chrs.uqam.ca\/index.php\/a-propos\/equipe\/membres-reguliers\/martin-petitclerc\/\">Martin Petitclerc<\/a><\/p>\n<p>Marc-Antoine Belzile, l&rsquo;implantation des salles de cin\u00e9ma \u00e0 L\u00e9vis, entre 1908 et 1936.<br \/><span style=\"font-size: revert; color: initial;\">Direction: <\/span><a style=\"font-size: revert;\" href=\"https:\/\/chrs.uqam.ca\/index.php\/a-propos\/equipe\/membres-reguliers\/aline-charles\/\">Aline Charles<\/a><span style=\"font-size: revert; color: initial;\">\u00a0<\/span><\/p>\n<p><strong>Doctorat : <\/strong>Camille Robert, les conflits li\u00e9s au travail de reproduction sociale dans le contexte du tournant n\u00e9olib\u00e9ral de l\u2019\u00c9tat qu\u00e9b\u00e9cois (1981-1989).\u00a0<br \/>Direction <a href=\"https:\/\/chrs.uqam.ca\/index.php\/a-propos\/equipe\/membres-reguliers\/martin-petitclerc\/\">Martin Petitclerc<\/a> et co-direction Magda Fahrni<\/p>\n<p>Ces bourses ont \u00e9t\u00e9 attribu\u00e9es dans le cadre de la subvention \u00a0<a href=\"https:\/\/chrs.uqam.ca\/index.php\/regulations-redistributions-reconnaissances-les-injustices-economiques-et-culturelles-en-histoire-du-quebec\/\">R\u00e9gulations, Redistributions, Reconnaissances: les injustices \u00e9conomiques et culturelles en histoire du Qu\u00e9bec<\/a> (FRQSC, 2012-2026)<\/p>\n<\/div><\/div>\n<div class=\"su-spoiler su-spoiler-style-default su-spoiler-icon-chevron su-spoiler-closed\" data-scroll-offset=\"0\" data-anchor-in-url=\"no\"><div class=\"su-spoiler-title\" tabindex=\"0\" role=\"button\"><span class=\"su-spoiler-icon\"><\/span>2021 - 2022<\/div><div class=\"su-spoiler-content su-u-clearfix su-u-trim\">\n<p><strong>Ma\u00eetrise : <\/strong>Kathleen Villeneuve, implication des S\u0153urs grises de Montr\u00e9al dans la mise sur pied du syst\u00e8me de pensionnats autochtones dans l\u2019Ouest.<br \/>Direction:\u00a0 <a href=\"https:\/\/chrs.uqam.ca\/index.php\/a-propos\/equipe\/membres-reguliers\/catherine-larochelle\/\">Catherine Larochelle<\/a><\/p>\n<p>Mathieu Paradis, r\u00e9cits de vie de militantes ouvri\u00e8res montr\u00e9alaises.<br \/>Direction :\u00a0<a href=\"https:\/\/chrs.uqam.ca\/index.php\/a-propos\/equipe\/membres-reguliers\/ollivier-hubert\/\">Ollivier Hubert<\/a>, codirection :\u00a0<a href=\"https:\/\/chrs.uqam.ca\/index.php\/a-propos\/equipe\/membres-reguliers\/martin-petitclerc\/\">Martin Petitclerc<\/a><\/p>\n<p>Meggie Sue Cadrin,\u00a0criminalit\u00e9 f\u00e9minine et son traitement judiciaire, entre\u00a0 1815 et 1870, dans la ville de Qu\u00e9bec. <br \/>Direction : <a href=\"https:\/\/chrs.uqam.ca\/index.php\/a-propos\/equipe\/membres-reguliers\/donald-fyson\/\">Donald Fyson<\/a><\/p>\n<p>Ces bourses ont \u00e9t\u00e9 attribu\u00e9es dans le cadre de la subvention <a href=\"https:\/\/chrs.uqam.ca\/index.php\/regulations-sociales-et-familiales-dans-lhistoire-des-problemes-sociaux-au-quebec\/\" target=\"_blank\" rel=\"noopener noreferrer\">R\u00e9gulations sociales et familiales dans l\u2019histoire des probl\u00e8mes sociaux au Qu\u00e9bec<\/a> (FRQSC, 2018-2022)<\/p>\n<\/div><\/div>\n<div class=\"su-spoiler su-spoiler-style-default su-spoiler-icon-chevron su-spoiler-closed\" data-scroll-offset=\"0\" data-anchor-in-url=\"no\"><div class=\"su-spoiler-title\" tabindex=\"0\" role=\"button\"><span class=\"su-spoiler-icon\"><\/span>2020 - 2021<\/div><div class=\"su-spoiler-content su-u-clearfix su-u-trim\">\n<p><strong>Ma\u00eetrise :<\/strong> Camille Jobin\u00a0\u00ab Bonnes \u00e0 tout faire recherch\u00e9es : une analyse intersectionnnelle du service domestique \u00e0 Qu\u00e9bec (1950-1990) \u00bb.<br \/>Direction: <a href=\"https:\/\/chrs.uqam.ca\/index.php\/a-propos\/equipe\/membres-reguliers\/aline-charles\/\">Aline Charles<\/a><\/p>\n<p>Thomas Nadeau-Mercier \u00abEntre prescription et utilisation. La pilule contraceptive au Qu\u00e9bec (1961-1980)\u00bb.<br \/>Direction: <a href=\"https:\/\/chrs.uqam.ca\/index.php\/a-propos\/equipe\/membres-reguliers\/aline-charles\/\">Aline Charles<\/a><\/p>\n<p><strong>Doctorat:\u00a0\u00a0<\/strong>Mathilde Michaud \u00ab Popular Culture, Gender Discourses and the Catholic Church: The Birth of Ultra-Catholic Qu\u00e9bec and the Rooting of Gender Norms and Relations, from Early Modern to Postmodern Qu\u00e9bec (1810-2020)\u00a0\u00bb<em>.<br \/><\/em>Direction: Callum Brown University of Glasgow et codirection, <a href=\"https:\/\/chrs.uqam.ca\/index.php\/a-propos\/equipe\/membres-reguliers\/ollivier-hubert\/\">Ollivier Hubert<\/a><\/p>\n<p>Ces bourses ont \u00e9t\u00e9 attribu\u00e9es dans le cadre de la subvention <a href=\"https:\/\/chrs.uqam.ca\/index.php\/regulations-sociales-et-familiales-dans-lhistoire-des-problemes-sociaux-au-quebec\/\" target=\"_blank\" rel=\"noopener noreferrer\">R\u00e9gulations sociales et familiales dans l\u2019histoire des probl\u00e8mes sociaux au Qu\u00e9bec<\/a> (FRQSC, 2018-2022)<\/p>\n<\/div><\/div>\n<div class=\"su-spoiler su-spoiler-style-default su-spoiler-icon-chevron su-spoiler-closed\" data-scroll-offset=\"0\" data-anchor-in-url=\"no\"><div class=\"su-spoiler-title\" tabindex=\"0\" role=\"button\"><span class=\"su-spoiler-icon\"><\/span>2019 - 2020<\/div><div class=\"su-spoiler-content su-u-clearfix su-u-trim\">\n<p><strong>Ma\u00eetrise :\u00a0<\/strong>Anne-Marie Dubreuil, sur les rapports entretenus entre les milieux d&rsquo;affaires et les institutions m\u00e9dicales montr\u00e9alaises de 1880 \u00e0 1925<br \/>Direction <a href=\"https:\/\/chrs.uqam.ca\/index.php\/a-propos\/equipe\/membres-reguliers\/martin-petitclerc\/\">Martin Petitclerc<\/a><\/p>\n<p>Simon Dufour, sur l&rsquo;\u00e9volution et les principaux acteurs de la vieille prison de Trois-Rivi\u00e8res entre 1920-1950.<br \/>Direction\u00a0<a href=\"https:\/\/chrs.uqam.ca\/index.php\/a-propos\/equipe\/membres-reguliers\/thierry-nootens\/\" target=\"_blank\" rel=\"noopener noreferrer\">Thierry Nootens<\/a><\/p>\n<p><strong>Doctorat :\u00a0<\/strong>Laura Maude Moitoso Grenier, sur l\u2019\u00e9volution et l\u2019impact du concept de dangerosit\u00e9 dans les discours des divers acteurs dans les processus judiciaires dans les cas d\u2019infractions d\u2019ordre sexuel impliquant des victimes mineures (IOSVM).<br \/>Direction <a href=\"https:\/\/chrs.uqam.ca\/index.php\/a-propos\/equipe\/membres-reguliers\/isabelle-perreault\/\">Isabelle Perreault<\/a><\/p>\n<p class=\"entry-title\"><a href=\"https:\/\/chrs.uqam.ca\/index.php\/2019\/11\/25\/lequipe-du-chrs-decerne-trois-bourses-detudes-pour-le-concours-2019-2020\/\">L\u2019\u00e9quipe du CHRS d\u00e9cerne trois bourses d\u2019\u00e9tudes pour le concours 2019-2020<\/a><\/p>\n<p>Ces bourses ont \u00e9t\u00e9 attribu\u00e9es dans le cadre de la subvention <a href=\"https:\/\/chrs.uqam.ca\/index.php\/regulations-sociales-et-familiales-dans-lhistoire-des-problemes-sociaux-au-quebec\/\" target=\"_blank\" rel=\"noopener noreferrer\">R\u00e9gulations sociales et familiales dans l\u2019histoire des probl\u00e8mes sociaux au Qu\u00e9bec<\/a> (FRQSC, 2018-2022)<\/p>\n<\/div><\/div>\n<div class=\"su-spoiler su-spoiler-style-default su-spoiler-icon-chevron su-spoiler-closed\" data-scroll-offset=\"0\" data-anchor-in-url=\"no\"><div class=\"su-spoiler-title\" tabindex=\"0\" role=\"button\"><span class=\"su-spoiler-icon\"><\/span>2018 - 2019<\/div><div class=\"su-spoiler-content su-u-clearfix su-u-trim\">\n<p><strong>Ma\u00eetrise<\/strong> : V\u00e9ronika Brandl-Mouton, \u00ab R\u00e9former plut\u00f4t que punir \u00bb : la jeunesse devant la Cour des jeunes d\u00e9linquants de Qu\u00e9bec (1940-1950)<br \/>Direction\u00a0<a href=\"https:\/\/chrs.uqam.ca\/index.php\/a-propos\/equipe\/membres-reguliers\/martin-petitclerc\/\" target=\"_blank\" rel=\"noopener noreferrer\">Martin Petitclerc<\/a>, co-direction\u00a0<a href=\"https:\/\/chrs.uqam.ca\/index.php\/a-propos\/equipe\/membres-reguliers\/louise-bienvenue\/\" target=\"_blank\" rel=\"noopener noreferrer\">Louise Bienvenue<\/a><\/p>\n<p><strong>Doctorat<\/strong> : Caroline Robert,\u00a0\u00ab De la \u201cPolice des liqueurs\u201d \u00e0 \u201c\u00c9duc\u2019alcool\u201d: L\u2019\u00c9tat, la soci\u00e9t\u00e9 et la r\u00e9gulation de l\u2019alcool au Qu\u00e9bec (1921-1990) \u00bb<br \/>Direction\u00a0<a href=\"https:\/\/chrs.uqam.ca\/index.php\/a-propos\/equipe\/membres-reguliers\/martin-petitclerc\/\" target=\"_blank\" rel=\"noopener noreferrer\">Martin Petitclerc<\/a>, co-direction Jarrett Rudy<\/p>\n<p>Natalie Ricard, \u00ab\u00a0Crimes graves et haute justice : la Cour du banc du Roi de Montr\u00e9al, 1945-1964 \u00bb<br \/>Direction\u00a0<a href=\"https:\/\/chrs.uqam.ca\/index.php\/a-propos\/equipe\/membres-reguliers\/thierry-nootens\/\" target=\"_blank\" rel=\"noopener noreferrer\">Thierry Nootens<\/a>, co-direction\u00a0Hugues Parent<\/p>\n<p class=\"entry-title\"><a href=\"https:\/\/chrs.uqam.ca\/index.php\/2018\/12\/12\/lequipe-du-chrs-decerne-trois-bourses-detude-pour-le-concours-2018-2019\/\">L\u2019\u00e9quipe du CHRS d\u00e9cerne trois bourses d\u2019\u00e9tude pour le concours 2018-2019<\/a><\/p>\n<p>Ces bourses ont \u00e9t\u00e9 attribu\u00e9es dans le cadre de la subvention <a href=\"https:\/\/chrs.uqam.ca\/index.php\/regulations-sociales-et-familiales-dans-lhistoire-des-problemes-sociaux-au-quebec\/\" target=\"_blank\" rel=\"noopener noreferrer\">R\u00e9gulations sociales et familiales dans l\u2019histoire des probl\u00e8mes sociaux au Qu\u00e9bec<\/a> (FRQSC, 2018-2022)<\/p>\n<\/div><\/div>\n<div class=\"su-spoiler su-spoiler-style-default su-spoiler-icon-chevron su-spoiler-closed\" data-scroll-offset=\"0\" data-anchor-in-url=\"no\"><div class=\"su-spoiler-title\" tabindex=\"0\" role=\"button\"><span class=\"su-spoiler-icon\"><\/span>2017 - 2018<\/div><div class=\"su-spoiler-content su-u-clearfix su-u-trim\">\n<p>Cette bourse a \u00e9t\u00e9 attribu\u00e9e dans le cadre de la subvention\u00a0<a href=\"https:\/\/chrs.uqam.ca\/index.php\/recherche\/realisations\/projets-de-recherche-en-cours\/le-gouvernement-de-la-misere\/\">Le gouvernement de la mis\u00e8re et la citoyennet\u00e9 : pauvret\u00e9, maladie et crime dans l&rsquo;histoire du Qu\u00e9bec<\/a> (FRQSC, 2014-2018)<\/p>\n<p><b>Doctorat\u00a0<\/b>: Paul D&rsquo;Ambroise, l&rsquo;expansion de l\u2019\u00c9tat et la pr\u00e9sence de la police provincial dans les Cantons-de-L\u2019est entre 1920 et 1950<br \/>Direction : <a href=\"https:\/\/chrs.uqam.ca\/index.php\/a-propos\/equipe\/membres-reguliers\/peter-gossage\/\">Peter Gossage<\/a><\/p>\n<p><a href=\"https:\/\/chrs.uqam.ca\/index.php\/2018\/01\/09\/paul-dambroise-est-recipiendaire-de-la-bourse-detude-du-chrs-pour-son-concours-2017-2018\/\">Paul D\u2019Ambroise est r\u00e9cipiendaire de la bourse d\u2019\u00e9tude du CHRS 2017-2018<\/a><\/p>\n<\/div><\/div>\n<div class=\"su-spoiler su-spoiler-style-default su-spoiler-icon-chevron su-spoiler-closed\" data-scroll-offset=\"0\" data-anchor-in-url=\"no\"><div class=\"su-spoiler-title\" tabindex=\"0\" role=\"button\"><span class=\"su-spoiler-icon\"><\/span>2016 - 2017<\/div><div class=\"su-spoiler-content su-u-clearfix su-u-trim\">\n<p>Ces bourses ont \u00e9t\u00e9 attribu\u00e9es dans le cadre de la subvention\u00a0<a href=\"https:\/\/chrs.uqam.ca\/index.php\/recherche\/realisations\/projets-de-recherche-en-cours\/le-gouvernement-de-la-misere\/\">Le gouvernement de la mis\u00e8re et la citoyennet\u00e9 : pauvret\u00e9, maladie et crime dans l&rsquo;histoire du Qu\u00e9bec<\/a> (FRQSC, 2014-2018)<\/p>\n<p><b>Ma\u00eetrise <\/b>: Caroline Desruisseaux, \u00ab Une justice postcoloniale? La r\u00e9ception de la Cour itin\u00e9rante par les Cris dans le district judiciaire d\u2019Abitibi entre 1974 et 1995 \u00bb<br \/>Co-direction <a href=\"\/index.php\/a-propos\/equipe\/membres-reguliers\/louise-bienvenue\/\" target=\"_blank\" rel=\"noopener\">Louise Bienvenue<\/a> et Claude G\u00e9linas<\/p>\n<p><b>Doctorat <\/b>: S\u00e9bastien H\u00e9bert, Le d\u00e9veloppement de la professionnalisation de la psychiatrie, de la psychologie et de la psycho\u00e9ducation, en Estrie des ann\u00e9es 1940 jusqu\u2019\u00e0 la d\u00e9sinstitutionalisation psychiatrique<br \/>Direction : <a href=\"\/index.php\/a-propos\/equipe\/membres-reguliers\/louise-bienvenue\/\" target=\"_blank\" rel=\"noopener\">Louise Bienvenue<\/a><\/p>\n<p><a href=\"\/index.php\/2016\/12\/19\/lequipe-du-chrs-decerne-deux-bourses-detude-pour-son-concours-2016\/\" target=\"_blank\" rel=\"noopener\">L\u2019\u00e9quipe du CHRS d\u00e9cerne deux bourses d\u2019\u00e9tude pour son concours 2016<\/a><\/p>\n<\/div><\/div>\n<div class=\"su-spoiler su-spoiler-style-default su-spoiler-icon-chevron su-spoiler-closed\" data-scroll-offset=\"0\" data-anchor-in-url=\"no\"><div class=\"su-spoiler-title\" tabindex=\"0\" role=\"button\"><span class=\"su-spoiler-icon\"><\/span>2015 - 2016<\/div><div class=\"su-spoiler-content su-u-clearfix su-u-trim\">\n<p>Ces bourses ont \u00e9t\u00e9 attribu\u00e9es dans le cadre de la subvention\u00a0<a href=\"https:\/\/chrs.uqam.ca\/index.php\/recherche\/realisations\/projets-de-recherche-en-cours\/le-gouvernement-de-la-misere\/\">Le gouvernement de la mis\u00e8re et la citoyennet\u00e9 : pauvret\u00e9, maladie et crime dans l&rsquo;histoire du Qu\u00e9bec<\/a> (FRQSC, 2014-2018)<\/p>\n<p><b>Ma\u00eetrise <\/b>: Florence Rousseau, \u00ab Le d\u00e9sordre dans le quartier portuaire de Qu\u00e9bec, 1850-1875 \u00bb<br \/>Direction : <a href=\"\/index.php\/a-propos\/equipe\/membres-reguliers\/donald-fyson\/\" target=\"_blank\" rel=\"noopener\">Donald Fyson<\/a><\/p>\n<p><b>Doctorat <\/b>: Catherine Tremblay, \u00ab L\u2019\u00e9volution de la repr\u00e9sentation de la folie criminelle dans le discours public qu\u00e9b\u00e9cois de 1960 \u00e0 2014 \u00bb<br \/>Direction : <a href=\"\/index.php\/a-propos\/equipe\/membres-reguliers\/louise-bienvenue\/\" target=\"_blank\" rel=\"noopener\">Louise Bienvenue<\/a><\/p>\n<p><a href=\"\/index.php\/2016\/01\/06\/lequipe-du-chrs-decerne-deux-bourses-detude-pour-le-concours-2015-2016\/\" target=\"_blank\" rel=\"noopener\">L\u2019\u00e9quipe du CHRS d\u00e9cerne deux bourses d\u2019\u00e9tude pour le concours 2015-2016<\/a><\/p>\n<\/div><\/div>\n<div class=\"su-spoiler su-spoiler-style-default su-spoiler-icon-chevron su-spoiler-closed\" data-scroll-offset=\"0\" data-anchor-in-url=\"no\"><div class=\"su-spoiler-title\" tabindex=\"0\" role=\"button\"><span class=\"su-spoiler-icon\"><\/span>2014 - 2015<\/div><div class=\"su-spoiler-content su-u-clearfix su-u-trim\">\n<p>Ces bourses ont \u00e9t\u00e9 attribu\u00e9es dans le cadre de la subvention\u00a0<a href=\"https:\/\/chrs.uqam.ca\/index.php\/recherche\/realisations\/projets-de-recherche-en-cours\/le-gouvernement-de-la-misere\/\">Le gouvernement de la mis\u00e8re et la citoyennet\u00e9 : pauvret\u00e9, maladie et crime dans l&rsquo;histoire du Qu\u00e9bec<\/a> (FRQSC, 2014-2018)<\/p>\n<p><b>Ma\u00eetrise <\/b>: Camille Robert, \u00ab Toutes les femmes sont d&rsquo;abord m\u00e9nag\u00e8res : Discours et mobilisations des f\u00e9ministes qu\u00e9b\u00e9coises autour du travail m\u00e9nager (1968-1985) \u00bb<br \/>Direction : <a href=\"\/index.php\/a-propos\/equipe\/membres-reguliers\/martin-petitclerc\/\" target=\"_blank\" rel=\"noopener\">Martin Petitclerc<\/a><\/p>\n<p><b>Doctorat <\/b>: Benoit Marsan, \u00ab La formation des sans-emploi au Qu\u00e9bec (1919-1939) : crises \u00e9conomiques, ch\u00f4mage, institutions, r\u00e9sistances et mobilisations \u00bb<br \/>Direction : <a href=\"\/index.php\/a-propos\/equipe\/membres-reguliers\/martin-petitclerc\/\" target=\"_blank\" rel=\"noopener\">Martin Petitclerc<\/a><\/p>\n<p><a href=\"\/index.php\/2014\/12\/04\/lequipe-du-chrs-decerne-deux-bourses-detude\/\" target=\"_blank\" rel=\"noopener\">L\u2019\u00e9quipe du CHRS d\u00e9cerne deux bourses d\u2019\u00e9tude<\/a><\/p>\n<\/div><\/div>\n\n\n<p><\/p>\n","protected":false},"excerpt":{"rendered":"<p>Dans le cadre du projet R\u00e9gulations, Redistributions, Reconnaissances: les injustices \u00e9conomiques et culturelles en histoire du Qu\u00e9bec, rendu possible gr\u00e2ce au financement du Fonds qu\u00e9b\u00e9cois de recherche sur la soci\u00e9t\u00e9&#8230;<\/p>\n","protected":false},"author":2,"featured_media":0,"parent":5,"menu_order":0,"comment_status":"closed","ping_status":"closed","template":"","meta":{"_monsterinsights_skip_tracking":false,"_monsterinsights_sitenote_active":false,"_monsterinsights_sitenote_note":"","_monsterinsights_sitenote_category":0,"footnotes":""},"class_list":["post-2235","page","type-page","status-publish","hentry"],"_links":{"self":[{"href":"https:\/\/chrs.uqam.ca\/index.php\/wp-json\/wp\/v2\/pages\/2235","targetHints":{"allow":["GET"]}}],"collection":[{"href":"https:\/\/chrs.uqam.ca\/index.php\/wp-json\/wp\/v2\/pages"}],"about":[{"href":"https:\/\/chrs.uqam.ca\/index.php\/wp-json\/wp\/v2\/types\/page"}],"author":[{"embeddable":true,"href":"https:\/\/chrs.uqam.ca\/index.php\/wp-json\/wp\/v2\/users\/2"}],"replies":[{"embeddable":true,"href":"https:\/\/chrs.uqam.ca\/index.php\/wp-json\/wp\/v2\/comments?post=2235"}],"version-history":[{"count":1,"href":"https:\/\/chrs.uqam.ca\/index.php\/wp-json\/wp\/v2\/pages\/2235\/revisions"}],"predecessor-version":[{"id":11467,"href":"https:\/\/chrs.uqam.ca\/index.php\/wp-json\/wp\/v2\/pages\/2235\/revisions\/11467"}],"up":[{"embeddable":true,"href":"https:\/\/chrs.uqam.ca\/index.php\/wp-json\/wp\/v2\/pages\/5"}],"wp:attachment":[{"href":"https:\/\/chrs.uqam.ca\/index.php\/wp-json\/wp\/v2\/media?parent=2235"}],"curies":[{"name":"wp","href":"https:\/\/api.w.org\/{rel}","templated":true}]}}