{"id":2003,"date":"2017-03-06T22:21:17","date_gmt":"2017-03-06T21:21:17","guid":{"rendered":"http:\/\/chrs.cieq.ca\/?page_id=2003"},"modified":"2017-05-03T14:30:24","modified_gmt":"2017-05-03T18:30:24","slug":"prix-michel-brunet-2008-meilleur-ouvrage-publie-en-histoire-moins-35-ans","status":"publish","type":"page","link":"https:\/\/chrs.uqam.ca\/index.php\/prix-michel-brunet-2008-meilleur-ouvrage-publie-en-histoire-moins-35-ans\/","title":{"rendered":"Prix Michel-Brunet 2008 Meilleur ouvrage publi\u00e9 en histoire, moins 35 ans"},"content":{"rendered":"<p>Histoire<\/p>\n<p>R\u00e9cipiendaire : <a href=\"\/index.php\/a-propos\/equipe\/chercheurs-affilies\/thierry-nootens\/\" target=\"_blank\">Thierry Nootens<\/a><br \/>\nOrganisation : Institut d\u2019histoire de l\u2019Am\u00e9rique fran\u00e7aise<br \/>\nCanada<br \/>\nAnn\u00e9e : 2008<\/p>\n","protected":false},"excerpt":{"rendered":"<p>Histoire R\u00e9cipiendaire : Thierry Nootens Organisation : Institut d\u2019histoire de l\u2019Am\u00e9rique fran\u00e7aise Canada Ann\u00e9e : 2008<\/p>\n","protected":false},"author":2,"featured_media":0,"parent":0,"menu_order":0,"comment_status":"closed","ping_status":"closed","template":"","meta":{"_monsterinsights_skip_tracking":false,"_monsterinsights_sitenote_active":false,"_monsterinsights_sitenote_note":"","_monsterinsights_sitenote_category":0,"footnotes":""},"class_list":["post-2003","page","type-page","status-publish","hentry"],"_links":{"self":[{"href":"https:\/\/chrs.uqam.ca\/index.php\/wp-json\/wp\/v2\/pages\/2003","targetHints":{"allow":["GET"]}}],"collection":[{"href":"https:\/\/chrs.uqam.ca\/index.php\/wp-json\/wp\/v2\/pages"}],"about":[{"href":"https:\/\/chrs.uqam.ca\/index.php\/wp-json\/wp\/v2\/types\/page"}],"author":[{"embeddable":true,"href":"https:\/\/chrs.uqam.ca\/index.php\/wp-json\/wp\/v2\/users\/2"}],"replies":[{"embeddable":true,"href":"https:\/\/chrs.uqam.ca\/index.php\/wp-json\/wp\/v2\/comments?post=2003"}],"version-history":[{"count":0,"href":"https:\/\/chrs.uqam.ca\/index.php\/wp-json\/wp\/v2\/pages\/2003\/revisions"}],"wp:attachment":[{"href":"https:\/\/chrs.uqam.ca\/index.php\/wp-json\/wp\/v2\/media?parent=2003"}],"curies":[{"name":"wp","href":"https:\/\/api.w.org\/{rel}","templated":true}]}}