{"id":1980,"date":"2017-03-06T21:41:01","date_gmt":"2017-03-06T20:41:01","guid":{"rendered":"http:\/\/chrs.cieq.ca\/?page_id=1980"},"modified":"2017-05-03T14:28:46","modified_gmt":"2017-05-03T18:28:46","slug":"prix-jean-charles-bonenfant","status":"publish","type":"page","link":"https:\/\/chrs.uqam.ca\/index.php\/prix-jean-charles-bonenfant\/","title":{"rendered":"Prix Jean-Charles Bonenfant"},"content":{"rendered":"<p>Histoire de la folie au Qu\u00e9bec<\/p>\n<p>R\u00e9cipiendaire : <a href=\"\/index.php\/a-propos\/equipe\/chercheurs-affilies\/andre-cellard\/\" target=\"_blank\">Andr\u00e9 Cellard<\/a><br \/>\nOrganisation : F\u00e9d\u00e9ration canadienne des sciences sociales<br \/>\nAnn\u00e9e : 1991-1992<\/p>\n","protected":false},"excerpt":{"rendered":"<p>Histoire de la folie au Qu\u00e9bec R\u00e9cipiendaire : Andr\u00e9 Cellard Organisation : F\u00e9d\u00e9ration canadienne des sciences sociales Ann\u00e9e : 1991-1992<\/p>\n","protected":false},"author":2,"featured_media":0,"parent":0,"menu_order":0,"comment_status":"closed","ping_status":"closed","template":"","meta":{"_monsterinsights_skip_tracking":false,"_monsterinsights_sitenote_active":false,"_monsterinsights_sitenote_note":"","_monsterinsights_sitenote_category":0,"footnotes":""},"class_list":["post-1980","page","type-page","status-publish","hentry"],"_links":{"self":[{"href":"https:\/\/chrs.uqam.ca\/index.php\/wp-json\/wp\/v2\/pages\/1980","targetHints":{"allow":["GET"]}}],"collection":[{"href":"https:\/\/chrs.uqam.ca\/index.php\/wp-json\/wp\/v2\/pages"}],"about":[{"href":"https:\/\/chrs.uqam.ca\/index.php\/wp-json\/wp\/v2\/types\/page"}],"author":[{"embeddable":true,"href":"https:\/\/chrs.uqam.ca\/index.php\/wp-json\/wp\/v2\/users\/2"}],"replies":[{"embeddable":true,"href":"https:\/\/chrs.uqam.ca\/index.php\/wp-json\/wp\/v2\/comments?post=1980"}],"version-history":[{"count":0,"href":"https:\/\/chrs.uqam.ca\/index.php\/wp-json\/wp\/v2\/pages\/1980\/revisions"}],"wp:attachment":[{"href":"https:\/\/chrs.uqam.ca\/index.php\/wp-json\/wp\/v2\/media?parent=1980"}],"curies":[{"name":"wp","href":"https:\/\/api.w.org\/{rel}","templated":true}]}}