{"id":1978,"date":"2017-03-06T21:40:11","date_gmt":"2017-03-06T20:40:11","guid":{"rendered":"http:\/\/chrs.cieq.ca\/?page_id=1978"},"modified":"2017-05-03T14:26:59","modified_gmt":"2017-05-03T18:26:59","slug":"prix-dhistoire-regionale-section-quebec","status":"publish","type":"page","link":"https:\/\/chrs.uqam.ca\/index.php\/prix-dhistoire-regionale-section-quebec\/","title":{"rendered":"Prix d&rsquo;Histoire r\u00e9gionale &#8211; Section Qu\u00e9bec"},"content":{"rendered":"<p>Histoire de l&rsquo;Outaouais<\/p>\n<p>R\u00e9cipiendaire : <a href=\"\/index.php\/a-propos\/equipe\/chercheurs-affilies\/andre-cellard\/\" target=\"_blank\">Andr\u00e9 Cellard<\/a><br \/>\nOrganisation : Soci\u00e9t\u00e9 historique du Canada<\/p>\n","protected":false},"excerpt":{"rendered":"<p>Histoire de l&rsquo;Outaouais R\u00e9cipiendaire : Andr\u00e9 Cellard Organisation : Soci\u00e9t\u00e9 historique du Canada<\/p>\n","protected":false},"author":2,"featured_media":0,"parent":0,"menu_order":0,"comment_status":"closed","ping_status":"closed","template":"","meta":{"_monsterinsights_skip_tracking":false,"_monsterinsights_sitenote_active":false,"_monsterinsights_sitenote_note":"","_monsterinsights_sitenote_category":0,"footnotes":""},"class_list":["post-1978","page","type-page","status-publish","hentry"],"_links":{"self":[{"href":"https:\/\/chrs.uqam.ca\/index.php\/wp-json\/wp\/v2\/pages\/1978","targetHints":{"allow":["GET"]}}],"collection":[{"href":"https:\/\/chrs.uqam.ca\/index.php\/wp-json\/wp\/v2\/pages"}],"about":[{"href":"https:\/\/chrs.uqam.ca\/index.php\/wp-json\/wp\/v2\/types\/page"}],"author":[{"embeddable":true,"href":"https:\/\/chrs.uqam.ca\/index.php\/wp-json\/wp\/v2\/users\/2"}],"replies":[{"embeddable":true,"href":"https:\/\/chrs.uqam.ca\/index.php\/wp-json\/wp\/v2\/comments?post=1978"}],"version-history":[{"count":0,"href":"https:\/\/chrs.uqam.ca\/index.php\/wp-json\/wp\/v2\/pages\/1978\/revisions"}],"wp:attachment":[{"href":"https:\/\/chrs.uqam.ca\/index.php\/wp-json\/wp\/v2\/media?parent=1978"}],"curies":[{"name":"wp","href":"https:\/\/api.w.org\/{rel}","templated":true}]}}