{"id":1969,"date":"2017-03-06T06:47:44","date_gmt":"2017-03-06T05:47:44","guid":{"rendered":"http:\/\/chrs.cieq.ca\/?page_id=1969"},"modified":"2017-05-03T13:35:13","modified_gmt":"2017-05-03T17:35:13","slug":"titulaire-de-la-chaire-de-recherche-sur-la-francophonie-canadienne-en-matiere-de-sante","status":"publish","type":"page","link":"https:\/\/chrs.uqam.ca\/index.php\/titulaire-de-la-chaire-de-recherche-sur-la-francophonie-canadienne-en-matiere-de-sante\/","title":{"rendered":"Titulaire de la Chaire de recherche sur la francophonie canadienne en mati\u00e8re de sant\u00e9"},"content":{"rendered":"<p>Histoire de la sant\u00e9<\/p>\n<p>R\u00e9cipiendaire : <a href=\"\/index.php\/a-propos\/equipe\/membres-reguliers\/marie-claude-thifault\/\" target=\"_blank\">Marie-Claude Thifault<\/a><br \/>\nOrganisation : \u00c9coles des sciences infirmi\u00e8res de l&rsquo;Universit\u00e9 d&rsquo;Ottawa<br \/>\nOttawa<br \/>\nAnn\u00e9e : 2011-2016<\/p>\n","protected":false},"excerpt":{"rendered":"<p>Histoire de la sant\u00e9 R\u00e9cipiendaire : Marie-Claude Thifault Organisation : \u00c9coles des sciences infirmi\u00e8res de l&rsquo;Universit\u00e9 d&rsquo;Ottawa Ottawa Ann\u00e9e : 2011-2016<\/p>\n","protected":false},"author":2,"featured_media":0,"parent":0,"menu_order":0,"comment_status":"closed","ping_status":"closed","template":"","meta":{"_monsterinsights_skip_tracking":false,"_monsterinsights_sitenote_active":false,"_monsterinsights_sitenote_note":"","_monsterinsights_sitenote_category":0,"footnotes":""},"class_list":["post-1969","page","type-page","status-publish","hentry"],"_links":{"self":[{"href":"https:\/\/chrs.uqam.ca\/index.php\/wp-json\/wp\/v2\/pages\/1969","targetHints":{"allow":["GET"]}}],"collection":[{"href":"https:\/\/chrs.uqam.ca\/index.php\/wp-json\/wp\/v2\/pages"}],"about":[{"href":"https:\/\/chrs.uqam.ca\/index.php\/wp-json\/wp\/v2\/types\/page"}],"author":[{"embeddable":true,"href":"https:\/\/chrs.uqam.ca\/index.php\/wp-json\/wp\/v2\/users\/2"}],"replies":[{"embeddable":true,"href":"https:\/\/chrs.uqam.ca\/index.php\/wp-json\/wp\/v2\/comments?post=1969"}],"version-history":[{"count":0,"href":"https:\/\/chrs.uqam.ca\/index.php\/wp-json\/wp\/v2\/pages\/1969\/revisions"}],"wp:attachment":[{"href":"https:\/\/chrs.uqam.ca\/index.php\/wp-json\/wp\/v2\/media?parent=1969"}],"curies":[{"name":"wp","href":"https:\/\/api.w.org\/{rel}","templated":true}]}}