{"id":1967,"date":"2017-03-06T06:46:39","date_gmt":"2017-03-06T05:46:39","guid":{"rendered":"http:\/\/chrs.cieq.ca\/?page_id=1967"},"modified":"2017-05-03T14:23:50","modified_gmt":"2017-05-03T18:23:50","slug":"co-finaliste-prix-litteraire-du-gouverneur-general-categorie-etudes-et-essais-pour-louvrage-une-toupie-sur-la-tete-visages-de-la-folie-a-saint-jean-de-dieu","status":"publish","type":"page","link":"https:\/\/chrs.uqam.ca\/index.php\/co-finaliste-prix-litteraire-du-gouverneur-general-categorie-etudes-et-essais-pour-louvrage-une-toupie-sur-la-tete-visages-de-la-folie-a-saint-jean-de-dieu\/","title":{"rendered":"Co-finaliste Prix litt\u00e9raire du Gouverneur-g\u00e9n\u00e9ral, cat\u00e9gorie \u00e9tudes et essais pour l\u2019ouvrage \u00abUne toupie sur la t\u00eate : visages de la folie \u00e0 Saint-Jean-de-Dieu\u00bb"},"content":{"rendered":"<p>Histoire de la sant\u00e9<\/p>\n<p>R\u00e9cipiendaire : <a href=\"\/index.php\/a-propos\/equipe\/membres-reguliers\/marie-claude-thifault\/\" target=\"_blank\">Marie-Claude Thifault<\/a><br \/>\nOrganisation : Gouvernement du Canada<br \/>\nOttawa<br \/>\nAnn\u00e9e : 2007<\/p>\n","protected":false},"excerpt":{"rendered":"<p>Histoire de la sant\u00e9 R\u00e9cipiendaire : Marie-Claude Thifault Organisation : Gouvernement du Canada Ottawa Ann\u00e9e : 2007<\/p>\n","protected":false},"author":2,"featured_media":0,"parent":0,"menu_order":0,"comment_status":"closed","ping_status":"closed","template":"","meta":{"_monsterinsights_skip_tracking":false,"_monsterinsights_sitenote_active":false,"_monsterinsights_sitenote_note":"","_monsterinsights_sitenote_category":0,"footnotes":""},"class_list":["post-1967","page","type-page","status-publish","hentry"],"_links":{"self":[{"href":"https:\/\/chrs.uqam.ca\/index.php\/wp-json\/wp\/v2\/pages\/1967","targetHints":{"allow":["GET"]}}],"collection":[{"href":"https:\/\/chrs.uqam.ca\/index.php\/wp-json\/wp\/v2\/pages"}],"about":[{"href":"https:\/\/chrs.uqam.ca\/index.php\/wp-json\/wp\/v2\/types\/page"}],"author":[{"embeddable":true,"href":"https:\/\/chrs.uqam.ca\/index.php\/wp-json\/wp\/v2\/users\/2"}],"replies":[{"embeddable":true,"href":"https:\/\/chrs.uqam.ca\/index.php\/wp-json\/wp\/v2\/comments?post=1967"}],"version-history":[{"count":0,"href":"https:\/\/chrs.uqam.ca\/index.php\/wp-json\/wp\/v2\/pages\/1967\/revisions"}],"wp:attachment":[{"href":"https:\/\/chrs.uqam.ca\/index.php\/wp-json\/wp\/v2\/media?parent=1967"}],"curies":[{"name":"wp","href":"https:\/\/api.w.org\/{rel}","templated":true}]}}