{"id":1963,"date":"2017-03-06T06:24:58","date_gmt":"2017-03-06T05:24:58","guid":{"rendered":"http:\/\/chrs.cieq.ca\/?page_id=1963"},"modified":"2017-05-03T13:41:32","modified_gmt":"2017-05-03T17:41:32","slug":"these-de-doctorat-mise-sur-la-liste-dhonneur-du-doyen","status":"publish","type":"page","link":"https:\/\/chrs.uqam.ca\/index.php\/these-de-doctorat-mise-sur-la-liste-dhonneur-du-doyen\/","title":{"rendered":"Th\u00e8se de doctorat mise sur la liste d&rsquo;honneur du doyen"},"content":{"rendered":"<p>Criminologie<\/p>\n<p>R\u00e9cipiendaire : <a href=\"\/index.php\/a-propos\/equipe\/membres-reguliers\/veronique-strimelle\/\" target=\"_blank\">V\u00e9ronique Strimelle<\/a><br \/>\nOrganisation : Universit\u00e9 de Montr\u00e9al<br \/>\nMontr\u00e9al<br \/>\nAnn\u00e9e : 1998<\/p>\n","protected":false},"excerpt":{"rendered":"<p>Criminologie R\u00e9cipiendaire : V\u00e9ronique Strimelle Organisation : Universit\u00e9 de Montr\u00e9al Montr\u00e9al Ann\u00e9e : 1998<\/p>\n","protected":false},"author":2,"featured_media":0,"parent":0,"menu_order":0,"comment_status":"closed","ping_status":"closed","template":"","meta":{"_monsterinsights_skip_tracking":false,"_monsterinsights_sitenote_active":false,"_monsterinsights_sitenote_note":"","_monsterinsights_sitenote_category":0,"footnotes":""},"class_list":["post-1963","page","type-page","status-publish","hentry"],"_links":{"self":[{"href":"https:\/\/chrs.uqam.ca\/index.php\/wp-json\/wp\/v2\/pages\/1963","targetHints":{"allow":["GET"]}}],"collection":[{"href":"https:\/\/chrs.uqam.ca\/index.php\/wp-json\/wp\/v2\/pages"}],"about":[{"href":"https:\/\/chrs.uqam.ca\/index.php\/wp-json\/wp\/v2\/types\/page"}],"author":[{"embeddable":true,"href":"https:\/\/chrs.uqam.ca\/index.php\/wp-json\/wp\/v2\/users\/2"}],"replies":[{"embeddable":true,"href":"https:\/\/chrs.uqam.ca\/index.php\/wp-json\/wp\/v2\/comments?post=1963"}],"version-history":[{"count":0,"href":"https:\/\/chrs.uqam.ca\/index.php\/wp-json\/wp\/v2\/pages\/1963\/revisions"}],"wp:attachment":[{"href":"https:\/\/chrs.uqam.ca\/index.php\/wp-json\/wp\/v2\/media?parent=1963"}],"curies":[{"name":"wp","href":"https:\/\/api.w.org\/{rel}","templated":true}]}}