{"id":1959,"date":"2017-03-06T06:22:22","date_gmt":"2017-03-06T05:22:22","guid":{"rendered":"http:\/\/chrs.cieq.ca\/?page_id=1959"},"modified":"2017-05-03T14:23:27","modified_gmt":"2017-05-03T18:23:27","slug":"certificat-de-reconnaissance-david-farrell-pour-contribution-a-lavancement-de-la-justice-reparatrice","status":"publish","type":"page","link":"https:\/\/chrs.uqam.ca\/index.php\/certificat-de-reconnaissance-david-farrell-pour-contribution-a-lavancement-de-la-justice-reparatrice\/","title":{"rendered":"Certificat de reconnaissance David Farrell pour contribution \u00e0 l&rsquo;avancement de la justice r\u00e9paratrice"},"content":{"rendered":"<p>R\u00e9cipiendaire : <a href=\"\/index.php\/a-propos\/equipe\/membres-reguliers\/veronique-strimelle\/\" target=\"_blank\">V\u00e9ronique Strimelle<\/a><br \/>\nOrganisation : Service d&rsquo;action communautaire de l&rsquo;Outaouais<br \/>\nAnn\u00e9e : 2004<\/p>\n","protected":false},"excerpt":{"rendered":"<p>R\u00e9cipiendaire : V\u00e9ronique Strimelle Organisation : Service d&rsquo;action communautaire de l&rsquo;Outaouais Ann\u00e9e : 2004<\/p>\n","protected":false},"author":2,"featured_media":0,"parent":0,"menu_order":0,"comment_status":"closed","ping_status":"closed","template":"","meta":{"_monsterinsights_skip_tracking":false,"_monsterinsights_sitenote_active":false,"_monsterinsights_sitenote_note":"","_monsterinsights_sitenote_category":0,"footnotes":""},"class_list":["post-1959","page","type-page","status-publish","hentry"],"_links":{"self":[{"href":"https:\/\/chrs.uqam.ca\/index.php\/wp-json\/wp\/v2\/pages\/1959","targetHints":{"allow":["GET"]}}],"collection":[{"href":"https:\/\/chrs.uqam.ca\/index.php\/wp-json\/wp\/v2\/pages"}],"about":[{"href":"https:\/\/chrs.uqam.ca\/index.php\/wp-json\/wp\/v2\/types\/page"}],"author":[{"embeddable":true,"href":"https:\/\/chrs.uqam.ca\/index.php\/wp-json\/wp\/v2\/users\/2"}],"replies":[{"embeddable":true,"href":"https:\/\/chrs.uqam.ca\/index.php\/wp-json\/wp\/v2\/comments?post=1959"}],"version-history":[{"count":0,"href":"https:\/\/chrs.uqam.ca\/index.php\/wp-json\/wp\/v2\/pages\/1959\/revisions"}],"wp:attachment":[{"href":"https:\/\/chrs.uqam.ca\/index.php\/wp-json\/wp\/v2\/media?parent=1959"}],"curies":[{"name":"wp","href":"https:\/\/api.w.org\/{rel}","templated":true}]}}