{"id":1957,"date":"2017-03-06T06:15:39","date_gmt":"2017-03-06T05:15:39","guid":{"rendered":"http:\/\/chrs.cieq.ca\/?page_id=1957"},"modified":"2017-03-06T06:15:39","modified_gmt":"2017-03-06T05:15:39","slug":"bourses-detudes-du-gouvernement-du-canada-et-de-la-communaute-francaise-de-belgique","status":"publish","type":"page","link":"https:\/\/chrs.uqam.ca\/index.php\/bourses-detudes-du-gouvernement-du-canada-et-de-la-communaute-francaise-de-belgique\/","title":{"rendered":"Bourses d&rsquo;\u00e9tudes du gouvernement du Canada et de la communaut\u00e9 fran\u00e7aise de Belgique"},"content":{"rendered":"<p>Criminologie<\/p>\n<p>R\u00e9cipiendaire : <a href=\"http:\/\/chrs.cieq.ca\/index.php\/a-propos\/equipe\/membres-reguliers\/veronique-strimelle\/\" target=\"_blank\">V\u00e9ronique Strimelle<\/a><br \/>\nOrganisation : Gouvernement du Canada et communaut\u00e9 fran\u00e7aise de Belgique<br \/>\nAnn\u00e9e : 1988-1989<\/p>\n","protected":false},"excerpt":{"rendered":"<p>Criminologie R\u00e9cipiendaire : V\u00e9ronique Strimelle Organisation : Gouvernement du Canada et communaut\u00e9 fran\u00e7aise de Belgique Ann\u00e9e : 1988-1989<\/p>\n","protected":false},"author":2,"featured_media":0,"parent":0,"menu_order":0,"comment_status":"closed","ping_status":"closed","template":"","meta":{"_monsterinsights_skip_tracking":false,"_monsterinsights_sitenote_active":false,"_monsterinsights_sitenote_note":"","_monsterinsights_sitenote_category":0,"footnotes":""},"class_list":["post-1957","page","type-page","status-publish","hentry"],"_links":{"self":[{"href":"https:\/\/chrs.uqam.ca\/index.php\/wp-json\/wp\/v2\/pages\/1957","targetHints":{"allow":["GET"]}}],"collection":[{"href":"https:\/\/chrs.uqam.ca\/index.php\/wp-json\/wp\/v2\/pages"}],"about":[{"href":"https:\/\/chrs.uqam.ca\/index.php\/wp-json\/wp\/v2\/types\/page"}],"author":[{"embeddable":true,"href":"https:\/\/chrs.uqam.ca\/index.php\/wp-json\/wp\/v2\/users\/2"}],"replies":[{"embeddable":true,"href":"https:\/\/chrs.uqam.ca\/index.php\/wp-json\/wp\/v2\/comments?post=1957"}],"version-history":[{"count":0,"href":"https:\/\/chrs.uqam.ca\/index.php\/wp-json\/wp\/v2\/pages\/1957\/revisions"}],"wp:attachment":[{"href":"https:\/\/chrs.uqam.ca\/index.php\/wp-json\/wp\/v2\/media?parent=1957"}],"curies":[{"name":"wp","href":"https:\/\/api.w.org\/{rel}","templated":true}]}}