{"id":1955,"date":"2017-03-06T06:14:43","date_gmt":"2017-03-06T05:14:43","guid":{"rendered":"http:\/\/chrs.cieq.ca\/?page_id=1955"},"modified":"2017-05-03T14:20:56","modified_gmt":"2017-05-03T18:20:56","slug":"bourse-doctorale","status":"publish","type":"page","link":"https:\/\/chrs.uqam.ca\/index.php\/bourse-doctorale\/","title":{"rendered":"Bourse doctorale"},"content":{"rendered":"<p>Criminologie<\/p>\n<p>R\u00e9cipiendaire : <a href=\"\/index.php\/a-propos\/equipe\/membres-reguliers\/veronique-strimelle\/\" target=\"_blank\">V\u00e9ronique Strimelle<\/a><br \/>\nOrganisation : Centre International de Criminologie Compar\u00e9e (Universit\u00e9 de Montr\u00e9al)<br \/>\nMontr\u00e9al<br \/>\nAnn\u00e9e : 1996-1997<\/p>\n","protected":false},"excerpt":{"rendered":"<p>Criminologie R\u00e9cipiendaire : V\u00e9ronique Strimelle Organisation : Centre International de Criminologie Compar\u00e9e (Universit\u00e9 de Montr\u00e9al) Montr\u00e9al Ann\u00e9e : 1996-1997<\/p>\n","protected":false},"author":2,"featured_media":0,"parent":0,"menu_order":0,"comment_status":"closed","ping_status":"closed","template":"","meta":{"_monsterinsights_skip_tracking":false,"_monsterinsights_sitenote_active":false,"_monsterinsights_sitenote_note":"","_monsterinsights_sitenote_category":0,"footnotes":""},"class_list":["post-1955","page","type-page","status-publish","hentry"],"_links":{"self":[{"href":"https:\/\/chrs.uqam.ca\/index.php\/wp-json\/wp\/v2\/pages\/1955","targetHints":{"allow":["GET"]}}],"collection":[{"href":"https:\/\/chrs.uqam.ca\/index.php\/wp-json\/wp\/v2\/pages"}],"about":[{"href":"https:\/\/chrs.uqam.ca\/index.php\/wp-json\/wp\/v2\/types\/page"}],"author":[{"embeddable":true,"href":"https:\/\/chrs.uqam.ca\/index.php\/wp-json\/wp\/v2\/users\/2"}],"replies":[{"embeddable":true,"href":"https:\/\/chrs.uqam.ca\/index.php\/wp-json\/wp\/v2\/comments?post=1955"}],"version-history":[{"count":0,"href":"https:\/\/chrs.uqam.ca\/index.php\/wp-json\/wp\/v2\/pages\/1955\/revisions"}],"wp:attachment":[{"href":"https:\/\/chrs.uqam.ca\/index.php\/wp-json\/wp\/v2\/media?parent=1955"}],"curies":[{"name":"wp","href":"https:\/\/api.w.org\/{rel}","templated":true}]}}