{"id":195,"date":"2017-01-26T23:45:17","date_gmt":"2017-01-26T22:45:17","guid":{"rendered":"http:\/\/chrs.cieq.ca\/?page_id=195"},"modified":"2022-02-04T11:59:28","modified_gmt":"2022-02-04T15:59:28","slug":"veronique-strimelle","status":"publish","type":"page","link":"https:\/\/chrs.uqam.ca\/index.php\/a-propos\/equipe\/membres-reguliers\/veronique-strimelle\/","title":{"rendered":"V\u00e9ronique Strimelle"},"content":{"rendered":"<div class=\"su-row\"><div class=\"su-column su-column-size-1-5\"><div class=\"su-column-inner su-u-clearfix su-u-trim\"><img loading=\"lazy\" decoding=\"async\" class=\"alignleft size-thumbnail wp-image-196\" src=\"\/wp-content\/uploads\/2017\/01\/vstrimelle-120x150.jpeg\" alt=\"\" width=\"120\" height=\"150\" \/><\/div><\/div>\n<div class=\"su-column su-column-size-4-5\"><div class=\"su-column-inner su-u-clearfix su-u-trim\">2002 &#8211; Actuel<\/p>\n<p><strong>Professeure adjointe, Universit\u00e9 d&rsquo;Ottawa<br \/>\nD\u00e9partement de criminologie<\/strong><\/div><\/div><\/div>\n<p>V\u00e9ronique Strimelle est historienne et criminologue, professeure au d\u00e9partement de criminologie de l&rsquo;Universit\u00e9 d&rsquo;Ottawa et chercheure associ\u00e9e au Centre international en criminologie compar\u00e9e (CICC \u2013 Universit\u00e9 de Montr\u00e9al). Ses \u00e9tudes doctorales et ses recherches post-doctorales ont port\u00e9 sur la gestion de la d\u00e9viance des mineures \u00e0 Montr\u00e9al au 19e et au d\u00e9but du 20e si\u00e8cles. Elle s\u2019est jointe \u00e0 notre \u00e9quipe \u00e0 l\u2019automne 2002. Outre ses travaux relatifs \u00e0 la question des femmes et des mineures enferm\u00e9es, elle dispose d&rsquo;une solide connaissance des politiques et pratiques en mati\u00e8re de r\u00e9insertion sociale des populations judiciaris\u00e9es.<\/p>\n<p><strong><a href=\"https:\/\/chrs.uqam.ca\/index.php\/recherche\/realisations\/publications\/?tgid=&amp;yr=&amp;type=&amp;usr=&amp;auth=256#tppubs\" target=\"_blank\" rel=\"noopener\">Liste des publications<\/a><\/strong><\/p>\n<div class=\"su-spoiler su-spoiler-style-default su-spoiler-icon-chevron su-spoiler-closed\" data-scroll-offset=\"0\" data-anchor-in-url=\"no\"><div class=\"su-spoiler-title\" tabindex=\"0\" role=\"button\"><span class=\"su-spoiler-icon\"><\/span>Coordonn\u00e9es<\/div><div class=\"su-spoiler-content su-u-clearfix su-u-trim\">\n<strong>Adresse :<\/strong><br \/>\nUniversit\u00e9 d&rsquo;Ottawa<br \/>\nD\u00e9partement de Criminologie<br \/>\nBureau : Thompson 223B<br \/>\n25 rue Universit\u00e9<br \/>\nOttawa (Ontario)<br \/>\nK1N 6N5<\/p>\n<p><strong>T\u00e9l\u00e9phone : <\/strong><br \/>\n(613) 562-5800, poste 1806<\/p>\n<p><strong>T\u00e9l\u00e9copieur : <\/strong><br \/>\n(613) 562-5304<\/p>\n<p><strong>Courriel : <\/strong><br \/>\nVeronique.Strimelle@uottawa.ca<\/div><\/div>\n<div class=\"su-spoiler su-spoiler-style-default su-spoiler-icon-chevron su-spoiler-closed\" data-scroll-offset=\"0\" data-anchor-in-url=\"no\"><div class=\"su-spoiler-title\" tabindex=\"0\" role=\"button\"><span class=\"su-spoiler-icon\"><\/span>Liens<\/div><div class=\"su-spoiler-content su-u-clearfix su-u-trim\">\n<a href=\"https:\/\/uniweb.uottawa.ca\/?lang=fr#!uottawa\/members\/1034\" target=\"_blank\" rel=\"noopener\">Page personnelle de V\u00e9ronique Strimelle sur le site de l&rsquo;Universit\u00e9 d&rsquo;Ottawa<\/a><br \/>\n<a href=\"https:\/\/chrs.uqam.ca\/index.php\/recherche\/realisations\/publications\/?tgid=&amp;yr=&amp;type=&amp;usr=&amp;auth=2#tppubs\">Liste des publications de V\u00e9ronique Strimelle<\/a><br \/>\n<\/div><\/div>\n<div class=\"su-spoiler su-spoiler-style-default su-spoiler-icon-chevron su-spoiler-closed\" data-scroll-offset=\"0\" data-anchor-in-url=\"no\"><div class=\"su-spoiler-title\" tabindex=\"0\" role=\"button\"><span class=\"su-spoiler-icon\"><\/span>Projets de recherche<\/div><div class=\"su-spoiler-content su-u-clearfix su-u-trim\">\n<a href=\"\/index.php\/recherche\/realisations\/projets-de-recherche-en-cours\/quelle-justice\/\" target=\"_blank\" rel=\"noopener\">Quelle justice? Enqu\u00eate sur les modes sociaux de r\u00e9gulation des troubles (principes et pratiques)<\/a><br \/>\n<a href=\"\/index.php\/recherche\/realisations\/projets-de-recherche-en-cours\/memoire-de-mauvais-garcons\/\" target=\"_blank\" rel=\"noopener\">M\u00e9moire de mauvais gar\u00e7ons. Une enqu\u00eate d&rsquo;histoire orale aupr\u00e8s des anciens de Boscoville (1942-1997)<\/a><br \/>\n<a href=\"\/index.php\/recherche\/realisations\/projets-de-recherche-termines\/recherche-sur-linsertion-sociale-des-femmes-agees-judiciarisees\/\" target=\"_blank\" rel=\"noopener\">Recherche sur l\u2019insertion sociale des femmes \u00e2g\u00e9es judiciaris\u00e9es<\/a><br \/>\n<a href=\"\/index.php\/recherche\/realisations\/projets-de-recherche-termines\/trajectoires-historiques-de-la-misere-a-montreal\/\" target=\"_blank\" rel=\"noopener\">Trajectoires historiques de la mis\u00e8re \u00e0 Montr\u00e9al, 1840-1921 : une radioscopie<\/a><br \/>\n<a href=\"\/index.php\/recherche\/realisations\/projets-de-recherche-termines\/la-mise-en-place-et-les-mutations-du-reseau-montrealais-de-regulation-sociale\/\" target=\"_blank\" rel=\"noopener\">La mise en place et les mutations du r\u00e9seau montr\u00e9alais de r\u00e9gulation sociale, de l\u2019\u00e8re lib\u00e9rale \u00e0 l\u2019\u00c9tat providence<\/a><br \/>\n<a href=\"\/index.php\/recherche\/realisations\/projets-de-recherche-termines\/regulation-sociale-et-institutions-a-montreal\/\" target=\"_blank\" rel=\"noopener\">R\u00e9gulation sociale et institutions \u00e0 Montr\u00e9al, 1840-1921<\/a><br \/>\n<a href=\"\/index.php\/recherche\/realisations\/projets-de-recherche-en-cours\/penologie\/\" target=\"_blank\" rel=\"noopener\">P\u00e9nologie. D\u00e9termination de la sanction dans la p\u00e9nalit\u00e9, l&rsquo;hypoth\u00e8se d&rsquo;une socialit\u00e9 vindicatoire dans la vie quotidienne<\/a><br \/>\n<\/div><\/div>\n<div class=\"su-spoiler su-spoiler-style-default su-spoiler-icon-chevron su-spoiler-closed\" data-scroll-offset=\"0\" data-anchor-in-url=\"no\"><div class=\"su-spoiler-title\" tabindex=\"0\" role=\"button\"><span class=\"su-spoiler-icon\"><\/span>Bourses, prix et distinctions<\/div><div class=\"su-spoiler-content su-u-clearfix su-u-trim\">\n<a href=\"\/index.php\/bourse-de-doctorat\/\" target=\"_blank\" rel=\"noopener\">Bourse de doctorat<\/a><br \/>\n<a href=\"\/index.php\/bourse-de-doctorat\/\" target=\"_blank\" rel=\"noopener\">Bourse doctorale<\/a><br \/>\n<a href=\"\/index.php\/bourses-detudes-du-gouvernement-du-canada-et-de-la-communaute-francaise-de-belgique\/\" target=\"_blank\" rel=\"noopener\">Bourses d&rsquo;\u00e9tudes du gouvernement du Canada et de la communaut\u00e9 fran\u00e7aise de Belgique<\/a><br \/>\n<a href=\"\/index.php\/certificat-de-reconnaissance-david-farrell-pour-contribution-a-lavancement-de-la-justice-reparatrice\/\" target=\"_blank\" rel=\"noopener\">Certificat de reconnaissance David Farrell pour contribution \u00e0 l&rsquo;avancement de la justice r\u00e9paratrice<\/a><br \/>\n<a href=\"\/index.php\/these-de-doctorat-mise-sur-la-liste-dhonneur-du-doyen\/\" target=\"_blank\" rel=\"noopener\">Th\u00e8se de doctorat mise sur la liste d&rsquo;honneur du doyen<\/a><br \/>\n<\/div><\/div>\n<div class=\"su-spoiler su-spoiler-style-default su-spoiler-icon-chevron\" data-scroll-offset=\"0\" data-anchor-in-url=\"no\"><div class=\"su-spoiler-title\" tabindex=\"0\" role=\"button\"><span class=\"su-spoiler-icon\"><\/span>Nouvelles<\/div><div class=\"su-spoiler-content su-u-clearfix su-u-trim\">\n<a href=\"https:\/\/chrs.uqam.ca\/index.php\/2013\/07\/07\/louise-bienvenue-dirige-le-dernier-numero-de-la-revue-dhistoire-de-lamerique-francaise\/\">Louise Bienvenue dirige le dernier num\u00e9ro de la Revue d&rsquo;histoire de l&rsquo;Am\u00e9rique fran\u00e7aise<\/a><br><a href=\"https:\/\/chrs.uqam.ca\/index.php\/2013\/05\/09\/veronique-strimelle-recoit-une-subvention-crsh-pour-son-projet-denquete-sur-les-modes-sociaux-de-regulation\/\">V\u00e9ronique Strimelle re\u00e7oit une subvention CRSH pour son projet d\u2019enqu\u00eate sur les modes sociaux de r\u00e9gulation<\/a><br><a href=\"https:\/\/chrs.uqam.ca\/index.php\/2012\/08\/28\/parution-du-livre-lincontournable-caste-des-femmes-aux-presses-de-luniversite-dottawa\/\">Parution du livre L&rsquo;incontournable caste des femmes aux Presses de l&rsquo;Universit\u00e9 d&rsquo;Ottawa<\/a><br><a href=\"https:\/\/chrs.uqam.ca\/index.php\/2012\/05\/01\/louise-bienvenue-recoit-une-subvention-du-crsh\/\">Louise Bienvenue re\u00e7oit une subvention du CRSH<\/a><br><a href=\"https:\/\/chrs.uqam.ca\/index.php\/2012\/04\/23\/veronique-strimelle-participera-au-seminaire-quelle-justice-principes-fondateurs-et-sens-de-la-vie-collective-qui-se-tiendra-en-belgique-en-juillet-prochain\/\">V\u00e9ronique Strimelle participera au s\u00e9minaire \u00abQuelle justice? Principes fondateurs et sens de la vie collective\u00bb qui se tiendra en Belgique en juillet prochain<\/a><br><a href=\"https:\/\/chrs.uqam.ca\/index.php\/2012\/02\/16\/le-chrs-devoile-le-programme-preliminaire-de-son-colloque-a-lacfas\/\">Le CHRS d\u00e9voile le programme pr\u00e9liminaire de son colloque \u00e0 l&rsquo;ACFAS<\/a><br>\n<\/div><\/div>\n","protected":false},"excerpt":{"rendered":"<p>V\u00e9ronique Strimelle est historienne et criminologue, professeure au d\u00e9partement de criminologie de l&rsquo;Universit\u00e9 d&rsquo;Ottawa et chercheure associ\u00e9e au Centre international en criminologie compar\u00e9e (CICC \u2013 Universit\u00e9 de Montr\u00e9al). Ses \u00e9tudes&#8230;<\/p>\n","protected":false},"author":2,"featured_media":0,"parent":65,"menu_order":12,"comment_status":"closed","ping_status":"closed","template":"","meta":{"_monsterinsights_skip_tracking":false,"_monsterinsights_sitenote_active":false,"_monsterinsights_sitenote_note":"","_monsterinsights_sitenote_category":0,"footnotes":""},"class_list":["post-195","page","type-page","status-publish","hentry"],"_links":{"self":[{"href":"https:\/\/chrs.uqam.ca\/index.php\/wp-json\/wp\/v2\/pages\/195","targetHints":{"allow":["GET"]}}],"collection":[{"href":"https:\/\/chrs.uqam.ca\/index.php\/wp-json\/wp\/v2\/pages"}],"about":[{"href":"https:\/\/chrs.uqam.ca\/index.php\/wp-json\/wp\/v2\/types\/page"}],"author":[{"embeddable":true,"href":"https:\/\/chrs.uqam.ca\/index.php\/wp-json\/wp\/v2\/users\/2"}],"replies":[{"embeddable":true,"href":"https:\/\/chrs.uqam.ca\/index.php\/wp-json\/wp\/v2\/comments?post=195"}],"version-history":[{"count":0,"href":"https:\/\/chrs.uqam.ca\/index.php\/wp-json\/wp\/v2\/pages\/195\/revisions"}],"up":[{"embeddable":true,"href":"https:\/\/chrs.uqam.ca\/index.php\/wp-json\/wp\/v2\/pages\/65"}],"wp:attachment":[{"href":"https:\/\/chrs.uqam.ca\/index.php\/wp-json\/wp\/v2\/media?parent=195"}],"curies":[{"name":"wp","href":"https:\/\/api.w.org\/{rel}","templated":true}]}}