{"id":1947,"date":"2017-03-05T23:48:10","date_gmt":"2017-03-05T22:48:10","guid":{"rendered":"http:\/\/chrs.cieq.ca\/?page_id=1947"},"modified":"2017-05-03T13:33:55","modified_gmt":"2017-05-03T17:33:55","slug":"troisieme-meilleure-these-au-concours-dexcellence-de-lassociation-canadienne-pour-les-etudes-superieures-aces-umi-dans-la-categorie-sciences-humaines","status":"publish","type":"page","link":"https:\/\/chrs.uqam.ca\/index.php\/troisieme-meilleure-these-au-concours-dexcellence-de-lassociation-canadienne-pour-les-etudes-superieures-aces-umi-dans-la-categorie-sciences-humaines\/","title":{"rendered":"Troisi\u00e8me meilleure th\u00e8se au concours d\u2019excellence de l\u2019Association canadienne pour les \u00e9tudes sup\u00e9rieures (AC\u00c9S-UMI) dans la cat\u00e9gorie sciences humaines"},"content":{"rendered":"<p>R\u00e9cipiendaire : <a href=\"\/index.php\/a-propos\/equipe\/membres-reguliers\/martin-petitclerc\/\" target=\"_blank\">Martin Petitclerc<\/a><br \/>\nOrganisation : Association canadienne pour les \u00e9tudes sup\u00e9rieures (AC\u00c9S-UMI)<\/p>\n<p>Ann\u00e9e : 2005<\/p>\n","protected":false},"excerpt":{"rendered":"<p>R\u00e9cipiendaire : Martin Petitclerc Organisation : Association canadienne pour les \u00e9tudes sup\u00e9rieures (AC\u00c9S-UMI) Ann\u00e9e : 2005<\/p>\n","protected":false},"author":2,"featured_media":0,"parent":0,"menu_order":0,"comment_status":"closed","ping_status":"closed","template":"","meta":{"_monsterinsights_skip_tracking":false,"_monsterinsights_sitenote_active":false,"_monsterinsights_sitenote_note":"","_monsterinsights_sitenote_category":0,"footnotes":""},"class_list":["post-1947","page","type-page","status-publish","hentry"],"_links":{"self":[{"href":"https:\/\/chrs.uqam.ca\/index.php\/wp-json\/wp\/v2\/pages\/1947","targetHints":{"allow":["GET"]}}],"collection":[{"href":"https:\/\/chrs.uqam.ca\/index.php\/wp-json\/wp\/v2\/pages"}],"about":[{"href":"https:\/\/chrs.uqam.ca\/index.php\/wp-json\/wp\/v2\/types\/page"}],"author":[{"embeddable":true,"href":"https:\/\/chrs.uqam.ca\/index.php\/wp-json\/wp\/v2\/users\/2"}],"replies":[{"embeddable":true,"href":"https:\/\/chrs.uqam.ca\/index.php\/wp-json\/wp\/v2\/comments?post=1947"}],"version-history":[{"count":0,"href":"https:\/\/chrs.uqam.ca\/index.php\/wp-json\/wp\/v2\/pages\/1947\/revisions"}],"wp:attachment":[{"href":"https:\/\/chrs.uqam.ca\/index.php\/wp-json\/wp\/v2\/media?parent=1947"}],"curies":[{"name":"wp","href":"https:\/\/api.w.org\/{rel}","templated":true}]}}