{"id":1944,"date":"2017-03-05T23:45:58","date_gmt":"2017-03-05T22:45:58","guid":{"rendered":"http:\/\/chrs.cieq.ca\/?page_id=1944"},"modified":"2017-05-03T14:29:24","modified_gmt":"2017-05-03T18:29:24","slug":"rix-lionel-groulx-fondation-yves-saint-germain","status":"publish","type":"page","link":"https:\/\/chrs.uqam.ca\/index.php\/rix-lionel-groulx-fondation-yves-saint-germain\/","title":{"rendered":"Prix Lionel-Groulx-Fondation-Yves-Saint-Germain"},"content":{"rendered":"<p>R\u00e9cipiendaire : <a href=\"\/index.php\/a-propos\/equipe\/membres-reguliers\/martin-petitclerc\/\" target=\"_blank\">Martin Petitclerc<\/a><br \/>\nOrganisation : Institut d\u2019histoire de l\u2019Am\u00e9rique fran\u00e7aise<br \/>\nAnn\u00e9e : 2008<\/p>\n","protected":false},"excerpt":{"rendered":"<p>R\u00e9cipiendaire : Martin Petitclerc Organisation : Institut d\u2019histoire de l\u2019Am\u00e9rique fran\u00e7aise Ann\u00e9e : 2008<\/p>\n","protected":false},"author":2,"featured_media":0,"parent":0,"menu_order":0,"comment_status":"closed","ping_status":"closed","template":"","meta":{"_monsterinsights_skip_tracking":false,"_monsterinsights_sitenote_active":false,"_monsterinsights_sitenote_note":"","_monsterinsights_sitenote_category":0,"footnotes":""},"class_list":["post-1944","page","type-page","status-publish","hentry"],"_links":{"self":[{"href":"https:\/\/chrs.uqam.ca\/index.php\/wp-json\/wp\/v2\/pages\/1944","targetHints":{"allow":["GET"]}}],"collection":[{"href":"https:\/\/chrs.uqam.ca\/index.php\/wp-json\/wp\/v2\/pages"}],"about":[{"href":"https:\/\/chrs.uqam.ca\/index.php\/wp-json\/wp\/v2\/types\/page"}],"author":[{"embeddable":true,"href":"https:\/\/chrs.uqam.ca\/index.php\/wp-json\/wp\/v2\/users\/2"}],"replies":[{"embeddable":true,"href":"https:\/\/chrs.uqam.ca\/index.php\/wp-json\/wp\/v2\/comments?post=1944"}],"version-history":[{"count":0,"href":"https:\/\/chrs.uqam.ca\/index.php\/wp-json\/wp\/v2\/pages\/1944\/revisions"}],"wp:attachment":[{"href":"https:\/\/chrs.uqam.ca\/index.php\/wp-json\/wp\/v2\/media?parent=1944"}],"curies":[{"name":"wp","href":"https:\/\/api.w.org\/{rel}","templated":true}]}}