{"id":184,"date":"2017-01-26T23:26:06","date_gmt":"2017-01-26T22:26:06","guid":{"rendered":"http:\/\/chrs.cieq.ca\/?page_id=184"},"modified":"2022-02-04T11:57:20","modified_gmt":"2022-02-04T15:57:20","slug":"isabelle-perreault","status":"publish","type":"page","link":"https:\/\/chrs.uqam.ca\/index.php\/a-propos\/equipe\/membres-reguliers\/isabelle-perreault\/","title":{"rendered":"Isabelle Perreault"},"content":{"rendered":"<div class=\"su-row\"><div class=\"su-column su-column-size-1-5\"><div class=\"su-column-inner su-u-clearfix su-u-trim\"><img loading=\"lazy\" decoding=\"async\" class=\"alignleft size-thumbnail wp-image-185\" src=\"\/wp-content\/uploads\/2017\/01\/Perreault_site-125x150.jpeg\" alt=\"\" width=\"125\" height=\"150\" \/><\/div><\/div>\n<div class=\"su-column su-column-size-4-5\"><div class=\"su-column-inner su-u-clearfix su-u-trim\">2012 &#8211; Actuel<\/p>\n<p><strong>Professeure agr\u00e9g\u00e9e<br \/>\nUniversit\u00e9 d&rsquo;Ottawa<\/strong><\/div><\/div><\/div>\n<p>Isabelle Perreault est professeure agr\u00e9g\u00e9e au d\u00e9partement de criminologie \u00e0 l\u2019Universit\u00e9 d\u2019Ottawa. Elle s&rsquo;int\u00e9resse aux processus d&rsquo;institutionnalisation et de d\u00e9sinstitutionnalisation psychiatrique de m\u00eame qu&rsquo;aux discours religieux, scientifiques et populaires sur la gestion des comportements vus comme relevant de la d\u00e9viance sociale, mentale et sexuelle au Canada fran\u00e7ais au cours du 20e si\u00e8cle. Elle dirige un axe au Centre interdisciplinaire de recherche sur la citoyennet\u00e9 et les minorit\u00e9s (CIRCEM) de l\u2019Universit\u00e9 d\u2019Ottawa. Cet axe intitul\u00e9 \u00ab\u00a0<a href=\"https:\/\/sciencessociales.uottawa.ca\/circem\/axes-recherche\/enjeux-biopolitiques-groupes-minorises\">Enjeux biopolitiques et groupes minoris\u00e9s<\/a>\u00a0\u00bb porte sur l\u2019\u00e9tude des biopolitiques canadiennes \u00e0 partir des traces retrouv\u00e9es en archives. Elle fait aussi partie du groupe de recherche <a href=\"https:\/\/sciencessociales.uottawa.ca\/suicide\/apropos\">Sociologie historique du suicide au Qu\u00e9bec (SHSQ)<\/a>.<\/p>\n<p><strong><a href=\"https:\/\/chrs.uqam.ca\/index.php\/recherche\/realisations\/publications\/?tgid=&amp;yr=&amp;type=&amp;usr=&amp;auth=15#tppubs\" target=\"_blank\" rel=\"noopener\">Liste des publications<\/a><\/strong><\/p>\n<div class=\"su-spoiler su-spoiler-style-default su-spoiler-icon-chevron su-spoiler-closed\" data-scroll-offset=\"0\" data-anchor-in-url=\"no\"><div class=\"su-spoiler-title\" tabindex=\"0\" role=\"button\"><span class=\"su-spoiler-icon\"><\/span>Coordonn\u00e9es<\/div><div class=\"su-spoiler-content su-u-clearfix su-u-trim\">\n<strong>Courriel : <\/strong><br \/>\niperreault@uottawa.ca <\/div><\/div>\n<div class=\"su-spoiler su-spoiler-style-default su-spoiler-icon-chevron su-spoiler-closed\" data-scroll-offset=\"0\" data-anchor-in-url=\"no\"><div class=\"su-spoiler-title\" tabindex=\"0\" role=\"button\"><span class=\"su-spoiler-icon\"><\/span>Liens<\/div><div class=\"su-spoiler-content su-u-clearfix su-u-trim\">\n<p><a href=\"https:\/\/uniweb.uottawa.ca\/?lang=fr#!\/members\/884\">Page personnelle sur le site de l&rsquo;Universit\u00e9 d&rsquo;Ottawa<\/a><br \/>\n<a href=\"https:\/\/uottawa.academia.edu\/IsabellePerreault\" target=\"_blank\" rel=\"noopener\">Page personnelle sur Academia.edu incluant un curriculum vitae<\/a><br \/>\n<a href=\"\/index.php\/recherche\/realisations\/publications\/?tgid=&amp;yr=&amp;type=&amp;usr=&amp;auth=15#tppubs\">Liste des publications d&rsquo;Isabelle Perreault<\/a><br \/>\n<\/div><\/div>\n<div class=\"su-spoiler su-spoiler-style-default su-spoiler-icon-chevron su-spoiler-closed\" data-scroll-offset=\"0\" data-anchor-in-url=\"no\"><div class=\"su-spoiler-title\" tabindex=\"0\" role=\"button\"><span class=\"su-spoiler-icon\"><\/span>Projets de recherche<\/div><div class=\"su-spoiler-content su-u-clearfix su-u-trim\">\n<p><a href=\"https:\/\/chrs.uqam.ca\/index.php\/regulations-sociales-et-familiales-dans-lhistoire-des-problemes-sociaux-au-quebec\/\">R\u00e9gulations sociales et familiales dans l\u2019histoire des probl\u00e8mes sociaux au Qu\u00e9bec<\/a><br \/>\nPlateforme R\u00e9gulation sociale du suicide au Qu\u00e9bec (RQSHA)<br \/>\nIllustrer le travail du coroner, du m\u00e9decin l\u00e9giste et de l\u2019historien : d\u00e9fis et enjeux de l\u2019histoire du geste suicidaire au Qu\u00e9bec depuis 250 ans.<br \/>\nDu droit \u00e0 disposer de son corps et de sa vie dans la loi criminelle canadienne de 1945 \u00e0 2015<br \/>\nCrime, blasph\u00e8me, folie ou libre choix : regards crois\u00e9s sur l&rsquo;interpr\u00e9tation et la prise en charge du geste suicidaire au Qu\u00e9bec de 1763 \u00e0 1972<br \/>\n<a href=\"\/index.php\/recherche\/realisations\/projets-de-recherche-termines\/dehospitalisation-psychiatrique-et-acces-aux-services-de-sante-mentale\/\" target=\"_blank\" rel=\"noopener\">D\u00e9hospitalisation psychiatrique et acc\u00e8s aux services de sant\u00e9 mentale. Regards crois\u00e9s Ontario-Qu\u00e9bec, 1950-2012<\/a><br \/>\n<\/div><\/div>\n<div class=\"su-spoiler su-spoiler-style-default su-spoiler-icon-chevron su-spoiler-closed\" data-scroll-offset=\"0\" data-anchor-in-url=\"no\"><div class=\"su-spoiler-title\" tabindex=\"0\" role=\"button\"><span class=\"su-spoiler-icon\"><\/span>Bourses, prix et distinctions<\/div><div class=\"su-spoiler-content su-u-clearfix su-u-trim\">\n<ul>\n<li style=\"list-style-type: none\">\n<ul>\n<li><span class=\"s1\">R\u00e9cipiendaire d\u2019une bourse postdoctorale du Conseil de recherche en sciences humaines du Canada (CRSHC) avec Viviane Namaste, titulaire de la Chaire VIH\/SIDA &#8211; sant\u00e9 sexuelle, Simone de Beauvoir Institute, Concordia University, Montr\u00e9al, Canada, 2011-2013<\/span><\/li>\n<li><span class=\"s1\">Chercheure invit\u00e9e &#8211; Banque de Montr\u00e9al, Institut d\u2019\u00e9tudes f\u00e9ministes et de genre, Universit\u00e9 d&rsquo;Ottawa, Ottawa, Canada, 2011-2012<\/span><\/li>\n<li><span class=\"s1\">R\u00e9cipiendaire du Top Up Award, Concordia University, Montr\u00e9al, Canada, 2011-2012<\/span><\/li>\n<\/ul>\n<\/li>\n<\/ul>\n<ul>\n<li class=\"p1\"><span class=\"s1\">R\u00e9cipiendaire d\u2019une bourse postdoctorale du Fonds de recherche du Qu\u00e9bec sur la soci\u00e9t\u00e9 et la culture (FRQSC) avec Elise Chenier, d\u00e9partement d\u2019histoire, Simon Fraser University, Vancouver, Canada, 2009-2011<\/span><\/li>\n<\/ul>\n<\/div><\/div>\n<div class=\"su-spoiler su-spoiler-style-default su-spoiler-icon-chevron\" data-scroll-offset=\"0\" data-anchor-in-url=\"no\"><div class=\"su-spoiler-title\" tabindex=\"0\" role=\"button\"><span class=\"su-spoiler-icon\"><\/span>Nouvelles<\/div><div class=\"su-spoiler-content su-u-clearfix su-u-trim\">\n<a href=\"https:\/\/chrs.uqam.ca\/index.php\/2024\/12\/18\/article-disabelle-perreault-sur-les-corps-non-reclames\/\">Article d&rsquo;Isabelle Perreault sur les corps non r\u00e9clam\u00e9s<\/a><br><a href=\"https:\/\/chrs.uqam.ca\/index.php\/2024\/04\/18\/des-membres-du-chrs-a-lacfas-2024\/\">Des membres du CHRS \u00e0 l&rsquo;ACFAS 2024<\/a><br><a href=\"https:\/\/chrs.uqam.ca\/index.php\/2023\/05\/31\/isabelle-perreault-et-marie-claude-thifault-participent-au-colloque-annuel-de-la-schm\/\">Isabelle Perreault et Marie-Claude Thifault participent au colloque annuel de la SCHM<\/a><br><a href=\"https:\/\/chrs.uqam.ca\/index.php\/2023\/05\/10\/isabelle-perreault-participe-au-colloque-planche-la-recherche\/\">Isabelle Perreault participe au colloque Planche la recherche<\/a><br><a href=\"https:\/\/chrs.uqam.ca\/index.php\/2022\/09\/08\/participation-disabelle-perreault-aux-balados-du-circem\/\">Participation d&rsquo;Isabelle Perreault aux balados du CIRCEM<\/a><br><a href=\"https:\/\/chrs.uqam.ca\/index.php\/2022\/03\/09\/participation-disabelle-perreault-a-la-conference-democratiser-lhistoire-de-la-sante\/\">Participation d\u2019Isabelle Perreault \u00e0 la conf\u00e9rence D\u00e9mocratiser l\u2019histoire de la sant\u00e9<\/a><br><a href=\"https:\/\/chrs.uqam.ca\/index.php\/2022\/03\/07\/invitation-a-une-conference-du-chrs-et-du-laboratoire-temos\/\">Webinaire CHRS \u2013 Angers :  Diffuser la recherche historique aupr\u00e8s de publics \u00e9largis<\/a><br><a href=\"https:\/\/chrs.uqam.ca\/index.php\/2022\/02\/04\/contributions-de-marie-claude-thifault-et-isabelle-perreault-au-dernier-numero-de-la-revue-histoire-sociale\/\">Contributions de Marie-Claude Thifault et Isabelle Perreault \u00e0 la revue <em>Histoire sociale<\/em><\/a><br><a href=\"https:\/\/chrs.uqam.ca\/index.php\/2022\/01\/21\/le-reseau-de-recherche-historien\/\">Le r\u00e9seau de recherche Historien\u00b7nes de la sant\u00e9 pr\u00e9sente le cycle de conf\u00e9rences \u00c0 la rencontre des historien\u00b7nes de la sant\u00e9<\/a><br><a href=\"https:\/\/chrs.uqam.ca\/index.php\/2021\/10\/08\/visionnez-les-videos-des-journees-detude-sur-les-archives-judiciaires\/\">Visionnez les pr\u00e9sentations des Journ\u00e9es d&rsquo;\u00e9tude sur les archives judiciaires<\/a><br><a href=\"https:\/\/chrs.uqam.ca\/index.php\/2021\/05\/06\/grand-prix-de-la-ville-de-quebec-pour-la-b-d-vous-avec-detruit-la-beaute-du-monde\/\">Grand prix de la ville de Qu\u00e9bec pour la B.D. \u00ab Vous avec d\u00e9truit la beaut\u00e9 du monde \u00bb<\/a><br><a href=\"https:\/\/chrs.uqam.ca\/index.php\/2021\/04\/15\/nos-membres-au-colloque-sur-les-archives-judiciaires-de-banq-du-3-au-6-mai-2021\/\">Nos membres aux journ\u00e9es d&rsquo;\u00e9tude sur les archives judiciaires de BAnQ du 3 au 6 mai 2021<\/a><br><a href=\"https:\/\/chrs.uqam.ca\/index.php\/2020\/11\/26\/la-bd-vous-avez-detruit-la-beaute-du-monde-en-lice-pour-le-prix-des-libraires\/\">La BD <em>Vous avez d\u00e9truit la beaut\u00e9 du monde<\/em> en lice pour le Prix des libraires<\/a><br><a href=\"https:\/\/chrs.uqam.ca\/index.php\/2020\/09\/11\/lancement-de-la-bande-dessinee-vous-avez-detruit-la-beaute-du-monde\/\">Publication de la bande dessin\u00e9e \u00ab Vous avez d\u00e9truit la beaut\u00e9 du monde \u00bb<\/a><br><a href=\"https:\/\/chrs.uqam.ca\/index.php\/2019\/11\/25\/isabelle-perreault-participe-au-colloque-il-y-a-50-ans-a-luqam-la-sexologie\/\">Isabelle Perreault participe au colloque \u00ab Il y a 50 ans \u00e0 l\u2019UQAM : la sexologie \u00bb<\/a><br><a href=\"https:\/\/chrs.uqam.ca\/index.php\/2019\/10\/15\/72e-congres-de-linstitut-dhistoire-de-lamerique-francaise-inscription-et-programmation\/\">72e Congr\u00e8s de l\u2019Institut d&rsquo;histoire de l&rsquo;Am\u00e9rique fran\u00e7aise: programmation<\/a><br><a href=\"https:\/\/chrs.uqam.ca\/index.php\/2019\/05\/01\/co-lancement-des-ouvrages-la-fin-de-lasile-et-schizophrenes-au-xxe-siecle\/\">Co-Lancement des ouvrages <em>La fin de l&rsquo;asile?<\/em> et <em>Schizophr\u00e8nes au XXe Si\u00e8cle<\/em><\/a><br><a href=\"https:\/\/chrs.uqam.ca\/index.php\/2019\/04\/10\/marie-claude-thifault-et-isabelle-perreault-participent-a-la-conference-annuelle-de-la-societe-canadienne-de-lhistoire-de-la-medecine\/\">Participation de Marie-Claude Thifault et Isabelle Perreault \u00e0 la Conf\u00e9rence annuelle de la Soci\u00e9t\u00e9 canadienne de l&rsquo;histoire de la m\u00e9decine<\/a><br><a href=\"https:\/\/chrs.uqam.ca\/index.php\/2018\/06\/05\/programmation-dautomne-2018-des-seminaires-la-sante-en-debat\/\">Programmation d\u2019automne 2018 des s\u00e9minaires \u00ab La sant\u00e9 en d\u00e9bat \u00bb<\/a><br><a href=\"https:\/\/chrs.uqam.ca\/index.php\/2017\/05\/17\/colloque-psy-ences-linstitutionnalisation-de-lesprit\/\">Colloque Psy-ences-   L&rsquo;institutionnalisation de l&rsquo;esprit<\/a><br><a href=\"https:\/\/chrs.uqam.ca\/index.php\/2017\/04\/19\/journee-detude-sur-les-infirmieres-psychiatriques-dans-la-francophonie-et-lancement-du-dernier-numero-de-la-revue-sante-mentale-au-quebec-consacre-a-larchive-psychiatrique\/\">Journ\u00e9e d\u2019\u00e9tude sur les infirmi\u00e8res psychiatriques dans la francophonie et lancement du dernier num\u00e9ro de la revue Sant\u00e9 mentale au Qu\u00e9bec<\/a><br><a href=\"https:\/\/chrs.uqam.ca\/index.php\/2016\/10\/18\/le-chrs-au-congres-de-lihaf\/\">Le CHRS au congr\u00e8s de l\u2019IHAF<\/a><br><a href=\"https:\/\/chrs.uqam.ca\/index.php\/2016\/07\/04\/isabelle-perreault\/\">Entretien avec Isabelle Perreault<\/a><br><a href=\"https:\/\/chrs.uqam.ca\/index.php\/2016\/05\/02\/e-collectif-recits-inacheves-reflexion-sur-la-recherche-qualitative-en-sciences-humaines-et-sociales-sous-la-direction-disabelle-perreault-et-marie-claude-thifault-parait-aux\/\">Le collectif \u00ab R\u00e9cits inachev\u00e9s : R\u00e9flexion sur la recherche qualitative en sciences humaines et sociales \u00bb  sous la direction d\u2019Isabelle Perreault et Marie-Claude Thifault para\u00eet aux PUO<\/a><br><a href=\"https:\/\/chrs.uqam.ca\/index.php\/2015\/06\/02\/une-journee-detudes-qui-se-termine-en-beaute\/\">Une journ\u00e9e d&rsquo;\u00e9tudes qui se termine en beaut\u00e9!<\/a><br><a href=\"https:\/\/chrs.uqam.ca\/index.php\/2015\/05\/09\/temoins-de-lhistoire-de-la-folie-journee-detude-a-liusmm-le-2-juin-prochain\/\">\u00abT\u00e9moins de l&rsquo;histoire de la folie\u00bb journ\u00e9e d&rsquo;\u00e9tude \u00e0 l&rsquo;IUSMM le 2 juin prochain<\/a><br><a href=\"https:\/\/chrs.uqam.ca\/index.php\/2015\/01\/21\/lancement-du-livre-desinstitutionnalisation-psychiatrique-en-acadie-en-ontario-francophone-et-au-quebec-co-dirige-par-marie-claude-thifault-et-henri-dorvil\/\">Lancement du livre D\u00e9sinstitutionnalisation psychiatrique en Acadie, en Ontario francophone et au Qu\u00e9bec, co-dirig\u00e9 par Marie-Claude Thifault et Henri Dorvil<\/a><br><a href=\"https:\/\/chrs.uqam.ca\/index.php\/2014\/07\/14\/le-collectif-desinstitutionnalisation-psychiatrique-co-dirige-par-marie-claude-thifault-parait-aux-puq\/\">Le collectif D\u00e9sinstitutionnalisation psychiatrique co-dirig\u00e9 par Marie-Claude Thifault para\u00eet aux PUQ<\/a><br><a href=\"https:\/\/chrs.uqam.ca\/index.php\/2013\/05\/14\/isabelle-perreault-et-marie-claude-thifault-presenteront-une-communication-en-france-le-6-juin-prochain\/\">Isabelle Perreault et Marie-Claude Thifault pr\u00e9senteront une communication en France le 6 juin prochain<\/a><br><a href=\"https:\/\/chrs.uqam.ca\/index.php\/2013\/05\/13\/la-professeure-marie-claude-thifault-et-son-equipe-offrent-des-bourses-de-maitrisedoctorat-10-000-et-un-stage-post-doctoral-30-000\/\">La professeure Marie-Claude Thifault et son \u00e9quipe offrent des bourses de ma\u00eetrise\/doctorat (10 000$) et un stage post-doctoral (30 000$)<\/a><br><a href=\"https:\/\/chrs.uqam.ca\/index.php\/2013\/05\/13\/des-chercheures-et-etudiantes-du-chrs-participeront-a-ledition-2013-du-congres-canadien-des-sciences-humaines-a-victoria\/\">Des chercheures et \u00e9tudiantes du CHRS participeront \u00e0 l\u2019\u00e9dition 2013 du Congr\u00e8s canadien des sciences humaines \u00e0 Victoria<\/a><br><a href=\"https:\/\/chrs.uqam.ca\/index.php\/2013\/02\/15\/isabelle-perreault-presentera-une-communication-a-lecole-des-sciences-infirmieres-de-luottawa\/\">Isabelle Perreault pr\u00e9sentera une communication \u00e0 l\u2019\u00c9cole des sciences infirmi\u00e8res de l\u2019UOttawa<\/a><br><a href=\"https:\/\/chrs.uqam.ca\/index.php\/2013\/01\/07\/pour-une-histoire-du-risque-un-lancement-reussi\/\">Pour une histoire du risque : un lancement r\u00e9ussi<\/a><br><a href=\"https:\/\/chrs.uqam.ca\/index.php\/2012\/12\/19\/martin-desmeules-co-signe-deux-articles-dans-le-dernier-numero-de-la-revue-reflets\/\">Martin Desmeules co-signe deux articles dans le dernier num\u00e9ro de la revue Reflets<\/a><br><a href=\"https:\/\/chrs.uqam.ca\/index.php\/2012\/09\/03\/le-documentaire-de-la-casserole-a-la-prise-de-parole-maintenant-en-ligne\/\">Le documentaire De la casserole \u00e0 la prise de parole maintenant en ligne<\/a><br><a href=\"https:\/\/chrs.uqam.ca\/index.php\/2012\/08\/28\/parution-du-livre-lincontournable-caste-des-femmes-aux-presses-de-luniversite-dottawa\/\">Parution du livre L&rsquo;incontournable caste des femmes aux Presses de l&rsquo;Universit\u00e9 d&rsquo;Ottawa<\/a><br><a href=\"https:\/\/chrs.uqam.ca\/index.php\/2012\/05\/16\/des-chercheures-du-chrs-participent-au-congres-annuel-de-la-societe-canadienne-dhistoire-de-la-medecine\/\">Des chercheures du CHRS participent au congr\u00e8s annuel de la Soci\u00e9t\u00e9 canadienne d&rsquo;histoire de la m\u00e9decine<\/a><br><a href=\"https:\/\/chrs.uqam.ca\/index.php\/2012\/03\/24\/un-groupe-du-chrs-sest-joint-a-la-manifestation-etudiante-du-22-mars\/\">Un groupe du CHRS s&rsquo;est joint \u00e0 la manifestation \u00e9tudiante du 22 mars<\/a><br><a href=\"https:\/\/chrs.uqam.ca\/index.php\/2012\/03\/20\/retour-sur-le-lancement-du-livre-corps-suspect-corps-deviant\/\">Retour sur le lancement du livre Corps suspect, corps d\u00e9viant<\/a><br><a href=\"https:\/\/chrs.uqam.ca\/index.php\/2012\/03\/19\/retour-sur-la-conference-de-marie-claude-thifault-et-isabelle-perreault-a-saint-jean-de-dieu\/\">Retour sur la conf\u00e9rence de Marie-Claude Thifault et Isabelle Perreault \u00e0 Saint-Jean-de-Dieu<\/a><br><a href=\"https:\/\/chrs.uqam.ca\/index.php\/2012\/02\/16\/le-chrs-devoile-le-programme-preliminaire-de-son-colloque-a-lacfas\/\">Le CHRS d\u00e9voile le programme pr\u00e9liminaire de son colloque \u00e0 l&rsquo;ACFAS<\/a><br>\n<\/div><\/div>\n","protected":false},"excerpt":{"rendered":"<p>Isabelle Perreault est professeure agr\u00e9g\u00e9e au d\u00e9partement de criminologie \u00e0 l\u2019Universit\u00e9 d\u2019Ottawa. Elle s&rsquo;int\u00e9resse aux processus d&rsquo;institutionnalisation et de d\u00e9sinstitutionnalisation psychiatrique de m\u00eame qu&rsquo;aux discours religieux, scientifiques et populaires sur&#8230;<\/p>\n","protected":false},"author":2,"featured_media":0,"parent":65,"menu_order":9,"comment_status":"closed","ping_status":"closed","template":"","meta":{"_monsterinsights_skip_tracking":false,"_monsterinsights_sitenote_active":false,"_monsterinsights_sitenote_note":"","_monsterinsights_sitenote_category":0,"footnotes":""},"class_list":["post-184","page","type-page","status-publish","hentry"],"_links":{"self":[{"href":"https:\/\/chrs.uqam.ca\/index.php\/wp-json\/wp\/v2\/pages\/184","targetHints":{"allow":["GET"]}}],"collection":[{"href":"https:\/\/chrs.uqam.ca\/index.php\/wp-json\/wp\/v2\/pages"}],"about":[{"href":"https:\/\/chrs.uqam.ca\/index.php\/wp-json\/wp\/v2\/types\/page"}],"author":[{"embeddable":true,"href":"https:\/\/chrs.uqam.ca\/index.php\/wp-json\/wp\/v2\/users\/2"}],"replies":[{"embeddable":true,"href":"https:\/\/chrs.uqam.ca\/index.php\/wp-json\/wp\/v2\/comments?post=184"}],"version-history":[{"count":0,"href":"https:\/\/chrs.uqam.ca\/index.php\/wp-json\/wp\/v2\/pages\/184\/revisions"}],"up":[{"embeddable":true,"href":"https:\/\/chrs.uqam.ca\/index.php\/wp-json\/wp\/v2\/pages\/65"}],"wp:attachment":[{"href":"https:\/\/chrs.uqam.ca\/index.php\/wp-json\/wp\/v2\/media?parent=184"}],"curies":[{"name":"wp","href":"https:\/\/api.w.org\/{rel}","templated":true}]}}