{"id":169,"date":"2017-01-26T22:48:07","date_gmt":"2017-01-26T21:48:07","guid":{"rendered":"http:\/\/chrs.cieq.ca\/?page_id=169"},"modified":"2024-03-20T14:01:46","modified_gmt":"2024-03-20T18:01:46","slug":"janice-harvey","status":"publish","type":"page","link":"https:\/\/chrs.uqam.ca\/index.php\/a-propos\/equipe\/membres-reguliers\/janice-harvey\/","title":{"rendered":"Janice Harvey"},"content":{"rendered":"<div class=\"su-row\"><div class=\"su-column su-column-size-1-5\"><div class=\"su-column-inner su-u-clearfix su-u-trim\"><img loading=\"lazy\" decoding=\"async\" class=\"alignnone wp-image-12072 \" src=\"https:\/\/chrs.uqam.ca\/wp-content\/uploads\/2024\/03\/Janice-Harvey-200x300.jpg\" alt=\"\" width=\"166\" height=\"246\" \/><\/div><\/div>\n<div class=\"su-column su-column-size-4-5\"><div class=\"su-column-inner su-u-clearfix su-u-trim\">1998 &#8211; Actuel<\/p>\n<p><strong>Professeure, Coll\u00e8ge Dawson<br \/>\nD\u00e9partement d&rsquo;histoire<\/strong><\/div><\/div><\/div>\n<p>Janice Harvey est historienne et professeure au d\u00e9partement d&rsquo;histoire du Coll\u00e8ge Dawson. Elle poss\u00e8de une expertise unique en mati\u00e8re d&rsquo;institutions charitables anglo-protestantes. Elle s&rsquo;int\u00e9resse principalement au r\u00f4le des femmes dans la mise en place et l&rsquo;administration des institutions d&rsquo;assistance. Plus particuli\u00e8rement, sa recherche porte sur les dimensions d&rsquo;aide aux enfants et aux familles d\u00e9munies et sur leur \u00e9volution.<\/p>\n<p><strong><a href=\"https:\/\/chrs.uqam.ca\/index.php\/recherche\/realisations\/publications\/?tgid=&amp;yr=&amp;type=&amp;usr=&amp;auth=325#tppubs\" target=\"_blank\" rel=\"noopener\">Liste des publications<\/a><\/strong><\/p>\n<div class=\"su-spoiler su-spoiler-style-default su-spoiler-icon-chevron su-spoiler-closed\" data-scroll-offset=\"0\" data-anchor-in-url=\"no\"><div class=\"su-spoiler-title\" tabindex=\"0\" role=\"button\"><span class=\"su-spoiler-icon\"><\/span>Coordonn\u00e9es<\/div><div class=\"su-spoiler-content su-u-clearfix su-u-trim\">\n<strong>Adresse :<\/strong><br \/>\nColl\u00e8ge Dawson<br \/>\nD\u00e9partement d&rsquo;histoire<br \/>\n3040 rue Sherbrooke Ouest<br \/>\nWestmount, Qu\u00e9bec<br \/>\nH3Z 1A4<\/p>\n<p><strong>T\u00e9l\u00e9phone : <\/strong><br \/>\n(514) 931-8731, poste 1801<\/p>\n<p><strong>Courriel : <\/strong><br \/>\njharvey@dawsoncollege.qc.ca<\/div><\/div>\n<div class=\"su-spoiler su-spoiler-style-default su-spoiler-icon-chevron su-spoiler-closed\" data-scroll-offset=\"0\" data-anchor-in-url=\"no\"><div class=\"su-spoiler-title\" tabindex=\"0\" role=\"button\"><span class=\"su-spoiler-icon\"><\/span>Liens<\/div><div class=\"su-spoiler-content su-u-clearfix su-u-trim\">\n<a href=\"https:\/\/chrs.uqam.ca\/index.php\/recherche\/realisations\/publications\/?tgid=&amp;yr=&amp;type=&amp;usr=&amp;auth=325#tppubs\" target=\"_blank\" rel=\"noopener\">Liste des publications de Janice Harvey<\/a><br \/>\n<\/div><\/div>\n<div class=\"su-spoiler su-spoiler-style-default su-spoiler-icon-chevron su-spoiler-closed\" data-scroll-offset=\"0\" data-anchor-in-url=\"no\"><div class=\"su-spoiler-title\" tabindex=\"0\" role=\"button\"><span class=\"su-spoiler-icon\"><\/span>Projets de recherche<\/div><div class=\"su-spoiler-content su-u-clearfix su-u-trim\">\n<a href=\"https:\/\/chrs.uqam.ca\/index.php\/regulations-sociales-et-familiales-dans-lhistoire-des-problemes-sociaux-au-quebec\/\">R\u00e9gulations sociales et familiales dans l&rsquo;histoire des probl\u00e8mes sociaux au Qu\u00e9bec<\/a><br \/>\n<a href=\"\/index.php\/recherche\/realisations\/projets-de-recherche-en-cours\/le-gouvernement-de-la-misere\/\" target=\"_blank\" rel=\"noopener\">Le gouvernement de la mis\u00e8re et la citoyennet\u00e9 : pauvret\u00e9, maladie et crime dans l&rsquo;histoire du Qu\u00e9bec<\/a><br \/>\n<a href=\"\/index.php\/recherche\/realisations\/projets-de-recherche-termines\/trajectoires-historiques-de-la-misere-a-montreal\/\" target=\"_blank\" rel=\"noopener\">Trajectoires historiques de la mis\u00e8re \u00e0 Montr\u00e9al, 1840-1921 : une radioscopie<\/a><br \/>\n<a href=\"\/index.php\/recherche\/realisations\/projets-de-recherche-termines\/la-mise-en-place-et-les-mutations-du-reseau-montrealais-de-regulation-sociale\/\" target=\"_blank\" rel=\"noopener\">La mise en place et les mutations du r\u00e9seau montr\u00e9alais de r\u00e9gulation sociale, de l\u2019\u00e8re lib\u00e9rale \u00e0 l\u2019\u00c9tat providence<\/a><br \/>\n<a href=\"\/index.php\/recherche\/realisations\/projets-de-recherche-termines\/une-economie-de-la-rarete\/\" target=\"_blank\" rel=\"noopener\">Une \u00e9conomie de la raret\u00e9 : la r\u00e9gulation sociale de la pauvret\u00e9 \u00e0 Montr\u00e9al, 1840-1921. R\u00e9ponses caritatives et populaires \u00e0 la vuln\u00e9rabilit\u00e9 sociale<\/a><br \/>\n<a href=\"\/index.php\/recherche\/realisations\/projets-de-recherche-termines\/lorganisation-de-lassistance-et-regulation-de-la-pauvrete-a-montreal\/\" target=\"_blank\" rel=\"noopener\">L\u2019organisation de l\u2019assistance et r\u00e9gulation de la pauvret\u00e9 \u00e0 Montr\u00e9al, 1840-1921<\/a><br \/>\n<a href=\"\/index.php\/recherche\/realisations\/projets-de-recherche-termines\/regulation-sociale-et-institutions-a-montreal\/\" target=\"_blank\" rel=\"noopener\">R\u00e9gulation sociale et institutions \u00e0 Montr\u00e9al, 1840-1921<\/a><br \/>\n<a href=\"\/index.php\/recherche\/realisations\/projets-de-recherche-termines\/gestion-des-risques-sociaux-et-reponses-aux-vulnerabilites\/\" target=\"_blank\" rel=\"noopener\">Gestion des risques sociaux et r\u00e9ponses aux vuln\u00e9rabilit\u00e9s et probl\u00e8mes sociaux au Qu\u00e9bec, 19e et 20e si\u00e8cles<\/a><br \/>\n<\/div><\/div>\n<div class=\"su-spoiler su-spoiler-style-default su-spoiler-icon-chevron\" data-scroll-offset=\"0\" data-anchor-in-url=\"no\"><div class=\"su-spoiler-title\" tabindex=\"0\" role=\"button\"><span class=\"su-spoiler-icon\"><\/span>Nouvelles<\/div><div class=\"su-spoiler-content su-u-clearfix su-u-trim\">\n<a href=\"https:\/\/chrs.uqam.ca\/index.php\/2025\/11\/03\/retour-sur-le-congres-de-lihaf-un-prix-pour-janice-harvey-et-un-panel-fascinant-pour-lequipe-du-chrs\/\">Retour sur le Congr\u00e8s de l&rsquo;IHAF : Un prix pour Janice Harvey et un panel fascinant pour l&rsquo;\u00e9quipe du CHRS<\/a><br><a href=\"https:\/\/chrs.uqam.ca\/index.php\/2025\/09\/25\/conference-de-janice-harvey-sur-itheir-benevolent-design-i\/\">Conf\u00e9rence de Janice Harvey sur <i>Their Benevolent Design<\/i><\/a><br><a href=\"https:\/\/chrs.uqam.ca\/index.php\/2024\/08\/29\/lancement-de-their-benevolent-design-de-janice-harvey\/\">Lancement de <i>Their Benevolent Design<\/i> de Janice Harvey<\/a><br><a href=\"https:\/\/chrs.uqam.ca\/index.php\/2024\/06\/05\/les-derniers-ouvrages-de-janice-harvey-et-peter-gossage-dans-un-lancement-commun\/\">Les derniers ouvrages de Janice Harvey et Peter Gossage dans des lancements communs lors de la r\u00e9union annuelle de la SHC<\/a><br><a href=\"https:\/\/chrs.uqam.ca\/index.php\/2024\/05\/16\/entretien-avec-janice-harvey\/\">Entretien avec Janice Harvey<\/a><br><a href=\"https:\/\/chrs.uqam.ca\/index.php\/2024\/05\/02\/conference-de-janice-harvey-sur-son-nouvel-ouvrage-emtheir-benevolent-design-em\/\">Conf\u00e9rence de Janice Harvey sur son nouvel ouvrage, Their Benevolent Design<\/a><br><a href=\"https:\/\/chrs.uqam.ca\/index.php\/2024\/03\/20\/janice-harvey-publie-their-benevolent-design\/\">Janice Harvey publie <em>Their Benevolent Design<\/em><\/a><br><a href=\"https:\/\/chrs.uqam.ca\/index.php\/2022\/11\/28\/mise-a-jour-de-la-carte-du-reseau-dinstitutions-de-regulation-sociale-de-montreal\/\">Mise \u00e0 jour de la carte du r\u00e9seau d\u2019institutions de r\u00e9gulation sociale de Montr\u00e9al<\/a><br><a href=\"https:\/\/chrs.uqam.ca\/index.php\/2020\/09\/24\/parution-de-louvrage-question-sociale-et-citoyenneteaux-presses-de-luniversite-du-quebec\/\">Parution de l&rsquo;ouvrage  <em>Question sociale et citoyennet\u00e9<\/em> aux Presses de l&rsquo;Universit\u00e9 du Qu\u00e9bec<\/a><br><a href=\"https:\/\/chrs.uqam.ca\/index.php\/2018\/04\/26\/publication-de-louvrage-youth-and-justice-in-western-states-1815-1950-from-punishment-to-welfare\/\">Publication de l&rsquo;ouvrage <i>Youth and Justice in Western States, 1815-1950. From Punishment to Welfare<\/i><\/a><br><a href=\"https:\/\/chrs.uqam.ca\/index.php\/2017\/10\/30\/le-chrs-au-70e-congres-de-linstitut-dhistoire-damerique-francaise-2017\/\">Le CHRS au 70e Congr\u00e8s de l\u2019Institut d\u2019histoire d\u2019Am\u00e9rique fran\u00e7aise 2017<\/a><br><a href=\"https:\/\/chrs.uqam.ca\/index.php\/2015\/11\/09\/invitation-a-la-journee-detude-femmes-et-regulations-sociales\/\">Invitation \u00e0 la journ\u00e9e d&rsquo;\u00e9tude \u00abFemmes et r\u00e9gulations sociales\u00bb<\/a><br><a href=\"https:\/\/chrs.uqam.ca\/index.php\/2014\/06\/02\/lequipe-du-chrs-recoit-une-subvention-du-fonds-de-recherche-quebecois-sur-la-societe-et-la-culture\/\">L&rsquo;\u00e9quipe du CHRS re\u00e7oit une subvention du Fonds de recherche qu\u00e9b\u00e9cois sur la soci\u00e9t\u00e9 et la culture<\/a><br><a href=\"https:\/\/chrs.uqam.ca\/index.php\/2014\/04\/24\/une-seance-chrs-au-congres-de-la-society-for-french-historical-studies-a-luqam\/\">Une s\u00e9ance CHRS au Congr\u00e8s de la Society for French Historical Studies \u00e0 l&rsquo;UQAM<\/a><br><a href=\"https:\/\/chrs.uqam.ca\/index.php\/2013\/01\/07\/pour-une-histoire-du-risque-un-lancement-reussi\/\">Pour une histoire du risque : un lancement r\u00e9ussi<\/a><br><a href=\"https:\/\/chrs.uqam.ca\/index.php\/2012\/09\/02\/conference-a-la-banq-jean-marie-fecteau-et-janice-harvey-presentent-leurs-reflexions-sur-lentraide-a-montreal-avant-1930\/\">Conf\u00e9rence \u00e0 la BANQ &#8211; Jean-Marie Fecteau et Janice Harvey pr\u00e9sentent leurs r\u00e9flexions sur l&rsquo;entraide \u00e0 Montr\u00e9al avant 1930<\/a><br><a href=\"https:\/\/chrs.uqam.ca\/index.php\/2012\/08\/28\/parution-du-livre-lincontournable-caste-des-femmes-aux-presses-de-luniversite-dottawa\/\">Parution du livre L&rsquo;incontournable caste des femmes aux Presses de l&rsquo;Universit\u00e9 d&rsquo;Ottawa<\/a><br><a href=\"https:\/\/chrs.uqam.ca\/index.php\/2012\/06\/13\/parution-du-livre-pour-une-histoire-du-risque-aux-presses-de-luniversite-du-quebec\/\">Parution du livre Pour une histoire du risque aux Presses de l&rsquo;Universit\u00e9 du Qu\u00e9bec<\/a><br><a href=\"https:\/\/chrs.uqam.ca\/index.php\/2012\/05\/16\/des-chercheures-du-chrs-participent-au-congres-annuel-de-la-societe-canadienne-dhistoire-de-la-medecine\/\">Des chercheures du CHRS participent au congr\u00e8s annuel de la Soci\u00e9t\u00e9 canadienne d&rsquo;histoire de la m\u00e9decine<\/a><br><a href=\"https:\/\/chrs.uqam.ca\/index.php\/2012\/05\/09\/quelques-cliches-du-colloque-chrs-a-lacfas\/\">Quelques clich\u00e9s du colloque CHRS \u00e0 l&rsquo;ACFAS<\/a><br><a href=\"https:\/\/chrs.uqam.ca\/index.php\/2012\/02\/16\/le-chrs-devoile-le-programme-preliminaire-de-son-colloque-a-lacfas\/\">Le CHRS d\u00e9voile le programme pr\u00e9liminaire de son colloque \u00e0 l&rsquo;ACFAS<\/a><br><a href=\"https:\/\/chrs.uqam.ca\/index.php\/2010\/03\/15\/reflexions-sur-laide-et-lentraide-a-montreal-avant-1930\/\">R\u00e9flexions sur&#8230; l&rsquo;aide et l&rsquo;entraide \u00e0 Montr\u00e9al avant 1930<\/a><br><a href=\"https:\/\/chrs.uqam.ca\/index.php\/2009\/09\/13\/la-regulation-sociale-entre-lacteur-et-linstitution\/\">La r\u00e9gulation sociale entre l&rsquo;acteur et l&rsquo;institution<\/a><br>\n<\/div><\/div>\n","protected":false},"excerpt":{"rendered":"<p>Janice Harvey est historienne et professeure au d\u00e9partement d&rsquo;histoire du Coll\u00e8ge Dawson. Elle poss\u00e8de une expertise unique en mati\u00e8re d&rsquo;institutions charitables anglo-protestantes. Elle s&rsquo;int\u00e9resse principalement au r\u00f4le des femmes dans&#8230;<\/p>\n","protected":false},"author":2,"featured_media":0,"parent":65,"menu_order":8,"comment_status":"closed","ping_status":"closed","template":"","meta":{"_monsterinsights_skip_tracking":false,"_monsterinsights_sitenote_active":false,"_monsterinsights_sitenote_note":"","_monsterinsights_sitenote_category":0,"footnotes":""},"class_list":["post-169","page","type-page","status-publish","hentry"],"_links":{"self":[{"href":"https:\/\/chrs.uqam.ca\/index.php\/wp-json\/wp\/v2\/pages\/169","targetHints":{"allow":["GET"]}}],"collection":[{"href":"https:\/\/chrs.uqam.ca\/index.php\/wp-json\/wp\/v2\/pages"}],"about":[{"href":"https:\/\/chrs.uqam.ca\/index.php\/wp-json\/wp\/v2\/types\/page"}],"author":[{"embeddable":true,"href":"https:\/\/chrs.uqam.ca\/index.php\/wp-json\/wp\/v2\/users\/2"}],"replies":[{"embeddable":true,"href":"https:\/\/chrs.uqam.ca\/index.php\/wp-json\/wp\/v2\/comments?post=169"}],"version-history":[{"count":1,"href":"https:\/\/chrs.uqam.ca\/index.php\/wp-json\/wp\/v2\/pages\/169\/revisions"}],"predecessor-version":[{"id":12074,"href":"https:\/\/chrs.uqam.ca\/index.php\/wp-json\/wp\/v2\/pages\/169\/revisions\/12074"}],"up":[{"embeddable":true,"href":"https:\/\/chrs.uqam.ca\/index.php\/wp-json\/wp\/v2\/pages\/65"}],"wp:attachment":[{"href":"https:\/\/chrs.uqam.ca\/index.php\/wp-json\/wp\/v2\/media?parent=169"}],"curies":[{"name":"wp","href":"https:\/\/api.w.org\/{rel}","templated":true}]}}